{"id":926,"date":"2020-04-07T09:37:40","date_gmt":"2020-04-07T07:37:40","guid":{"rendered":"https:\/\/www.hsu-hh.de\/hiswes\/?page_id=926"},"modified":"2021-06-02T13:39:57","modified_gmt":"2021-06-02T11:39:57","slug":"gerichtsprozesse-im-rheinland-unter-alliierter-besatzung-1918-1930","status":"publish","type":"page","link":"https:\/\/www.hsu-hh.de\/nng\/forschung\/gerichtsprozesse-im-rheinland-unter-alliierter-besatzung-1918-1930","title":{"rendered":"Gerichtsprozesse im Rheinland unter alliierter Besatzung 1918-1930"},"content":{"rendered":"<p><em>Karin Trieloff, M.A. (Humboldt-Universit\u00e4t zu Berlin) <\/em><a href=\"mailto:karin@trieloff.net\" target=\"_blank\" rel=\"noopener\">karin@trieloff.net<\/a><em><\/p>\n<p><\/em><\/p>\n<p>Dissertation, Humboldt-Universit\u00e4t zu Berlin<\/p>\n<p>Mit der Unterzeichnung des Versailler Vertrages wurde zugleich eine als Garantie der Vertragserf\u00fcllung gedachte, auf 15 Jahre begrenzte milit\u00e4rische Besetzung des Rheinlandes durch die Siegerm\u00e4chte beschlossen. Da dieses Rheinlandabkommen neben der Einrichtung einer gemeinsamen Oberbeh\u00f6rde, der Interalliierten Rheinlandkommission, auch ein gleichzeitiges Fortbestehen der deutschen Zivilverwaltung vorsah, ergab sich rasch ein konfliktreiches Nebeneinander unterschiedlicher hoheitlicher Gewalten und Zust\u00e4ndigkeiten. Diese Situation einer uneindeutigen Staatsgewalt wird im Dissertationsprojekt anhand von Gerichtsprozessen unter alliierter Beteiligung untersucht, beispielsweise anhand von Verfahren \u00fcber das provozierende Absingen der deutschen Nationalhymne, in der Beanspruchung diplomatischer Immunit\u00e4t durch Angeklagte, in der Verfolgung wirklicher und vermeintlicher Separatisten u. a. Im Mittelpunkt stehen nicht allein die Auswirkungen des Rheinlandabkommens auf die Justiz in den besetzten Gebieten, sondern insbesondere auch die Bedingungen und Konsequenzen, mit denen Gerichtsverfahren zu B\u00fchnen (inter-)nationaler Symbol- und Machtk\u00e4mpfe gemacht wurden. \u00dcber die historische Erforschung der Rheinlandbesetzung hinaus leistet das Projekt daher zugleich einen Beitrag zur Frage der strukturellen (Ent-)Koppelung von Rechtsprechung und staatlichem Gewaltmonopol sowie zu dem generell konstruktivistischen Charakter von Gerichtsverfahren. Es wird an die j\u00fcngere kulturgeschichtliche Forschung zum Justizwesen angekn\u00fcpft und die Bedeutung sozialer Praktiken und medialer Projektionen, sprachlicher Codes und symbolischer Handlungen f\u00fcr die Ereignisse innerhalb und au\u00dferhalb des Gerichtssaals ausgelotet.<\/p>\n","protected":false},"excerpt":{"rendered":"<p>Karin Trieloff, M.A. (Humboldt-Universit\u00e4t zu Berlin) karin@trieloff.net Dissertation, Humboldt-Universit\u00e4t zu Berlin Mit der Unterzeichnung des Versailler Vertrages wurde zugleich eine als Garantie der Vertragserf\u00fcllung gedachte, auf 15 Jahre begrenzte milit\u00e4rische [&hellip;]<\/p>\n","protected":false},"author":147,"featured_media":0,"parent":618,"menu_order":0,"comment_status":"closed","ping_status":"closed","template":"","meta":{"_EventAllDay":false,"_EventTimezone":"","_EventStartDate":"","_EventEndDate":"","_EventStartDateUTC":"","_EventEndDateUTC":"","_EventShowMap":false,"_EventShowMapLink":false,"_EventURL":"","_EventCost":"","_EventCostDescription":"","_EventCurrencySymbol":"","_EventCurrencyCode":"","_EventCurrencyPosition":"","_EventDateTimeSeparator":"","_EventTimeRangeSeparator":"","_EventOrganizerID":[],"_EventVenueID":[],"_OrganizerEmail":"","_OrganizerPhone":"","_OrganizerWebsite":"","_VenueAddress":"","_VenueCity":"","_VenueCountry":"","_VenueProvince":"","_VenueState":"","_VenueZip":"","_VenuePhone":"","_VenueURL":"","_VenueStateProvince":"","_VenueLat":"","_VenueLng":"","_VenueShowMap":false,"_VenueShowMapLink":false,"footnotes":""},"categories":[4],"tags":[],"class_list":["post-926","page","type-page","status-publish","hentry","category-forschung"],"_links":{"self":[{"href":"https:\/\/www.hsu-hh.de\/nng\/wp-json\/wp\/v2\/pages\/926","targetHints":{"allow":["GET"]}}],"collection":[{"href":"https:\/\/www.hsu-hh.de\/nng\/wp-json\/wp\/v2\/pages"}],"about":[{"href":"https:\/\/www.hsu-hh.de\/nng\/wp-json\/wp\/v2\/types\/page"}],"author":[{"embeddable":true,"href":"https:\/\/www.hsu-hh.de\/nng\/wp-json\/wp\/v2\/users\/147"}],"replies":[{"embeddable":true,"href":"https:\/\/www.hsu-hh.de\/nng\/wp-json\/wp\/v2\/comments?post=926"}],"version-history":[{"count":3,"href":"https:\/\/www.hsu-hh.de\/nng\/wp-json\/wp\/v2\/pages\/926\/revisions"}],"predecessor-version":[{"id":1284,"href":"https:\/\/www.hsu-hh.de\/nng\/wp-json\/wp\/v2\/pages\/926\/revisions\/1284"}],"up":[{"embeddable":true,"href":"https:\/\/www.hsu-hh.de\/nng\/wp-json\/wp\/v2\/pages\/618"}],"wp:attachment":[{"href":"https:\/\/www.hsu-hh.de\/nng\/wp-json\/wp\/v2\/media?parent=926"}],"wp:term":[{"taxonomy":"category","embeddable":true,"href":"https:\/\/www.hsu-hh.de\/nng\/wp-json\/wp\/v2\/categories?post=926"},{"taxonomy":"post_tag","embeddable":true,"href":"https:\/\/www.hsu-hh.de\/nng\/wp-json\/wp\/v2\/tags?post=926"}],"curies":[{"name":"wp","href":"https:\/\/api.w.org\/{rel}","templated":true}]}}