{"id":905,"date":"2020-04-07T09:22:15","date_gmt":"2020-04-07T07:22:15","guid":{"rendered":"https:\/\/www.hsu-hh.de\/hiswes\/?page_id=905"},"modified":"2023-02-23T15:28:49","modified_gmt":"2023-02-23T14:28:49","slug":"arbeitskreis-geschichte-recht-und-rechtsgeschichte","status":"publish","type":"page","link":"https:\/\/www.hsu-hh.de\/nng\/forschung\/arbeitskreis-geschichte-recht-und-rechtsgeschichte","title":{"rendered":"Arbeitskreis Geschichte, Recht und Rechtsgeschichte"},"content":{"rendered":"<p><em><abbr title=\"Professor\">Prof.<\/abbr> <abbr title=\"Doktor\">Dr.<\/abbr> Marcus M. Payk<\/em><\/p>\n<p>Der Arbeitskreis Geschichte, Recht, Rechtsgeschichte wurde von Historikern und Juristen ins Leben gerufen, um Chancen und H\u00fcrden einer historischen Betrachtung von Recht zu er\u00f6rtern. Dazu finden in regelm\u00e4\u00dfigen Abst\u00e4nden Kolloquien statt, in denen Wissenschaftlerinnen und Wissenschaftler beider Disziplinen zu Worte kommen sollen, die aktuell zum Thema forschen. Neben der Pr\u00e4sentation einzelner Forschungsvorhaben wird dabei insbesondere die Gelegenheit geboten, das spannungsreiche Nebeneinander von Historikern und Juristen in einem gr\u00f6\u00dferen Zusammenhang zu diskutieren. Interessierte sind herzlich eingeladen.<\/p>\n<p>Die Kolloquien werden organisiert von <a href=\"https:\/\/www.geschichte.hu-berlin.de\/de\/bereiche-und-lehrstuehle\/gewest\/personen\/1686087\" target=\"_blank\" rel=\"noopener noreferrer\">Julia Eichenberg<\/a>, <a href=\"http:\/\/lahusen.rewi.hu-berlin.de\/bl\/\" target=\"_blank\" rel=\"noopener noreferrer\">Benjamin Lahusen<\/a>, <a href=\"https:\/\/www.hsu-hh.de\/nng\/team\/payk\" target=\"_blank\" rel=\"noopener noreferrer\">Marcus M. Payk <\/a>und <a href=\"http:\/\/www.hf.uio.no\/iakh\/english\/people\/aca\/kimcpr\/\" target=\"_blank\" rel=\"noopener noreferrer\">Kim Priemel<\/a>.<\/p>\n<p><a href=\"http:\/\/lahusen.rewi.hu-berlin.de\/doc\/200214-programm-19--kolloquium-ak-grr--web-.pdf\" target=\"_blank\" rel=\"noopener noreferrer\">14. Februar 2020: Zeitgeschichte des Rechts<\/a><\/p>\n<p><a href=\"http:\/\/lahusen.rewi.hu-berlin.de\/doc\/190215-programm-18--kolloquium-ak-grr.pdf\" target=\"_blank\" rel=\"noopener noreferrer\">15. Februar\/7. Juni 2019: Strafen<\/a><\/p>\n<p><a href=\"http:\/\/lahusen.rewi.hu-berlin.de\/doc\/181214-programm-17--kolloquium-ak-grr.pdf\" target=\"_blank\" rel=\"noopener noreferrer\">14. Dezember 2018: Kolonialismus und Recht<\/a><\/p>\n<p><a href=\"http:\/\/lahusen.rewi.hu-berlin.de\/doc\/180706-programm-16--kolloquium-ak-grr.pdf\" target=\"_blank\" rel=\"noopener noreferrer\">6. Juli 2018: Promovieren in der Rechtsgeschichte<\/a><\/p>\n<p><a href=\"http:\/\/lahusen.rewi.hu-berlin.de\/doc\/180525-programm-15--kolloquium-ak-grr.pdf\" target=\"_blank\" rel=\"noopener noreferrer\">25. Mai 2018: Wirtschaftsrecht<\/a><\/p>\n<p><a href=\"http:\/\/lahusen.rewi.hu-berlin.de\/doc\/180202-programm-14--kolloquium-ak-grr.pdf\" target=\"_blank\" rel=\"noopener noreferrer\">2. Februar 2018: Justizminister<\/a><\/p>\n<p><a href=\"http:\/\/lahusen.rewi.hu-berlin.de\/doc\/171208-programm-13--kolloquium-ak-grr.pdf\" target=\"_blank\" rel=\"noopener noreferrer\">8. Dezember 2017: Migration<\/a><\/p>\n<p><a href=\"http:\/\/lahusen.rewi.hu-berlin.de\/doc\/170714-programm-12--kolloquium-ak-grr.pdf\" target=\"_blank\" rel=\"noopener noreferrer\">14. Juli 2017: Justizskandale<\/a><\/p>\n<p><a href=\"http:\/\/lahusen.rewi.hu-berlin.de\/doc\/170512_Programm_11._Kolloquium_AK-GRR.pdf\" target=\"_blank\" rel=\"noopener noreferrer\">10. Mai 2017: Vertragsrecht<\/a><\/p>\n<p><a href=\"http:\/\/lahusen.rewi.hu-berlin.de\/doc\/170210_Programm_10._Kolloquium_AK-GRR-1.pdf\" target=\"_blank\" rel=\"noopener noreferrer\">10. Februar 2017: Europarecht<\/a><\/p>\n<p><a href=\"http:\/\/lahusen.rewi.hu-berlin.de\/doc\/161216_Programm_9._Kolloquium_AK-GRR.pdf\" target=\"_blank\" rel=\"noopener noreferrer\">16. Dezember 2016: Arbeitsrecht<\/a><\/p>\n<p><a href=\"http:\/\/lahusen.rewi.hu-berlin.de\/doc\/160630_Programm_8._Kolloquium_AK-GRR.pdf\" target=\"_blank\" rel=\"noopener noreferrer\">30. Juni 2016: Gegenst\u00e4nde im Recht<\/a><\/p>\n<p><a href=\"http:\/\/lahusen.rewi.hu-berlin.de\/doc\/160429_Programm_7._Kolloquium_AK-GRR.pdf\" target=\"_blank\" rel=\"noopener noreferrer\">29. April 2016: Sozialismus und Recht<\/a><\/p>\n<p><a href=\"http:\/\/lahusen.rewi.hu-berlin.de\/doc\/160212_Programm_6._Kolloquium_AK-GRR.pdf\" target=\"_blank\" rel=\"noopener noreferrer\">12. Februar 2016: Alternative Gerichtsbarkeiten<\/a><\/p>\n<p><a href=\"http:\/\/lahusen.rewi.hu-berlin.de\/doc\/151211_Programm_5._Kolloquium_AK-GRR.pdf\" target=\"_blank\" rel=\"noopener noreferrer\">11. Dezember 2015: Anw\u00e4lte und Verteidiger<\/a><\/p>\n<p><a href=\"http:\/\/lahusen.rewi.hu-berlin.de\/doc\/Programm_4._Kolloquium_AK-GRR.pdf\" target=\"_blank\" rel=\"noopener noreferrer\">19. Juni 2015: Privatrecht<\/a><\/p>\n<p><a href=\"http:\/\/lahusen.rewi.hu-berlin.de\/doc\/Programm_3._Kolloquium_AK-GRR.pdf\" target=\"_blank\" rel=\"noopener noreferrer\">5. Juni 2015: Juristen<\/a><\/p>\n<p><a href=\"http:\/\/lahusen.rewi.hu-berlin.de\/doc\/Programm_2._Kolloquium_AK-GRR.pdf\" target=\"_blank\" rel=\"noopener noreferrer\">30. Januar 2015: Gerichte<\/a><\/p>\n<p><a href=\"http:\/\/lahusen.rewi.hu-berlin.de\/doc\/Programm_1._Kolloquium_AK-GRR.pdf\" target=\"_blank\" rel=\"noopener noreferrer\">28. November 2014: V\u00f6lkerrecht<\/a><\/p>\n","protected":false},"excerpt":{"rendered":"<p>Prof. Dr. Marcus M. Payk Der Arbeitskreis Geschichte, Recht, Rechtsgeschichte wurde von Historikern und Juristen ins Leben gerufen, um Chancen und H\u00fcrden einer historischen Betrachtung von Recht zu er\u00f6rtern. Dazu [&hellip;]<\/p>\n","protected":false},"author":147,"featured_media":0,"parent":618,"menu_order":0,"comment_status":"closed","ping_status":"closed","template":"","meta":{"_EventAllDay":false,"_EventTimezone":"","_EventStartDate":"","_EventEndDate":"","_EventStartDateUTC":"","_EventEndDateUTC":"","_EventShowMap":false,"_EventShowMapLink":false,"_EventURL":"","_EventCost":"","_EventCostDescription":"","_EventCurrencySymbol":"","_EventCurrencyCode":"","_EventCurrencyPosition":"","_EventDateTimeSeparator":"","_EventTimeRangeSeparator":"","_EventOrganizerID":[],"_EventVenueID":[],"_OrganizerEmail":"","_OrganizerPhone":"","_OrganizerWebsite":"","_VenueAddress":"","_VenueCity":"","_VenueCountry":"","_VenueProvince":"","_VenueState":"","_VenueZip":"","_VenuePhone":"","_VenueURL":"","_VenueStateProvince":"","_VenueLat":"","_VenueLng":"","_VenueShowMap":false,"_VenueShowMapLink":false,"footnotes":""},"categories":[4],"tags":[],"class_list":["post-905","page","type-page","status-publish","hentry","category-forschung"],"_links":{"self":[{"href":"https:\/\/www.hsu-hh.de\/nng\/wp-json\/wp\/v2\/pages\/905","targetHints":{"allow":["GET"]}}],"collection":[{"href":"https:\/\/www.hsu-hh.de\/nng\/wp-json\/wp\/v2\/pages"}],"about":[{"href":"https:\/\/www.hsu-hh.de\/nng\/wp-json\/wp\/v2\/types\/page"}],"author":[{"embeddable":true,"href":"https:\/\/www.hsu-hh.de\/nng\/wp-json\/wp\/v2\/users\/147"}],"replies":[{"embeddable":true,"href":"https:\/\/www.hsu-hh.de\/nng\/wp-json\/wp\/v2\/comments?post=905"}],"version-history":[{"count":13,"href":"https:\/\/www.hsu-hh.de\/nng\/wp-json\/wp\/v2\/pages\/905\/revisions"}],"predecessor-version":[{"id":1835,"href":"https:\/\/www.hsu-hh.de\/nng\/wp-json\/wp\/v2\/pages\/905\/revisions\/1835"}],"up":[{"embeddable":true,"href":"https:\/\/www.hsu-hh.de\/nng\/wp-json\/wp\/v2\/pages\/618"}],"wp:attachment":[{"href":"https:\/\/www.hsu-hh.de\/nng\/wp-json\/wp\/v2\/media?parent=905"}],"wp:term":[{"taxonomy":"category","embeddable":true,"href":"https:\/\/www.hsu-hh.de\/nng\/wp-json\/wp\/v2\/categories?post=905"},{"taxonomy":"post_tag","embeddable":true,"href":"https:\/\/www.hsu-hh.de\/nng\/wp-json\/wp\/v2\/tags?post=905"}],"curies":[{"name":"wp","href":"https:\/\/api.w.org\/{rel}","templated":true}]}}