{"id":901,"date":"2020-04-07T09:28:19","date_gmt":"2020-04-07T07:28:19","guid":{"rendered":"https:\/\/www.hsu-hh.de\/hiswes\/?page_id=901"},"modified":"2023-02-23T15:22:30","modified_gmt":"2023-02-23T14:22:30","slug":"an-den-grenzen-der-souveraenitaet-die-pariser-vorortvertraege-von-1919-20-und-das-voelkerrecht-des-fruehen-20-jahrhunderts","status":"publish","type":"page","link":"https:\/\/www.hsu-hh.de\/nng\/forschung\/an-den-grenzen-der-souveraenitaet-die-pariser-vorortvertraege-von-1919-20-und-das-voelkerrecht-des-fruehen-20-jahrhunderts","title":{"rendered":"An den Grenzen der Souver\u00e4nit\u00e4t. Die Pariser Vorortvertr\u00e4ge von 1919\/20 und das V\u00f6lkerrecht des fr\u00fchen 20. Jahrhunderts"},"content":{"rendered":"<p><em><abbr title=\"Professor\">Prof.<\/abbr> <abbr title=\"Doktor\">Dr.<\/abbr> Marcus M. Payk<\/em><\/p>\n<p>Dilthey-Fellowship, gef\u00f6rdert durch die VolkswagenStiftung<\/p>\n<p>Laufzeit: 2011-2019<\/p>\n<p>Das Projekt zielte auf eine breite Kontextualisierung und neue Gesamtinterpretation des Pariser Friedensschlusses nach dem Ersten Weltkrieg vor dem Hintergrund langfristiger Trends einer Verrechtlichung in der internationalen Politik seit Mitte des 19.\u00a0Jahrhunderts. Die wesentlichen Befunde des Forschungsvorhabens sind in die Monographie <a href=\"https:\/\/www.degruyter.com\/view\/title\/535029\" target=\"_blank\" rel=\"noopener noreferrer\">\u201eFrieden durch Recht? Der Aufstieg des modernen V\u00f6lkerrechts und der Friedensschluss nach dem Ersten Weltkrieg\u201c<\/a> (M\u00fcnchen 2018) und den Sammelband <a href=\"http:\/\/www.iupress.indiana.edu\/product_info.php?cPath=1037_3025_10393&amp;products_id=809596\" target=\"_blank\" rel=\"noopener noreferrer\">\u201eBeyond Versailles. Governance, Legitimacy, and the Formation of New Polities after the Great War\u201c<\/a>, hrsg. Marcus M. Payk\/Roberta Pergher (Bloomington, Ind. 2019) eingegangen. Eine zugeh\u00f6rige Dissertation mit dem Thema <a href=\"https:\/\/www.hsu-hh.de\/nng\/forschung\/gerichtsprozesse-im-rheinland-unter-alliierter-besatzung-1918-1930\" target=\"_blank\" rel=\"noopener noreferrer\">\u201eGerichtsprozesse im Rheinland unter alliierter Besatzung 1918-1930\u201c<\/a>, bearbeitet von Karin Trieloff, befindet sich in Vorbereitung.<\/p>\n","protected":false},"excerpt":{"rendered":"<p>Prof. Dr. Marcus M. Payk Dilthey-Fellowship, gef\u00f6rdert durch die VolkswagenStiftung Laufzeit: 2011-2019 Das Projekt zielte auf eine breite Kontextualisierung und neue Gesamtinterpretation des Pariser Friedensschlusses nach dem Ersten Weltkrieg vor [&hellip;]<\/p>\n","protected":false},"author":147,"featured_media":0,"parent":618,"menu_order":0,"comment_status":"closed","ping_status":"closed","template":"","meta":{"_EventAllDay":false,"_EventTimezone":"","_EventStartDate":"","_EventEndDate":"","_EventStartDateUTC":"","_EventEndDateUTC":"","_EventShowMap":false,"_EventShowMapLink":false,"_EventURL":"","_EventCost":"","_EventCostDescription":"","_EventCurrencySymbol":"","_EventCurrencyCode":"","_EventCurrencyPosition":"","_EventDateTimeSeparator":"","_EventTimeRangeSeparator":"","_EventOrganizerID":[],"_EventVenueID":[],"_OrganizerEmail":"","_OrganizerPhone":"","_OrganizerWebsite":"","_VenueAddress":"","_VenueCity":"","_VenueCountry":"","_VenueProvince":"","_VenueState":"","_VenueZip":"","_VenuePhone":"","_VenueURL":"","_VenueStateProvince":"","_VenueLat":"","_VenueLng":"","_VenueShowMap":false,"_VenueShowMapLink":false,"footnotes":""},"categories":[4],"tags":[],"class_list":["post-901","page","type-page","status-publish","hentry","category-forschung"],"_links":{"self":[{"href":"https:\/\/www.hsu-hh.de\/nng\/wp-json\/wp\/v2\/pages\/901","targetHints":{"allow":["GET"]}}],"collection":[{"href":"https:\/\/www.hsu-hh.de\/nng\/wp-json\/wp\/v2\/pages"}],"about":[{"href":"https:\/\/www.hsu-hh.de\/nng\/wp-json\/wp\/v2\/types\/page"}],"author":[{"embeddable":true,"href":"https:\/\/www.hsu-hh.de\/nng\/wp-json\/wp\/v2\/users\/147"}],"replies":[{"embeddable":true,"href":"https:\/\/www.hsu-hh.de\/nng\/wp-json\/wp\/v2\/comments?post=901"}],"version-history":[{"count":9,"href":"https:\/\/www.hsu-hh.de\/nng\/wp-json\/wp\/v2\/pages\/901\/revisions"}],"predecessor-version":[{"id":1832,"href":"https:\/\/www.hsu-hh.de\/nng\/wp-json\/wp\/v2\/pages\/901\/revisions\/1832"}],"up":[{"embeddable":true,"href":"https:\/\/www.hsu-hh.de\/nng\/wp-json\/wp\/v2\/pages\/618"}],"wp:attachment":[{"href":"https:\/\/www.hsu-hh.de\/nng\/wp-json\/wp\/v2\/media?parent=901"}],"wp:term":[{"taxonomy":"category","embeddable":true,"href":"https:\/\/www.hsu-hh.de\/nng\/wp-json\/wp\/v2\/categories?post=901"},{"taxonomy":"post_tag","embeddable":true,"href":"https:\/\/www.hsu-hh.de\/nng\/wp-json\/wp\/v2\/tags?post=901"}],"curies":[{"name":"wp","href":"https:\/\/api.w.org\/{rel}","templated":true}]}}