{"id":793,"date":"2019-08-14T11:47:45","date_gmt":"2019-08-14T09:47:45","guid":{"rendered":"https:\/\/www.hsu-hh.de\/hiswes\/?page_id=793"},"modified":"2023-02-23T19:57:19","modified_gmt":"2023-02-23T18:57:19","slug":"stoeckmann","status":"publish","type":"page","link":"https:\/\/www.hsu-hh.de\/nng\/team\/stoeckmann","title":{"rendered":"Dr. Jan St\u00f6ckmann"},"content":{"rendered":"<div>\n<div>\n<div class=\"clearfix\">\u00a0<\/div>\n<div class=\"ansprechparter-container\">\n<div class=\"row ansprechpartner-item ansprechparter-header\">\n<div class=\"col-md-4 col-lg-3 col-xs-4 ansprechpartner-item floatright img-circle center-block\">\n<div class=\"img-responsive-wrapper\"><img loading=\"lazy\" decoding=\"async\" class=\"img-circle img-responsive center-block alignnone wp-image-1094 size-thumbnail\" src=\"https:\/\/www.hsu-hh.de\/hiswes\/wp-content\/uploads\/sites\/713\/2021\/01\/Jan-Stoeckmann-150x150.jpg\" alt=\"\" width=\"150\" height=\"150\" srcset=\"https:\/\/www.hsu-hh.de\/nng\/wp-content\/uploads\/sites\/713\/2021\/01\/Jan-Stoeckmann-150x150.jpg 150w, https:\/\/www.hsu-hh.de\/nng\/wp-content\/uploads\/sites\/713\/2021\/01\/Jan-Stoeckmann-100x100.jpg 100w\" sizes=\"auto, (max-width: 150px) 100vw, 150px\" \/><\/div>\n<\/div>\n<div class=\"col-md-12 col-lg-3 col-xs-12 ansprechpartner-item kontakt floatright\">\n<div class=\"row\">\n<div class=\"col-xs-12 col-sm-6 col-lg-12\">\n<div class=\"row\">\u00a0<\/div>\n<\/div>\n<div class=\"col-xs-12 col-sm-6 col-lg-12\">\n<div class=\"row\">\n<div class=\"col-xs-12 col-lg-8 row-text\">\u00a0<\/div>\n<\/div>\n<\/div>\n<div class=\"col-xs-12 col-sm-6 col-lg-12\">\n<div class=\"row\">\n<div class=\"col-xs-12 col-md-12 row-text bold\">E-Mail<\/div>\n<div class=\"col-xs-12 col-md-12 row-text\"><a href=\"mailto:jan.stoeckmann@hsu-hh.de\" target=\"_blank\" rel=\"noopener noreferrer\">jan.stoeckmann@hsu-hh.de<\/a><\/div>\n<\/div>\n<\/div>\n<\/div>\n<\/div>\n<div class=\"col-md-6 col-lg-3 col-xs-12 ansprechpartner-item anschrift floatright\">\n<div class=\"row-text\">\u00a0<\/div>\n<div class=\"row-text\"><strong>\u00a0<\/strong><\/div>\n<div>\u00a0<\/div>\n<\/div>\n<div class=\"col-md-6 col-lg-3 col-xs-12 ansprechpartner-item anschrift floatright\">\n<div class=\"row-text\">\u00a0<\/div>\n<\/div>\n<\/div>\n<\/div>\n<div class=\"clearfix\">\u00a0<\/div>\n<p><br \/><h3>Curriculum Vitae<\/h3><\/p>\n<ul>\n<li>07\/2019 bis 09\/2022<br \/>Wissenschaftlicher Mitarbeiter, Lehrstuhl f\u00fcr Neuere und Neueste Geschichte, Helmut-Schmidt-Universit\u00e4t, Hamburg<\/li>\n<li>2018 bis 2019<br \/>Postdoktorand, Fondation Wiener-Anspach, Universit\u00e9 libre de Bruxelles<\/li>\n<li>\u00a02017 bis 2018<br \/>Brady-Johnson Fellow, International Security Studies, Yale University<\/li>\n<li>2014 bis 2017<br \/>DPhil in History, University of Oxford<\/li>\n<li>2012 bis 2014<br \/>MA\/MSc in International and World History, Columbia University &amp; London School of Economics<\/li>\n<li>2008 bis 2012<br \/>BA in Philosophy &amp; Economics, Universit\u00e4t Bayreuth<\/li>\n<\/ul>\n<p><br \/><h3>Forschungsinteressen<\/h3><\/p>\n<ul>\n<li>Internationale Geschichte des 20. Jahrhunderts<\/li>\n<li>Geschichte der internationalen Beziehungen und Diplomatiegeschichte<\/li>\n<li>Geschichte internationaler Organisationen<\/li>\n<li>Geschichte der wirtschaftlichen Entwicklung<\/li>\n<li>Geschichte der Europ\u00e4ischen Integration<\/li>\n<\/ul>\n<p><br \/><h3>Aktuelle Projekte und Kooperationen<\/h3><\/p>\n<ul>\n<li><a href=\"https:\/\/www.hsu-hh.de\/nng\/forschung\/the-productive-society-a-cultural-history-of-economic-growth-since-1945\" rel=\"noopener\">The Productive Society: A Cultural History of Economic Growth since 1945<\/a><\/li>\n<li><a href=\"https:\/\/www.hsu-hh.de\/nng\/the-architects-of-international-relations-building-a-discipline-designing-the-world-1914-1940\" rel=\"noopener noreferrer\">The Architects of International Relations: Building a Discipline, Designing the World, 1914-1940<\/a><\/li>\n<li>Foreign Policy and Democratic Governance in Twentieth Century International Politics<\/li>\n<\/ul>\n<p><br \/><h3>Publikationen<\/h3><\/p>\n<h3>Monographie<\/h3>\n<p><a href=\"https:\/\/www.cambridge.org\/core\/books\/architects-of-international-relations\/C6E07BAF508290BC87A8E551B02D6D90\" target=\"_blank\" rel=\"noopener\">The Architects of International Relations: Building a Discipline, Designing the World, 1914\u20131940<\/a> (Cambridge, 2022).<\/p>\n<h3>Fachartikel<\/h3>\n<p>\u2018<a href=\"https:\/\/www.tandfonline.com\/eprint\/PURIMTPFUNYUTCWMT4W2\/full?target=10.1080\/13507486.2021.1958763\" target=\"_blank\" rel=\"noopener\">International security and parliamentary democracy in early European\u00a0integration<\/a>\u2019, <em>European Review of History: Revue europ\u00e9enne d&#8217;histoire<\/em> (2021).<\/p>\n<p>\u2018<a href=\"https:\/\/academic.oup.com\/past\/article\/doi\/10.1093\/pastj\/gtz066\/5821048?guestAccessKey=c71012e9-6195-4f3b-a717-45de0dde9d9f\" target=\"_blank\" rel=\"noopener noreferrer\">The First World War and the Democratic Control of Foreign Policy<\/a>\u2019, <em>Past &amp; Present<\/em>\u00a0249:1 (2020).<\/p>\n<p>\u2018<a href=\"https:\/\/www.cambridge.org\/core\/journals\/review-of-international-studies\/article\/women-wars-and-world-affairs-recovering-feminist-international-relations-191539\/605AEEEC55D6D6EFFCBB91483DFB7C37\" target=\"_blank\" rel=\"noopener noreferrer\">Women, Wars, and World Affairs: Recovering Feminist International Relations, 1915-1939<\/a>\u2019, <em>Review of International Studies<\/em> 44:2 (2018), pp. 215-35.<\/p>\n<p>\u2018<a href=\"https:\/\/onlinelibrary.wiley.com\/doi\/full\/10.1111\/hic3.12319\" target=\"_blank\" rel=\"noopener noreferrer\">Nationalism and Internationalism in the Study of International Relations, 1900-1939<\/a>\u2019, <em>History Compass<\/em> 15:2 (2017).<\/p>\n<p>\u2018<a href=\"https:\/\/www.tandfonline.com\/doi\/abs\/10.1080\/07075332.2016.1152993\" target=\"_blank\" rel=\"noopener noreferrer\">Studying the International, Serving the Nation: The Origins of International Relations Scholarship in Germany, 1912-1933<\/a>\u2019,<em> International History Review<\/em> 38:5 (2016), pp. 1055-80.<\/p>\n<h3><strong>Rezensionen<br \/><\/strong><\/h3>\n<p><a href=\"https:\/\/academic.oup.com\/ia\/article\/97\/4\/1249\/6314234?login=true\" target=\"_blank\" rel=\"noopener\">International Affairs<\/a><br \/><a href=\"https:\/\/www.hsozkult.de\/publicationreview\/id\/reb-29208\" target=\"_blank\" rel=\"noopener noreferrer\">H-Soz-Kult<\/a><br \/><a href=\"https:\/\/issforum.org\/essays\/PDF\/E254.pdf\" target=\"_blank\" rel=\"noopener noreferrer\">H-Net<\/a><\/p>\n<p><\/p>\n<p><\/p>\n<\/div>\n<\/div>\n\n\n<p><\/p>\n","protected":false},"excerpt":{"rendered":"<p>\u00a0 \u00a0 \u00a0 E-Mail jan.stoeckmann@hsu-hh.de \u00a0 \u00a0 \u00a0 \u00a0 \u00a0 Curriculum Vitae 07\/2019 bis 09\/2022Wissenschaftlicher Mitarbeiter, Lehrstuhl f\u00fcr Neuere und Neueste Geschichte, Helmut-Schmidt-Universit\u00e4t, Hamburg 2018 bis 2019Postdoktorand, Fondation Wiener-Anspach, Universit\u00e9 [&hellip;]<\/p>\n","protected":false},"author":147,"featured_media":0,"parent":1466,"menu_order":0,"comment_status":"closed","ping_status":"closed","template":"","meta":{"_EventAllDay":false,"_EventTimezone":"","_EventStartDate":"","_EventEndDate":"","_EventStartDateUTC":"","_EventEndDateUTC":"","_EventShowMap":false,"_EventShowMapLink":false,"_EventURL":"","_EventCost":"","_EventCostDescription":"","_EventCurrencySymbol":"","_EventCurrencyCode":"","_EventCurrencyPosition":"","_EventDateTimeSeparator":"","_EventTimeRangeSeparator":"","_EventOrganizerID":[],"_EventVenueID":[],"_OrganizerEmail":"","_OrganizerPhone":"","_OrganizerWebsite":"","_VenueAddress":"","_VenueCity":"","_VenueCountry":"","_VenueProvince":"","_VenueState":"","_VenueZip":"","_VenuePhone":"","_VenueURL":"","_VenueStateProvince":"","_VenueLat":"","_VenueLng":"","_VenueShowMap":false,"_VenueShowMapLink":false,"footnotes":""},"categories":[40],"tags":[],"class_list":["post-793","page","type-page","status-publish","hentry","category-mitarbeiter-de"],"_links":{"self":[{"href":"https:\/\/www.hsu-hh.de\/nng\/wp-json\/wp\/v2\/pages\/793","targetHints":{"allow":["GET"]}}],"collection":[{"href":"https:\/\/www.hsu-hh.de\/nng\/wp-json\/wp\/v2\/pages"}],"about":[{"href":"https:\/\/www.hsu-hh.de\/nng\/wp-json\/wp\/v2\/types\/page"}],"author":[{"embeddable":true,"href":"https:\/\/www.hsu-hh.de\/nng\/wp-json\/wp\/v2\/users\/147"}],"replies":[{"embeddable":true,"href":"https:\/\/www.hsu-hh.de\/nng\/wp-json\/wp\/v2\/comments?post=793"}],"version-history":[{"count":38,"href":"https:\/\/www.hsu-hh.de\/nng\/wp-json\/wp\/v2\/pages\/793\/revisions"}],"predecessor-version":[{"id":1882,"href":"https:\/\/www.hsu-hh.de\/nng\/wp-json\/wp\/v2\/pages\/793\/revisions\/1882"}],"up":[{"embeddable":true,"href":"https:\/\/www.hsu-hh.de\/nng\/wp-json\/wp\/v2\/pages\/1466"}],"wp:attachment":[{"href":"https:\/\/www.hsu-hh.de\/nng\/wp-json\/wp\/v2\/media?parent=793"}],"wp:term":[{"taxonomy":"category","embeddable":true,"href":"https:\/\/www.hsu-hh.de\/nng\/wp-json\/wp\/v2\/categories?post=793"},{"taxonomy":"post_tag","embeddable":true,"href":"https:\/\/www.hsu-hh.de\/nng\/wp-json\/wp\/v2\/tags?post=793"}],"curies":[{"name":"wp","href":"https:\/\/api.w.org\/{rel}","templated":true}]}}