{"id":699,"date":"2019-05-16T11:56:27","date_gmt":"2019-05-16T09:56:27","guid":{"rendered":"https:\/\/www.hsu-hh.de\/hiswes\/?page_id=699"},"modified":"2026-02-20T09:51:45","modified_gmt":"2026-02-20T08:51:45","slug":"walz","status":"publish","type":"page","link":"https:\/\/www.hsu-hh.de\/nng\/team\/walz","title":{"rendered":"Timo Walz, M.A."},"content":{"rendered":"<div class=\"clearfix\"><\/div>\n<div class=\"ansprechparter-container\">\n<div class=\"row ansprechpartner-item ansprechparter-header\">\n<div class=\"col-md-4 col-lg-3 col-xs-4 ansprechpartner-item floatright img-circle center-block\">\n<div><\/div>\n<div><\/div>\n<div><\/div>\n<div><\/div>\n<div><\/div>\n<div><\/div>\n<div class=\"img-responsive-wrapper\"><img loading=\"lazy\" decoding=\"async\" class=\"img-circle img-responsive center-block alignnone wp-image-1160 size-thumbnail\" src=\"https:\/\/www.hsu-hh.de\/hiswes\/wp-content\/uploads\/sites\/713\/2021\/02\/Walz-e1613031543380-150x150.jpg\" alt=\"  \" width=\"150\" height=\"150\" data-credit=\"\" srcset=\"https:\/\/www.hsu-hh.de\/nng\/wp-content\/uploads\/sites\/713\/2021\/02\/Walz-e1613031543380-150x150.jpg 150w, https:\/\/www.hsu-hh.de\/nng\/wp-content\/uploads\/sites\/713\/2021\/02\/Walz-e1613031543380-100x100.jpg 100w\" sizes=\"auto, (max-width: 150px) 100vw, 150px\" \/><\/div>\n<\/div>\n<div class=\"col-md-12 col-lg-3 col-xs-12 ansprechpartner-item kontakt floatright\">\n<div class=\"row\">\n<div class=\"col-xs-12 col-sm-6 col-lg-12\">\n<div class=\"row\">\n<div class=\"col-xs-12 col-lg-4 row-text bold\">Raum<\/div>\n<div class=\"col-xs-12 col-lg-8 row-text\">2219<\/div>\n<\/div>\n<\/div>\n<div class=\"col-xs-12 col-sm-6 col-lg-12\">\n<div class=\"row\">\n<div class=\"col-xs-12 col-lg-4 row-text bold\">Telefon<\/div>\n<div class=\"col-xs-12 col-lg-8 row-text\">+49 (0)40-6541-2180<\/div>\n<\/div>\n<\/div>\n<div class=\"col-xs-12 col-sm-6 col-lg-12\">\n<div class=\"row\">\n<div class=\"col-xs-12 col-lg-4 row-text bold\">Fax<\/div>\n<div class=\"col-xs-12 col-lg-8 row-text\">+49 (0)40-6541-2546<\/div>\n<\/div>\n<\/div>\n<div class=\"col-xs-12 col-sm-6 col-lg-12\">\n<div class=\"row\">\n<div class=\"col-xs-12 col-md-12 row-text bold\">E-Mail<\/div>\n<div class=\"col-xs-12 col-md-12 row-text\"><a href=\"mailto:timo.walz@hsu-hh.de\" target=\"_blank\" rel=\"noopener noreferrer\">timo.walz@hsu-hh.de<\/a><\/div>\n<\/div>\n<\/div>\n<\/div>\n<\/div>\n<div class=\"col-md-6 col-lg-3 col-xs-12 ansprechpartner-item anschrift floatright\">\n<div class=\"row-headline\">Besucheranschrift<\/div>\n<div class=\"row-text\">Helmut-Schmidt-Universit\u00e4t<\/div>\n<div class=\"row-text\">Geb\u00e4ude H1<\/div>\n<div class=\"row-text\">Holstenhofweg 85<br \/>\n22043 Hamburg<\/div>\n<div class=\"row-text\"><strong><br \/>\nSprechstunde:<br \/>\n<\/strong>Nach Vereinbarung<\/div>\n<div><\/div>\n<\/div>\n<div class=\"col-md-6 col-lg-3 col-xs-12 ansprechpartner-item anschrift floatright\">\n<div class=\"row-headline\">Postanschrift<\/div>\n<div class=\"row-text\">Helmut-Schmidt-Universit\u00e4t<\/div>\n<div class=\"row-text\">Fakult\u00e4t f\u00fcr Geistes- und Sozialwissenschaften<\/div>\n<div class=\"row-text\">Professur f\u00fcr Neuere und Neueste Geschichte<\/div>\n<div class=\"row-text\">Postfach 70 08 22<\/div>\n<div class=\"row-text\">22008 Hamburg<\/div>\n<\/div>\n<\/div>\n<\/div>\n<div class=\"clearfix\"><\/div>\n<h3>Curriculum Vitae<\/h3>\n<ul>\n<li>seit 05\/2019<br \/>\nWissenschaftlicher Mitarbeiter an der Professur f\u00fcr Professur f\u00fcr Neuere und Neueste Geschichte, Helmut-Schmidt-Universit\u00e4t\/Universit\u00e4t der Bundeswehr Hamburg<\/li>\n<li>08\/2018-1\/2019<br \/>\nGraduiertenstipendiat an der Humboldt-Universit\u00e4t zu Berlin (Humboldt Research Track Scholarship)<\/li>\n<li>05\/2014-03\/2018<br \/>\nStudentischer Mitarbeiter im Forschungsprojekt \u201eAn den Grenzen der Souver\u00e4nit\u00e4t. Die Pariser Vorortvertr\u00e4ge von 1919\/20 und das moderne V\u00f6lkerrecht\u201c (Lehrstuhl f\u00fcr Neueste und Zeitgeschichte, Humboldt-Universit\u00e4t zu Berlin)<\/li>\n<li>2013-2018<br \/>\nMasterstudium der Modernen Europ\u00e4ischen Geschichte an der Humboldt-Universit\u00e4t zu Berlin; Masterarbeit: \u201eRevolution\u00e4re Rechtsanw\u00e4lte. Linke Strafverteidiger und die Revolution 1918\/19\u201c (Johann-Gustav-Droysen-Preis 2019)<\/li>\n<li>2009-2013<br \/>\nBachelorstudium der Geschichte mit dem Zweitfach Gender Studies an der Humboldt-Universit\u00e4t zu Berlin<\/li>\n<\/ul>\n<h3>Forschungsinteressen<\/h3>\n<ul>\n<li>Rechts- und Kriminalit\u00e4tsgeschichte im 20. Jahrhundert<\/li>\n<li>Geschichte der Arbeiterbewegung und der politischen Linken<\/li>\n<li>Stadtgeschichte<\/li>\n<\/ul>\n<h3>Dissertationsprojekt<\/h3>\n<p><a href=\"https:\/\/www.hsu-hh.de\/nng\/forschung\/politische-gefangene-in-der-weimarer-republik\" rel=\"noopener\">Politische Gefangene in der Weimarer Republik<\/a><\/p>\n<h3>Ver\u00f6ffentlichungen und Vortr\u00e4ge<\/h3>\n<h3>Ver\u00f6ffentlichungen<\/h3>\n<p>Zwischen Anleitung und Autonomie. Die KPD und die Anw\u00e4lte im Tschekaprozess von 1925, in: Angela Borgstedt\/Jonas Brosig (<abbr title=\"Herausgeber\">Hrsg.<\/abbr>), \u201eLinksanw\u00e4lte\u201c \u2013 Aspekte der Strafverteidigung im roten Jahrzehnt, Baden-Baden 2025, S. 51\u201388<\/p>\n<p>Tagungsbericht: \u201eKonservative Revolution\u201c als historisches Problem \u2013 Begriff, Ideen und Netzwerke im 20. Jahrhundert, 06.06.2024\/07.06.2024, Viadrina (Frankfurt\/Oder), in: H-Soz-Kult, <a href=\"https:\/\/www.hsozkult.de\/conferencereport\/id\/fdkn-150386\" target=\"_blank\" rel=\"noopener\">https:\/\/www.hsozkult.de\/conferencereport\/id\/fdkn-150386<\/a><\/p>\n<p>Tagungsbericht: Mehr als Desinteresse und Abschottung? Zum Stellenwert des Milit\u00e4rs in der Geschichte der Bundesrepublik Deutschland, 29.\/30.09.2022, Helmut-Schmidt-Universit\u00e4t, Hamburg, in: H-Soz-Kult, <a href=\"https:\/\/www.hsozkult.de\/conferencereport\/id\/fdkn-134398\" target=\"_blank\" rel=\"noopener\">https:\/\/www.hsozkult.de\/conferencereport\/id\/fdkn-134398<\/a><\/p>\n<p><a href=\"https:\/\/zeithistorische-forschungen.de\/2-2019\/5723\" target=\"_blank\" rel=\"noopener\">Kampf um die rechte Ordnung. Sozialistische Strafverteidiger zwischen sp\u00e4tem Kaiserreich und \u201ezweiter Revolution\u201c 1919<\/a> , in: Zeithistorische Forschungen 16 (2019), S. 232\u2013257<\/p>\n<p>Tagungsbericht: \u201eHaben wir Forderungen zu unterbreiten.\u201c Aufbr\u00fcche und Widerspr\u00fcche eines Revolutionsparlaments, 18.12.2018 Berlin, in: H-Soz-Kult, <a href=\"https:\/\/www.hsozkult.de\/conferencereport\/id\/tagungsberichte-8445\" target=\"_blank\" rel=\"noopener\">https:\/\/www.hsozkult.de\/conferencereport\/id\/tagungsberichte-8445<\/a><\/p>\n<h3>Vortr\u00e4ge (Auswahl)<\/h3>\n<p>Vortrag \u201eGefangene Sexualit\u00e4ten: (Politische) Inhaftierte und die Frage nach sexuellen Reformen in der Weimarer Republik\u201c (Jahrestagung des Arbeitskreises Sexualit\u00e4ten in der Geschichte, Forschungsstelle f\u00fcr Zeitgeschichte Hamburg, 25.04.2025)<\/p>\n<p>Vortrag \u201e\u201aDas bayerische Sibirien\u2018. R\u00e4terepublikaner in der Festungshaftanstalt Niedersch\u00f6nenfeld, 1919-1924\u201c (Forschungskolloquium Geschichte, Helmut-Schmidt-Universit\u00e4t, Hamburg, 18.05.2022)<\/p>\n<p>Vortrag \u201e\u00dcberlegungen zu einer Geschichte politischer Gefangener in der Weimarer Republik\u201c (im Kolloquium des Lehrstuhls f\u00fcr Europ\u00e4ische Geschichte des 20. Jahrhunderts, <abbr title=\"Professor\">Prof.<\/abbr> <abbr title=\"Doktor\">Dr.<\/abbr> Thomas Mergel, Humboldt-Universit\u00e4t zu Berlin, 20.01.2021)<\/p>\n<p>Vortrag \u201eRevolution und Recht. Linke Strafverteidiger und die Berliner \u201aSpartakus\u2011Prozesse\u2018 1919\u201c (Workshop \u201eDie Grenzen der Gerichtsbarkeit. Irritationen und Herausforderungen der Justiz in Deutschland im 20. Jahrhundert\u201c, Humboldt-Universit\u00e4t zu Berlin, 26.01.2018)<\/p>\n<p>Vortrag \u201eRevolution\u00e4re vor Gericht. Die Berliner \u201aSpartakus-Prozesse\u2018 und der Topos der politischen Justiz\u201c (Workshop \u201eRevolution 1917-1920 in Berlin. 4. Nachwuchsworkshop des Netzwerks HiKo_21\u201c, Historische Kommission zu Berlin, Berlin, 27.10.2017)<\/p>\n<p>Vortrag \u201eLinke Anw\u00e4lte in der Revolution 1918-1920\u201c (auf der Konferenz f\u00fcr den wissenschaftlichen Nachwuchs \u201eDie Weimarer Republik in der deutschen Demokratiegeschichte\u201c, Weimar, 22.08.2017)<\/p>\n<p>Vortrag \u201eRevolution\u00e4re Rechtsanw\u00e4lte. Linke Strafverteidiger in der Revolution 1918\/19\u201c (im Kolloquium des Lehrstuhls f\u00fcr Neueste und Zeitgeschichte, <abbr title=\"Professor\">Prof.<\/abbr>\u00a0<abbr title=\"Doktor\">Dr.<\/abbr>\u00a0Martin Sabrow, Humboldt-Universit\u00e4t zu Berlin, 17.07.2017)<\/p>\n","protected":false},"excerpt":{"rendered":"<p>Raum 2219 Telefon +49 (0)40-6541-2180 Fax +49 (0)40-6541-2546 E-Mail timo.walz@hsu-hh.de Besucheranschrift Helmut-Schmidt-Universit\u00e4t Geb\u00e4ude H1 Holstenhofweg 85 22043 Hamburg Sprechstunde: Nach Vereinbarung Postanschrift Helmut-Schmidt-Universit\u00e4t Fakult\u00e4t f\u00fcr Geistes- und Sozialwissenschaften Professur f\u00fcr [&hellip;]<\/p>\n","protected":false},"author":147,"featured_media":0,"parent":1466,"menu_order":0,"comment_status":"closed","ping_status":"closed","template":"","meta":{"_EventAllDay":false,"_EventTimezone":"","_EventStartDate":"","_EventEndDate":"","_EventStartDateUTC":"","_EventEndDateUTC":"","_EventShowMap":false,"_EventShowMapLink":false,"_EventURL":"","_EventCost":"","_EventCostDescription":"","_EventCurrencySymbol":"","_EventCurrencyCode":"","_EventCurrencyPosition":"","_EventDateTimeSeparator":"","_EventTimeRangeSeparator":"","_EventOrganizerID":[],"_EventVenueID":[],"_OrganizerEmail":"","_OrganizerPhone":"","_OrganizerWebsite":"","_VenueAddress":"","_VenueCity":"","_VenueCountry":"","_VenueProvince":"","_VenueState":"","_VenueZip":"","_VenuePhone":"","_VenueURL":"","_VenueStateProvince":"","_VenueLat":"","_VenueLng":"","_VenueShowMap":false,"_VenueShowMapLink":false,"footnotes":""},"categories":[40],"tags":[],"class_list":["post-699","page","type-page","status-publish","hentry","category-mitarbeiter-de"],"_links":{"self":[{"href":"https:\/\/www.hsu-hh.de\/nng\/wp-json\/wp\/v2\/pages\/699","targetHints":{"allow":["GET"]}}],"collection":[{"href":"https:\/\/www.hsu-hh.de\/nng\/wp-json\/wp\/v2\/pages"}],"about":[{"href":"https:\/\/www.hsu-hh.de\/nng\/wp-json\/wp\/v2\/types\/page"}],"author":[{"embeddable":true,"href":"https:\/\/www.hsu-hh.de\/nng\/wp-json\/wp\/v2\/users\/147"}],"replies":[{"embeddable":true,"href":"https:\/\/www.hsu-hh.de\/nng\/wp-json\/wp\/v2\/comments?post=699"}],"version-history":[{"count":27,"href":"https:\/\/www.hsu-hh.de\/nng\/wp-json\/wp\/v2\/pages\/699\/revisions"}],"predecessor-version":[{"id":2963,"href":"https:\/\/www.hsu-hh.de\/nng\/wp-json\/wp\/v2\/pages\/699\/revisions\/2963"}],"up":[{"embeddable":true,"href":"https:\/\/www.hsu-hh.de\/nng\/wp-json\/wp\/v2\/pages\/1466"}],"wp:attachment":[{"href":"https:\/\/www.hsu-hh.de\/nng\/wp-json\/wp\/v2\/media?parent=699"}],"wp:term":[{"taxonomy":"category","embeddable":true,"href":"https:\/\/www.hsu-hh.de\/nng\/wp-json\/wp\/v2\/categories?post=699"},{"taxonomy":"post_tag","embeddable":true,"href":"https:\/\/www.hsu-hh.de\/nng\/wp-json\/wp\/v2\/tags?post=699"}],"curies":[{"name":"wp","href":"https:\/\/api.w.org\/{rel}","templated":true}]}}