{"id":618,"date":"2018-09-28T15:17:15","date_gmt":"2018-09-28T13:17:15","guid":{"rendered":"https:\/\/www.hsu-hh.de\/hiswes\/?page_id=618"},"modified":"2026-03-18T16:51:23","modified_gmt":"2026-03-18T15:51:23","slug":"forschung","status":"publish","type":"page","link":"https:\/\/www.hsu-hh.de\/nng\/forschung","title":{"rendered":"Forschung"},"content":{"rendered":"\n\n\n\n\n\n\n\n\n<h3 class=\"wp-block-heading\" id=\"ftn2\"><abbr title=\"Professor\">Prof.<\/abbr> <abbr title=\"Doktor\">Dr.<\/abbr> Marcus M. Payk<\/h3>\n\n\n\n<ul class=\"wp-block-list\">\n<li><a href=\"https:\/\/www.hsu-hh.de\/nng\/forschung\/demokratische-verfasstheit-in-europa-zur-verflechtung-europaischer-und-nationaler-demokratiegeschichte-von-den-1970er-bis-zu-den-1990er-jahren\">\u201eDemokratische Verfasstheit\u201c in Europa. Zur Verflechtung europ\u00e4ischer und nationaler Demokratiegeschichte von den 1970er bis zu den 1990er Jahren<\/a><\/li>\n\n\n\n<li><a href=\"https:\/\/www.hsu-hh.de\/nng\/forschung\/grundgesetz-voelkerrecht-und-globaler-konstitutionalismus-eine-internationale-verfassungsgeschichte-der-bundesrepublik\">Grundgesetz, V\u00f6lkerrecht und globaler Konstitutionalismus: Eine internationale Verfassungsgeschichte der Bundesrepublik<\/a><\/li>\n\n\n\n<li><a href=\"https:\/\/www.hsu-hh.de\/nng\/forschung\/an-den-grenzen-der-souveraenitaet-die-pariser-vorortvertraege-von-1919-20-und-das-voelkerrecht-des-fruehen-20-jahrhunderts\">An den Grenzen der Souver\u00e4nit\u00e4t. Die Pariser Vorortvertr\u00e4ge von 1919\/20 und das V\u00f6lkerrecht des fr\u00fchen 20. Jahrhunderts<\/a><\/li>\n\n\n\n<li><a href=\"https:\/\/www.hsu-hh.de\/nng\/forschung\/arbeitskreis-geschichte-recht-und-rechtsgeschichte\">Arbeitskreis Geschichte, Recht und Rechtsgeschichte<\/a><\/li>\n\n\n\n<li><a href=\"https:\/\/www.hsu-hh.de\/nng\/juristen-in-der-internationalen-politik-praxis-und-praktiker-des-voelkerrechts-im-19-und-20-jahrhundert\">Juristen in der internationalen Politik. Praxis und Praktiker des V\u00f6lkerrechts im 19. und 20. Jahrhundert<\/a><\/li>\n<\/ul>\n\n\n\n<h3 class=\"wp-block-heading\"><abbr title=\"Doktor\">Dr.<\/abbr> Jan H. Wille<\/h3>\n\n\n\n<ul class=\"wp-block-list\">\n<li><a href=\"https:\/\/www.hsu-hh.de\/nng\/forschung\/fuer-den-frieden-gewappnet-zivil-und-katastrophenschutz-in-deutschland-1979-2001\">F\u00fcr den Frieden gewappnet? Zivil- und Katastrophenschutz in Deutschland 1979-2001&nbsp;<br><\/a><\/li>\n\n\n\n<li><a href=\"https:\/\/www.hsu-hh.de\/nng\/forschung\/das-reichskonkordat-ein-staatskirchenvertrag-zwischen-diktatur-und-demokratie-1933-1957\">Das Reichskonkordat. Ein Staatskirchenvertrag zwischen Diktatur und Demokratie, 1933-1957<\/a><\/li>\n<\/ul>\n\n\n\n<h3 class=\"wp-block-heading\">Caroline Breitfelder, M.Ed.<\/h3>\n\n\n\n<ul class=\"wp-block-list\">\n<li><a href=\"https:\/\/www.hsu-hh.de\/nng\/forschung\/beobachten-bewerten-beeinflussen-die-rollen-des-paul-scheffer\">&nbsp;Beobachten, Bewerten, Beeinflussen. Die Rolle(n) des Paul Scheffer (Dissertation)<\/a><\/li>\n<\/ul>\n\n\n\n<h3 class=\"wp-block-heading\">Ruth Pope, M.A.<\/h3>\n\n\n\n<ul class=\"wp-block-list\">\n<li><a href=\"https:\/\/www.hsu-hh.de\/nng\/forschung\/sexualisierte-gewalt-an-kindern-umkaempftes-wissen-in-der-bundesrepublik-der-1980er-und-1990er-jahre\">Sexualisierte Gewalt an Kindern. Umk\u00e4mpftes Wissen in der Bundesrepublik der 1980er und 1990er Jahre (Dissertation)<\/a><\/li>\n\n\n\n<li><a href=\"https:\/\/www.hsu-hh.de\/nng\/forschung\/der-umgang-der-gew-hamburg-mit-sexualisierter-gewalt-an-kindern-und-jugendlichen-zwischen-den-1970er-und-1990er-jahren\">Der Umgang der GEW Hamburg mit sexualisierter Gewalt an Kindern und Jugendlichen zwischen den 1970er- und 1990er-Jahren<\/a><\/li>\n<\/ul>\n\n\n\n<h3 class=\"wp-block-heading\">Timo Walz, M.A.<\/h3>\n\n\n\n<ul class=\"wp-block-list\">\n<li>&nbsp;<a href=\"https:\/\/www.hsu-hh.de\/nng\/forschung\/politische-gefangene-in-der-weimarer-republik\">Politische Gefangene in der Weimarer Republik (Dissertation)<\/a><\/li>\n<\/ul>\n\n\n\n<h1 class=\"wp-block-heading\">Externe Promovierende<\/h1>\n\n\n\n<h3 class=\"wp-block-heading\">Dorothee Alberts<\/h3>\n\n\n\n<ul class=\"wp-block-list\">\n<li>Skandinavisches Verteidigungsb\u00fcndnis oder Nordatlantikpakt? Der britische Diplomat Sir Laurence Collier und die sicherheitspolitische Westausrichtung Norwegens, 1945-1949 (Dissertation)<\/li>\n<\/ul>\n\n\n\n<h3 class=\"wp-block-heading\">Linus Birrel, M.A.<\/h3>\n\n\n\n<ul class=\"wp-block-list\">\n<li><a href=\"https:\/\/www.hsu-hh.de\/nng\/forschung\/kampf-erfahren-die-deutung-der-kampferfahrungen-deutscher-soldaten-in-afghanistan-in-bundeswehr-und-gesellschaft\">Kampf erfahren. Die Deutung der Kampferfahrungen deutscher Soldaten in Afghanistan in Bundeswehr und Gesellschaft (Dissertation)<\/a><\/li>\n<\/ul>\n\n\n\n<h3 class=\"wp-block-heading\">Eva B\u00fcrger, M.A.<\/h3>\n\n\n\n<ul class=\"wp-block-list\">\n<li><a href=\"https:\/\/www.hsu-hh.de\/nng\/forschung\/die-habermas-luhmann-debatte-in-wissenschaft-und-gesellschaft-der-bun-desrepublik-der-1970er-jahre\" data-type=\"link\" data-id=\"https:\/\/www.hsu-hh.de\/nng\/forschung\/die-habermas-luhmann-debatte-in-wissenschaft-und-gesellschaft-der-bun-desrepublik-der-1970er-jahre\">Die Habermas-Luhmann-Debatte in Wissenschaft und Gesellschaft der Bundesrepublik der 1970er Jahre (Dissertation)<\/a><\/li>\n<\/ul>\n\n\n\n<h3 class=\"wp-block-heading\">Verena Concha Vega, M.A.<\/h3>\n\n\n\n<ul class=\"wp-block-list\">\n<li><a href=\"https:\/\/www.hsu-hh.de\/nng\/forschung\/lateinamerikanische-akteure-und-die-aushandlung-internationaler-rechtsnormen-im-19-und-fruehen-20-jahrhundert\">Lateinamerikanische Akteure und die Aushandlung internationaler Rechtsnormen im 19. und fr\u00fchen 20. Jahrhundert (Dissertation)<\/a> <\/li>\n<\/ul>\n\n\n\n<h3 class=\"wp-block-heading\">Miriam Finkeldey, M.A.<\/h3>\n\n\n\n<ul class=\"wp-block-list\">\n<li><a href=\"https:\/\/www.hsu-hh.de\/nng\/forschung\/armin-mohler-als-grenzgaenger-rechtskonservative-netzwerke-zwischen-frankreich-und-deutschland-in-den-1950er-bis-1970er-jahren\">Armin Mohler als Grenzg\u00e4nger. Rechtskonservative Netzwerke zwischen Frankreich und Deutschland in den 1950er bis 1970er Jahren (Dissertation)<\/a><\/li>\n<\/ul>\n\n\n\n<h3 class=\"wp-block-heading\"><abbr title=\"Doktor\">Dr.<\/abbr> Pierre K\u00f6ckert<\/h3>\n\n\n\n<ul class=\"wp-block-list\">\n<li><a href=\"https:\/\/www.hsu-hh.de\/nng\/forschung\/militaerische-gewalt-in-inneren-konfliktsituationen-im-deutschen-reich-1871-1923\" data-type=\"link\" data-id=\"https:\/\/www.hsu-hh.de\/nng\/forschung\/militaerische-gewalt-in-inneren-konfliktsituationen-im-deutschen-reich-1871-1923\">\u201eMilit\u00e4rische Gewalt\u201c in inneren Konfliktsituationen im Deutschen Reich 1871-1923 (Dissertation abgeschlossen 2025)<\/a><\/li>\n<\/ul>\n\n\n\n<p><strong>Stefan Messingschlager, M.A.<\/strong><\/p>\n\n\n\n<ul class=\"wp-block-list\">\n<li><a href=\"https:\/\/www.hsu-hh.de\/nng\/forschung\/china-experten-in-der-bundesrepublik-der-1970er-jahre\">China-Experten in der Bundesrepublik der 1970er Jahre (Dissertation)<\/a><\/li>\n<\/ul>\n\n\n\n<h3 class=\"wp-block-heading\"><abbr title=\"Doktor\">Dr.<\/abbr> Werner Sch\u00f6nleber<\/h3>\n\n\n\n<ul class=\"wp-block-list\">\n<li><a href=\"https:\/\/www.hsu-hh.de\/nng\/forschung\/kanadische-garnisonen-in-der-bundesrepublik-deutschland-1953-1994\">Kanadische Garnisonen in der Bundesrepublik Deutschland 1953-1994 (Dissertation abgeschlossen 2024)<\/a><\/li>\n<\/ul>\n\n\n\n<h3 class=\"wp-block-heading\">Karin Trieloff, M.A. (Humboldt-Universit\u00e4t zu Berlin)<\/h3>\n\n\n\n<ul class=\"wp-block-list\">\n<li><a href=\"https:\/\/www.hsu-hh.de\/nng\/forschung\/gerichtsprozesse-im-rheinland-unter-alliierter-besatzung-1918-1930\">Gerichtsprozesse im Rheinland unter alliierter Besatzung 1918-1930 (Dissertation)<\/a><\/li>\n<\/ul>\n\n\n\n<h3 class=\"wp-block-heading\">Anika Zimmermann, M.A.<\/h3>\n\n\n\n<ul class=\"wp-block-list\">\n<li>folgt<\/li>\n<\/ul>\n\n\n\n\n","protected":false},"excerpt":{"rendered":"<p>Prof. Dr. Marcus M. Payk Dr. Jan H. Wille Caroline Breitfelder, M.Ed. Ruth Pope, M.A. Timo Walz, M.A. Externe Promovierende Dorothee Alberts Linus Birrel, M.A. Eva B\u00fcrger, M.A. Verena Concha [&hellip;]<\/p>\n","protected":false},"author":147,"featured_media":0,"parent":0,"menu_order":0,"comment_status":"closed","ping_status":"closed","template":"","meta":{"_EventAllDay":false,"_EventTimezone":"","_EventStartDate":"","_EventEndDate":"","_EventStartDateUTC":"","_EventEndDateUTC":"","_EventShowMap":false,"_EventShowMapLink":false,"_EventURL":"","_EventCost":"","_EventCostDescription":"","_EventCurrencySymbol":"","_EventCurrencyCode":"","_EventCurrencyPosition":"","_EventDateTimeSeparator":"","_EventTimeRangeSeparator":"","_EventOrganizerID":[],"_EventVenueID":[],"_OrganizerEmail":"","_OrganizerPhone":"","_OrganizerWebsite":"","_VenueAddress":"","_VenueCity":"","_VenueCountry":"","_VenueProvince":"","_VenueState":"","_VenueZip":"","_VenuePhone":"","_VenueURL":"","_VenueStateProvince":"","_VenueLat":"","_VenueLng":"","_VenueShowMap":false,"_VenueShowMapLink":false,"footnotes":""},"categories":[4],"tags":[],"class_list":["post-618","page","type-page","status-publish","hentry","category-forschung"],"_links":{"self":[{"href":"https:\/\/www.hsu-hh.de\/nng\/wp-json\/wp\/v2\/pages\/618","targetHints":{"allow":["GET"]}}],"collection":[{"href":"https:\/\/www.hsu-hh.de\/nng\/wp-json\/wp\/v2\/pages"}],"about":[{"href":"https:\/\/www.hsu-hh.de\/nng\/wp-json\/wp\/v2\/types\/page"}],"author":[{"embeddable":true,"href":"https:\/\/www.hsu-hh.de\/nng\/wp-json\/wp\/v2\/users\/147"}],"replies":[{"embeddable":true,"href":"https:\/\/www.hsu-hh.de\/nng\/wp-json\/wp\/v2\/comments?post=618"}],"version-history":[{"count":74,"href":"https:\/\/www.hsu-hh.de\/nng\/wp-json\/wp\/v2\/pages\/618\/revisions"}],"predecessor-version":[{"id":3021,"href":"https:\/\/www.hsu-hh.de\/nng\/wp-json\/wp\/v2\/pages\/618\/revisions\/3021"}],"wp:attachment":[{"href":"https:\/\/www.hsu-hh.de\/nng\/wp-json\/wp\/v2\/media?parent=618"}],"wp:term":[{"taxonomy":"category","embeddable":true,"href":"https:\/\/www.hsu-hh.de\/nng\/wp-json\/wp\/v2\/categories?post=618"},{"taxonomy":"post_tag","embeddable":true,"href":"https:\/\/www.hsu-hh.de\/nng\/wp-json\/wp\/v2\/tags?post=618"}],"curies":[{"name":"wp","href":"https:\/\/api.w.org\/{rel}","templated":true}]}}