{"id":2990,"date":"2026-02-20T10:37:47","date_gmt":"2026-02-20T09:37:47","guid":{"rendered":"https:\/\/www.hsu-hh.de\/nng\/?page_id=2990"},"modified":"2026-02-20T10:39:09","modified_gmt":"2026-02-20T09:39:09","slug":"der-umgang-der-gew-hamburg-mit-sexualisierter-gewalt-an-kindern-und-jugendlichen-zwischen-den-1970er-und-1990er-jahren","status":"publish","type":"page","link":"https:\/\/www.hsu-hh.de\/nng\/forschung\/der-umgang-der-gew-hamburg-mit-sexualisierter-gewalt-an-kindern-und-jugendlichen-zwischen-den-1970er-und-1990er-jahren","title":{"rendered":"Der Umgang der GEW Hamburg mit sexualisierter Gewalt an Kindern und Jugendlichen zwischen den 1970er- und 1990er-Jahren"},"content":{"rendered":"\n<p><em>Ruth Pope, M.A.<\/em><\/p>\n\n\n\n<p>Marcel Bois (FZH) und Ruth Pope untersuchen im Auftrag des\u00a0<a href=\"https:\/\/www.gew.de\/\" target=\"_blank\" rel=\"noreferrer noopener\">Landesverbandes Hamburg der Gewerkschaft f\u00fcr Erziehung und Wissenschaft<\/a>\u00a0(GEW), wie dieser zwischen den 1970er- und 1990er-Jahren mit dem Thema der sexualisierten Gewalt an Kindern und Jugendlichen umgegangen ist. Ausgangspunkt f\u00fcr die Untersuchung ist die Studie \u201eWissenschaftliche Aufarbeitung zum Umgang mit sexualisierter Gewalt in der GEW von 1950 bis heute\u201c, die das Institut f\u00fcr Praxisforschung und Projektberatung, M\u00fcnchen, gemeinsam mit Dissens \u2013 Institut f\u00fcr Bildung und Forschung, Berlin, im Juli 2025 ver\u00f6ffentlicht hat. Diese legt offen, dass im Umfeld des Hamburger Landesverbandes insbesondere in den 1970er-Jahren Positionen vertreten wurden, die sexualisierte Gewalt an Kindern und Jugendlichen verharmlosten und in Teilen legitimierten. In dem Projekt geht es darum, die zentralen Diskurse und Argumente um das Thema zu identifizieren und nach beteiligten Strukturen und Akteur:innen zu fragen. Au\u00dferdem sollen die Diskurse innerhalb der GEW in den Kontext der gesellschaftlichen Debatten um eine reformorientiere Sexualp\u00e4dagogik, um kindliche Sexualit\u00e4t und sexuelle Befreiung in den 1970ern und 1980ern eingeordnet werden.<br>Das Projekt l\u00e4uft bis Ende Juni 2026.<\/p>\n","protected":false},"excerpt":{"rendered":"<p>Ruth Pope, M.A. Marcel Bois (FZH) und Ruth Pope untersuchen im Auftrag des\u00a0Landesverbandes Hamburg der Gewerkschaft f\u00fcr Erziehung und Wissenschaft\u00a0(GEW), wie dieser zwischen den 1970er- und 1990er-Jahren mit dem Thema [&hellip;]<\/p>\n","protected":false},"author":147,"featured_media":0,"parent":618,"menu_order":0,"comment_status":"closed","ping_status":"closed","template":"","meta":{"_EventAllDay":false,"_EventTimezone":"","_EventStartDate":"","_EventEndDate":"","_EventStartDateUTC":"","_EventEndDateUTC":"","_EventShowMap":false,"_EventShowMapLink":false,"_EventURL":"","_EventCost":"","_EventCostDescription":"","_EventCurrencySymbol":"","_EventCurrencyCode":"","_EventCurrencyPosition":"","_EventDateTimeSeparator":"","_EventTimeRangeSeparator":"","_EventOrganizerID":[],"_EventVenueID":[],"_OrganizerEmail":"","_OrganizerPhone":"","_OrganizerWebsite":"","_VenueAddress":"","_VenueCity":"","_VenueCountry":"","_VenueProvince":"","_VenueState":"","_VenueZip":"","_VenuePhone":"","_VenueURL":"","_VenueStateProvince":"","_VenueLat":"","_VenueLng":"","_VenueShowMap":false,"_VenueShowMapLink":false,"footnotes":""},"categories":[4],"tags":[],"class_list":["post-2990","page","type-page","status-publish","hentry","category-forschung"],"_links":{"self":[{"href":"https:\/\/www.hsu-hh.de\/nng\/wp-json\/wp\/v2\/pages\/2990","targetHints":{"allow":["GET"]}}],"collection":[{"href":"https:\/\/www.hsu-hh.de\/nng\/wp-json\/wp\/v2\/pages"}],"about":[{"href":"https:\/\/www.hsu-hh.de\/nng\/wp-json\/wp\/v2\/types\/page"}],"author":[{"embeddable":true,"href":"https:\/\/www.hsu-hh.de\/nng\/wp-json\/wp\/v2\/users\/147"}],"replies":[{"embeddable":true,"href":"https:\/\/www.hsu-hh.de\/nng\/wp-json\/wp\/v2\/comments?post=2990"}],"version-history":[{"count":1,"href":"https:\/\/www.hsu-hh.de\/nng\/wp-json\/wp\/v2\/pages\/2990\/revisions"}],"predecessor-version":[{"id":2991,"href":"https:\/\/www.hsu-hh.de\/nng\/wp-json\/wp\/v2\/pages\/2990\/revisions\/2991"}],"up":[{"embeddable":true,"href":"https:\/\/www.hsu-hh.de\/nng\/wp-json\/wp\/v2\/pages\/618"}],"wp:attachment":[{"href":"https:\/\/www.hsu-hh.de\/nng\/wp-json\/wp\/v2\/media?parent=2990"}],"wp:term":[{"taxonomy":"category","embeddable":true,"href":"https:\/\/www.hsu-hh.de\/nng\/wp-json\/wp\/v2\/categories?post=2990"},{"taxonomy":"post_tag","embeddable":true,"href":"https:\/\/www.hsu-hh.de\/nng\/wp-json\/wp\/v2\/tags?post=2990"}],"curies":[{"name":"wp","href":"https:\/\/api.w.org\/{rel}","templated":true}]}}