{"id":2984,"date":"2026-02-20T10:31:59","date_gmt":"2026-02-20T09:31:59","guid":{"rendered":"https:\/\/www.hsu-hh.de\/nng\/?page_id=2984"},"modified":"2026-02-20T10:34:33","modified_gmt":"2026-02-20T09:34:33","slug":"sexualisierte-gewalt-an-kindern-umkaempftes-wissen-in-der-bundesrepublik-der-1980er-und-1990er-jahre","status":"publish","type":"page","link":"https:\/\/www.hsu-hh.de\/nng\/forschung\/sexualisierte-gewalt-an-kindern-umkaempftes-wissen-in-der-bundesrepublik-der-1980er-und-1990er-jahre","title":{"rendered":"Sexualisierte Gewalt an Kindern. Umk\u00e4mpftes Wissen in der Bundesrepublik der 1980er und 1990er Jahre"},"content":{"rendered":"\n<p><em>Ruth Pope, M.A.<\/em><\/p>\n\n\n\n<p>Dissertation<\/p>\n\n\n\n<p>Das Dissertationsprojekt untersucht den Wandel im Wissen \u00fcber sexualisierte Gewalt an Kindern in der Bundesrepublik der 1980er und 1990er Jahre. Entscheidenden Einfluss auf diesen Wandel \u2013 so eine These des Projekts \u2013 hatte die Neue Frauenbewegung. In ihrem Umfeld gr\u00fcndeten Feministinnen und selbst betroffene Frauen seit den 1980er Jahren Selbsthilfegruppen und Beratungsstellen. Hier produzierten sie Wissen \u00fcber das Ausma\u00df, die Ursachen und Folgen von sexualisierter Gewalt an Kindern und stellten damit bisherige Deutungen aus der Medizin, Psychiatrie oder Sexualwissenschaft in Frage. Die Arbeit sp\u00fcrt diesen K\u00e4mpfen um Deutungshoheit nach. Damit kann sie im Sinne einer \u201eProblemgeschichte der Gegenwart\u201c die seit dem Jahr 2010 anhaltende \u00f6ffentliche Debatte um sexualisierte Gewalt an Kindern historisieren und zeigen, durch welche historischen Wissensformen und Deutungen sie vorstrukturiert ist. Zudem schlie\u00dft das Projekt eine Forschungsl\u00fccke in der Geschichte der Neuen Frauenbewegung und ihrer Wirkungen und stellt dar\u00fcber hinaus grunds\u00e4tzliche \u00dcberlegungen zum Verh\u00e4ltnis von Bewegungswissen und wissenschaftlichem \u201eExpertenwissen\u201c in der Bundesrepublik an. Die Arbeit wurde im Juli 2025 an der Universit\u00e4t Hamburg eingereicht und wird zurzeit begutachtet.<\/p>\n","protected":false},"excerpt":{"rendered":"<p>Ruth Pope, M.A. Dissertation Das Dissertationsprojekt untersucht den Wandel im Wissen \u00fcber sexualisierte Gewalt an Kindern in der Bundesrepublik der 1980er und 1990er Jahre. Entscheidenden Einfluss auf diesen Wandel \u2013 [&hellip;]<\/p>\n","protected":false},"author":147,"featured_media":0,"parent":618,"menu_order":0,"comment_status":"closed","ping_status":"closed","template":"","meta":{"_EventAllDay":false,"_EventTimezone":"","_EventStartDate":"","_EventEndDate":"","_EventStartDateUTC":"","_EventEndDateUTC":"","_EventShowMap":false,"_EventShowMapLink":false,"_EventURL":"","_EventCost":"","_EventCostDescription":"","_EventCurrencySymbol":"","_EventCurrencyCode":"","_EventCurrencyPosition":"","_EventDateTimeSeparator":"","_EventTimeRangeSeparator":"","_EventOrganizerID":[],"_EventVenueID":[],"_OrganizerEmail":"","_OrganizerPhone":"","_OrganizerWebsite":"","_VenueAddress":"","_VenueCity":"","_VenueCountry":"","_VenueProvince":"","_VenueState":"","_VenueZip":"","_VenuePhone":"","_VenueURL":"","_VenueStateProvince":"","_VenueLat":"","_VenueLng":"","_VenueShowMap":false,"_VenueShowMapLink":false,"footnotes":""},"categories":[4],"tags":[],"class_list":["post-2984","page","type-page","status-publish","hentry","category-forschung"],"_links":{"self":[{"href":"https:\/\/www.hsu-hh.de\/nng\/wp-json\/wp\/v2\/pages\/2984","targetHints":{"allow":["GET"]}}],"collection":[{"href":"https:\/\/www.hsu-hh.de\/nng\/wp-json\/wp\/v2\/pages"}],"about":[{"href":"https:\/\/www.hsu-hh.de\/nng\/wp-json\/wp\/v2\/types\/page"}],"author":[{"embeddable":true,"href":"https:\/\/www.hsu-hh.de\/nng\/wp-json\/wp\/v2\/users\/147"}],"replies":[{"embeddable":true,"href":"https:\/\/www.hsu-hh.de\/nng\/wp-json\/wp\/v2\/comments?post=2984"}],"version-history":[{"count":2,"href":"https:\/\/www.hsu-hh.de\/nng\/wp-json\/wp\/v2\/pages\/2984\/revisions"}],"predecessor-version":[{"id":2987,"href":"https:\/\/www.hsu-hh.de\/nng\/wp-json\/wp\/v2\/pages\/2984\/revisions\/2987"}],"up":[{"embeddable":true,"href":"https:\/\/www.hsu-hh.de\/nng\/wp-json\/wp\/v2\/pages\/618"}],"wp:attachment":[{"href":"https:\/\/www.hsu-hh.de\/nng\/wp-json\/wp\/v2\/media?parent=2984"}],"wp:term":[{"taxonomy":"category","embeddable":true,"href":"https:\/\/www.hsu-hh.de\/nng\/wp-json\/wp\/v2\/categories?post=2984"},{"taxonomy":"post_tag","embeddable":true,"href":"https:\/\/www.hsu-hh.de\/nng\/wp-json\/wp\/v2\/tags?post=2984"}],"curies":[{"name":"wp","href":"https:\/\/api.w.org\/{rel}","templated":true}]}}