{"id":2975,"date":"2026-02-20T10:22:42","date_gmt":"2026-02-20T09:22:42","guid":{"rendered":"https:\/\/www.hsu-hh.de\/nng\/?page_id=2975"},"modified":"2026-02-20T10:22:42","modified_gmt":"2026-02-20T09:22:42","slug":"beobachten-bewerten-beeinflussen-die-rollen-des-paul-scheffer","status":"publish","type":"page","link":"https:\/\/www.hsu-hh.de\/nng\/forschung\/beobachten-bewerten-beeinflussen-die-rollen-des-paul-scheffer","title":{"rendered":"Beobachten, Bewerten, Beeinflussen. Die Rolle(n) des Paul Scheffer"},"content":{"rendered":"\n<p><em>Caroline Breitfelder, M.Ed.<\/em><\/p>\n\n\n\n<p>Dissertation<\/p>\n\n\n\n<p>Die Dissertation zielt auf einen dreifachen Forschungsbeitrag ab. Erstens versteht sie sich als Beitrag zur Journalismusforschung, insbesondere zur Geschichte des Journalismus in der deutschen Zwischenkriegszeit, mit einem Schwerpunkt auf dem Berufsbild und der Praxis der Auslandskorrespondenten. Zweitens verfolgt die Arbeit einen biographischen Ansatz: Anhand bislang unerschlossener Archivbest\u00e4nde wird das Leben des einflussreichen Journalisten und Auslandskorrespondenten Paul Scheffer rekonstruiert und kritisch dekonstruiert. Scheffers Lebensweg fungiert dabei als strukturierendes Element und als analytische Linse, durch die zentrale Ereignisse, Entwicklungen und Diskurse des 20. Jahrhunderts sichtbar werden \u2013 Ph\u00e4nomene, deren Interpretation und Vermittlung zugleich das berufliche Selbstverst\u00e4ndnis Scheffers pr\u00e4gten. Drittens werden seine publizistischen Arbeiten, die zeitgen\u00f6ssische Diskurse aufgreifen und Deutungsangebote formulieren, als historische Quellen ernst genommen und methodisch analysiert. Damit leistet die Dissertation zugleich einen methodologischen Beitrag zur Frage, wie journalistische Texte in der Geschichtswissenschaft ausgewertet und als Erkenntnisquellen nutzbar gemacht werden k\u00f6nnen.<em><br><\/em><\/p>\n","protected":false},"excerpt":{"rendered":"<p>Caroline Breitfelder, M.Ed. Dissertation Die Dissertation zielt auf einen dreifachen Forschungsbeitrag ab. Erstens versteht sie sich als Beitrag zur Journalismusforschung, insbesondere zur Geschichte des Journalismus in der deutschen Zwischenkriegszeit, mit [&hellip;]<\/p>\n","protected":false},"author":147,"featured_media":0,"parent":618,"menu_order":0,"comment_status":"closed","ping_status":"closed","template":"","meta":{"_EventAllDay":false,"_EventTimezone":"","_EventStartDate":"","_EventEndDate":"","_EventStartDateUTC":"","_EventEndDateUTC":"","_EventShowMap":false,"_EventShowMapLink":false,"_EventURL":"","_EventCost":"","_EventCostDescription":"","_EventCurrencySymbol":"","_EventCurrencyCode":"","_EventCurrencyPosition":"","_EventDateTimeSeparator":"","_EventTimeRangeSeparator":"","_EventOrganizerID":[],"_EventVenueID":[],"_OrganizerEmail":"","_OrganizerPhone":"","_OrganizerWebsite":"","_VenueAddress":"","_VenueCity":"","_VenueCountry":"","_VenueProvince":"","_VenueState":"","_VenueZip":"","_VenuePhone":"","_VenueURL":"","_VenueStateProvince":"","_VenueLat":"","_VenueLng":"","_VenueShowMap":false,"_VenueShowMapLink":false,"footnotes":""},"categories":[4],"tags":[],"class_list":["post-2975","page","type-page","status-publish","hentry","category-forschung"],"_links":{"self":[{"href":"https:\/\/www.hsu-hh.de\/nng\/wp-json\/wp\/v2\/pages\/2975","targetHints":{"allow":["GET"]}}],"collection":[{"href":"https:\/\/www.hsu-hh.de\/nng\/wp-json\/wp\/v2\/pages"}],"about":[{"href":"https:\/\/www.hsu-hh.de\/nng\/wp-json\/wp\/v2\/types\/page"}],"author":[{"embeddable":true,"href":"https:\/\/www.hsu-hh.de\/nng\/wp-json\/wp\/v2\/users\/147"}],"replies":[{"embeddable":true,"href":"https:\/\/www.hsu-hh.de\/nng\/wp-json\/wp\/v2\/comments?post=2975"}],"version-history":[{"count":1,"href":"https:\/\/www.hsu-hh.de\/nng\/wp-json\/wp\/v2\/pages\/2975\/revisions"}],"predecessor-version":[{"id":2976,"href":"https:\/\/www.hsu-hh.de\/nng\/wp-json\/wp\/v2\/pages\/2975\/revisions\/2976"}],"up":[{"embeddable":true,"href":"https:\/\/www.hsu-hh.de\/nng\/wp-json\/wp\/v2\/pages\/618"}],"wp:attachment":[{"href":"https:\/\/www.hsu-hh.de\/nng\/wp-json\/wp\/v2\/media?parent=2975"}],"wp:term":[{"taxonomy":"category","embeddable":true,"href":"https:\/\/www.hsu-hh.de\/nng\/wp-json\/wp\/v2\/categories?post=2975"},{"taxonomy":"post_tag","embeddable":true,"href":"https:\/\/www.hsu-hh.de\/nng\/wp-json\/wp\/v2\/tags?post=2975"}],"curies":[{"name":"wp","href":"https:\/\/api.w.org\/{rel}","templated":true}]}}