{"id":290,"date":"2017-11-09T11:56:23","date_gmt":"2017-11-09T10:56:23","guid":{"rendered":"https:\/\/www.hsu-hh.de\/hiswes\/?page_id=290"},"modified":"2023-02-23T20:04:54","modified_gmt":"2023-02-23T19:04:54","slug":"fritz","status":"publish","type":"page","link":"https:\/\/www.hsu-hh.de\/nng\/team\/fritz","title":{"rendered":"Dr. Sven Fritz"},"content":{"rendered":"<div class=\"clearfix\"><\/div>\n<div class=\"ansprechparter-container\">\n<div class=\"row ansprechpartner-item ansprechparter-header\">\n<div class=\"col-md-4 col-lg-3 col-xs-4 ansprechpartner-item floatright img-circle center-block\" style=\"margin-bottom: 30px\">\n<div class=\"img-responsive-wrapper\"><img loading=\"lazy\" decoding=\"async\" class=\"img-circle img-responsive center-block alignleft wp-image-1205 size-thumbnail\" title=\"img-circle img-responsive center-block\" src=\"https:\/\/www.hsu-hh.de\/hiswes\/wp-content\/uploads\/sites\/713\/2021\/03\/Sven_Fritz-e1615887866386-150x150.png\" alt=\"SF\" width=\"150\" height=\"150\" data-credit=\"Sven Fritz\" srcset=\"https:\/\/www.hsu-hh.de\/nng\/wp-content\/uploads\/sites\/713\/2021\/03\/Sven_Fritz-e1615887866386-150x150.png 150w, https:\/\/www.hsu-hh.de\/nng\/wp-content\/uploads\/sites\/713\/2021\/03\/Sven_Fritz-e1615887866386-100x100.png 100w\" sizes=\"auto, (max-width: 150px) 100vw, 150px\" \/><\/div>\n<\/div>\n<div class=\"col-md-12 col-lg-3 col-xs-12 ansprechpartner-item kontakt floatright\" style=\"margin-bottom: 30px\">\n<div class=\"row\">\n<div class=\"col-xs-12 col-sm-6 col-lg-12\">\n<div class=\"row\">\n<div class=\"col-xs-12 col-lg-4 row-text bold\">Raum<\/div>\n<div class=\"col-xs-12 col-lg-8 row-text\">124<\/div>\n<\/div>\n<\/div>\n<div class=\"col-xs-12 col-sm-6 col-lg-12\">\n<div class=\"row\">\n<div class=\"col-xs-12 col-lg-4 row-text bold\">Telefon<\/div>\n<div class=\"col-xs-12 col-lg-8 row-text\">(040) 6541-2007<\/div>\n<\/div>\n<\/div>\n<div class=\"col-xs-12 col-sm-6 col-lg-12\">\n<div class=\"row\">\n<div class=\"col-xs-12 col-lg-4 row-text bold\">Fax<\/div>\n<div class=\"col-xs-12 col-lg-8 row-text\">(040) 6541-2546<\/div>\n<\/div>\n<\/div>\n<div class=\"col-xs-12 col-sm-6 col-lg-12\">\n<div class=\"row\">\n<div class=\"col-xs-12 col-md-12 row-text bold\">E-Mail<\/div>\n<div class=\"col-xs-12 col-md-12 row-text\"><a href=\"mailto:fritzs@hsu-hh.de\" rel='nofollow'>fritzs@hsu-hh.de<\/a><\/div>\n<\/div>\n<\/div>\n<\/div>\n<\/div>\n<div class=\"col-md-6 col-lg-3 col-xs-12 ansprechpartner-item anschrift floatright\">\n<div class=\"row-headline\">Besucheranschrift<\/div>\n<div class=\"row-text\">Helmut-Schmidt-Universit\u00e4t<\/div>\n<div class=\"row-text\">Geb\u00e4ude H5<\/div>\n<div class=\"row-text\">Holstenhofweg 85<\/div>\n<div class=\"row-text\">22043 Hamburg<\/div>\n<\/div>\n<div class=\"col-md-6 col-lg-3 col-xs-12 ansprechpartner-item anschrift floatright\">\n<div class=\"row-headline\">Postanschrift<\/div>\n<div class=\"row-text\">Helmut-Schmidt-Universit\u00e4t<\/div>\n<div class=\"row-text\">Fakult\u00e4t f\u00fcr Geistes- und Sozialwissenschaften<\/div>\n<div class=\"row-text\">Professur f\u00fcr Neuere und Neueste Geschichte<\/div>\n<div class=\"row-text\">Postfach 70 08 22<\/div>\n<div class=\"row-text\">22008 Hamburg<\/div>\n<\/div>\n<\/div>\n<\/div>\n<div class=\"clearfix\"><\/div>\n<h3>Curriculum Vitae<\/h3>\n<ul>\n<li>seit 2019<br \/>\nWissenschaftlicher Mitarbeiter (Post-Doc), Helmut-Schmidt-Universit\u00e4t Hamburg, Professur f\u00fcr Neuere und Neueste Geschichte<\/li>\n<li>2017-2018<br \/>\nWissenschaftlicher Mitarbeiter Helmut-Schmidt-Universit\u00e4t Hamburg, Professur f\u00fcr Professur f\u00fcr Neuere und Neueste Geschichte<\/li>\n<li>2013-2016<br \/>\nStipendiat des Landes Berlin (Elsa-Neumann-Stipendium), Doktorand Freie Universit\u00e4t Berlin<br \/>\nPromotion 2019 mit einer Biografie H. St. Chamberlains<br \/>\nDatum der Disputation: November 2019<\/li>\n<li>2008-2012<br \/>\nWissenschaftlicher Mitarbeiter des Forschungs-und Ausstellungsprojektes \u201eVerstummte Stimmen. Die Vertreibung der \u201aJuden\u2018 aus der Oper 1933-1945\u201c<\/li>\n<li>2004-2008<br \/>\nStudium der Geschichtswissenschaft, Volkskunde und Systematischen Musikwissenschaft an der Universit\u00e4t Hamburg<\/li>\n<\/ul>\n<h3>Publikationen<\/h3>\n<h3><strong>1. Monographien<\/strong><\/h3>\n<ul>\n<li>Houston Stewart Chamberlain. Rassenwahn und Welterl\u00f6sung. Biographie, Paderborn 2022.<\/li>\n<li>\u201e\u2026da\u00df der alte Geist im ETV noch lebt.\u201c Der Eimsb\u00fctteler Turnverband von der Gr\u00fcndung bis in die Nachkriegszeit, Hamburg 2010.<\/li>\n<\/ul>\n<h3><strong>2. Herausgeberschaften <\/strong><\/h3>\n<ul>\n<li>Zusammen mit Hannes Heer &amp; Peter Schmidt: Verstummte Stimmen. Die Bayreuther Festspiele und die \u201eJuden\u201c 1876-1945 (erscheint Sommer 2021).<\/li>\n<li>Zusammen mit Jens Geiger: Viele Schichten Wahrheit. Beitr\u00e4ge zur\u00a0Erinnerungskultur, Berlin 2014.<\/li>\n<li>Zusammen mit Hannes Heer: \u201eWeltanschauung en marche.\u201c Die Bayreuther Festspiele und die \u201eJuden\u201c 1876 bis 1945. Sammelband zur Konferenz im Juli 2012 in Bayreuth,\u00a0W\u00fcrzburg 2013.<\/li>\n<li>Zusammen mit Hannes Heer, Heike Drummer &amp; Jutta Zwilling: Die Vertreibung der \u201eJuden\u201c und \u201epolitisch Untragbaren\u201c aus den hessischen Theatern 1933 bis 1945, Berlin, Wiesbaden 2011.<\/li>\n<\/ul>\n<h3><strong>3. Aufs\u00e4tze<\/strong><\/h3>\n<ul>\n<li>\u201eUnsere Zustimmung kann immer nur eine verklausulirte sein\u201c. Die Bayreuther Bl\u00e4tter 1878 bis 1938, in: Olivier Dard\/Michel Grunewald\/Uwe Puschner (<abbr title=\"Herausgeber\">Hrsg.<\/abbr>), Auseinandersetzungen mit dem Nationalsozialismus im deutsch- und franz\u00f6sischsprachigen Europa (1919-1949), <abbr title=\"Band\">Bd.<\/abbr> 4: Konservative, Nationalisten, ehemalige Nationalsozialisten, Bern 2020, S. 335-347.<\/li>\n<li>\u201eDas deutsche Volk von Grund und Boden auf reformieren\u201c. Houston Stewart Chamberlain und die Wiener Wagnervereine, in: Hannes Heer\/Christian Glanz\/Oliver Rathkolb (<abbr title=\"Herausgeber\">Hrsg.<\/abbr>), Richard Wagner und Wien. Antisemitische Radikalisierung und das Entstehen des Wagnerismus, Wien 2017, S. 281-306.<\/li>\n<li>Geschichte der Bayreuther Festspiele 1912, in: Hannes Heer\/J\u00fcrgen Kesting\/Peter Schmidt (<abbr title=\"Herausgeber\">Hrsg.<\/abbr>), Verstummte Stimmen. Die Bayreuther Festspiele und die \u201eJuden\u201c 1876-1945, Berlin 2012, S. 105-132.<\/li>\n<li>Zusammen mit Jens Geiger, Die Opfer der Vertreibungen in Bayreuth, in: ebd., S. 320-373.<\/li>\n<li>Die Vertreibung der \u201eJuden\u201c und \u201epolitisch Untragbaren\u201c aus den Theatern Wiesbaden, Kassel, Mainz und Gie\u00dfen, in: Heer\/Fritz, Die Vertreibung der \u201eJuden\u201c und \u201epolitisch Untragbaren\u201c aus den hessischen Theatern, S. 265-348.<\/li>\n<li>Die SS-\u00c4rzte des KZ Neuengamme. Praktiken und Karriereverl\u00e4ufe, in: KZ-Gedenkst\u00e4tte Neuengamme (<abbr title=\"Herausgeber\">Hrsg.<\/abbr>), Das KZ Neuengamme und seine Au\u00dfenlager. Geschichte, Nachgeschichte, Erinnerung, Bildung, Berlin 2010, S. 182-198.<\/li>\n<\/ul>\n","protected":false},"excerpt":{"rendered":"<p>Raum 124 Telefon (040) 6541-2007 Fax (040) 6541-2546 E-Mail fritzs@hsu-hh.de Besucheranschrift Helmut-Schmidt-Universit\u00e4t Geb\u00e4ude H5 Holstenhofweg 85 22043 Hamburg Postanschrift Helmut-Schmidt-Universit\u00e4t Fakult\u00e4t f\u00fcr Geistes- und Sozialwissenschaften Professur f\u00fcr Neuere und Neueste [&hellip;]<\/p>\n","protected":false},"author":147,"featured_media":0,"parent":1466,"menu_order":0,"comment_status":"closed","ping_status":"closed","template":"","meta":{"_EventAllDay":false,"_EventTimezone":"","_EventStartDate":"","_EventEndDate":"","_EventStartDateUTC":"","_EventEndDateUTC":"","_EventShowMap":false,"_EventShowMapLink":false,"_EventURL":"","_EventCost":"","_EventCostDescription":"","_EventCurrencySymbol":"","_EventCurrencyCode":"","_EventCurrencyPosition":"","_EventDateTimeSeparator":"","_EventTimeRangeSeparator":"","_EventOrganizerID":[],"_EventVenueID":[],"_OrganizerEmail":"","_OrganizerPhone":"","_OrganizerWebsite":"","_VenueAddress":"","_VenueCity":"","_VenueCountry":"","_VenueProvince":"","_VenueState":"","_VenueZip":"","_VenuePhone":"","_VenueURL":"","_VenueStateProvince":"","_VenueLat":"","_VenueLng":"","_VenueShowMap":false,"_VenueShowMapLink":false,"footnotes":""},"categories":[40],"tags":[42,54],"class_list":["post-290","page","type-page","status-publish","hentry","category-mitarbeiter-de","tag-mitarbeiter","tag-sven-fritz"],"_links":{"self":[{"href":"https:\/\/www.hsu-hh.de\/nng\/wp-json\/wp\/v2\/pages\/290","targetHints":{"allow":["GET"]}}],"collection":[{"href":"https:\/\/www.hsu-hh.de\/nng\/wp-json\/wp\/v2\/pages"}],"about":[{"href":"https:\/\/www.hsu-hh.de\/nng\/wp-json\/wp\/v2\/types\/page"}],"author":[{"embeddable":true,"href":"https:\/\/www.hsu-hh.de\/nng\/wp-json\/wp\/v2\/users\/147"}],"replies":[{"embeddable":true,"href":"https:\/\/www.hsu-hh.de\/nng\/wp-json\/wp\/v2\/comments?post=290"}],"version-history":[{"count":21,"href":"https:\/\/www.hsu-hh.de\/nng\/wp-json\/wp\/v2\/pages\/290\/revisions"}],"predecessor-version":[{"id":1890,"href":"https:\/\/www.hsu-hh.de\/nng\/wp-json\/wp\/v2\/pages\/290\/revisions\/1890"}],"up":[{"embeddable":true,"href":"https:\/\/www.hsu-hh.de\/nng\/wp-json\/wp\/v2\/pages\/1466"}],"wp:attachment":[{"href":"https:\/\/www.hsu-hh.de\/nng\/wp-json\/wp\/v2\/media?parent=290"}],"wp:term":[{"taxonomy":"category","embeddable":true,"href":"https:\/\/www.hsu-hh.de\/nng\/wp-json\/wp\/v2\/categories?post=290"},{"taxonomy":"post_tag","embeddable":true,"href":"https:\/\/www.hsu-hh.de\/nng\/wp-json\/wp\/v2\/tags?post=290"}],"curies":[{"name":"wp","href":"https:\/\/api.w.org\/{rel}","templated":true}]}}