{"id":2899,"date":"2026-01-19T08:32:57","date_gmt":"2026-01-19T07:32:57","guid":{"rendered":"https:\/\/www.hsu-hh.de\/nng\/?page_id=2899"},"modified":"2026-02-20T10:28:56","modified_gmt":"2026-02-20T09:28:56","slug":"breitfelder","status":"publish","type":"page","link":"https:\/\/www.hsu-hh.de\/nng\/team\/breitfelder","title":{"rendered":""},"content":{"rendered":"<script type=\"application\/ld+json\">[{\"@context\": \"https:\/\/www.schema.org\",\"@type\": \"Person\",\"name\": \"Caroline Breitfelder, M.Ed.\",\"worksFor\": [{\t\"@type\": \"Organization\",\t\"name\": \"Helmut-Schmidt-Universit\u00e4t\",\t\"url\": \"https:\/\/www.hsu-hh.de\"\t, \"department\": {\"@type\": \"Organization\",\t\t\t\t\t\"name\": \"Professur f\u00fcr Neuere und Neueste Geschichte\",\t\t\t\t\t\"location\": {\t\t\t\t\t\t\"@type\": \"PostalAddress\",\t\t\t\t\t\t\"addressLocality\": \"\",        \t\t\t\t\"postalCode\": \"22043\",        \t\t\t\t\"streetAddress\": \"Holstenhofweg 85 , Geb\u00e4ude H1\"\t\t\t\t\t}},\t\"location\": {\t\t\"@type\": \"PostalAddress\",    \t\"addressLocality\": \"\",    \t\"postalCode\": \"22008\",    \t\"postOfficeBoxNumber\": \"700822\"\t}   }],\"image\": \"https:\/\/www.hsu-hh.de\/nng\/wp-content\/uploads\/sites\/713\/2026\/01\/Breitfelder-150x150.jpg\",\"telephone\": \"+49406541-2625\",\"faxNumber\": \"+49(0)40 6541-2546\",\"email\": \"caroline.breitfelder@hsu-hh.de\"}]<\/script><div class=\"clearfix\"><\/div><div class=\"ansprechparter-container \" style=\"margin-top:1em; \"><div class=\"row ansprechpartner-item ansprechparter-header\" ><div class=\"col-xs-8 col-lg-12\" style=\"margin-bottom: 30px;\"><h3 class=\"ansprechparter-headline\">Caroline Breitfelder, M.Ed.<\/h3><\/div><\/div><div class=\"col-md-4 col-lg-3 col-xs-4 ansprechpartner-item floatright img-circle center-block\" style=\"margin-bottom: 30px;\"><div class=\"img-responsive-wrapper\"><img decoding=\"async\" src=\"https:\/\/www.hsu-hh.de\/nng\/wp-content\/uploads\/sites\/713\/2026\/01\/Breitfelder-150x150.jpg\" alt=\"\" class=\"img-circle img-responsive center-block\" \/><\/div><\/div><div class=\"col-md-12 col-lg-3 col-xs-12 ansprechpartner-item kontakt floatright\" style=\"margin-bottom: 30px; \"><div class=\"row\"><div class=\"col-xs-12 col-sm-6 col-lg-12\"><div class=\"row\"><div class=\"col-xs-4 col-lg-4 row-text bold\" >Raum:<\/div><div class=\" row-text\">2324<\/div><\/div><\/div><div class=\"col-xs-12 col-sm-6 col-lg-12\"><div class=\"row\"><div class=\"col-xs-4 col-lg-4 row-text bold\">Telefon:<\/div><div class=\" row-text\">+49406541-2625<\/div><\/div><\/div><div class=\"col-xs-12 col-sm-6 col-lg-12\"><div class=\"row\"><div class=\"col-xs-4 col-lg-4 row-text bold\">Fax:<\/div><div class=\"row-text\">+49(0)40 6541-2546<\/div><\/div><\/div><div class=\"col-xs-12 col-sm-6 col-lg-12\"><div class=\"row\"><div class=\"col-xs-4 col-lg-4 row-text bold\">E-Mail:<\/div><div class=\"row-text\" style=\"overflow:hidden; word-break: break-word\"><a href=\"mailto:caroline.breitfelder@hsu-hh.de\" rel=\"nofollow\">caroline.breitfelder@hsu-hh.de<\/a><\/div><\/div><\/div><\/div><\/div><div class=\"col-md-6 col-lg-3 col-xs-12 ansprechpartner-item anschrift floatright\" ><div class=\"row-headline\">Besucheranschrift<\/div><div class=\"dataBesucheranschrift\" style=\"\"><div class=\"row-text\">Helmut-Schmidt-Universit\u00e4t<\/div><div class=\"row-text\">Geb\u00e4ude H1<\/div><div class=\"row-text\">Holstenhofweg 85<\/div><div class=\"row-text\">22043 Hamburg<\/div><\/div><\/div><div class=\"col-md-6 col-lg-3 col-xs-12 ansprechpartner-item anschrift floatright\"><div class=\"row-headline\">Postanschrift<\/div><div class=\"dataPostanschrift\" style=\"\"><div class=\"row-text\">Helmut-Schmidt-Universit\u00e4t<\/div><div class=\"row-text\">Fakult\u00e4t f\u00fcr Geistes- und Sozialwissenschaften<\/div><div class=\"row-text\">Professur f\u00fcr Neuere und Neueste Geschichte<\/div><div class=\"row-text\">Postfach 70 08 22<\/div><div class=\"row-text\">22008 Hamburg<\/div><\/div><\/div><\/div><div class=\"clearfix\"><\/div>\n\n<p>\u00a0<\/p>\n<p><strong>Curriculum Vitae<\/strong><\/p>\n<p>Seit 01\/2026 Wissenschaftliche Mitarbeiterin an der Professur f\u00fcr Neuere und Neueste Geschichte der Helmut-Schmidt-Universit\u00e4t\/Universit\u00e4t der Bundeswehr Hamburg<\/p>\n<p>05\/2021-12\/2025 Wissenschaftliche Mitarbeiterin an der Professur f\u00fcr Geschichte Osteuropas und Ostmitteleuropas der Helmut-Schmidt-Universit\u00e4t Hamburg\/Universit\u00e4t der Bundeswehr Hamburg<\/p>\n<p>2023\/2024 Vertreterin des Mittelbaus im Fakult\u00e4tsrat der Helmut-Schmidt-Universit\u00e4t Hamburg\/Universit\u00e4t der Bundeswehr Hamburg<\/p>\n<p>2018-2021 Masterstudium an der Albert-Ludwigs-Universit\u00e4t in Freiburg mit dem Abschluss Master of Education. Thema der Masterarbeit am Lehrstuhl f\u00fcr Osteurop\u00e4ische Geschichte: \u201eDer Neue Mensch bei Larisa Rejsner\u201c<\/p>\n<p>2017-2018 Bachelorstudium an der Universit\u00e4t Konstanz mit dem Abschluss Bachelor of Education in Germanistik und Geschichte<\/p>\n<p>2013-2016 Bachelorstudium an der Universit\u00e4t Konstanz mit dem Abschluss Bachelor of Arts in Germanistik und Geschichte<strong>\u00a0<\/strong><\/p>\n<p><strong>Aktuelles Forschungsprojekt<\/strong><\/p>\n<p><strong><a href=\"https:\/\/www.hsu-hh.de\/nng\/forschung\/beobachten-bewerten-beeinflussen-die-rollen-des-paul-scheffer\">Beobachten, Bewerten, Beeinflussen. Die Rolle(n) des Paul Scheffer (Dissertationstitel)<\/a><\/strong><\/p>\n<p><strong>Forschungsschwerpunkte<\/strong><\/p>\n<ul>\n<li>Geschichte der Auslandskorrespondent:innen, Journalismusgeschichte\u00a0<\/li>\n<li>Der \u201eNeue Mensch\u201c in der fr\u00fchen Sowjetunion<\/li>\n<li>Reportage und Journalismus in der Sowjetunion und in Deutschland Anfang des 20. Jhs.<\/li>\n<li>Politische Utopien im fr\u00fchen 20. Jh.<\/li>\n<\/ul>\n<p><strong>Lehrveranstaltungen<\/strong><\/p>\n<p><strong>Proseminare<\/strong><\/p>\n<p>Von Pushkin bis Ulizkaja. Einf\u00fchrung in die russische und sowjetische Literatur (Wintertrimester 2023)<\/p>\n<p>Zwischen den Fronten. Auslandskorrespondent:innen im 20. Jahrhundert (Herbsttrimester 2023)<\/p>\n<p>Die fragile Republik: Demokratie, Gewalt und gesellschaftlicher Wandel 1919-1933 (Helmut-Schmidt-Universit\u00e4t, Wintertrimester 2025)<\/p>\n<p><strong>Blockseminare<\/strong><\/p>\n<p>Osteuropa: R\u00e4ume, Geschichte Kulturen (Helmut-Schmidt-Universit\u00e4t, Fr\u00fchjahrstrimester 2021)<\/p>\n<p><strong>\u00dcbungen<\/strong><\/p>\n<p>Der Neue Mensch in der Sowjetunion (Helmut-Schmidt-Universit\u00e4t, Herbsttrimester 2021)<\/p>\n<p>Writing in times of crisis. The journalists Larissa Reissner and Paul Scheffer in Germany and in the Soviet Union in the 1920s (Helmut-Schmidt-Universit\u00e4t, Herbsttrimester 2022)<\/p>\n<p>Von der Utopie zum Terror: Moskau in den 1920er Jahren (Helmut-Schmidt-Universit\u00e4t, Wintertrimester 2025)<\/p>\n<p>Living through the three Russian Revolutions: Memories, Diaries, History (Helmut-Schmidt-Universit\u00e4t, Herbsttrimester 2025)<\/p>\n<p><strong>Exkursionen<\/strong><\/p>\n<p>Die Trag\u00f6die Mitteleuropas. Exkursion durch Tschechien, Polen und Ungarn (Helmut-Schmidt-Universit\u00e4t, Fr\u00fchjahrstrimester 2024)<\/p>\n<p><strong>Publikationen<\/strong><\/p>\n<p>K\u00e4mpferin f\u00fcr die Weltrevolution. Larisa Rejsner \u00fcber den Hamburger Aufstand 1923, in: <em>Zeitschrift f\u00fcr Geschichtswissenschaft<\/em> 71 (2023) 9, S. 719\u2013737.<\/p>\n<p>Vor Ort in Moskau. Die Rollen des Auslandskorrespondenten Paul Scheffer, in: <em>Zeitschrift f\u00fcr Geschichtswissenschaft<\/em> 73 (2025) 6, S. 501-520.<\/p>\n<p>Die Presse und die Politik. Paul Scheffer und der \u0160achty-Prozess 1928, in: <em>Osteuropa<\/em> 8-9 (2025), S. 151\u2013168.<\/p>","protected":false},"excerpt":{"rendered":"<p>\u00a0 Curriculum Vitae Seit 01\/2026 Wissenschaftliche Mitarbeiterin an der Professur f\u00fcr Neuere und Neueste Geschichte der Helmut-Schmidt-Universit\u00e4t\/Universit\u00e4t der Bundeswehr Hamburg 05\/2021-12\/2025 Wissenschaftliche Mitarbeiterin an der Professur f\u00fcr Geschichte Osteuropas und [&hellip;]<\/p>\n","protected":false},"author":147,"featured_media":0,"parent":1466,"menu_order":0,"comment_status":"closed","ping_status":"closed","template":"","meta":{"_EventAllDay":false,"_EventTimezone":"","_EventStartDate":"","_EventEndDate":"","_EventStartDateUTC":"","_EventEndDateUTC":"","_EventShowMap":false,"_EventShowMapLink":false,"_EventURL":"","_EventCost":"","_EventCostDescription":"","_EventCurrencySymbol":"","_EventCurrencyCode":"","_EventCurrencyPosition":"","_EventDateTimeSeparator":"","_EventTimeRangeSeparator":"","_EventOrganizerID":[],"_EventVenueID":[],"_OrganizerEmail":"","_OrganizerPhone":"","_OrganizerWebsite":"","_VenueAddress":"","_VenueCity":"","_VenueCountry":"","_VenueProvince":"","_VenueState":"","_VenueZip":"","_VenuePhone":"","_VenueURL":"","_VenueStateProvince":"","_VenueLat":"","_VenueLng":"","_VenueShowMap":false,"_VenueShowMapLink":false,"footnotes":""},"categories":[8,40],"tags":[],"class_list":["post-2899","page","type-page","status-publish","hentry","category-mitarbeiter","category-mitarbeiter-de"],"_links":{"self":[{"href":"https:\/\/www.hsu-hh.de\/nng\/wp-json\/wp\/v2\/pages\/2899","targetHints":{"allow":["GET"]}}],"collection":[{"href":"https:\/\/www.hsu-hh.de\/nng\/wp-json\/wp\/v2\/pages"}],"about":[{"href":"https:\/\/www.hsu-hh.de\/nng\/wp-json\/wp\/v2\/types\/page"}],"author":[{"embeddable":true,"href":"https:\/\/www.hsu-hh.de\/nng\/wp-json\/wp\/v2\/users\/147"}],"replies":[{"embeddable":true,"href":"https:\/\/www.hsu-hh.de\/nng\/wp-json\/wp\/v2\/comments?post=2899"}],"version-history":[{"count":27,"href":"https:\/\/www.hsu-hh.de\/nng\/wp-json\/wp\/v2\/pages\/2899\/revisions"}],"predecessor-version":[{"id":2982,"href":"https:\/\/www.hsu-hh.de\/nng\/wp-json\/wp\/v2\/pages\/2899\/revisions\/2982"}],"up":[{"embeddable":true,"href":"https:\/\/www.hsu-hh.de\/nng\/wp-json\/wp\/v2\/pages\/1466"}],"wp:attachment":[{"href":"https:\/\/www.hsu-hh.de\/nng\/wp-json\/wp\/v2\/media?parent=2899"}],"wp:term":[{"taxonomy":"category","embeddable":true,"href":"https:\/\/www.hsu-hh.de\/nng\/wp-json\/wp\/v2\/categories?post=2899"},{"taxonomy":"post_tag","embeddable":true,"href":"https:\/\/www.hsu-hh.de\/nng\/wp-json\/wp\/v2\/tags?post=2899"}],"curies":[{"name":"wp","href":"https:\/\/api.w.org\/{rel}","templated":true}]}}