{"id":281,"date":"2017-11-09T11:47:21","date_gmt":"2017-11-09T10:47:21","guid":{"rendered":"https:\/\/www.hsu-hh.de\/hiswes\/?page_id=281"},"modified":"2022-02-15T16:15:38","modified_gmt":"2022-02-15T15:15:38","slug":"eckel","status":"publish","type":"page","link":"https:\/\/www.hsu-hh.de\/nng\/team\/eckel","title":{"rendered":"Dr. Christine Eckel"},"content":{"rendered":"<div class=\"col-md-4 col-lg-3 col-xs-4 ansprechpartner-item floatright img-circle center-block\">\n<div class=\"img-responsive-wrapper\"><img loading=\"lazy\" decoding=\"async\" class=\"img-circle img-responsive center-block wp-image-205 size-thumbnail alignnone\" src=\"https:\/\/www.hsu-hh.de\/hiswes\/wp-content\/uploads\/sites\/713\/2017\/07\/CE_gr2-e1510223816408-150x150.jpg\" alt=\"Christine Eckel, M.Sc.\" width=\"150\" height=\"150\" srcset=\"https:\/\/www.hsu-hh.de\/nng\/wp-content\/uploads\/sites\/713\/2017\/07\/CE_gr2-e1510223816408-150x150.jpg 150w, https:\/\/www.hsu-hh.de\/nng\/wp-content\/uploads\/sites\/713\/2017\/07\/CE_gr2-e1510223816408-300x300.jpg 300w, https:\/\/www.hsu-hh.de\/nng\/wp-content\/uploads\/sites\/713\/2017\/07\/CE_gr2-e1510223816408-100x100.jpg 100w, https:\/\/www.hsu-hh.de\/nng\/wp-content\/uploads\/sites\/713\/2017\/07\/CE_gr2-e1510223816408.jpg 436w\" sizes=\"auto, (max-width: 150px) 100vw, 150px\" \/><\/div>\n<\/div>\n<div class=\"col-md-12 col-lg-3 col-xs-12 ansprechpartner-item kontakt floatright\">\n<div class=\"row\">\n<div class=\"col-xs-12 col-sm-6 col-lg-12\">\n<div class=\"row\"><\/div>\n<\/div>\n<\/div>\n<\/div>\n<div class=\"row\"><\/div>\n<div><\/div>\n<div class=\"col-md-6 col-lg-3 col-xs-12 ansprechpartner-item anschrift floatright\">\n<div class=\"row-text\"><\/div>\n<div><strong>\u00a0<\/strong><\/div>\n<\/div>\n<p><a href=\"mailto:christine.eckel@gedenkstaetten.hamburg.de\" target=\"_blank\" rel=\"noopener noreferrer\">christine.eckel@gedenkstaetten.hamburg.de<\/a><\/p>\n<h3>Curriculum Vitae<\/h3>\n<p>Christine Eckel, Jahrgang 1979, studierte an der Universit\u00e4t Hamburg und an der Universitat de Barcelona Geschichte, franz\u00f6sische Literaturwissenschaft und Betriebswirtschaftslehre.<\/p>\n<p>Seit 2008 war sie als freie Mitarbeiterin der KZ-Gedenkst\u00e4tte Neuengamme an mehreren Ausstellungs- und Publikationsprojekten beteiligt.<\/p>\n<p>2011-2015 und 2016-2018 war Christine Eckel als wissenschaftliche Hilfskraft <abbr title=\"beziehungsweise\">bzw.<\/abbr> Mitarbeiterin an der Professur von Bernd Wegner und Michael Jonas t\u00e4tig. Sie betreute <abbr title=\"unter anderem\">u.a.<\/abbr> Publikationsprojekte in deutscher und franz\u00f6sischer Sprache und bot Lehrveranstaltungen zur Deutschen Besatzung Frankreichs 1940-1944 sowie zur Geschichte der nationalsozialistischen Konzentrationslager.<\/p>\n<p>Nach einem mehrmonatigen Forschungstipendium des Deutschen Historischen Instituts in Paris war Christine Eckel dort 2015\/2016 als wissenschaftliche Mitarbeiterin angestellt und betreute als Redaktionsassistentin die Institutszeitschrift \u201eFrancia. Forschungen zur westeurop\u00e4ischen Geschichte\u201c.<\/p>\n<p>Im Juni 2019 hat Christine Eckel ihre Doktorarbeit erfolgreich verteidigt.<\/p>\n<p>Seit Juli 2019 ist Christine Eckel wissenschaftliche Mitarbeiterin der KZ-Gedenkst\u00e4tte Neuengamme.<\/p>\n<h3>Arbeitsbereiche<\/h3>\n<ul>\n<li>Geschichte des Nationalsozialismus und des Systems der Konzentrationslager;<\/li>\n<li>Geschichte und Nachgeschichte des KZ Neuengamme; Besatzung Frankreichs 1940-1944;<\/li>\n<li>Erinnerungskulturen in Europa;<\/li>\n<li>Ausstellungen<\/li>\n<\/ul>\n<h3>Projekte<\/h3>\n<p>Abgeschlossenes Promotionsprojekt: \u201eRepressionspolitik und Deportationspraxis im besetzten Frankreich 1940-1944. Feindbilder, Akteure, Verfolgtengruppen\u201c. Betreuer: Prof. Bernd Wegner (Helmut-Schmidt-Universit\u00e4t Hamburg), Prof. Fritz Taubert (Universit\u00e9 de Bourgogne, Dijon)<\/p>\n<h3>Publikationen<\/h3>\n<p>Alice de Buton und die Chronik des Gettos Litzmannstadt (Lodz) &#8211; eine Spurensuche, in: KZ-Gedenkst\u00e4tte Neuengamme (Hg.): Alliierte Prozesse und NS-Verbrechen, Bremen 2020.<\/p>\n<p>\u201e\u2026, damit uns die Bev\u00f6lkerung mehr f\u00fcrchtet als die Terroristen\u201c. Repressionsma\u00dfnahmen im besetzten Frankreich und die Deportationen in Konzentrationslager, in: Oliver von Wrochem (Hg.): Repressalien und Terror. \u201eVergeltungsaktionen\u201c im deutsch besetzten Europa 1939-1945, Paderborn 2017, S. 155-171.<\/p>\n<p>zusammen mit Marco Brenneisen, Laura Haendel, Julia Pietsch (Hg.): Stigmatisierung \u2013 Marginalisierung \u2013 Verfolgung. Beitr\u00e4ge zum 19. Workshop zur Geschichte und Ged\u00e4chtnisgeschichte der nationalsozialistischen Konzentrationslager, Berlin 2015.<\/p>\n<p>\u201eWarum noch auf Jahrzehnte hinaus immer wieder in alten Wunden w\u00fchlen?\u201c Deutsch-franz\u00f6sische Kontroversen um das Gedenken am Ort des ehemaligen KZ Neuengamme 1945-1953, in: Stephan Braese, Ruth Vogel-Klein (Hg.): Zwischen Kahlschlag und Rive Gauche. Deutsch-Franz\u00f6sische Kulturbeziehungen 1945-1960, W\u00fcrzburg 2015, S. 43-67.<\/p>\n<p>Le camp de concentration de Neuengamme \u2013 Oubli et M\u00e9moire, in: \u201eLa Seconde Guerre mondiale: violences et r\u00e9sistances; oubli et r\u00e9surgence des lieux de m\u00e9moire en France et en Europe\u201c, hg. v. Centre d\u2019\u00c9tudes des Patrimoines culturels du Charolais-Brionnais, 2013.<\/p>\n<p>\u201eT\u00e4terausstellungen\u201c. Vergleichsaspekte der Ausstellungen in den KZ-Gedenkst\u00e4tten Neuengamme und Ravensbr\u00fcck, in: Andreas Ehresmann <abbr title=\"unter anderem\">u.a.<\/abbr> (Hg.): Die Erinnerung an die nationalsozialistischen Konzentrationslager. Akteure, Inhalte, Strategien, Berlin 2011, S. 190-203.<\/p>\n<p>Fotografien in den \u201eT\u00e4terausstellungen\u201c der KZ-Gedenkst\u00e4tten Ravensbr\u00fcck und Neuengamme im Vergleich, in: Oliver von Wrochem (Hg.): Das KZ Neuengamme und seine Au\u00dfenlager. Geschichte, Nachgeschichte, Erinnerung, Bildung, Berlin 2010, S. 199-216.<\/p>\n","protected":false},"excerpt":{"rendered":"<p>\u00a0 christine.eckel@gedenkstaetten.hamburg.de Curriculum Vitae Christine Eckel, Jahrgang 1979, studierte an der Universit\u00e4t Hamburg und an der Universitat de Barcelona Geschichte, franz\u00f6sische Literaturwissenschaft und Betriebswirtschaftslehre. Seit 2008 war sie als freie [&hellip;]<\/p>\n","protected":false},"author":147,"featured_media":0,"parent":1466,"menu_order":0,"comment_status":"closed","ping_status":"closed","template":"","meta":{"_EventAllDay":false,"_EventTimezone":"","_EventStartDate":"","_EventEndDate":"","_EventStartDateUTC":"","_EventEndDateUTC":"","_EventShowMap":false,"_EventShowMapLink":false,"_EventURL":"","_EventCost":"","_EventCostDescription":"","_EventCurrencySymbol":"","_EventCurrencyCode":"","_EventCurrencyPosition":"","_EventDateTimeSeparator":"","_EventTimeRangeSeparator":"","_EventOrganizerID":[],"_EventVenueID":[],"_OrganizerEmail":"","_OrganizerPhone":"","_OrganizerWebsite":"","_VenueAddress":"","_VenueCity":"","_VenueCountry":"","_VenueProvince":"","_VenueState":"","_VenueZip":"","_VenuePhone":"","_VenueURL":"","_VenueStateProvince":"","_VenueLat":"","_VenueLng":"","_VenueShowMap":false,"_VenueShowMapLink":false,"footnotes":""},"categories":[40],"tags":[70,42],"class_list":["post-281","page","type-page","status-publish","hentry","category-mitarbeiter-de","tag-christine-eckel","tag-mitarbeiter"],"_links":{"self":[{"href":"https:\/\/www.hsu-hh.de\/nng\/wp-json\/wp\/v2\/pages\/281","targetHints":{"allow":["GET"]}}],"collection":[{"href":"https:\/\/www.hsu-hh.de\/nng\/wp-json\/wp\/v2\/pages"}],"about":[{"href":"https:\/\/www.hsu-hh.de\/nng\/wp-json\/wp\/v2\/types\/page"}],"author":[{"embeddable":true,"href":"https:\/\/www.hsu-hh.de\/nng\/wp-json\/wp\/v2\/users\/147"}],"replies":[{"embeddable":true,"href":"https:\/\/www.hsu-hh.de\/nng\/wp-json\/wp\/v2\/comments?post=281"}],"version-history":[{"count":15,"href":"https:\/\/www.hsu-hh.de\/nng\/wp-json\/wp\/v2\/pages\/281\/revisions"}],"predecessor-version":[{"id":2245,"href":"https:\/\/www.hsu-hh.de\/nng\/wp-json\/wp\/v2\/pages\/281\/revisions\/2245"}],"up":[{"embeddable":true,"href":"https:\/\/www.hsu-hh.de\/nng\/wp-json\/wp\/v2\/pages\/1466"}],"wp:attachment":[{"href":"https:\/\/www.hsu-hh.de\/nng\/wp-json\/wp\/v2\/media?parent=281"}],"wp:term":[{"taxonomy":"category","embeddable":true,"href":"https:\/\/www.hsu-hh.de\/nng\/wp-json\/wp\/v2\/categories?post=281"},{"taxonomy":"post_tag","embeddable":true,"href":"https:\/\/www.hsu-hh.de\/nng\/wp-json\/wp\/v2\/tags?post=281"}],"curies":[{"name":"wp","href":"https:\/\/api.w.org\/{rel}","templated":true}]}}