{"id":2775,"date":"2025-06-16T16:03:04","date_gmt":"2025-06-16T14:03:04","guid":{"rendered":"https:\/\/www.hsu-hh.de\/nng\/?page_id=2775"},"modified":"2025-11-21T13:33:35","modified_gmt":"2025-11-21T12:33:35","slug":"news","status":"publish","type":"page","link":"https:\/\/www.hsu-hh.de\/nng\/en\/news","title":{"rendered":"News"},"content":{"rendered":"\n<div class=\"wp-block-columns has-grey-background-color has-background is-layout-flex wp-container-core-columns-is-layout-9d6595d7 wp-block-columns-is-layout-flex\">\n<div class=\"wp-block-column is-vertically-aligned-center has-grey-background-color has-background wp-elements-845254cdee677d00d6820898976da7c0 is-layout-flow wp-block-column-is-layout-flow\" style=\"flex-basis:66.66%\">\n<h2 class=\"wp-block-heading\">Discussion panel<\/h2>\n\n\n\n<p class=\"has-medium-font-size\"><a href=\"https:\/\/www.hsu-hh.de\/nng\/wp-content\/uploads\/sites\/713\/2025\/11\/Raths_Plakat-scaled.jpg\">Ein Gespr\u00e4ch mit <br>Ralf Raths (Deutsches Panzermuseum Munster)<br>&#8222;Milit\u00e4rgeschichte zwischen Universit\u00e4t, TikTok und Landserheften&#8220;<br>Mittwoch, 10. Dezember 2025, 18:00 Uhr, <br>Geb\u00e4ude H7, H\u00f6rsaal 31<\/a><\/p>\n<\/div>\n\n\n\n<div class=\"wp-block-column is-vertically-aligned-center has-grey-background-color has-background wp-elements-96df14f3722b0e1a70fdc23060bb4a2b is-layout-flow wp-block-column-is-layout-flow\" style=\"flex-basis:33.33%\"><div class=\"wp-block-image\">\n<figure class=\"aligncenter size-large is-resized\"><a href=\"https:\/\/www.hsu-hh.de\/nng\/wp-content\/uploads\/sites\/713\/2025\/11\/Raths_Plakat-scaled.jpg\"><img loading=\"lazy\" decoding=\"async\" width=\"723\" height=\"1024\" src=\"https:\/\/www.hsu-hh.de\/nng\/wp-content\/uploads\/sites\/713\/2025\/11\/Raths_Plakat-723x1024.jpg\" data-credit=\"M.Payk\" alt=\"\" class=\"wp-image-2874\" style=\"width:112px;height:auto\" srcset=\"https:\/\/www.hsu-hh.de\/nng\/wp-content\/uploads\/sites\/713\/2025\/11\/Raths_Plakat-723x1024.jpg 723w, https:\/\/www.hsu-hh.de\/nng\/wp-content\/uploads\/sites\/713\/2025\/11\/Raths_Plakat-212x300.jpg 212w, https:\/\/www.hsu-hh.de\/nng\/wp-content\/uploads\/sites\/713\/2025\/11\/Raths_Plakat-768x1087.jpg 768w, https:\/\/www.hsu-hh.de\/nng\/wp-content\/uploads\/sites\/713\/2025\/11\/Raths_Plakat-1085x1536.jpg 1085w, https:\/\/www.hsu-hh.de\/nng\/wp-content\/uploads\/sites\/713\/2025\/11\/Raths_Plakat-1446x2048.jpg 1446w, https:\/\/www.hsu-hh.de\/nng\/wp-content\/uploads\/sites\/713\/2025\/11\/Raths_Plakat-1100x1557.jpg 1100w, https:\/\/www.hsu-hh.de\/nng\/wp-content\/uploads\/sites\/713\/2025\/11\/Raths_Plakat-scaled.jpg 1808w\" sizes=\"auto, (max-width: 723px) 100vw, 723px\" \/><\/a><\/figure>\n<\/div><\/div>\n<\/div>\n\n\n\n<hr class=\"wp-block-separator has-alpha-channel-opacity\" \/>\n\n\n\n<div class=\"wp-block-columns has-grey-background-color has-background is-layout-flex wp-container-core-columns-is-layout-9d6595d7 wp-block-columns-is-layout-flex\">\n<div class=\"wp-block-column is-vertically-aligned-center has-grey-background-color has-background wp-elements-d43e17847040ec7028ab849fbde88ffc is-layout-flow wp-block-column-is-layout-flow\" style=\"flex-basis:66.66%\">\n<h2 class=\"wp-block-heading\">Guest lecture<\/h2>\n\n\n\n<p class=\"has-medium-font-size\"><a href=\"https:\/\/www.hsu-hh.de\/nng\/wp-content\/uploads\/sites\/713\/2025\/10\/Plakat_Stuermer-Vortrag-scaled.jpg\">von <br><abbr title=\"Doktor\">Dr.<\/abbr> Rhena St\u00fcrmer (Leipzig)<br>Jenseits des Bolschewismus. <br>Weimarer Linkskommunisten zwischen den Systemen des 20. Jahrhunderts<br>Dienstag, 04. November 2025, 18:15 Uhr, Hauptgeb\u00e4ude, R. 206<\/a> <\/p>\n<\/div>\n\n\n\n<div class=\"wp-block-column is-vertically-aligned-center has-grey-background-color has-background wp-elements-f4b12aefbd0eaea5a896f8bc251d1f6d is-layout-flow wp-block-column-is-layout-flow\" style=\"flex-basis:33.33%\"><div class=\"wp-block-image\">\n<figure class=\"aligncenter size-large is-resized\"><a href=\"https:\/\/www.hsu-hh.de\/nng\/wp-content\/uploads\/sites\/713\/2025\/10\/Plakat_Stuermer-Vortrag-1-scaled.jpg\"><img loading=\"lazy\" decoding=\"async\" width=\"724\" height=\"1024\" src=\"https:\/\/www.hsu-hh.de\/nng\/wp-content\/uploads\/sites\/713\/2025\/10\/Plakat_Stuermer-Vortrag-1-724x1024.jpg\" data-credit=\"M. Payk\" alt=\"\" class=\"wp-image-2836\" style=\"width:112px;height:auto\" srcset=\"https:\/\/www.hsu-hh.de\/nng\/wp-content\/uploads\/sites\/713\/2025\/10\/Plakat_Stuermer-Vortrag-1-724x1024.jpg 724w, https:\/\/www.hsu-hh.de\/nng\/wp-content\/uploads\/sites\/713\/2025\/10\/Plakat_Stuermer-Vortrag-1-212x300.jpg 212w, https:\/\/www.hsu-hh.de\/nng\/wp-content\/uploads\/sites\/713\/2025\/10\/Plakat_Stuermer-Vortrag-1-768x1087.jpg 768w, https:\/\/www.hsu-hh.de\/nng\/wp-content\/uploads\/sites\/713\/2025\/10\/Plakat_Stuermer-Vortrag-1-1085x1536.jpg 1085w, https:\/\/www.hsu-hh.de\/nng\/wp-content\/uploads\/sites\/713\/2025\/10\/Plakat_Stuermer-Vortrag-1-1447x2048.jpg 1447w, https:\/\/www.hsu-hh.de\/nng\/wp-content\/uploads\/sites\/713\/2025\/10\/Plakat_Stuermer-Vortrag-1-1100x1557.jpg 1100w, https:\/\/www.hsu-hh.de\/nng\/wp-content\/uploads\/sites\/713\/2025\/10\/Plakat_Stuermer-Vortrag-1-scaled.jpg 1809w\" sizes=\"auto, (max-width: 724px) 100vw, 724px\" \/><\/a><\/figure>\n<\/div><\/div>\n<\/div>\n\n\n\n<hr class=\"wp-block-separator has-alpha-channel-opacity\" \/>\n\n\n\n<div class=\"wp-block-columns is-layout-flex wp-container-core-columns-is-layout-9d6595d7 wp-block-columns-is-layout-flex\">\n<div class=\"wp-block-column is-layout-flow wp-block-column-is-layout-flow\">\n<div class=\"wp-block-columns has-grey-background-color has-background is-layout-flex wp-container-core-columns-is-layout-9d6595d7 wp-block-columns-is-layout-flex\">\n<div class=\"wp-block-column is-vertically-aligned-center has-grey-background-color has-background wp-elements-32b6f81516d6c13598a805a8ffa9d627 is-layout-flow wp-block-column-is-layout-flow\" style=\"flex-basis:66.66%\">\n<h2 class=\"wp-block-heading\">Guest lecture<\/h2>\n\n\n\n<p class=\"has-medium-font-size\"><a href=\"https:\/\/www.hsu-hh.de\/nng\/wp-content\/uploads\/sites\/713\/2025\/02\/Abschiedsvorlesung__Lappenkueper.pdf\" target=\"_blank\" rel=\"noreferrer noopener\"><\/a><a href=\"https:\/\/www.hsu-hh.de\/nng\/wp-content\/uploads\/sites\/713\/2025\/10\/Plakat_Schors_Vortrag-scaled.jpg\">von <br><abbr title=\"Doktor\">Dr.<\/abbr> Arvid Schors<br>Soldaten, Besatzer, \u201eLucky Victims\u201c. <br>Deutschsprachige Emigranten in den<br>Reihen der Alliierten 1939\u20131955<br>Dienstag, 7. Oktober 2025, 18:15 Uhr, Hauptgeb\u00e4ude, R. 206 <\/a><\/p>\n<\/div>\n\n\n\n<div class=\"wp-block-column is-vertically-aligned-center has-grey-background-color has-background wp-elements-cbc80bed129d98bc159b8c1b2ddcd85e is-layout-flow wp-block-column-is-layout-flow\" style=\"flex-basis:33.33%\"><div class=\"wp-block-image\">\n<figure class=\"aligncenter size-large is-resized\"><a href=\"https:\/\/www.hsu-hh.de\/nng\/wp-content\/uploads\/sites\/713\/2025\/10\/Plakat_Schors_Vortrag-scaled.jpg\"><img loading=\"lazy\" decoding=\"async\" width=\"723\" height=\"1024\" src=\"https:\/\/www.hsu-hh.de\/nng\/wp-content\/uploads\/sites\/713\/2025\/10\/Plakat_Schors_Vortrag-723x1024.jpg\" data-credit=\"M. Payk\" alt=\"\" class=\"wp-image-2831\" style=\"width:112px;height:auto\" srcset=\"https:\/\/www.hsu-hh.de\/nng\/wp-content\/uploads\/sites\/713\/2025\/10\/Plakat_Schors_Vortrag-723x1024.jpg 723w, https:\/\/www.hsu-hh.de\/nng\/wp-content\/uploads\/sites\/713\/2025\/10\/Plakat_Schors_Vortrag-212x300.jpg 212w, https:\/\/www.hsu-hh.de\/nng\/wp-content\/uploads\/sites\/713\/2025\/10\/Plakat_Schors_Vortrag-768x1087.jpg 768w, https:\/\/www.hsu-hh.de\/nng\/wp-content\/uploads\/sites\/713\/2025\/10\/Plakat_Schors_Vortrag-1085x1536.jpg 1085w, https:\/\/www.hsu-hh.de\/nng\/wp-content\/uploads\/sites\/713\/2025\/10\/Plakat_Schors_Vortrag-1446x2048.jpg 1446w, https:\/\/www.hsu-hh.de\/nng\/wp-content\/uploads\/sites\/713\/2025\/10\/Plakat_Schors_Vortrag-1100x1557.jpg 1100w, https:\/\/www.hsu-hh.de\/nng\/wp-content\/uploads\/sites\/713\/2025\/10\/Plakat_Schors_Vortrag-scaled.jpg 1808w\" sizes=\"auto, (max-width: 723px) 100vw, 723px\" \/><\/a><\/figure>\n<\/div><\/div>\n<\/div>\n<\/div>\n<\/div>\n\n\n\n<div class=\"wp-block-columns has-grey-background-color has-background is-layout-flex wp-container-core-columns-is-layout-9d6595d7 wp-block-columns-is-layout-flex\">\n<div class=\"wp-block-column is-vertically-aligned-center has-grey-background-color has-background is-layout-flow wp-block-column-is-layout-flow\" style=\"flex-basis:66.66%\">\n<h2 class=\"wp-block-heading\">Recently published<\/h2>\n\n\n\n<p><a href=\"https:\/\/brill.com\/display\/title\/68323?language=de\" target=\"_blank\" rel=\"noreferrer noopener\">Das Reichskonkordat. Ein Staatskirchenvertrag zwischen Diktatur und Demokratie 1933\u20131957 von Jan H. Wille<\/a><\/p>\n<\/div>\n\n\n\n<div class=\"wp-block-column is-vertically-aligned-bottom has-grey-background-color has-background is-layout-flow wp-block-column-is-layout-flow\" style=\"flex-basis:33.33%\"><div class=\"wp-block-image\">\n<figure class=\"aligncenter size-large is-resized\"><a href=\"https:\/\/brill.com\/display\/title\/68323?language=de\" target=\"_blank\" rel=\" noreferrer noopener\"><img loading=\"lazy\" decoding=\"async\" width=\"675\" height=\"1024\" src=\"https:\/\/www.hsu-hh.de\/nng\/wp-content\/uploads\/sites\/713\/2024\/07\/das-reichskonkordat-gebundene-ausgabe-jan-h-wille-675x1024.webp\" data-credit=\"Brill\/Sch\u00f6ningh\" alt=\"\" class=\"wp-image-2424\" style=\"width:103px;height:auto\" srcset=\"https:\/\/www.hsu-hh.de\/nng\/wp-content\/uploads\/sites\/713\/2024\/07\/das-reichskonkordat-gebundene-ausgabe-jan-h-wille-675x1024.webp 675w, https:\/\/www.hsu-hh.de\/nng\/wp-content\/uploads\/sites\/713\/2024\/07\/das-reichskonkordat-gebundene-ausgabe-jan-h-wille-198x300.webp 198w, https:\/\/www.hsu-hh.de\/nng\/wp-content\/uploads\/sites\/713\/2024\/07\/das-reichskonkordat-gebundene-ausgabe-jan-h-wille-768x1165.webp 768w, https:\/\/www.hsu-hh.de\/nng\/wp-content\/uploads\/sites\/713\/2024\/07\/das-reichskonkordat-gebundene-ausgabe-jan-h-wille-1013x1536.webp 1013w, https:\/\/www.hsu-hh.de\/nng\/wp-content\/uploads\/sites\/713\/2024\/07\/das-reichskonkordat-gebundene-ausgabe-jan-h-wille-1100x1668.webp 1100w, https:\/\/www.hsu-hh.de\/nng\/wp-content\/uploads\/sites\/713\/2024\/07\/das-reichskonkordat-gebundene-ausgabe-jan-h-wille.webp 1319w\" sizes=\"auto, (max-width: 675px) 100vw, 675px\" \/><\/a><\/figure>\n<\/div><\/div>\n<\/div>\n","protected":false},"excerpt":{"rendered":"<p>Discussion panel Ein Gespr\u00e4ch mit Ralf Raths (Deutsches Panzermuseum Munster)&#8222;Milit\u00e4rgeschichte zwischen Universit\u00e4t, TikTok und Landserheften&#8220;Mittwoch, 10. Dezember 2025, 18:00 Uhr, Geb\u00e4ude H7, H\u00f6rsaal 31 Guest lecture von Dr. Rhena St\u00fcrmer [&hellip;]<\/p>\n","protected":false},"author":147,"featured_media":0,"parent":0,"menu_order":0,"comment_status":"closed","ping_status":"closed","template":"","meta":{"_EventAllDay":false,"_EventTimezone":"","_EventStartDate":"","_EventEndDate":"","_EventStartDateUTC":"","_EventEndDateUTC":"","_EventShowMap":false,"_EventShowMapLink":false,"_EventURL":"","_EventCost":"","_EventCostDescription":"","_EventCurrencySymbol":"","_EventCurrencyCode":"","_EventCurrencyPosition":"","_EventDateTimeSeparator":"","_EventTimeRangeSeparator":"","_EventOrganizerID":[],"_EventVenueID":[],"_OrganizerEmail":"","_OrganizerPhone":"","_OrganizerWebsite":"","_VenueAddress":"","_VenueCity":"","_VenueCountry":"","_VenueProvince":"","_VenueState":"","_VenueZip":"","_VenuePhone":"","_VenueURL":"","_VenueStateProvince":"","_VenueLat":"","_VenueLng":"","_VenueShowMap":false,"_VenueShowMapLink":false,"footnotes":""},"categories":[37],"tags":[],"class_list":["post-2775","page","type-page","status-publish","hentry","category-startpage"],"_links":{"self":[{"href":"https:\/\/www.hsu-hh.de\/nng\/wp-json\/wp\/v2\/pages\/2775","targetHints":{"allow":["GET"]}}],"collection":[{"href":"https:\/\/www.hsu-hh.de\/nng\/wp-json\/wp\/v2\/pages"}],"about":[{"href":"https:\/\/www.hsu-hh.de\/nng\/wp-json\/wp\/v2\/types\/page"}],"author":[{"embeddable":true,"href":"https:\/\/www.hsu-hh.de\/nng\/wp-json\/wp\/v2\/users\/147"}],"replies":[{"embeddable":true,"href":"https:\/\/www.hsu-hh.de\/nng\/wp-json\/wp\/v2\/comments?post=2775"}],"version-history":[{"count":5,"href":"https:\/\/www.hsu-hh.de\/nng\/wp-json\/wp\/v2\/pages\/2775\/revisions"}],"predecessor-version":[{"id":2883,"href":"https:\/\/www.hsu-hh.de\/nng\/wp-json\/wp\/v2\/pages\/2775\/revisions\/2883"}],"wp:attachment":[{"href":"https:\/\/www.hsu-hh.de\/nng\/wp-json\/wp\/v2\/media?parent=2775"}],"wp:term":[{"taxonomy":"category","embeddable":true,"href":"https:\/\/www.hsu-hh.de\/nng\/wp-json\/wp\/v2\/categories?post=2775"},{"taxonomy":"post_tag","embeddable":true,"href":"https:\/\/www.hsu-hh.de\/nng\/wp-json\/wp\/v2\/tags?post=2775"}],"curies":[{"name":"wp","href":"https:\/\/api.w.org\/{rel}","templated":true}]}}