{"id":2756,"date":"2025-06-16T15:10:29","date_gmt":"2025-06-16T13:10:29","guid":{"rendered":"https:\/\/www.hsu-hh.de\/nng\/?page_id=2756"},"modified":"2025-06-16T15:16:56","modified_gmt":"2025-06-16T13:16:56","slug":"demokratische-verfasstheit-in-europa-zur-verflechtung-europaischer-und-nationaler-demokratiegeschichte-von-den-1970er-bis-zu-den-1990er-jahren","status":"publish","type":"page","link":"https:\/\/www.hsu-hh.de\/nng\/forschung\/demokratische-verfasstheit-in-europa-zur-verflechtung-europaischer-und-nationaler-demokratiegeschichte-von-den-1970er-bis-zu-den-1990er-jahren","title":{"rendered":"\u201eDemokratische Verfasstheit\u201c in Europa. Zur Verflechtung europ\u00e4ischer und nationaler Demokratiegeschichte von den 1970er bis zu den 1990er Jahren"},"content":{"rendered":"\n<p>Das von der Gerda Henkel Stiftung ab Mai 2025 gef\u00f6rderte Forschungsvorhaben untersucht Aushandlungsprozesse um die \u201edemokratische Verfasstheit\u201c des institutionellen Europas von den 1970er bis zu den 1990er Jahren. Ausgangspunkt ist das Spannungsverh\u00e4ltnis zwischen der Forderung nach einem demokratisch verfassten Europa und den unterschiedlichen nationalen Demokratieerfahrungen, Verfassungstraditionen und Souver\u00e4nit\u00e4tsanspr\u00fcchen. Die Verflechtung europ\u00e4ischer und nationaler Demokratiegeschichten soll in drei Fallstudien exemplarisch aufgeschl\u00fcsselt werden. Die einzelnen Projekte behandeln (1.) das Verh\u00e4ltnis zwischen den Demokratievorstellungen des Grundgesetzes und den Dynamiken der Europ\u00e4isierung am Beispiel der Europa-Urteile des Bundesverfassungsgerichts, (2.) die Bedeutung sicherheitspolitischer Debatten als Motor einer europ\u00e4ischen Konstitutionalisierung und (3.) die EG- <abbr title=\"beziehungsweise\">bzw.<\/abbr> EU-Beitrittsgesuche postdiktatorischer Staaten als Impulsgeber f\u00fcr eine intensivierte Auseinandersetzung \u00fcber ein \u201edemokratisches Europa\u201c. Als heuristische Sonde und inhaltliche Klammer soll der Begriff der \u201edemokratischen Verfasstheit\u201c erprobt werden, der auf das formalisierte Zusammenspiel von Ideen und Praktiken, Institutionen und Normen zielt, mit dem Demokratie als gedachte Ordnung ausgehandelt wird. Auf regelm\u00e4\u00dfigen Arbeitstreffen, j\u00e4hrlichen Workshops und einer Abschlusskonferenz werden die Fortschritte der Forschungen pr\u00e4sentiert.<\/p>\n\n\n\n<p>Projektleitung: <a href=\"https:\/\/www.ku.de\/ggf\/geschichte\/neuere-und-neueste-geschichte\/team\/prof-dr-vanessa-conze\" target=\"_blank\" rel=\"noreferrer noopener\"><abbr title=\"Professor\">Prof.<\/abbr> <abbr title=\"Doktor\">Dr.<\/abbr> Vanessa Conze<\/a> (Katholische Universit\u00e4t Eichst\u00e4tt-Ingolstadt), <a href=\"https:\/\/www.uni-muenster.de\/Geschichte\/histsem\/NZ-G\/L2\/Mitarbeiter\/prof.dr.silkemende.html\" target=\"_blank\" rel=\"noreferrer noopener\"><abbr title=\"Professor\">Prof.<\/abbr> <abbr title=\"Doktor\">Dr.<\/abbr> Silke Mende<\/a> (Universit\u00e4t M\u00fcnster), <a href=\"https:\/\/www.hsu-hh.de\/nng\/team\/payk\"><abbr title=\"Professor\">Prof.<\/abbr> <abbr title=\"Doktor\">Dr.<\/abbr> Marcus M. Payk<\/a> (Helmut-Schmidt-Universit\u00e4t Hamburg)<\/p>\n\n\n\n<p>Bearbeiter\/in: Tom Binner, Moritz Meier, Anika Zimmermann<\/p>\n","protected":false},"excerpt":{"rendered":"<p>Das von der Gerda Henkel Stiftung ab Mai 2025 gef\u00f6rderte Forschungsvorhaben untersucht Aushandlungsprozesse um die \u201edemokratische Verfasstheit\u201c des institutionellen Europas von den 1970er bis zu den 1990er Jahren. Ausgangspunkt ist [&hellip;]<\/p>\n","protected":false},"author":147,"featured_media":0,"parent":618,"menu_order":0,"comment_status":"closed","ping_status":"closed","template":"","meta":{"_EventAllDay":false,"_EventTimezone":"","_EventStartDate":"","_EventEndDate":"","_EventStartDateUTC":"","_EventEndDateUTC":"","_EventShowMap":false,"_EventShowMapLink":false,"_EventURL":"","_EventCost":"","_EventCostDescription":"","_EventCurrencySymbol":"","_EventCurrencyCode":"","_EventCurrencyPosition":"","_EventDateTimeSeparator":"","_EventTimeRangeSeparator":"","_EventOrganizerID":[],"_EventVenueID":[],"_OrganizerEmail":"","_OrganizerPhone":"","_OrganizerWebsite":"","_VenueAddress":"","_VenueCity":"","_VenueCountry":"","_VenueProvince":"","_VenueState":"","_VenueZip":"","_VenuePhone":"","_VenueURL":"","_VenueStateProvince":"","_VenueLat":"","_VenueLng":"","_VenueShowMap":false,"_VenueShowMapLink":false,"footnotes":""},"categories":[4],"tags":[],"class_list":["post-2756","page","type-page","status-publish","hentry","category-forschung"],"_links":{"self":[{"href":"https:\/\/www.hsu-hh.de\/nng\/wp-json\/wp\/v2\/pages\/2756","targetHints":{"allow":["GET"]}}],"collection":[{"href":"https:\/\/www.hsu-hh.de\/nng\/wp-json\/wp\/v2\/pages"}],"about":[{"href":"https:\/\/www.hsu-hh.de\/nng\/wp-json\/wp\/v2\/types\/page"}],"author":[{"embeddable":true,"href":"https:\/\/www.hsu-hh.de\/nng\/wp-json\/wp\/v2\/users\/147"}],"replies":[{"embeddable":true,"href":"https:\/\/www.hsu-hh.de\/nng\/wp-json\/wp\/v2\/comments?post=2756"}],"version-history":[{"count":3,"href":"https:\/\/www.hsu-hh.de\/nng\/wp-json\/wp\/v2\/pages\/2756\/revisions"}],"predecessor-version":[{"id":2760,"href":"https:\/\/www.hsu-hh.de\/nng\/wp-json\/wp\/v2\/pages\/2756\/revisions\/2760"}],"up":[{"embeddable":true,"href":"https:\/\/www.hsu-hh.de\/nng\/wp-json\/wp\/v2\/pages\/618"}],"wp:attachment":[{"href":"https:\/\/www.hsu-hh.de\/nng\/wp-json\/wp\/v2\/media?parent=2756"}],"wp:term":[{"taxonomy":"category","embeddable":true,"href":"https:\/\/www.hsu-hh.de\/nng\/wp-json\/wp\/v2\/categories?post=2756"},{"taxonomy":"post_tag","embeddable":true,"href":"https:\/\/www.hsu-hh.de\/nng\/wp-json\/wp\/v2\/tags?post=2756"}],"curies":[{"name":"wp","href":"https:\/\/api.w.org\/{rel}","templated":true}]}}