{"id":274,"date":"2017-11-09T11:09:12","date_gmt":"2017-11-09T10:09:12","guid":{"rendered":"https:\/\/www.hsu-hh.de\/hiswes\/?page_id=274"},"modified":"2017-11-09T14:33:13","modified_gmt":"2017-11-09T13:33:13","slug":"jonas-publikationen","status":"publish","type":"page","link":"https:\/\/www.hsu-hh.de\/nng\/jonas-publikationen","title":{"rendered":"Publikationen"},"content":{"rendered":"<div>\n<h2>A. Monographien und Qualifikationsschriften<\/h2>\n<p>A 1. Britain, Germany and Northern Europe in the First World War: Comparative Studies on Neutrality and Hegemony. [in Vorbereitung]<\/p>\n<p>A 2. Gro\u00dfe Politik, kleine Staaten: Studien zu den internationalen Beziehungen im Zeitalter der Weltkriege. [kumulative Habilitationsschrift, Hamburg: Helmut-Schmidt-Universit\u00e4t, 2016]<\/p>\n<p>A 3. Kolmannen valtakunnan l\u00e4hettil\u00e4s. Wipert von Bl\u00fccher ja Suomi, Helsinki: Gummerus, 2010. [finnische \u00dcbersetzung von A 3]<\/p>\n<p>A 4. NS-Diplomatie und B\u00fcndnispolitik 1935-1944. Wipert von Bl\u00fccher, das Dritte Reich und Finnland, Paderborn: Sch\u00f6ningh, 2011. [auch Dissertationsschrift, Helsinki: Universit\u00e4t Helsinki, 2009]<\/p>\n<\/div>\n<h2>B. Sammelb\u00e4nde (als Herausgeber)<\/h2>\n<p>B 1. Wann ist Krieg gerechtfertigt? Das Problem des \u201abellum iustum\u2019 in historischer und systematischer Perspektive, Paderborn: Sch\u00f6ningh, voraussichtlich 2017. [in Vorbereitung, mit Bernd Wegner]<\/p>\n<p>B 2. Stabilit\u00e4t durch Gleichgewicht? Balance of Power im internationalen System der Neuzeit, Paderborn: Sch\u00f6ningh, 2015. [mit Ulrich Lappenk\u00fcper und Bernd Wegner]<\/p>\n<p>B 3. Dynamiken der Gewalt. Krieg im Spannungsfeld von Politik, Ideologie und Gesellschaft, Paderborn: Sch\u00f6ningh, 2015. [mit Ulrich Lappenk\u00fcper und Oliver von Wrochem]<\/p>\n<h2>C. Zeitschriftenaufs\u00e4tze, Beitr\u00e4ge in Sammelb\u00e4nden und Lexika<\/h2>\n<p>C 1. Hammarskj\u00f6ld at The Hague: Scandinavia and the Peace Conferences of 1899 and 1907. [in Vorbereitung]<\/p>\n<p>C 2. Three Kings Posturing? Royal diplomacy and Scandinavian neutrality in the First World War. [in Vorbereitung]<\/p>\n<p>C 3. Romanian Neutrality in Context: A comparative approach to the politics of neutrality in the First World War, in: Romania between Allies and Enemies: 100 Years after the Entry into the War, hg. von Claudiu-Lucian Topor et. al., Ia\u0219i: Editura Universit\u0103\u021bii \u201eAlexandru Ioan Cuza\u201d din Ia\u0219i, voraussichtlich 2016. [bei den Herausgebern]<\/p>\n<p>C 4. Arguing \u00c5land: The \u00c5land Question in Great Power Politics and International Law, c. 1917-1921. [in der Begutachtung]<\/p>\n<p>C 5. Neutral Allies, Immoral Pariahs? Scandinavian Neutrality, International Law, and the Great Power Politics in the First World War, in: Small Nations and Colonial Peripheries at War, hg. von Gear\u00f3id Barry, Enrico Dal Lago und R\u00f3is\u00edn Healy, Leiden: Brill, 2016, 92-106. [als Nachdruck in: Shaping Neutrality throughout the First World War, hg. Von Jos\u00e9-Leonardo Ruiz S\u00e1nchez, Immaculada Cordero Olivero und Carolina Garc\u00eda Sanz, Sevilla: Seville University Press, 2015, 437-450.]<\/p>\n<p>C 6. Das Ausw\u00e4rtige Amt und die deutsche Nordeuropapolitik im Zweiten Weltkrieg, in: Das Ausw\u00e4rtige Amt in der NS-Diktatur, hg. von Johannes H\u00fcrter und Michael Mayer, M\u00fcnchen: Oldenbourg, 2014 (= Schriftenreihe der Vierteljahrshefte f\u00fcr Zeitgeschichte, 109), 131-150.<\/p>\n<p>C 7. Region und globaler Krieg. \u00dcberlegungen zum norddeutschen Raum im Ersten Weltkrieg, in: Ostfriesland im Ersten Weltkrieg, hg. von Michael Hermann und Paul Wessels, Aurich: Ostfriesische Landschaft, 2014, 15-30.<\/p>\n<p>C 8. Activism, Diplomacy and Swedish-German Relations during the First World War, New Global Studies 8 (2014), 31-48.<\/p>\n<p>C 9. \u201eWir standen mit der Zukunft im Bunde.\u201c Rudolf Nadolny, das Ausw\u00e4rtige Amt und die deutsche Persienpolitik im Ersten Weltkrieg, in: Erster Weltkrieg und Dschihad: Die Deutschen und die Revolutionierung des Orients, hg. von Wilfried Loth und Marc Hanisch, M\u00fcnchen: Oldenbourg, 2014, 61-90. [mit Jan Zinke]<\/p>\n<p>C 10. Der Memoirenschreiber von Garmisch-Partenkirchen: Wipert von Bl\u00fccher und die deutsch-finnischen Beziehungen in der Erinnerungspolitik der fr\u00fchen Bundesrepublik Deutschland, in: Finnland im Blick. Historische und zeitgeschichtliche Studien (Festschrift f\u00fcr D\u00f6rte Putensen), hg. von Manfred Menger und Burkhart E. Poser, Berlin: Saxa, 2014, 247- 273.<\/p>\n<p>C 11. Introduction: Deuxi\u00e8me partie: Politique \u00e9trang\u00e8re, in: Le Troisi\u00e8me Reich dans l\u2019historiographie allemande. Lieux de pouvoir \u2013 Rivalit\u00e9s de pouvoirs, hg. von Jean Paul Cahn, Stefan Martens und Bernd Wegner, Lille: Presses Universitaires du Septentrion, 2013 (= histoire et civilisations), 101-113.<\/p>\n<p>C 12. \u00dcberwintern in der \u201eAuffangstellung\u201c? Wipert von Bl\u00fccher und der konservative Widerstand gegen den Nationalsozialismus, in: Widerstand und Ausw\u00e4rtiges Amt: Diplomaten gegen Hitler, hg. von Jan Erik Schulte und Michael Wala, Berlin: Siedler, 2013, 117-134.<\/p>\n<p>C 13. The Politics of an Alliance: Finland in Nazi Foreign Policy and War Strategy, in: Finland in World War II: History, Memory, Interpretations, hg. von Tiina Kinnunen und Ville Kivim\u00e4ki, Leiden: Brill, 2012 (= History of Warfare, 69), 93-138.<\/p>\n<p>C 14. \u201cCan one go along with this?\u201d German Diplomats and the Changes of 1918\/19 and1933\/34, Journal of Contemporary History 47 (2012), 240-269.<\/p>\n<p>C 15. Wipert von Bl\u00fccher und Finnland. Alternativpolitik und Diplomatie im \u201eDritten Reich\u201d, in: Solidarit\u00e4t und Zusammenarbeit: Ansichten zu Schnittpunkten der finnischen und deutschen Geschichte vom 17. bis zum 20. Jahrhundert, hg. von Hannes Saarinen und Erkki Ter\u00e4v\u00e4inen, Helsinki: Helsingin yliopiston Historian laitos, 2012 (= Helsingin yliopiston Historian laitoksen julkaisuja, 27), 189-205.<\/p>\n<p>C 16. Zwischen Trauma und Identit\u00e4tsressource. Der Hitler-Stalin-Pakt und seine Folgen in der finnischen Erinnerungskultur, in: Der Hitler-Stalin-Pakt 1939 in den Erinnerungskulturen der Europ\u00e4er, hg. von Anna Kaminsky, Dietmar M\u00fcller und Stefan Troebst, G\u00f6ttingen: Wallstein, 2011 (= Moderne europ\u00e4ische Geschichte, 1), 339-355.<\/p>\n<p>C 17. Alternativpolitik und Diplomatie. Das Ausw\u00e4rtige Amt und Nordeuropa im Zweiten Weltkrieg, Historische Zeitschrift 293 (2011), 667-707.<\/p>\n<p>C 18. Wipert von Bl\u00fccher, in: Biografiskt Lexikon f\u00f6r Finland (BLF), vol. 4: Republiken M-\u00d6, hg. von Henrik Knif, Helsingfors\/Stockholm, Svenska Litteraturs\u00e4llskapet i Finland\/Atlantis, 2011, 133-135.<\/p>\n<p>C 19. \u201cAccomplice of Soviet Russia, Wholesale Band of Robbers\u201d: The Winter War in the Politics and Diplomacy of the Third Reich, in: Ajankohta. Poliittisen historian vuosikirja 2010, hg. von Louis Clerc und Tiina Lintunen, Helsinki: Helsingin yliopiston yhteiskuntahistorian laitos, 2010, 39-73.<\/p>\n<p>C 20. Britische Biographik, in: Biographie und Biographik. Ein interdisziplin\u00e4res Handbuch, hg. von Christian Klein, Stuttgart\/Weimar: Verlag J.B. Metzler, 2009, 289-297.<\/p>\n<p>C 21. Skandinavische Biographik, in: Biographie und Biographik. Ein interdisziplin\u00e4res Handbuch, hg. von Christian Klein, Stuttgart\/Weimar: Verlag J.B. Metzler, 2009, 307-312.<\/p>\n<p>C 22. Wipert von Bl\u00fccher and Finland, 1935-1944: German Foreign Policy between Traditionalism and National Socialist New Order, in: Finland&amp;Danmark. Krig og besaettelse 1939-45, hg. von Claus B. Christensen und Anette Waring, Roskilde: Roskilde Universitetsforlag, 2007, 97-120.<\/p>\n<p>C 23. Wie man einen Au\u00dfenminister st\u00fcrzt. Wipert von Bl\u00fccher, das Ausw\u00e4rtige Amt und die Regierung Cajander\/Holsti, in: Kahden kulttuurin v\u00e4litt\u00e4j\u00e4. Hannes Saarisen juhlakirja, hg. von Aleksanteri Suvioja und Erkki Ter\u00e4v\u00e4inen, Helsinki: Helsingin yliopisto Historian laitos, 2006 (= Helsingin yliopiston Historian laitoksen julkaisuja, 20), 257-276.<\/p>\n<p>C 24. \u201eDie deutsche Judenpolitik entfremdet uns innerlich dem finnischen Volk.\u201c Wipert von Bl\u00fccher, die NS-Judenpolitik und Finnland im Zweiten Weltkrieg, Nordeuropaforum: Zeitschrift f\u00fcr Politik, Wirtschaft und Kultur 2 (2004), 3-26.<\/p>\n<p>C 25. Wipert von Bl\u00fccher och den tyska Finlandspolitiken under vinterkriget, Historisk Tidskrift f\u00f6r Finland 86 (2002), 62-91.<\/p>\n<h2>D. Rezensionen, Konferenzberichte, Blogs und popul\u00e4re Ver\u00f6ffentlichungen (Auswahl)<\/h2>\n<p>NordicHistoryBlog (Mitautor, seit 2013): <a href=\"http:\/\/nordichistoryblog.hypotheses.org\/\" rel='nofollow'>http:\/\/nordichistoryblog.hypotheses.org\/ <\/a><\/p>\n<p>German History<\/p>\n<p>Historisk Tidskrift f\u00f6r Finland<\/p>\n<p>sehepunkte: Rezensionsjournal f\u00fcr die Geschichtswissenschaften<\/p>\n<p>geschichte.transnational<\/p>\n<p>H-Soz-u-Kult<\/p>\n<p>Id\u00e4ntutkimus: Finnish Review of Eastern European Studies<\/p>\n<p>Finnland-Magazin<\/p>\n<p>Damals: Geschichtsmagazin<\/p>\n<p>Ennen&amp;Nyt: Historian tietosanomat<\/p>\n<p>Nordeuropaforum: Zeitschrift f\u00fcr Politik, Wirtschaft und Kultur<\/p>\n<p>European Journal of Scandinavian Studies (EJSS)<\/p>\n","protected":false},"excerpt":{"rendered":"<p>A. Monographien und Qualifikationsschriften A 1. Britain, Germany and Northern Europe in the First World War: Comparative Studies on Neutrality and Hegemony. [in Vorbereitung] A 2. Gro\u00dfe Politik, kleine Staaten: [&hellip;]<\/p>\n","protected":false},"author":147,"featured_media":0,"parent":0,"menu_order":0,"comment_status":"closed","ping_status":"closed","template":"","meta":{"_EventAllDay":false,"_EventTimezone":"","_EventStartDate":"","_EventEndDate":"","_EventStartDateUTC":"","_EventEndDateUTC":"","_EventShowMap":false,"_EventShowMapLink":false,"_EventURL":"","_EventCost":"","_EventCostDescription":"","_EventCurrencySymbol":"","_EventCurrencyCode":"","_EventCurrencyPosition":"","_EventDateTimeSeparator":"","_EventTimeRangeSeparator":"","_EventOrganizerID":[],"_EventVenueID":[],"_OrganizerEmail":"","_OrganizerPhone":"","_OrganizerWebsite":"","_VenueAddress":"","_VenueCity":"","_VenueCountry":"","_VenueProvince":"","_VenueState":"","_VenueZip":"","_VenuePhone":"","_VenueURL":"","_VenueStateProvince":"","_VenueLat":"","_VenueLng":"","_VenueShowMap":false,"_VenueShowMapLink":false,"footnotes":""},"categories":[46],"tags":[72,48],"class_list":["post-274","page","type-page","status-publish","hentry","category-publikationen","tag-michael-jonas","tag-publikationen"],"_links":{"self":[{"href":"https:\/\/www.hsu-hh.de\/nng\/wp-json\/wp\/v2\/pages\/274","targetHints":{"allow":["GET"]}}],"collection":[{"href":"https:\/\/www.hsu-hh.de\/nng\/wp-json\/wp\/v2\/pages"}],"about":[{"href":"https:\/\/www.hsu-hh.de\/nng\/wp-json\/wp\/v2\/types\/page"}],"author":[{"embeddable":true,"href":"https:\/\/www.hsu-hh.de\/nng\/wp-json\/wp\/v2\/users\/147"}],"replies":[{"embeddable":true,"href":"https:\/\/www.hsu-hh.de\/nng\/wp-json\/wp\/v2\/comments?post=274"}],"version-history":[{"count":3,"href":"https:\/\/www.hsu-hh.de\/nng\/wp-json\/wp\/v2\/pages\/274\/revisions"}],"predecessor-version":[{"id":730,"href":"https:\/\/www.hsu-hh.de\/nng\/wp-json\/wp\/v2\/pages\/274\/revisions\/730"}],"wp:attachment":[{"href":"https:\/\/www.hsu-hh.de\/nng\/wp-json\/wp\/v2\/media?parent=274"}],"wp:term":[{"taxonomy":"category","embeddable":true,"href":"https:\/\/www.hsu-hh.de\/nng\/wp-json\/wp\/v2\/categories?post=274"},{"taxonomy":"post_tag","embeddable":true,"href":"https:\/\/www.hsu-hh.de\/nng\/wp-json\/wp\/v2\/tags?post=274"}],"curies":[{"name":"wp","href":"https:\/\/api.w.org\/{rel}","templated":true}]}}