{"id":259,"date":"2017-11-09T11:01:17","date_gmt":"2017-11-09T10:01:17","guid":{"rendered":"https:\/\/www.hsu-hh.de\/hiswes\/?page_id=259"},"modified":"2026-02-25T08:44:54","modified_gmt":"2026-02-25T07:44:54","slug":"jonas","status":"publish","type":"page","link":"https:\/\/www.hsu-hh.de\/nng\/team\/jonas","title":{"rendered":"Prof. Dr. Michael Jonas"},"content":{"rendered":"<div>\n<div>\n<div class=\"clearfix\">\u00a0<\/div>\n<div class=\"ansprechparter-container\">\n<div class=\"row ansprechpartner-item ansprechparter-header\">\n<div class=\"col-md-4 col-lg-3 col-xs-4 ansprechpartner-item floatright img-circle center-block\" style=\"margin-bottom: 30px\">\n<div class=\"img-responsive-wrapper\"><img loading=\"lazy\" decoding=\"async\" class=\"img-circle img-responsive center-block alignleft wp-image-210 size-thumbnail\" src=\"https:\/\/www.hsu-hh.de\/hiswes\/wp-content\/uploads\/sites\/713\/2017\/07\/jonas-gross_Al-e1510221480390-150x150.jpg\" alt=\"PD Dr. Michael Jonas\" width=\"150\" height=\"150\" srcset=\"https:\/\/www.hsu-hh.de\/nng\/wp-content\/uploads\/sites\/713\/2017\/07\/jonas-gross_Al-e1510221480390-150x150.jpg 150w, https:\/\/www.hsu-hh.de\/nng\/wp-content\/uploads\/sites\/713\/2017\/07\/jonas-gross_Al-e1510221480390-100x100.jpg 100w\" sizes=\"auto, (max-width: 150px) 100vw, 150px\" \/><\/div>\n<\/div>\n<div class=\"col-md-12 col-lg-3 col-xs-12 ansprechpartner-item kontakt floatright\" style=\"margin-bottom: 30px\">\n<div class=\"row\">\n<div class=\"col-xs-12 col-sm-6 col-lg-12\">\n<div class=\"row\">\n<div class=\"col-xs-12 col-lg-4 row-text bold\">Raum:<\/div>\n<div class=\"col-xs-12 col-lg-8 row-text\">124<\/div>\n<\/div>\n<\/div>\n<div class=\"col-xs-12 col-sm-6 col-lg-12\">\n<div class=\"row\">\n<div class=\"col-xs-12 col-lg-4 row-text bold\">Telefon:<\/div>\n<div class=\"col-xs-12 col-lg-8 row-text\">+49 (0)40-6541-2359<\/div>\n<\/div>\n<\/div>\n<div class=\"col-xs-12 col-sm-6 col-lg-12\">\n<div class=\"row\">\n<div class=\"col-xs-12 col-lg-4 row-text bold\">Fax:<\/div>\n<div class=\"col-xs-12 col-lg-8 row-text\">+49 (0)40-6541-2546<\/div>\n<\/div>\n<\/div>\n<div class=\"col-xs-12 col-sm-6 col-lg-12\">\n<div class=\"row\">\n<div class=\"col-xs-12 col-md-12 row-text bold\">E-Mail:<\/div>\n<div class=\"col-xs-12 col-md-12 row-text\"><a href=\"mailto:mjonas@hsu-hh.de\" target=\"_blank\" rel=\"noopener noreferrer\">mjonas@hsu-hh.de<\/a><\/div>\n<\/div>\n<\/div>\n<\/div>\n<\/div>\n<div class=\"col-md-6 col-lg-3 col-xs-12 ansprechpartner-item anschrift floatright\">\n<div class=\"row-headline\">Besucheranschrift<\/div>\n<div class=\"row-text\">Helmut-Schmidt-Universit\u00e4t<\/div>\n<div class=\"row-text\">Geb\u00e4ude H5<\/div>\n<div class=\"row-text\">Holstenhofweg 85<br \/>22043 Hamburg<\/div>\n<div><strong><br \/>Sprechstunde<\/strong>:<br \/>Nach Vereinbarung <a href=\"mailto:mjonas@hsu-hh.de\" target=\"_blank\" rel=\"noopener noreferrer\">mjonas@hsu-hh.de<\/a><\/div>\n<\/div>\n<div class=\"col-md-6 col-lg-3 col-xs-12 ansprechpartner-item anschrift floatright\">\n<div class=\"row-headline\">Postanschrift<\/div>\n<div class=\"row-text\">Helmut-Schmidt-Universit\u00e4t<\/div>\n<div class=\"row-text\">Fakult\u00e4t f\u00fcr Geistes- und Sozialwissenschaften<\/div>\n<div class=\"row-text\">Professur f\u00fcr Neuere und Neueste Geschichte<\/div>\n<div class=\"row-text\">Postfach 70 08 22<\/div>\n<div class=\"row-text\">22008 Hamburg<\/div>\n<\/div>\n<\/div>\n<\/div>\n<div class=\"clearfix\">\u00a0<\/div>\n<p>\u00a0<\/p>\n<h3>Curriculum Vitae<\/h3>\n<ul>\n<li>seit 09\/2018<br \/>Wissenschaftlicher Mitarbeiter (entfristet)<br \/>German Institute for Defence and Strategic Studies, Helmut\u2010Schmidt\u2010Universit\u00e4t<\/li>\n<li>01\/2017-08\/2018<br \/>Professurvertreter<br \/>Professur f\u00fcr Neuere und Neueste Geschichte, Helmut\u2010Schmidt\u2010Universit\u00e4t<\/li>\n<li>05\/2016<br \/>Habilitation an der Fakult\u00e4t f\u00fcr Geistes- und Sozialwissenschaften der Helmut-Schmidt-Universit\u00e4t (Venia f\u00fcr Neuere und Neueste Geschichte)<\/li>\n<li>03\/2016<br \/>Ernennung zum \u201aDocent\u2018 (Finn. Dosentti, Venia f\u00fcr Europ\u00e4ische Geschichte), Universit\u00e4t Helsinki<\/li>\n<li>09\/2009-12\/2016<br \/>Wissenschaftlicher Mitarbeiter<br \/>Professur f\u00fcr Neuere und Neueste Geschichte, Helmut\u2010Schmidt\u2010Universit\u00e4t<\/li>\n<li>2010 (Michaelmas)<br \/>Visiting Research Fellow, Oxford Programme on the Changing Character of War, Faculty of History, University of Oxford<\/li>\n<li>01\/2009<br \/>Promotion am Historischen Institut der Universit\u00e4t Helsinki<\/li>\n<li>01\/2006-06\/2006<br \/>Elternzeit<\/li>\n<li>03\/2003-08\/2009<br \/>Wissenschaftlicher Mitarbeiter\/Doktorand<br \/>Historisches Institut, Universit\u00e4t Helsinki<\/li>\n<li>08\/2001-08\/2002<br \/>Elternzeit, zugleich Gastforscher an der Facult\u00e9 des sciences historiques, Universit\u00e9 Marc Bloch, Stra\u00dfburg<\/li>\n<li>09\/1997-03\/2002<br \/>Studium der Geschichte, Nordic Studies und Schwedisch, Universit\u00e4t Helsinki<\/li>\n<li>10\/1995-08\/1997<br \/>Studium der Alten, Mittelalterlichen sowie der Neueren und Neuesten Geschichte und der Skandinavistik\/Nordistik, Humboldt\u2010Universit\u00e4t zu Berlin<\/li>\n<\/ul>\n<p>\u00a0<\/p>\n<h3>Forschungsinteressen<\/h3>\n<ul>\n<li>Geschichte der internationalen Beziehungen und des internationalen Systems<\/li>\n<li>Au\u00dfen\u2010 und Sicherheitspolitikforschung, Milit\u00e4rgeschichte<\/li>\n<li>Deutsche, britische und nordeurop\u00e4ische Geschichte des 19. und 20. Jahrhunderts<\/li>\n<li>Neue Politik\u2010 und Diplomatiegeschichte<\/li>\n<li>V\u00f6lkerrechtsgeschichte<\/li>\n<li>Wissenschafts\u2010 und Historiographiegeschichte<\/li>\n<li>Eliten\u2010 und Biographieforschung<\/li>\n<\/ul>\n<p>\u00a0<\/p>\n<h3>Forschungsprojekte und Kooperationen<\/h3>\n<ul>\n<li><a href=\"https:\/\/www.hsu-hh.de\/nng\/forschung\/northern-europe-and-the-great-powers-in-the-first-world-war\" target=\"_blank\" rel=\"noopener noreferrer\">Northern Europe and the Great Powers in the First World War<\/a><\/li>\n<li>Small States and the Evolution of Modern International Law: Scandinavia and the Hague Peace Conferences of 1899 and 1907<\/li>\n<li>German Diplomats, Bureaucrats, and Experts in the League of Nations (als Teil des internationalen Forschungsprojekts \u201eThe Invention of International Bureaucracy: The League of Nations and the Creation of International Public Administration, c. 1920-1960\u201c, Universit\u00e4t Aarhus)<\/li>\n<li>Helmut Schmidt und die internationale Politik (Herausgabe Sammelband, mit Michael Staack und Bernd Wegner)<\/li>\n<\/ul>\n<p>\u00a0<\/p>\n<h3>Publikationen<\/h3>\n<p><strong>1. Monographien<\/strong><\/p>\n<ul>\n<li>Scandinavia and the Great Powers in the First World War, Bloomsbury: London\/New York, 2019. (Erweiterte Habilitationsschrift, Hamburg 2016)<\/li>\n<li>Kolmannen valtakunnan l\u00e4hettil\u00e4s. Wipert von Bl\u00fccher ja Suomi, Helsinki: Gummerus, 2010. (Finnische \u00dcbersetzung von A 3)<\/li>\n<li>NS\u2010Diplomatie und B\u00fcndnispolitik 1935\u20101944. Wipert von Bl\u00fccher, das Dritte Reich und Finnland, Paderborn: Sch\u00f6ningh, 2011. (Dissertationsschrift, Helsinki 2009)<\/li>\n<\/ul>\n<p><strong>2. Sammelb\u00e4nde (als Herausgeber)<\/strong><\/p>\n<ul>\n<li>Helmut Schmidt und die internationale Politik, Paderborn: Sch\u00f6ningh, 2021. (In Vorbereitung, mit Michael Staack und Bernd Wegner)<\/li>\n<li>Stabilit\u00e4t durch Gleichgewicht? Balance of Power im internationalen System der Neuzeit, Paderborn: Sch\u00f6ningh, 2015. (Mit Ulrich Lappenk\u00fcper und Bernd Wegner)<\/li>\n<li>Dynamiken der Gewalt. Krieg im Spannungsfeld von Politik, Ideologie und Gesellschaft, Paderborn: Sch\u00f6ningh, 2015. (Mit Ulrich Lappenk\u00fcper und Oliver von Wrochem)<\/li>\n<\/ul>\n<p><strong>3. Aufs\u00e4tze<\/strong><\/p>\n<ul>\n<li>Germans and the League, Germans in the League: Reflections on an Impossible Relationship, in: The Invention of International Bureaucracy \u2013 The League of Nations and the Creation of International Public Administration, c. 1920\u20101960, hg. von Karen Gram\u2010Skjoldager, Haakon A. Ikonomou und Torsten Kahlert. (Bei den Herausgebern)<\/li>\n<li>Hammarskj\u00f6ld at The Hague: Sweden and the Peace Conference of 1907, in: Crafting the International Order. Practitioners and Practices of International Law since c. 1800, hg. von Marcus Payk und Kim Priemel. (Bei den Herausgebern)<\/li>\n<li>Mannerheim and Germany: Remarks on a Difficult Relationship, in: K\u00f6pa salt i C\u00e1diz och andra ber\u00e4ttelser \/ C\u00e1dizin suolaa ja muita kertomuksia (Festschrift Henrik Meinander), hg. von Henrika Tandefelt, Julia Dahlberg, Aapo Roselius und Oula Silvennoinen, Helsinki: Siltala, 2020, 84-101.<\/li>\n<li>Generalfeldmarschall Paul von Hindenburg, in: Die milit\u00e4rische Elite des Kaiserreichs: 24 Lebensl\u00e4ufe, hg. von Lukas Grawe, Darmstadt: WBG, 2020, 111-126.<\/li>\n<li>Hitler\u2019s Satellites? Finland and Romania in Nazi Foreign Policy and War Strategy, 1940\/1941-1944, in: World War II Re-explored: Some New Millenium Studies in the History of Global Conflict, hg. von Jaros\u0142aw Suchoples, Stephanie James und Barbara T\u00f6rnquist-Plewa, Berlin: Peter Lang, 2019, 483-507.<\/li>\n<li>Das \u201eKriegsarchiv des V\u00f6lkerrechts\u201c. Zu Theodor Niemeyers Denkschrift \u00fcber das Kriegsarchiv des V\u00f6lkerrechts, 1919, in: V\u00f6lkerrecht in Kiel: Forschung, Lehre und Praxis des V\u00f6lkerrechts am Standort Kiel seit 1665, hg. von Andreas von Arnauld, Berlin: Duncker&amp;Humblot, 2017, 353\u2010358.<\/li>\n<li>Romanian Neutrality in Context: A comparative approach to the politics of neutrality in the First World War, in: Romania between Allies and Enemies: 100 Years after the Entry into the War, hg. von Claudiu\u2010Lucian Topor und Alexander Rubel, Ia\u0219i: Editura Universit\u0103\u021bii \u2018Alexandru Ioan Cuza\u2019 din Ia\u0219i, 2016, 17\u201050.<\/li>\n<li>Neutral Allies, Immoral Pariahs? Scandinavian Neutrality, International Law, and the Great Power Politics in the First World War, in: Small Nations and Colonial Peripheries at War, hg. von Gear\u00f3id Barry, Enrico Dal Lago und R\u00f3is\u00edn Healy, Leiden: Brill, 2016, 92\u2010106. (Als Nachdruck in: Shaping Neutrality throughout the First World War, hg. Von Jos\u00e9\u2010 Leonardo Ruiz S\u00e1nchez, Immaculada Cordero Olivero und Carolina Garc\u00eda Sanz, Sevilla: Seville University Press, 2015, 437\u2010450.)<\/li>\n<li>Das Ausw\u00e4rtige Amt und die deutsche Nordeuropapolitik im Zweiten Weltkrieg, in: Das Ausw\u00e4rtige Amt in der NS\u2010Diktatur, von Johannes H\u00fcrter und Michael Mayer, M\u00fcnchen: Oldenbourg, 2014 (= Schriftenreihe der Vierteljahrshefte f\u00fcr Zeitgeschichte, 109), 131\u2010150.<\/li>\n<li>Region und globaler Krieg. \u00dcberlegungen zum norddeutschen Raum im Ersten Weltkrieg, in: Ostfriesland im Ersten Weltkrieg, von Michael Hermann und Paul Wessels, Aurich: Ostfriesische Landschaft, 2014, 15\u201030.<\/li>\n<li>Activism, Diplomacy and Swedish\u2010German Relations during the First World War, New Global Studies 8 (2014), 31\u201048.<\/li>\n<li>\u201eWir standen mit der Zukunft im \u201c Rudolf Nadolny, das Ausw\u00e4rtige Amt und die deutsche Persienpolitik im Ersten Weltkrieg, in: Erster Weltkrieg und Dschihad: Die Deutschen und die Revolutionierung des Orients, hg. von Wilfried Loth und Marc Hanisch, M\u00fcnchen: Oldenbourg, 2014, 61\u201090. (Mit Jan Zinke)<\/li>\n<li>Der Memoirenschreiber von Garmisch\u2010Partenkirchen: Wipert von Bl\u00fccher und die deutsch\u2010finnischen Beziehungen in der Erinnerungspolitik der fr\u00fchen Bundesrepublik Deutschland, in: Finnland im Historische und zeitgeschichtliche Studien (Festschrift f\u00fcr D\u00f6rte Putensen), hg. von Manfred Menger und Burkhart E. Poser, Berlin: Saxa, 2014, 247\u2010 273.<\/li>\n<li>Introduction: Deuxi\u00e8me partie: Politique \u00e9trang\u00e8re, in: Le Troisi\u00e8me Reich dans l\u2019historiographie Lieux de pouvoir \u2013 Rivalit\u00e9s de pouvoirs, hg. von Jean Paul Cahn, Stefan Martens und Bernd Wegner, Lille: Presses Universitaires du Septentrion, 2013 (= histoire et civilisations), 101\u2010113.<\/li>\n<li>\u00dcberwintern in der \u201eAuffangstellung\u201c? Wipert von Bl\u00fccher und der konservative Widerstand gegen den Nationalsozialismus, in: Widerstand und Ausw\u00e4rtiges Amt: Diplomaten gegen Hitler, von Jan Erik Schulte und Michael Wala, Berlin: Siedler, 2013, 117\u2010134.<\/li>\n<li>The Politics of an Alliance: Finland in Nazi Foreign Policy and War Strategy, in: Finland in World War II: History, Memory, Interpretations, von Tiina Kinnunen und Ville Kivim\u00e4ki, Leiden: Brill, 2012 (= History of Warfare, 69), 93\u2010138.<\/li>\n<li>\u201cCan one go along with this?\u201d German Diplomats and the Changes of 1918\/19 and1933\/34, Journal of Contemporary History 47 (2012), 240\u2010269.<\/li>\n<li>Wipert von Bl\u00fccher und Alternativpolitik und Diplomatie im \u201eDritten Reich\u201d, in: Solidarit\u00e4t und Zusammenarbeit: Ansichten zu Schnittpunkten der finnischen und deutschen Geschichte vom 17. bis zum 20. Jahrhundert, hg. von Hannes Saarinen und Erkki Ter\u00e4v\u00e4inen, Helsinki: Helsingin yliopiston Historian laitos, 2012 (= Helsingin yliopiston Historian laitoksen julkaisuja, 27), 189\u2010205.<\/li>\n<li>Zwischen Trauma und Identit\u00e4tsressource. Der Hitler\u2010Stalin\u2010Pakt und seine Folgen in der finnischen Erinnerungskultur, in: Der Hitler\u2010Stalin\u2010Pakt 1939 in den Erinnerungskulturen der Europ\u00e4er, hg. von Anna Kaminsky, Dietmar M\u00fcller und Stefan Troebst, G\u00f6ttingen: Wallstein, 2011 (= Moderne europ\u00e4ische Geschichte, 1), 339\u2010355.<\/li>\n<li>Alternativpolitik und Das Ausw\u00e4rtige Amt und Nordeuropa im Zweiten Weltkrieg, Historische Zeitschrift 293 (2011), 667\u2010707.<\/li>\n<li>Wipert von Bl\u00fccher, in: Biografiskt Lexikon f\u00f6r Finland (BLF), vol. 4: Republiken M\u2010\u00d6, hg. von Henrik Knif, Helsingfors\/Stockholm: Svenska Litteraturs\u00e4llskapet i Finland\/Atlantis, 2011, 133\u2010135.<\/li>\n<li>\u201cAccomplice of Soviet Russia, Wholesale Band of Robbers\u201d: The Winter War in the Politics and Diplomacy of the Third Reich, in: Poliittisen historian vuosikirja 2010, hg. von Louis Clerc und Tiina Lintunen, Helsinki: Helsingin yliopiston yhteiskuntahistorian laitos, 2010, 39\u201073.<\/li>\n<li>Britische Biographik, in: Biographie und Ein interdisziplin\u00e4res Handbuch, hg. von Christian Klein, Stuttgart\/Weimar: Verlag J.B. Metzler, 2009, 289\u2010297.<\/li>\n<li>Skandinavische Biographik, in: Biographie und Biographik. Ein interdisziplin\u00e4res Handbuch, hg. von Christian Klein, Stuttgart\/Weimar: Verlag J.B. Metzler, 2009, 307\u2010312.<\/li>\n<li>Wipert von Bl\u00fccher and Finland, 1935\u20101944: German Foreign Policy between Traditionalism and National Socialist New Order, in: Finland &amp; Danmark. Krig og besaettelse 1939\u201045, hg. von Claus B. Christensen und Anette Waring, Roskilde: Roskilde Universitetsforlag, 2007, 97\u2010120.<\/li>\n<li>Wie man einen Au\u00dfenminister st\u00fcrzt. Wipert von Bl\u00fccher, das Ausw\u00e4rtige Amt und die Regierung Cajander\/Holsti, in: Kahden kulttuurin v\u00e4litt\u00e4j\u00e4. Hannes Saarisen juhlakirja, hg. von Aleksanteri Suvioja und Erkki Ter\u00e4v\u00e4inen, Helsinki: Helsingin yliopisto Historian laitos, 2006 (= Helsingin yliopiston Historian laitoksen julkaisuja, 20), 257\u2010276.<\/li>\n<li>\u201eDie deutsche Judenpolitik entfremdet uns innerlich dem finnischen \u201c Wipert von Bl\u00fccher, die NS\u2010Judenpolitik und Finnland im Zweiten Weltkrieg, Nordeuropaforum: Zeitschrift f\u00fcr Politik, Wirtschaft und Kultur 2 (2004), 3\u201026.<\/li>\n<li>Wipert von Bl\u00fccher och den tyska Finlandspolitiken under vinterkriget, Historisk Tidskrift f\u00f6r Finland 86 (2002), 62\u201091.<\/li>\n<\/ul>\n<p><strong>4. Rezensionen, Konferenzberichte, Blogs und popul\u00e4re Ver\u00f6ffentlichungen (Auswahl)<\/strong><\/p>\n<ul>\n<li>NordicHistoryBlog (Mitautor)<\/li>\n<li>Historische Zeitschrift<\/li>\n<li>Neue Politische Literatur<\/li>\n<li>German History<\/li>\n<li>Historisk Tidskrift f\u00f6r Finland<\/li>\n<li>Historiallinen Aikakauskirja<\/li>\n<li>sehepunkte: Rezensionsjournal f\u00fcr die Geschichtswissenschaften<\/li>\n<li>transnational<\/li>\n<li>H\u2010Soz\u2010u\u2010Kult<\/li>\n<li>Id\u00e4ntutkimus: Finnish Review of Eastern European Studies<\/li>\n<li>Finnland\u2010Magazin<\/li>\n<li>Damals: Geschichtsmagazin<\/li>\n<li>Ennen&amp;Nyt: Historian tietosanomat<\/li>\n<li>Nordeuropaforum: Zeitschrift f\u00fcr Politik, Wirtschaft und Kultur European<\/li>\n<li>Journal of Scandinavian Studies (EJSS)<\/li>\n<\/ul>\n<\/div>\n<p>\u00a0<\/p>\n<\/div>\n\n\n<p><\/p>\n","protected":false},"excerpt":{"rendered":"<p>\u00a0 Raum: 124 Telefon: +49 (0)40-6541-2359 Fax: +49 (0)40-6541-2546 E-Mail: mjonas@hsu-hh.de Besucheranschrift Helmut-Schmidt-Universit\u00e4t Geb\u00e4ude H5 Holstenhofweg 8522043 Hamburg Sprechstunde:Nach Vereinbarung mjonas@hsu-hh.de Postanschrift Helmut-Schmidt-Universit\u00e4t Fakult\u00e4t f\u00fcr Geistes- und Sozialwissenschaften Professur f\u00fcr [&hellip;]<\/p>\n","protected":false},"author":147,"featured_media":0,"parent":1466,"menu_order":0,"comment_status":"closed","ping_status":"closed","template":"","meta":{"_EventAllDay":false,"_EventTimezone":"","_EventStartDate":"","_EventEndDate":"","_EventStartDateUTC":"","_EventEndDateUTC":"","_EventShowMap":false,"_EventShowMapLink":false,"_EventURL":"","_EventCost":"","_EventCostDescription":"","_EventCurrencySymbol":"","_EventCurrencyCode":"","_EventCurrencyPosition":"","_EventDateTimeSeparator":"","_EventTimeRangeSeparator":"","_EventOrganizerID":[],"_EventVenueID":[],"_OrganizerEmail":"","_OrganizerPhone":"","_OrganizerWebsite":"","_VenueAddress":"","_VenueCity":"","_VenueCountry":"","_VenueProvince":"","_VenueState":"","_VenueZip":"","_VenuePhone":"","_VenueURL":"","_VenueStateProvince":"","_VenueLat":"","_VenueLng":"","_VenueShowMap":false,"_VenueShowMapLink":false,"footnotes":""},"categories":[40],"tags":[44,42],"class_list":["post-259","page","type-page","status-publish","hentry","category-mitarbeiter-de","tag-michael-jones","tag-mitarbeiter"],"_links":{"self":[{"href":"https:\/\/www.hsu-hh.de\/nng\/wp-json\/wp\/v2\/pages\/259","targetHints":{"allow":["GET"]}}],"collection":[{"href":"https:\/\/www.hsu-hh.de\/nng\/wp-json\/wp\/v2\/pages"}],"about":[{"href":"https:\/\/www.hsu-hh.de\/nng\/wp-json\/wp\/v2\/types\/page"}],"author":[{"embeddable":true,"href":"https:\/\/www.hsu-hh.de\/nng\/wp-json\/wp\/v2\/users\/147"}],"replies":[{"embeddable":true,"href":"https:\/\/www.hsu-hh.de\/nng\/wp-json\/wp\/v2\/comments?post=259"}],"version-history":[{"count":44,"href":"https:\/\/www.hsu-hh.de\/nng\/wp-json\/wp\/v2\/pages\/259\/revisions"}],"predecessor-version":[{"id":3012,"href":"https:\/\/www.hsu-hh.de\/nng\/wp-json\/wp\/v2\/pages\/259\/revisions\/3012"}],"up":[{"embeddable":true,"href":"https:\/\/www.hsu-hh.de\/nng\/wp-json\/wp\/v2\/pages\/1466"}],"wp:attachment":[{"href":"https:\/\/www.hsu-hh.de\/nng\/wp-json\/wp\/v2\/media?parent=259"}],"wp:term":[{"taxonomy":"category","embeddable":true,"href":"https:\/\/www.hsu-hh.de\/nng\/wp-json\/wp\/v2\/categories?post=259"},{"taxonomy":"post_tag","embeddable":true,"href":"https:\/\/www.hsu-hh.de\/nng\/wp-json\/wp\/v2\/tags?post=259"}],"curies":[{"name":"wp","href":"https:\/\/api.w.org\/{rel}","templated":true}]}}