{"id":2117,"date":"2023-11-17T10:19:14","date_gmt":"2023-11-17T09:19:14","guid":{"rendered":"https:\/\/www.hsu-hh.de\/nng\/?page_id=2117"},"modified":"2025-11-18T13:45:36","modified_gmt":"2025-11-18T12:45:36","slug":"militaerische-gewalt-in-inneren-konfliktsituationen-im-deutschen-reich-1871-1923","status":"publish","type":"page","link":"https:\/\/www.hsu-hh.de\/nng\/forschung\/militaerische-gewalt-in-inneren-konfliktsituationen-im-deutschen-reich-1871-1923","title":{"rendered":"\u201eMilit\u00e4rische Gewalt\u201c in inneren Konfliktsituationen im Deutschen Reich 1871-1923"},"content":{"rendered":"\n<p><em><abbr title=\"Doktor\">Dr.<\/abbr> Pierre K\u00f6ckert <\/em>(<a href=\"mailto:\" target=\"_blank\" rel=\"noreferrer noopener\">PierreKoeckert@bundeswehr.org<\/a>) am <a href=\"https:\/\/zms.bundeswehr.de\/de\/zmsbw-mitarbeiter-koeckert-vita-5408814\" data-type=\"link\" data-id=\"https:\/\/zms.bundeswehr.de\/de\/zmsbw-mitarbeiter-koeckert-vita-5408814\" target=\"_blank\" rel=\"noreferrer noopener\">ZMSBw<\/a><\/p>\n\n\n\n<p>Dissertation abgeschlossen 2025<\/p>\n\n\n\n<p>Denkt man heute an die Anwendung \u201emilit\u00e4rischer Gewalt\u201c in inneren Konflikten des Deutschen Reiches, dann richtet sich der Fokus vornehmlich auf das erste Jahrf\u00fcnft der Weimarer Republik. In neun gr\u00f6\u00dferen Auseinandersetzungen waren rund 13.000 Opfer zu beklagen. Der Einsatz \u201emilit\u00e4rischer Gewalt\u201c im Inneren war jedoch keine einzigartige Erscheinung der Republik. Schon f\u00fcnf Monate nach Gr\u00fcndung des Wilhelminischen Kaiserreiches im Januar 1871 ist ein erster staatlich legitimierter Waffengang gegen die eigene Bev\u00f6lkerung im oberschlesischen K\u00f6nigsh\u00fctte zu verzeichnen. Bisherige Darstellungen r\u00fcckten insbesondere die physische Gewaltsamkeit in den Mittelpunkt der Betrachtung, wodurch der Eindruck einer \u201eSoldateska\u201c entstand, die willk\u00fcrlich mit entfesselter Gewalt die inneren Unruhen blutig niederschlug.<\/p>\n\n\n\n<p>In diesem Spannungsfeld setzt das Forschungsprojekt an und liefert eine quellenbasierte milit\u00e4rhistorische Darstellung zur Anwendung \u201emilit\u00e4rischer Gewalt\u201c im Inneren des Deutschen Reiches, wobei ein Schwerpunkt auf die Weimarer Republik gelegt wird. Die Studie betrachtet Unruhen und deren Bek\u00e4mpfung als Momente \u201emilit\u00e4rischer Gewalt\u201c. Sie geht der Frage nach, in welchen Situationen \u201emilit\u00e4rische Gewalt\u201c in innenpolitischen Konflikten vom Wilhelminischen Kaiserreich bis in die ersten Jahre der Weimarer Republik angewandt wurde und wie Politik, Regierungen und \u00d6ffentlichkeit darauf reagierten. Von besonderem Interesse sind die entstehenden Wechselverh\u00e4ltnisse zwischen einer staatlichen Regulierung, einer Politisierung der Streitkr\u00e4fte und einer Militarisierung gesellschaftlicher Konflikte.<\/p>\n\n\n\n<p>Die Arbeit wird im Feld der Gewaltforschung aus dem Blickwinkel des Milit\u00e4rischen auf nationaler Ebene verortet und gliedert sich dabei der \u201eAgenda 2028\u201c des ZMSBw entsprechend dem Leitthema \u201eMilit\u00e4r und Gewalt\u201c unter und steht in Verbindung mit dem Projekt zur Grundlagenforschung \u00fcber die \u201eGeschichte der Reichswehr\u201c. Als Ergebnis wird ein Beitrag zum Verst\u00e4ndnis \u00fcber das Verh\u00e4ltnis zwischen Milit\u00e4r, Regierung, Politik und Gewalt geliefert sowie Aussagen zur Rolle und zur Anwendung \u201emilit\u00e4rischer Gewalt\u201c im Inland getroffen. Ferner wird \u201emilit\u00e4rische Gewalt\u201c selbst und die an ihr beteiligten Akteure charakterisiert sowie die Begrifflichkeiten Milit\u00e4r, Einsatz, Notstand und B\u00fcrgerkrieg akzentuiert. Dabei gilt es stets, bisherige Mythen und Narrative der Forschung \u2013 wie etwa die \u201everdeckte Milit\u00e4rdiktatur\u201c, das \u201eEbert-Groener-B\u00fcndnis\u201c, die Theorie des \u201eStaat im Staate\u201c, oder die Aussage \u201eTruppe schie\u00dft nicht auf Truppe\u201c \u2013 zu hinterfragen. Letztendlich liefert die Studie einen kritischen \u00dcberblick \u00fcber die Verlaufs- und Erfahrungsgeschichte zur Anwendung \u201emilit\u00e4rischer Gewalt\u201c im Inneren des Reiches bis 1923.<\/p>\n\n\n\n<p>Methodologisch verfolgt die Untersuchung eine Verbindung von deduktiver und induktiver Methode, deren theoretische Grundlage die zeitgen\u00f6ssischen rechtlichen Bestimmungen und kriegswissenschaftlichen \u00dcberlegungen zum Einsatz <abbr title=\"beziehungsweise\">bzw.<\/abbr> zur Anwendung \u201emilit\u00e4rischer Gewalt\u201c im Inneren des Deutschen Reiches bilden. Von dieser theoretischen Basis wird, gem\u00e4\u00df der deduktiven Herangehensweise, auf ein spezifisches Handlungsmuster geschlossen, welches anhand von archivalischen Quellen in mehreren konkreten Fallbeispielen \u00fcberpr\u00fcft wird. Diese werden nach einem einheitlichen Raster untersucht. Durch die konkreten empirischen und situativen Betrachtungen des Ph\u00e4nomens in den Fallstudien l\u00e4sst sich, gem\u00e4\u00df der induktiven Methode, anhand einer Generalisierung auf das Allgemeine schlie\u00dfen und hilft damit, Milit\u00e4r und \u201emilit\u00e4rische Gewalt\u201c nicht analytisch, sondern synthetisch zu fassen, um so grunds\u00e4tzlich zur Akzentuierung der Begrifflichkeit \u201emilit\u00e4rischer Gewalt\u201c beitragen und allgemeine Aussagen zur Rolle und Anwendung \u201emilit\u00e4rischer Gewalt\u201c treffen zu k\u00f6nnen.<\/p>\n\n\n\n<p>Das vornehmliche Erkenntnisinteresse der Arbeit liegt darin, einen milit\u00e4rhistorischen Beitrag zum Verh\u00e4ltnis zwischen Regierung und Milit\u00e4r vor dem Hintergrund der Anwendung \u201emilit\u00e4rischer Gewalt\u201c innerhalb von Konfliktsituationen im Inneren des Deutschen Reiches zu liefern.<\/p>\n","protected":false},"excerpt":{"rendered":"<p>Dr. Pierre K\u00f6ckert (PierreKoeckert@bundeswehr.org) am ZMSBw Dissertation abgeschlossen 2025 Denkt man heute an die Anwendung \u201emilit\u00e4rischer Gewalt\u201c in inneren Konflikten des Deutschen Reiches, dann richtet sich der Fokus vornehmlich auf [&hellip;]<\/p>\n","protected":false},"author":147,"featured_media":0,"parent":618,"menu_order":0,"comment_status":"closed","ping_status":"closed","template":"","meta":{"_EventAllDay":false,"_EventTimezone":"","_EventStartDate":"","_EventEndDate":"","_EventStartDateUTC":"","_EventEndDateUTC":"","_EventShowMap":false,"_EventShowMapLink":false,"_EventURL":"","_EventCost":"","_EventCostDescription":"","_EventCurrencySymbol":"","_EventCurrencyCode":"","_EventCurrencyPosition":"","_EventDateTimeSeparator":"","_EventTimeRangeSeparator":"","_EventOrganizerID":[],"_EventVenueID":[],"_OrganizerEmail":"","_OrganizerPhone":"","_OrganizerWebsite":"","_VenueAddress":"","_VenueCity":"","_VenueCountry":"","_VenueProvince":"","_VenueState":"","_VenueZip":"","_VenuePhone":"","_VenueURL":"","_VenueStateProvince":"","_VenueLat":"","_VenueLng":"","_VenueShowMap":false,"_VenueShowMapLink":false,"footnotes":""},"categories":[4],"tags":[],"class_list":["post-2117","page","type-page","status-publish","hentry","category-forschung"],"_links":{"self":[{"href":"https:\/\/www.hsu-hh.de\/nng\/wp-json\/wp\/v2\/pages\/2117","targetHints":{"allow":["GET"]}}],"collection":[{"href":"https:\/\/www.hsu-hh.de\/nng\/wp-json\/wp\/v2\/pages"}],"about":[{"href":"https:\/\/www.hsu-hh.de\/nng\/wp-json\/wp\/v2\/types\/page"}],"author":[{"embeddable":true,"href":"https:\/\/www.hsu-hh.de\/nng\/wp-json\/wp\/v2\/users\/147"}],"replies":[{"embeddable":true,"href":"https:\/\/www.hsu-hh.de\/nng\/wp-json\/wp\/v2\/comments?post=2117"}],"version-history":[{"count":8,"href":"https:\/\/www.hsu-hh.de\/nng\/wp-json\/wp\/v2\/pages\/2117\/revisions"}],"predecessor-version":[{"id":2871,"href":"https:\/\/www.hsu-hh.de\/nng\/wp-json\/wp\/v2\/pages\/2117\/revisions\/2871"}],"up":[{"embeddable":true,"href":"https:\/\/www.hsu-hh.de\/nng\/wp-json\/wp\/v2\/pages\/618"}],"wp:attachment":[{"href":"https:\/\/www.hsu-hh.de\/nng\/wp-json\/wp\/v2\/media?parent=2117"}],"wp:term":[{"taxonomy":"category","embeddable":true,"href":"https:\/\/www.hsu-hh.de\/nng\/wp-json\/wp\/v2\/categories?post=2117"},{"taxonomy":"post_tag","embeddable":true,"href":"https:\/\/www.hsu-hh.de\/nng\/wp-json\/wp\/v2\/tags?post=2117"}],"curies":[{"name":"wp","href":"https:\/\/api.w.org\/{rel}","templated":true}]}}