{"id":1508,"date":"2022-02-15T11:47:07","date_gmt":"2022-02-15T10:47:07","guid":{"rendered":"https:\/\/www.hsu-hh.de\/hiswes\/?page_id=1508"},"modified":"2023-03-14T08:52:28","modified_gmt":"2023-03-14T07:52:28","slug":"china-expertise-in-der-bundesrepublik-eine-politik-und-wissensgeschichte-des-deutsch-chinesischen-verhaltnisses-1960er-1980er-jahre","status":"publish","type":"page","link":"https:\/\/www.hsu-hh.de\/nng\/team\/messingschlager\/china-expertise-in-der-bundesrepublik-eine-politik-und-wissensgeschichte-des-deutsch-chinesischen-verhaltnisses-1960er-1980er-jahre","title":{"rendered":"China-Expertise in der Bundesrepublik. Eine Politik- und Wissensgeschichte des deutsch-chinesischen Verh\u00e4ltnisses (1960er-1980er Jahre)"},"content":{"rendered":"\n<p><\/p>\n\n\n<p><em>Stefan Messingschlager, M.A.<\/em><\/p>\n<p><strong>Dissertation<\/strong><\/p>\n<p>Das Dissertationsvorhaben untersucht am Beispiel des Verh\u00e4ltnisses zwischen Bundesrepublik und Volksrepublik China die Rolle von China-Kennern und China-Experten in der Umbruchphase westlich-chinesischer Beziehungen in den langen 1970er Jahren.<\/p>\n<p>Die diplomatische Ann\u00e4herung zwischen der VR China und den westlichen Staaten ab Mitte der 1960er Jahre wurde bereits in der \u00e4lteren Forschung der 1980er und 1990er Jahre \u00fcberzeugend als Ergebnis einer strategischen Au\u00dfenpolitik im Kalten Krieg interpretiert. Diese Perspektive auf internationale Beziehungen als Arena staatlicher Interessenspolitik blieb allerdings einseitig auf das Bild einer dominant politisch gesteuerten Transformation fixiert. So wichtig die Rolle f\u00fchrender Politiker wie Henry Kissinger oder Gerhard Schr\u00f6der zweifellos war, so wenig geht dieser Prozess jedoch in einem politisch-diplomatischen Projekt auf. Der Ansatz meines Vorhabens ist es deshalb, die Bedeutung von China-Kennern und China-Experten \u2013 hier verstanden als mit den chinesischen Verh\u00e4ltnissen vertraute Publizisten, Wissenschaftler, Intellektuelle \u2013 f\u00fcr den Aufbau und Ausbau der inter- und transnationalen Beziehungen zu untersuchen. Anhand dieser einflussreichen Akteure jenseits der politischen Entscheidungsebene wird es m\u00f6glich, die Dynamik, Vielgestaltigkeit und Komplexit\u00e4t der Umbruchphase in den chinesisch-westlichen Beziehungen w\u00e4hrend der langen 1970er Jahre besser in den Blick zu bekommen.<\/p>\n<p>Das Ziel der Untersuchung ist dabei ein doppeltes: Zum einen soll nachvollzogen werden, welche Rolle ausgew\u00e4hlten China-Kennern wie Klaus Mehnert und China-Experten aus Disziplinen wie der Sino-Politologie, Sinologie oder Rechtwissenschaft beim Aufbau der Beziehungen in den Bereichen Diplomatie, Politik, Wirtschaft und Kultur zukam und inwieweit sie dabei zu Mittler-Figuren avancierten. Zum anderen soll herausgearbeitet werden, wie parallel dazu in der bundesdeutschen Politik, in staatlichen Institutionen oder der Wirtschaft die Notwendigkeit einer eigenen China-Expertise erkannt und diese strukturell aufgebaut wurde. Die langen 1970er Jahre erscheinen dabei, so die \u00fcbergreifende Hypothese des Dissertationsvorhabens, als zentrale Umbruchphase, in der die Fundamente f\u00fcr einen grunds\u00e4tzlichen Wandel in der (west-)deutschen Wahrnehmung Chinas gelegt wurde, der bis in die Gegenwart reicht. So wurde in den 1970er Jahren mit Unterst\u00fctzung prominenter China-Kenner und einschl\u00e4gig ausgewiesener China-Experten nicht nur das Fundament f\u00fcr eine Wiederbegr\u00fcndung stabiler diplomatischer Beziehungen gelegt. Auch jenseits der offiziellen Staatsbeziehungen nahmen deutsche China-Experten oftmals eine entscheidende Rolle ein: Sie agierten im Austausch mit der chinesischen Seite als Vermittler f\u00fcr verschiedenste Bereiche, starteten Initiativen zur Wiederbelebung der Kulturbeziehungen oder wurden zu Unterh\u00e4ndler im Ausbau der Wirtschaftsbeziehungen. Gleichzeitig machte die ubiquit\u00e4re Rolle dieser Akteure augenf\u00e4llig, dass in der Bundesrepublik der 1970er Jahre China-Expertise in weiten Bereichen von Staat und Wirtschaft kaum vorhanden, aber dringend vonn\u00f6ten war. Das Dissertationsvorhaben richtet darum auch den Blick auf die Entstehung au\u00dferuniversit\u00e4rer Institutionen und den Aufbau einer systemischen China-Expertise, was schlie\u00dflich den Bedeutungsverlust langj\u00e4hrig pr\u00e4gender Laien und Autodidakten, wie etwa des intellektuellen China-Kenners Klaus Mehnert, besiegelte.<\/p>","protected":false},"excerpt":{"rendered":"<p>Stefan Messingschlager, M.A. Dissertation Das Dissertationsvorhaben untersucht am Beispiel des Verh\u00e4ltnisses zwischen Bundesrepublik und Volksrepublik China die Rolle von China-Kennern und China-Experten in der Umbruchphase westlich-chinesischer Beziehungen in den langen [&hellip;]<\/p>\n","protected":false},"author":147,"featured_media":0,"parent":1478,"menu_order":0,"comment_status":"closed","ping_status":"closed","template":"","meta":{"_EventAllDay":false,"_EventTimezone":"","_EventStartDate":"","_EventEndDate":"","_EventStartDateUTC":"","_EventEndDateUTC":"","_EventShowMap":false,"_EventShowMapLink":false,"_EventURL":"","_EventCost":"","_EventCostDescription":"","_EventCurrencySymbol":"","_EventCurrencyCode":"","_EventCurrencyPosition":"","_EventDateTimeSeparator":"","_EventTimeRangeSeparator":"","_EventOrganizerID":[],"_EventVenueID":[],"_OrganizerEmail":"","_OrganizerPhone":"","_OrganizerWebsite":"","_VenueAddress":"","_VenueCity":"","_VenueCountry":"","_VenueProvince":"","_VenueState":"","_VenueZip":"","_VenuePhone":"","_VenueURL":"","_VenueStateProvince":"","_VenueLat":"","_VenueLng":"","_VenueShowMap":false,"_VenueShowMapLink":false,"footnotes":""},"categories":[4],"tags":[],"class_list":["post-1508","page","type-page","status-publish","hentry","category-forschung"],"_links":{"self":[{"href":"https:\/\/www.hsu-hh.de\/nng\/wp-json\/wp\/v2\/pages\/1508","targetHints":{"allow":["GET"]}}],"collection":[{"href":"https:\/\/www.hsu-hh.de\/nng\/wp-json\/wp\/v2\/pages"}],"about":[{"href":"https:\/\/www.hsu-hh.de\/nng\/wp-json\/wp\/v2\/types\/page"}],"author":[{"embeddable":true,"href":"https:\/\/www.hsu-hh.de\/nng\/wp-json\/wp\/v2\/users\/147"}],"replies":[{"embeddable":true,"href":"https:\/\/www.hsu-hh.de\/nng\/wp-json\/wp\/v2\/comments?post=1508"}],"version-history":[{"count":3,"href":"https:\/\/www.hsu-hh.de\/nng\/wp-json\/wp\/v2\/pages\/1508\/revisions"}],"predecessor-version":[{"id":1918,"href":"https:\/\/www.hsu-hh.de\/nng\/wp-json\/wp\/v2\/pages\/1508\/revisions\/1918"}],"up":[{"embeddable":true,"href":"https:\/\/www.hsu-hh.de\/nng\/wp-json\/wp\/v2\/pages\/1478"}],"wp:attachment":[{"href":"https:\/\/www.hsu-hh.de\/nng\/wp-json\/wp\/v2\/media?parent=1508"}],"wp:term":[{"taxonomy":"category","embeddable":true,"href":"https:\/\/www.hsu-hh.de\/nng\/wp-json\/wp\/v2\/categories?post=1508"},{"taxonomy":"post_tag","embeddable":true,"href":"https:\/\/www.hsu-hh.de\/nng\/wp-json\/wp\/v2\/tags?post=1508"}],"curies":[{"name":"wp","href":"https:\/\/api.w.org\/{rel}","templated":true}]}}