{"id":1481,"date":"2022-01-27T13:06:08","date_gmt":"2022-01-27T12:06:08","guid":{"rendered":"https:\/\/www.hsu-hh.de\/hiswes\/?page_id=1481"},"modified":"2025-01-23T15:41:07","modified_gmt":"2025-01-23T14:41:07","slug":"messingschlager","status":"publish","type":"page","link":"https:\/\/www.hsu-hh.de\/nng\/en\/team-3\/messingschlager","title":{"rendered":"Stefan Messingschlager, M.A."},"content":{"rendered":"<div class=\"ansprechparter-container\">\n<div class=\"row ansprechpartner-item ansprechparter-header\">\n<div class=\"col-md-4 col-lg-3 col-xs-4 ansprechpartner-item floatright img-circle center-block\">\n<div class=\"img-responsive-wrapper\"><img loading=\"lazy\" decoding=\"async\" class=\"img-circle img-responsive center-block alignnone wp-image-1914 size-thumbnail\" src=\"https:\/\/www.hsu-hh.de\/nng\/wp-content\/uploads\/sites\/713\/2023\/03\/sm-1-150x150.jpg\" alt=\"\" data-credit=\"S. Messingschlager\" width=\"150\" height=\"150\" srcset=\"https:\/\/www.hsu-hh.de\/nng\/wp-content\/uploads\/sites\/713\/2023\/03\/sm-1-150x150.jpg 150w, https:\/\/www.hsu-hh.de\/nng\/wp-content\/uploads\/sites\/713\/2023\/03\/sm-1-100x100.jpg 100w\" sizes=\"auto, (max-width: 150px) 100vw, 150px\" \/><\/div>\n<\/div>\n<div class=\"col-md-12 col-lg-3 col-xs-12 ansprechpartner-item kontakt floatright\">\n<div class=\"row\">\n<div class=\"col-xs-12 col-sm-6 col-lg-12\">\n<div class=\"row\">\n<div class=\"col-xs-12 col-lg-4 row-text bold\">Room<\/div>\n<div class=\"col-xs-12 col-lg-8 row-text\">2214<\/div>\n<\/div>\n<\/div>\n<div class=\"col-xs-12 col-sm-6 col-lg-12\">\n<div class=\"row\">\n<div class=\"col-xs-12 col-lg-4 row-text bold\">Phone<\/div>\n<div class=\"col-xs-12 col-lg-8 row-text\">(040) 6541-3157<\/div>\n<\/div>\n<\/div>\n<div class=\"col-xs-12 col-sm-6 col-lg-12\">\n<div class=\"row\">\n<div class=\"col-xs-12 col-lg-4 row-text bold\">Fax<\/div>\n<div class=\"col-xs-12 col-lg-8 row-text\">(040) 6541-2546<\/div>\n<\/div>\n<\/div>\n<div class=\"col-xs-12 col-sm-6 col-lg-12\">\n<div class=\"row\">\n<div class=\"col-xs-12 col-md-12 row-text bold\">E-Mail<\/div>\n<div class=\"col-xs-12 col-md-12 row-text\"><a href=\"mailto:messingschlager@hsu-hh.de\" target=\"_blank\" rel=\"noopener\">messingschlager@hsu-hh.de<\/a><\/div>\n<\/div>\n<\/div>\n<\/div>\n<\/div>\n<div class=\"col-md-6 col-lg-3 col-xs-12 ansprechpartner-item anschrift floatright\">\n<div class=\"row-headline\">Visitor Adress<\/div>\n<p>Helmut-Schmidt-University<br \/>Bulding H1<br \/>Holstenhofweg 85<br \/>22043 Hamburg<\/p>\n<p><strong>Consultation hours on request<\/strong><\/p>\n<\/div>\n<div class=\"col-md-6 col-lg-3 col-xs-12 ansprechpartner-item anschrift floatright\">\n<div class=\"row-headline\">Mail Adress<\/div>\n<p>Helmut-Schmidt-University<br \/>Faculty of Humanities and Social Sciences<br \/>Modern History<br \/>Postbox 70 08 22<br \/>22008 Hamburg<\/p>\n<\/div>\n<\/div>\n<\/div>\n<div class=\"clearfix\">&nbsp;<\/div>\n\n\n<hr class=\"wp-block-separator has-alpha-channel-opacity\" \/>\n\n\n\n<p>Stefan Messingschlager is a research associate at the Chair of Modern History at Helmut Schmidt University, Hamburg. His research centers on the history of Sino-German relations in the 20th century and the history of the People\u2019s Republic of China since the 1970s. He regularly publishes articles in academic journals in German, English, and Mandarin.<\/p>\n\n\n\n<p>After studying History and Political Science at the <a href=\"https:\/\/www.uni-konstanz.de\/\" rel='nofollow'>University of Konstanz<\/a> and <a href=\"https:\/\/english.pku.edu.cn\/\" rel='nofollow'>Peking University<\/a>, he began his doctoral studies on the political and intellectual history of Sino-German relations in the 20th century. His dissertation examines China Expertise in the Federal Republic of Germany from the 1960s to the 1980s, focusing on discursive mediation and (political) consultancy provided by journalists, scholars, business professionals, and diplomats regarding the \u201cBlack Box China\u201d. Through numerous case studies, he demonstrates that these actors formed an epistemic community whose advisory and mediatory practices, along with the internal and external attribution of China expertise, form a crucial foundation for understanding&nbsp; Sino-German relations after 1949.<\/p>\n\n\n\n<p>In September 2024, as part of his research, Stefan Messingschlager co-organized an <a href=\"https:\/\/www.hsozkult.de\/conferencereport\/id\/fdkn-150677\" rel='nofollow'>interdisciplinary conference<\/a> with two colleagues, funded by the Fritz Thyssen Foundation and the Academy of Sciences and Humanities in Hamburg. The conference explored the heuristic value of expertise using case studies from the 20th century.<\/p>\n\n\n\n<p>In addition to his academic work, Messingschlager actively engages in the public discourse on Sino-German relations through interviews and commentaries (including appearances on Tagesschau, NDR, and WDR) and has advised German federal institutions on China policy since 2022. He is a member of various professional associations, a recipient of multiple scholarships, and has extensive international experience. Since 2020, he has also served as a volunteer on selection committees of the German Academic Scholarship Foundation, including for the China Scholarship Program.<\/p>\n\n\n\n<hr class=\"wp-block-separator has-alpha-channel-opacity\" \/>\n\n\n<h2>Curriculum Vitae<\/h2>\n<p><em>Since February 2019<br \/><\/em>Research Associate at the Chair of Modern History, Helmut Schmidt University<\/p>\n<p><strong>Education<\/strong>: B.A. and M.A. in History and Political Science at the University of Konstanz and Peking University (\u5317\u4eac\u5927\u5b66)<\/p>\n<p><strong>Research Focus<\/strong>: History of Sino-Western relations in the 20th century, of China Expertise in the Federal Republic of Germany, History of China&#8217;s rise since the 1960s, methodological discourses in the history of ideas and knowledge<\/p>\n<p><strong>Research Project: <\/strong>History of China Expertise in the Federal Republic of Germany (1960s to 1980s)<\/p>\n<p><a href=\"https:\/\/www.hsu-hh.de\/nng\/wp-content\/uploads\/sites\/713\/2025\/01\/Messingschlager_2025_Complete-CV.pdf\" target=\"_blank\" rel=\"noopener\">Complete Curriculum Vitae<\/a><\/p>\n<h2>Selected Publications<\/h2>\n<p><a href=\"https:\/\/www.hsu-hh.de\/nng\/wp-content\/uploads\/sites\/713\/2025\/01\/Messingschlager_2025_List-of-Publications.pdf\" target=\"_blank\" rel=\"noopener\">List of Publications<\/a><\/p>\n<p><a href=\"https:\/\/hsu-hh.academia.edu\/StefanMessingschlager\" target=\"_blank\" rel=\"noopener\">academia.edu<\/a><strong>-Profile<\/strong><\/p>\n<p><strong>(Peer Review-) Articles and other Papers<\/strong><\/p>\n<p>&#8211; Von Besuchsdiplomatie, Sozialistischem Realismus und Eigenwilligkeit: China-Perzeption und China-Deutung des K\u00fcnstlers Gustav Seitz in der jungen DDR (1950-1953), in: Berliner China-Hefte &#8211; Chinese History and Society 56 (2024), pp. 133-156.<br \/>[written in German; title in English: On Diplomatic Visits, Socialist Realism, and Individuality: The Perception and Interpretation of China by the Artist Gustav Seitz in the Early GDR (1950-1953)]<\/p>\n<p>&#8211; Zur neueren Milit\u00e4rgeschichte Chinas als Forschungsgebiet: Bestandsaufnahme und Perspektiven, in: Milit\u00e4rgeschichtliche Zeitschrift 83\/1 (2024), pp. 133-148.<br \/>[written in German; title in English: Modern Chinese Military History as a Field of Research: State of the Field and Perspectives]<\/p>\n<p>&#8211; China Competence and China Expertise: Some Conceptual and Analytical Reflections, in: Zeitgeschichte-online, May 2024, URL: <a href=\"https:\/\/zeitgeschichte-online.de\/themen\/china-competence-and-china-expertise\" target=\"_blank\" rel=\"noopener\">https:\/\/zeitgeschichte-online.de\/themen\/china-competence-and-china-expertise<\/a>.<\/p>\n<p>&#8211; \u6c49\u5b66\u5bb6\u5085\u543e\u5eb7\uff1a\u7814\u7a76\u8005\u4e0e\u4e2d\u897f\u6587\u5316\u6865\u6881\uff0c\u8f7d\u4e8e\uff1a\u67cf\u6797\u56fd\u5bb6\u56fe\u4e66\u9986\uff0c2024\u5e748\u6708\uff0c\u53ef\u8bbf\u95ee\uff1ahttps:\/\/themen.crossasia.org\/franke\/?lang=zh-hans\uff0cDOI: https:\/\/doi.org\/10.48796\/20240822-000\u3002[written in Mandarin]<\/p>\n<p>&#8211; The Sinologist Wolfgang Franke as Researcher and Cultural Broker, in: CrossAsia Thematic Portals of the Berlin State Library (2024), available online: <a href=\"https:\/\/themen.crossasia.org\/franke\/?lang=en\" target=\"_blank\" rel=\"noopener\">https:\/\/themen.crossasia.org\/franke\/?lang=en<\/a>, DOI: <a href=\"https:\/\/doi.org\/10.48796\/20240806-000\" target=\"_blank\" rel=\"noopener\">https:\/\/doi.org\/10.48796\/20240806-000<\/a>.<\/p>\n<p>&#8211; Gustav Seitz\u2019 \u201eStudienbl\u00e4tter aus China\u201c (1953). Eine China-Reise und die DDR-Zensur, in: Arbeit \u2013 Bewegung \u2013 Geschichte. Zeitschrift f\u00fcr historische Studien 2024\/II, pp. 105-111. [written in German; titel in English: Gustav Seitz&#8217;s \u201cStudienbl\u00e4tter aus China\u201d (1953): A Journey to China and GDR Censorship]<\/p>\n<p>&#8211; German Strategy on China \u2013 A Critical Appraisal\/ \u5fb7\u56fd\u5bf9\u4e2d\u56fd\u6218\u7565\u7684\u6279\u5224\u6027\u8bc4\u4f30, in: ASIEN. The German Journal on Contemporary Asia 166\/ 167 (Januar\/ April 2023), pp. 140-151.<\/p>\n<p>&#8211; David Armitages Genealogie des B\u00fcrgerkriegs: Eine kritische W\u00fcrdigung, in: Die Friedens-Warte. Journal of International Peace and Organization 96\/1-4 (2023), pp. 238-246.<br \/>[written in German; title in English: David Armitage\u2019s Genealogy of Civil War: A Critical Appraisal]<\/p>\n<p><strong>Book Reviews and Review Articles for several journals<\/strong><\/p>\n<p>among others for: Arbeit \u2013 Bewegung \u2013 Geschichte. Zeitschrift f\u00fcr historische Studien, Archiv f\u00fcr Kulturgeschichte, Archiv f\u00fcr Sozialgeschichte, ASIEN. The German Journal on Contemporary Asia, Berliner China-Hefte \u2013 Chinese History and Society, Comparativ. Zeitschrift f\u00fcr Globalgeschichte und vergleichende Gesellschaftsforschung, European History Quarterly, European Review of History: Revue europ\u00e9enne d&#8217;histoire, Global Intellectual History, Historisch-Politisches Buch, International Studies Review, International Quarterly for Asian Studies, Journal of the European Association for Chinese Studies, Milit\u00e4rgeschichtliche Zeitschrift, Neue Politische Literatur. Berichte aus Geschichts- und Politikwissenschaft, Politische Vierteljahrsschrift, SIRIUS \u2013 Zeitschrift f\u00fcr Strategische Analysen, The Economic History Review, Totalitarismus und Demokratie. Zeitschrift f\u00fcr Internationale Diktatur- und Freiheitsforschung, Vierteljahrschrift f\u00fcr Sozial- und Wirtschaftsgeschichte, Zeitschrift f\u00fcr Geschichtswissenschaft<\/p>\n<p><strong>Public Outreach<\/strong><\/p>\n<p>&#8211; \u201ePekingologie und wissenschaftliche China-Expertise in Deutschland nach 1949: Zur Scharnierfunktion des Sinologen Wolfgang Franke (1912\u20132007)\u201c \u2013 Lecture at the Berlin State Library as part of the CrossAsia Talk series (November 2024).<\/p>\n<p>&#8211; \u201cChina und die Neuordnung der Welt. Eine Buchbesprechung\u201c \u2013 Book Discussion with Sinologist Susanne Weigelin-Schwiedrzik on China as a great power in the 20th and 21st centuries, WebTalk ChinaPlus by the Friedrich Naumann Foundation (September 4, 2024).<\/p>\n<p>&#8211; \u201eZur Rolle Europas im geopolitischen Konflikt zwischen den USA und China\u201c \u2013 Guest appearance on WDR 5 Politikum \u2013 Der Meinungspodcast on November 15, 2023. Available at: <a href=\"https:\/\/www.ardaudiothek.de\/sendung\/wdr-5-politikum\/46798088\/\" target=\"_blank\" rel=\"noopener\">https:\/\/www.ardaudiothek.de\/sendung\/wdr-5-politikum\/46798088\/<\/a>.<\/p>\n<p>&#8211; \u201eDie deutsche China-Strategie \u2013 Spotlight Asia Live\u201c \u2013 Guest appearance at the Polis 180 think tank on August 9, 2023. Available at: <a href=\"https:\/\/polis180.org\/events\/9-aug-die-deutsche-china-strategie-spotlight-asia-live\/\" target=\"_blank\" rel=\"noopener\">https:\/\/polis180.org\/events\/9-aug-die-deutsche-china-strategie-spotlight-asia-live\/<\/a>.<\/p>\n<p>&#8211; \u201eDeutscher China-Kurs \u2013 wie viel Wandel ist n\u00f6tig?\u201c \u2013 Guest appearance on Redezeit by NDR Info on April 18, 2023. Available at: <a href=\"https:\/\/www.ndr.de\/nachrichten\/info\/epg\/Deutscher-China-Kurs-wie-viel-Wandel-ist-noetig,sendung1341970.html\" target=\"_blank\" rel=\"noopener\">https:\/\/www.ndr.de\/nachrichten\/info\/epg\/Deutscher-China-Kurs-wie-viel-Wandel-ist-noetig,sendung1341970.html<\/a>.<\/p>\n<p>&#8211; \u201eDeutsche Chinapolitik: Was ist die richtige Balance?\u201c \u2013 Interview with <em>tagesschau.de<\/em>. Available at: <a href=\"https:\/\/www.tagesschau.de\/inland\/regional\/schleswigholstein\/ndr-deutsche-chinapolitik-was-ist-die-richtige-balance-100.html\" target=\"_blank\" rel=\"noopener\">https:\/\/www.tagesschau.de\/inland\/regional\/schleswigholstein\/ndr-deutsche-chinapolitik-was-ist-die-richtige-balance-100.html<\/a>.<\/p>","protected":false},"excerpt":{"rendered":"<p>Room 2214 Phone (040) 6541-3157 Fax (040) 6541-2546 E-Mail messingschlager@hsu-hh.de Visitor Adress Helmut-Schmidt-UniversityBulding H1Holstenhofweg 8522043 Hamburg Consultation hours on request Mail Adress Helmut-Schmidt-UniversityFaculty of Humanities and Social SciencesModern HistoryPostbox 70 [&hellip;]<\/p>\n","protected":false},"author":147,"featured_media":0,"parent":1468,"menu_order":0,"comment_status":"closed","ping_status":"closed","template":"","meta":{"_EventAllDay":false,"_EventTimezone":"","_EventStartDate":"","_EventEndDate":"","_EventStartDateUTC":"","_EventEndDateUTC":"","_EventShowMap":false,"_EventShowMapLink":false,"_EventURL":"","_EventCost":"","_EventCostDescription":"","_EventCurrencySymbol":"","_EventCurrencyCode":"","_EventCurrencyPosition":"","_EventDateTimeSeparator":"","_EventTimeRangeSeparator":"","_EventOrganizerID":[],"_EventVenueID":[],"_OrganizerEmail":"","_OrganizerPhone":"","_OrganizerWebsite":"","_VenueAddress":"","_VenueCity":"","_VenueCountry":"","_VenueProvince":"","_VenueState":"","_VenueZip":"","_VenuePhone":"","_VenueURL":"","_VenueStateProvince":"","_VenueLat":"","_VenueLng":"","_VenueShowMap":false,"_VenueShowMapLink":false,"footnotes":""},"categories":[9],"tags":[],"class_list":["post-1481","page","type-page","status-publish","hentry","category-team-en"],"_links":{"self":[{"href":"https:\/\/www.hsu-hh.de\/nng\/wp-json\/wp\/v2\/pages\/1481","targetHints":{"allow":["GET"]}}],"collection":[{"href":"https:\/\/www.hsu-hh.de\/nng\/wp-json\/wp\/v2\/pages"}],"about":[{"href":"https:\/\/www.hsu-hh.de\/nng\/wp-json\/wp\/v2\/types\/page"}],"author":[{"embeddable":true,"href":"https:\/\/www.hsu-hh.de\/nng\/wp-json\/wp\/v2\/users\/147"}],"replies":[{"embeddable":true,"href":"https:\/\/www.hsu-hh.de\/nng\/wp-json\/wp\/v2\/comments?post=1481"}],"version-history":[{"count":75,"href":"https:\/\/www.hsu-hh.de\/nng\/wp-json\/wp\/v2\/pages\/1481\/revisions"}],"predecessor-version":[{"id":2660,"href":"https:\/\/www.hsu-hh.de\/nng\/wp-json\/wp\/v2\/pages\/1481\/revisions\/2660"}],"up":[{"embeddable":true,"href":"https:\/\/www.hsu-hh.de\/nng\/wp-json\/wp\/v2\/pages\/1468"}],"wp:attachment":[{"href":"https:\/\/www.hsu-hh.de\/nng\/wp-json\/wp\/v2\/media?parent=1481"}],"wp:term":[{"taxonomy":"category","embeddable":true,"href":"https:\/\/www.hsu-hh.de\/nng\/wp-json\/wp\/v2\/categories?post=1481"},{"taxonomy":"post_tag","embeddable":true,"href":"https:\/\/www.hsu-hh.de\/nng\/wp-json\/wp\/v2\/tags?post=1481"}],"curies":[{"name":"wp","href":"https:\/\/api.w.org\/{rel}","templated":true}]}}