{"id":1478,"date":"2022-01-27T13:04:11","date_gmt":"2022-01-27T12:04:11","guid":{"rendered":"https:\/\/www.hsu-hh.de\/hiswes\/?page_id=1478"},"modified":"2025-03-17T11:32:46","modified_gmt":"2025-03-17T10:32:46","slug":"messingschlager","status":"publish","type":"page","link":"https:\/\/www.hsu-hh.de\/nng\/team\/messingschlager","title":{"rendered":""},"content":{"rendered":"<script type=\"application\/ld+json\">[{\"@context\": \"https:\/\/www.schema.org\",\"@type\": \"Person\",\"name\": \"Stefan Messingschlager, M.A.\",\"worksFor\": [{\t\"@type\": \"Organization\",\t\"name\": \"Helmut-Schmidt-Universit\u00e4t, Geb\u00e4ude H1, Holstenhofweg 85\",\t\"url\": \"https:\/\/www.hsu-hh.de\"\t, \"department\": {\"@type\": \"Organization\",\t\t\t\t\t\"name\": \"Professur f\u00fcr Neuere und Neueste Geschichte\",\t\t\t\t\t\"location\": {\t\t\t\t\t\t\"@type\": \"PostalAddress\",\t\t\t\t\t\t\"addressLocality\": \"\",        \t\t\t\t\"postalCode\": \"\",        \t\t\t\t\"streetAddress\": \" , 22043 Hamburg\"\t\t\t\t\t}},\t\"location\": {\t\t\"@type\": \"PostalAddress\",    \t\"addressLocality\": \"\",    \t\"postalCode\": \"22008\",    \t\"postOfficeBoxNumber\": \"700822\"\t}   }],\"image\": \"https:\/\/www.hsu-hh.de\/nng\/wp-content\/uploads\/sites\/713\/2023\/03\/sm-150x150.jpg\",\"telephone\": \"+49406541-3157\",\"faxNumber\": \"+49406541-2546\",\"email\": \"messingschlager@hsu-hh.de\"}]<\/script><div class=\"clearfix\"><\/div><div class=\"ansprechparter-container \" style=\"margin-top:1em; \"><div class=\"row ansprechpartner-item ansprechparter-header\" ><div class=\"col-xs-8 col-lg-12\" style=\"margin-bottom: 30px;\"><h3 class=\"ansprechparter-headline\">Stefan Messingschlager, M.A.<\/h3><\/div><\/div><div class=\"col-md-4 col-lg-3 col-xs-4 ansprechpartner-item floatright img-circle center-block\" style=\"margin-bottom: 30px;\"><div class=\"img-responsive-wrapper\"><img decoding=\"async\" src=\"https:\/\/www.hsu-hh.de\/nng\/wp-content\/uploads\/sites\/713\/2023\/03\/sm-150x150.jpg\" alt=\"\" class=\"img-circle img-responsive center-block\" \/><\/div><\/div><div class=\"col-md-12 col-lg-3 col-xs-12 ansprechpartner-item kontakt floatright\" style=\"margin-bottom: 30px; \"><div class=\"row\"><div class=\"col-xs-12 col-sm-6 col-lg-12\"><div class=\"row\"><div class=\"col-xs-4 col-lg-4 row-text bold\" >Raum:<\/div><div class=\" row-text\">2214<\/div><\/div><\/div><div class=\"col-xs-12 col-sm-6 col-lg-12\"><div class=\"row\"><div class=\"col-xs-4 col-lg-4 row-text bold\">Telefon:<\/div><div class=\" row-text\">+49406541-3157<\/div><\/div><\/div><div class=\"col-xs-12 col-sm-6 col-lg-12\"><div class=\"row\"><div class=\"col-xs-4 col-lg-4 row-text bold\">Fax:<\/div><div class=\"row-text\">+49406541-2546<\/div><\/div><\/div><div class=\"col-xs-12 col-sm-6 col-lg-12\"><div class=\"row\"><div class=\"col-xs-4 col-lg-4 row-text bold\">E-Mail:<\/div><div class=\"row-text\" style=\"overflow:hidden; word-break: break-word\"><a href=\"mailto:messingschlager@hsu-hh.de\" rel=\"nofollow\">messingschlager@hsu-hh.de<\/a><\/div><\/div><\/div><\/div><\/div><div class=\"col-md-6 col-lg-3 col-xs-12 ansprechpartner-item anschrift floatright\" ><div class=\"row-headline\">Besucheranschrift<\/div><div class=\"dataBesucheranschrift\" style=\"\"><div class=\"row-text\">Helmut-Schmidt-Universit\u00e4t<\/div><div class=\"row-text\">Geb\u00e4ude H1<\/div><div class=\"row-text\">Holstenhofweg 85<\/div><div class=\"row-text\">22043 Hamburg<\/div><div class=\"row-text\"><\/div><div class=\"row-text\"><\/div><\/div><\/div><div class=\"col-md-6 col-lg-3 col-xs-12 ansprechpartner-item anschrift floatright\"><div class=\"row-headline\">Postanschrift<\/div><div class=\"dataPostanschrift\" style=\"\"><div class=\"row-text\">Helmut-Schmidt-Universit\u00e4t<\/div><div class=\"row-text\">Fakult\u00e4t f\u00fcr Geistes- und Sozialwissenschaften<\/div><div class=\"row-text\">Professur f\u00fcr Neuere und Neueste Geschichte<\/div><div class=\"row-text\">Postfach 70 08 22<\/div><div class=\"row-text\">22008 Hamburg<\/div><\/div><\/div><\/div><div class=\"clearfix\"><\/div>\n\n\n<hr class=\"wp-block-separator has-alpha-channel-opacity\" \/>\n\n\n\n<p>Stefan Messingschlager ist wissenschaftlicher Mitarbeiter und Dozent an der Professur f\u00fcr Neuere und Neueste Geschichte der Helmut-Schmidt-Universit\u00e4t Hamburg. Seine Forschungsschwerpunkte umfassen unter anderem die Geschichte der deutsch-chinesischen Beziehungen im 20. Jahrhundert sowie die Geschichte der Volksrepublik China seit den 1970er Jahren. Er ver\u00f6ffentlicht regelm\u00e4\u00dfig Aufs\u00e4tze und Beitr\u00e4ge in einschl\u00e4gigen Fachzeitschriften auf Deutsch, Englisch und Mandarin.<\/p>\n\n\n\n<p>Nach einem Studium der Geschichts- und Politikwissenschaft an der <a href=\"https:\/\/www.uni-konstanz.de\/\" target=\"_blank\" rel=\"noreferrer noopener\">Universit\u00e4t Konstanz<\/a> sowie der <a href=\"https:\/\/english.pku.edu.cn\/\" target=\"_blank\" rel=\"noreferrer noopener\">Peking-Universit\u00e4t<\/a> promoviert er zur Politik- und Wissensgeschichte der deutsch-chinesischen Beziehungen im 20. Jahrhundert. In seinem Dissertationsprojekt zur Geschichte von China-Expertise in der Bundesrepublik Deutschland untersucht er f\u00fcr die 1960er bis 1980er Jahre die diskursive Vermittlung und (politische) Beratung durch Journalist:innen, Wissenschaftler:innen, Unternehmer und Diplomaten zur \u201eBlackbox China\u201c. An zahlreichen Beispielen wird darin verdeutlicht, dass die untersuchten Akteure eine (epistemische) Gemeinschaft bildeten, deren beratende und vermittelnde Praxis wie auch Selbst- und Fremdzuschreibung von China-Expertise ein wichtiger Baustein f\u00fcr ein besseres Verst\u00e4ndnis des deutsch-chinesischen Verh\u00e4ltnisses nach 1949 sind.<\/p>\n\n\n\n<p>Im Rahmen seiner Forschung veranstaltete Stefan Messingschlager im September 2024 gemeinsam mit zwei Kollegen eine von der Fritz Thyssen Stiftung und der Akademie der Wissenschaften in Hamburg gef\u00f6rderte <a href=\"http:\/\/www.hsozkult.de\/conferencereport\/id\/fdkn-150677\" target=\"_blank\" rel=\"noreferrer noopener\">interdisziplin\u00e4re Tagung<\/a>, bei der anhand von Fallstudien aus dem 20. Jahrhundert der heuristische Mehrwert des Expertise-Begriffs diskutiert wurde.<\/p>\n\n\n\n<p>Neben seiner akademischen T\u00e4tigkeit beteiligt sich Messingschlager mit Interviews und Stellungnahmen am \u00f6ffentlichen Diskurs zu den deutsch-chinesischen Beziehungen (<abbr title=\"unter anderem\">u.a.<\/abbr> in Tagesschau, NDR, WDR <abbr title=\"et cetera\">etc.<\/abbr>) und ber\u00e4t seit 2022 zudem Bundesinstitutionen in Fragen der Chinapolitik. Er ist Mitglied in einschl\u00e4gigen Fachgesellschaften, war Stipendiat mehrerer F\u00f6rderwerke und Stiftungen, verf\u00fcgt \u00fcber mehrj\u00e4hrige Auslandserfahrung und ist seit 2020 ehrenamtlich Mitglied in Auswahlkommissionen der Studienstiftung des deutschen Volkes, unter anderem f\u00fcr das China-Stipendien-Programm.<\/p>\n\n\n\n<hr class=\"wp-block-separator has-alpha-channel-opacity\" \/>\n\n\n\n<h2 class=\"wp-block-heading\">Curriculum Vitae<\/h2>\n\n\n\n<p class=\"has-medium-font-size\"><em>seit 02\/2019<br><\/em>Wissenschaftlicher Mitarbeiter am Lehrstuhl f\u00fcr Neuere und Neueste Geschichte, Helmut-Schmidt-Universit\u00e4t\/Universit\u00e4t der Bundeswehr Hamburg<\/p>\n\n\n\n<p>Studium der Geschichts- und Politikwissenschaften an der Universit\u00e4t Konstanz und der Peking-Universit\u00e4t (\u5317\u4eac\u5927\u5b66)<\/p>\n\n\n\n<p><strong>Forschungsschwerpunkte: <\/strong>Geschichte der westlich-chinesische Beziehungen im 20. Jahrhundert, von China-Expertise in der Bundesrepublik Deutschland, Geschichte des Aufstiegs Chinas seit den 1960er Jahren, Methodendiskurse der Ideen- und Wissensgeschichte<\/p>\n\n\n\n<p><strong>Forschungsprojekt:<\/strong> Geschichte von China-Expertise in der Bundesrepublik Deutschland (1960er bis 1980er Jahre)<strong><\/strong><\/p>\n\n\n\n<p><strong>Vollst\u00e4ndiger Lebenslauf<\/strong>, <abbr title=\"unter anderem\">u.a.<\/abbr> <abbr title=\"inclusive\">inkl.<\/abbr> \u00dcberblick zu Vortr\u00e4gen und Interviews, veranstalteten Tagungen, eingeworbenen Drittmitteln, Stipendien und universit\u00e4rer Lehre (Download <a href=\"https:\/\/www.hsu-hh.de\/nng\/wp-content\/uploads\/sites\/713\/2025\/01\/Messingschlager_2025_Complete-CV.pdf\" target=\"_blank\" rel=\"noreferrer noopener\">hier<\/a>)<\/p>\n\n\n\n<hr class=\"wp-block-separator has-alpha-channel-opacity\" \/>\n\n\n\n<h2 class=\"wp-block-heading\">Ausgew\u00e4hlte Publikationen<\/h2>\n\n\n\n<p>Vollst\u00e4ndige Publikationsliste (Download <a href=\"https:\/\/www.hsu-hh.de\/nng\/wp-content\/uploads\/sites\/713\/2025\/01\/Messingschlager_2025_List-of-Publications.pdf\" target=\"_blank\" rel=\"noreferrer noopener\">hier<\/a>)<\/p>\n\n\n\n<p><a href=\"https:\/\/hsu-hh.academia.edu\/StefanMessingschlager\" target=\"_blank\" rel=\"noreferrer noopener\">academia.edu<\/a>-Profil<\/p>\n\n\n\n<p class=\"has-medium-font-size\"><strong>(Peer-Review) Aufs\u00e4tze und weitere Beitr\u00e4ge<\/strong><\/p>\n\n\n\n<p>Von Besuchsdiplomatie, Sozialistischem Realismus und Eigenwilligkeit: China-Perzeption und China-Deutung des K\u00fcnstlers Gustav Seitz in der jungen DDR (1950-1953), in: Berliner China-Hefte &#8211; Chinese History and Society 56 (2024), S. 133-156.<\/p>\n\n\n\n<p>Zur neueren Milit\u00e4rgeschichte Chinas als Forschungsgebiet: Bestandsaufnahme und Perspektiven, in: Milit\u00e4rgeschichtliche Zeitschrift 83\/1 (2024), S. 133-148.<\/p>\n\n\n\n<p>China Competence and China Expertise: Some Conceptual and Analytical Reflections, in: Zeitgeschichte-online, Mai 2024, URL: <a href=\"https:\/\/zeitgeschichte-online.de\/themen\/china-competence-and-china-expertise\" target=\"_blank\" rel=\"noreferrer noopener\">https:\/\/zeitgeschichte-online.de\/themen\/china-competence-and-china-expertise<\/a>.<\/p>\n\n\n\n<p>\u6c49\u5b66\u5bb6\u5085\u543e\u5eb7\uff1a\u7814\u7a76\u8005\u4e0e\u4e2d\u897f\u6587\u5316\u6865\u6881\uff0c\u8f7d\u4e8e\uff1a\u67cf\u6797\u56fd\u5bb6\u56fe\u4e66\u9986\uff0c2024\u5e748\u6708\uff0c\u53ef\u8bbf\u95ee\uff1ahttps:\/\/themen.crossasia.org\/franke\/?lang=zh-hans\uff0cDOI: <a href=\"https:\/\/doi.org\/10.48796\/20240822-000\" target=\"_blank\" rel=\"noreferrer noopener\">https:\/\/doi.org\/10.48796\/20240822-000<\/a>\u3002<\/p>\n\n\n\n<p>The Sinologist Wolfgang Franke as Researcher and Cultural Broker, in: CrossAsia Thematic Portals of the Berlin State Library (2024), abrufbar unter: <a href=\"https:\/\/themen.crossasia.org\/franke\/?lang=en\" target=\"_blank\" rel=\"noreferrer noopener\">https:\/\/themen.crossasia.org\/franke\/?lang=en<\/a>, DOI: <a href=\"https:\/\/doi.org\/10.48796\/20240806-000\" rel='nofollow'>https:\/\/doi.org\/10.48796\/20240806-000<\/a>.<\/p>\n\n\n\n<p>Gustav Seitz\u2019 \u201eStudienbl\u00e4tter aus China\u201c (1953). Eine China-Reise und die DDR-Zensur, in: Arbeit \u2013 Bewegung \u2013 Geschichte. Zeitschrift f\u00fcr historische Studien 2024\/II, S. 105-111.<\/p>\n\n\n\n<p>German Strategy on China \u2013 A Critical Appraisal\/ \u5fb7\u56fd\u5bf9\u4e2d\u56fd\u6218\u7565\u7684\u6279\u5224\u6027\u8bc4\u4f30, in: ASIEN. The German Journal on Contemporary Asia 166\/ 167 (Januar\/ April 2023), S. 140-151.<\/p>\n\n\n\n<p>David Armitages Genealogie des B\u00fcrgerkriegs: Eine kritische W\u00fcrdigung, in: Die Friedens-Warte. Journal of International Peace and Organization 96\/1-4 (2023), S. 238-246.<\/p>\n\n\n\n<p class=\"has-medium-font-size\"><strong>Rezensionen und Review Articles f\u00fcr Fachzeitschriften<\/strong><\/p>\n\n\n\n<p>[u.a. f\u00fcr Arbeit \u2013 Bewegung \u2013 Geschichte. Zeitschrift f\u00fcr historische Studien, Archiv f\u00fcr Kulturgeschichte, Archiv f\u00fcr Sozialgeschichte, ASIEN. The German Journal on Contemporary Asia, Berliner China-Hefte \u2013 Chinese History and Society, Comparativ. Zeitschrift f\u00fcr Globalgeschichte und vergleichende Gesellschaftsforschung, European History Quarterly, European Review of History: Revue europ\u00e9enne d&#8217;histoire, Historisch-Politisches Buch, International Studies Review, International Quarterly for Asian Studies, Journal of the European Association for Chinese Studies, Milit\u00e4rgeschichtliche Zeitschrift, Neue Politische Literatur. Berichte aus Geschichts- und Politikwissenschaft, SIRIUS \u2013 Zeitschrift f\u00fcr Strategische Analysen, The Economic History Review, Totalitarismus und Demokratie. Zeitschrift f\u00fcr Internationale Diktatur- und Freiheitsforschung, Vierteljahrschrift f\u00fcr Sozial- und Wirtschaftsgeschichte, Zeitschrift f\u00fcr Geschichtswissenschaft]<\/p>\n\n\n\n<hr class=\"wp-block-separator has-alpha-channel-opacity\" \/>\n\n\n\n<h2 class=\"wp-block-heading\">Public Outreach<\/h2>\n\n\n\n<p><\/p>\n\n\n\n<div class=\"wp-block-media-text is-stacked-on-mobile\"><figure class=\"wp-block-media-text__media\"><a href=\"https:\/\/www.hsu-hh.de\/nng\/wp-content\/uploads\/sites\/713\/2025\/03\/Messingschlager-zu-Urbansky-Wagner-China-und-Russland.jpg\" target=\"_blank\" rel=\" noreferrer noopener\"><img loading=\"lazy\" decoding=\"async\" width=\"915\" height=\"1024\" src=\"https:\/\/www.hsu-hh.de\/nng\/wp-content\/uploads\/sites\/713\/2025\/03\/Messingschlager-zu-Urbansky-Wagner-China-und-Russland-915x1024.jpg\" data-credit=\"S. Messingschlager\" alt=\"\" class=\"wp-image-2705 size-full\" srcset=\"https:\/\/www.hsu-hh.de\/nng\/wp-content\/uploads\/sites\/713\/2025\/03\/Messingschlager-zu-Urbansky-Wagner-China-und-Russland-915x1024.jpg 915w, https:\/\/www.hsu-hh.de\/nng\/wp-content\/uploads\/sites\/713\/2025\/03\/Messingschlager-zu-Urbansky-Wagner-China-und-Russland-268x300.jpg 268w, https:\/\/www.hsu-hh.de\/nng\/wp-content\/uploads\/sites\/713\/2025\/03\/Messingschlager-zu-Urbansky-Wagner-China-und-Russland-768x860.jpg 768w, https:\/\/www.hsu-hh.de\/nng\/wp-content\/uploads\/sites\/713\/2025\/03\/Messingschlager-zu-Urbansky-Wagner-China-und-Russland-1100x1231.jpg 1100w, https:\/\/www.hsu-hh.de\/nng\/wp-content\/uploads\/sites\/713\/2025\/03\/Messingschlager-zu-Urbansky-Wagner-China-und-Russland.jpg 1323w\" sizes=\"auto, (max-width: 915px) 100vw, 915px\" \/><\/a><\/figure><div class=\"wp-block-media-text__content\">\n<p>Stefan Messingschlager: Zwischen Konflikt und Kooperation, in: S\u00fcddeutsche Zeitung, Nr. 57, 10. M\u00e4rz 2025, S. 17. [Rezension zu: S\u00f6ren Urbansky; Martin Wagner: China und Russland. Kurze Geschichte einer langen Beziehung, Berlin 2025; Download <a href=\"https:\/\/www.hsu-hh.de\/nng\/wp-content\/uploads\/sites\/713\/2025\/03\/Messingschlager-zu-Urbansky-Wagner-China-und-Russland.pdf\" data-type=\"link\" data-id=\"https:\/\/www.hsu-hh.de\/nng\/wp-content\/uploads\/sites\/713\/2025\/03\/Messingschlager-zu-Urbansky-Wagner-China-und-Russland.pdf\" target=\"_blank\" rel=\"noreferrer noopener\">hier<\/a>]<\/p>\n<\/div><\/div>\n\n\n\n<p>\u201ePekingologie und wissenschaftliche China-Expertise in Deutschland nach 1949: Zur Scharnierfunktion des Sinologen Wolfgang Franke (1912\u20132007)\u201c \u2013 Vortrag an der Staatsbibliothek zu Berlin im Rahmen der Serie CrossAsia Talk (November 2024)<\/p>\n\n\n\n<p>\u201cChina und die Neuordnung der Welt. Eine Buchbesprechung\u201c \u2013 Diskussion mit der Sinologin Susanne Weigelin-Schwiedrzik \u00fcber China als Gro\u00dfmacht im 20.\/21. Jahrhundert, WebTalk ChinaPlus der Friedrich Naumann Stiftung (4. September 2024).<\/p>\n\n\n\n<p>\u201eZur Rolle Europas im geopolitischen Konflikt zwischen den USA und China\u201c \u2013 zu Gast bei WDR 5 Politikum &#8211; Der Meinungspodcast am 15. November 2023, abrufbar unter: <a href=\"https:\/\/www.ardaudiothek.de\/sendung\/wdr-5-politikum\/46798088\/\" target=\"_blank\" rel=\"noreferrer noopener\">https:\/\/www.ardaudiothek.de\/sendung\/wdr-5-politikum\/46798088\/<\/a><\/p>\n\n\n\n<p>\u201eDie deutsche China-Strategie \u2013 Spotlight Asia Live\u201c \u2013 zu Gast beim Thinktank Polis 180 am 9. August 2023, abrufbar unter: <a href=\"https:\/\/polis180.org\/events\/9-aug-die-deutsche-china-strategie-spotlight-asia-live\/\" target=\"_blank\" rel=\"noreferrer noopener\">https:\/\/polis180.org\/events\/9-aug-die-deutsche-china-strategie-spotlight-asia-live\/<\/a><\/p>\n\n\n\n<p>\u201eDeutscher China-Kurs \u2013 wie viel Wandel ist n\u00f6tig?\u201c \u2013 zu Gast bei \u201eRedezeit\u201c von NDR Info am 18. April 2023; abrufbar unter: <a href=\"https:\/\/www.ndr.de\/nachrichten\/info\/epg\/Deutscher-China-Kurs-wie-viel-Wandel-ist-noetig,sendung1341970.html\" target=\"_blank\" rel=\"noreferrer noopener\">https:\/\/www.ndr.de\/nachrichten\/info\/epg\/Deutscher-China-Kurs-wie-viel-Wandel-ist-noetig,sendung1341970.html<\/a><\/p>\n\n\n\n<p>\u201eDeutsche Chinapolitik: Was ist die richtige Balance?\u201c \u2013 Interview mit tagesschau.de; abrufbar unter: <a href=\"https:\/\/www.tagesschau.de\/inland\/regional\/schleswigholstein\/ndr-deutsche-chinapolitik-was-ist-die-richtige-balance-100.html\" target=\"_blank\" rel=\"noreferrer noopener\">https:\/\/www.tagesschau.de\/inland\/regional\/schleswigholstein\/ndr-deutsche-chinapolitik-was-ist-die-richtige-balance-100.html<\/a><\/p>\n\n\n\n<p><\/p>\n","protected":false},"excerpt":{"rendered":"<p>Stefan Messingschlager ist wissenschaftlicher Mitarbeiter und Dozent an der Professur f\u00fcr Neuere und Neueste Geschichte der Helmut-Schmidt-Universit\u00e4t Hamburg. Seine Forschungsschwerpunkte umfassen unter anderem die Geschichte der deutsch-chinesischen Beziehungen im 20. [&hellip;]<\/p>\n","protected":false},"author":147,"featured_media":0,"parent":1466,"menu_order":0,"comment_status":"closed","ping_status":"closed","template":"","meta":{"_EventAllDay":false,"_EventTimezone":"","_EventStartDate":"","_EventEndDate":"","_EventStartDateUTC":"","_EventEndDateUTC":"","_EventShowMap":false,"_EventShowMapLink":false,"_EventURL":"","_EventCost":"","_EventCostDescription":"","_EventCurrencySymbol":"","_EventCurrencyCode":"","_EventCurrencyPosition":"","_EventDateTimeSeparator":"","_EventTimeRangeSeparator":"","_EventOrganizerID":[],"_EventVenueID":[],"_OrganizerEmail":"","_OrganizerPhone":"","_OrganizerWebsite":"","_VenueAddress":"","_VenueCity":"","_VenueCountry":"","_VenueProvince":"","_VenueState":"","_VenueZip":"","_VenuePhone":"","_VenueURL":"","_VenueStateProvince":"","_VenueLat":"","_VenueLng":"","_VenueShowMap":false,"_VenueShowMapLink":false,"footnotes":""},"categories":[4,8],"tags":[],"class_list":["post-1478","page","type-page","status-publish","hentry","category-forschung","category-mitarbeiter"],"_links":{"self":[{"href":"https:\/\/www.hsu-hh.de\/nng\/wp-json\/wp\/v2\/pages\/1478","targetHints":{"allow":["GET"]}}],"collection":[{"href":"https:\/\/www.hsu-hh.de\/nng\/wp-json\/wp\/v2\/pages"}],"about":[{"href":"https:\/\/www.hsu-hh.de\/nng\/wp-json\/wp\/v2\/types\/page"}],"author":[{"embeddable":true,"href":"https:\/\/www.hsu-hh.de\/nng\/wp-json\/wp\/v2\/users\/147"}],"replies":[{"embeddable":true,"href":"https:\/\/www.hsu-hh.de\/nng\/wp-json\/wp\/v2\/comments?post=1478"}],"version-history":[{"count":124,"href":"https:\/\/www.hsu-hh.de\/nng\/wp-json\/wp\/v2\/pages\/1478\/revisions"}],"predecessor-version":[{"id":2714,"href":"https:\/\/www.hsu-hh.de\/nng\/wp-json\/wp\/v2\/pages\/1478\/revisions\/2714"}],"up":[{"embeddable":true,"href":"https:\/\/www.hsu-hh.de\/nng\/wp-json\/wp\/v2\/pages\/1466"}],"wp:attachment":[{"href":"https:\/\/www.hsu-hh.de\/nng\/wp-json\/wp\/v2\/media?parent=1478"}],"wp:term":[{"taxonomy":"category","embeddable":true,"href":"https:\/\/www.hsu-hh.de\/nng\/wp-json\/wp\/v2\/categories?post=1478"},{"taxonomy":"post_tag","embeddable":true,"href":"https:\/\/www.hsu-hh.de\/nng\/wp-json\/wp\/v2\/tags?post=1478"}],"curies":[{"name":"wp","href":"https:\/\/api.w.org\/{rel}","templated":true}]}}