{"id":1257,"date":"2021-05-18T11:26:03","date_gmt":"2021-05-18T09:26:03","guid":{"rendered":"https:\/\/www.hsu-hh.de\/hiswes\/?page_id=1257"},"modified":"2024-03-12T11:02:05","modified_gmt":"2024-03-12T10:02:05","slug":"loch","status":"publish","type":"page","link":"https:\/\/www.hsu-hh.de\/nng\/team\/loch","title":{"rendered":"PD Dr. Thorsten Loch"},"content":{"rendered":"<script type=\"application\/ld+json\">[{\"@context\": \"https:\/\/www.schema.org\",\"@type\": \"Person\",\"name\": \"  \",\"worksFor\": [{\t\"@type\": \"Organization\",\t\"name\": \"\",\t\"url\": \"https:\/\/www.hsu-hh.de\"}],\"image\": \"https:\/\/www.hsu-hh.de\/nng\/wp-content\/uploads\/sites\/713\/2023\/09\/PD-Dr.-Loch-scaled-e1694527883992-150x150.jpg\",\"telephone\": \"\",\"faxNumber\": \"\",\"email\": \"ThorstenLoch@Bundeswehr.org\"}]<\/script><div class=\"clearfix\"><\/div><div class=\"ansprechparter-container \" style=\"margin-top:1em; \"><div class=\"row ansprechpartner-item ansprechparter-header\" ><div class=\"col-xs-8 col-lg-12\" style=\"margin-bottom: 30px;\"><h3 class=\"ansprechparter-headline\">  <\/h3><\/div><\/div><div class=\"col-md-4 col-lg-3 col-xs-4 ansprechpartner-item floatright img-circle center-block\" style=\"margin-bottom: 30px;\"><div class=\"img-responsive-wrapper\"><img decoding=\"async\" src=\"https:\/\/www.hsu-hh.de\/nng\/wp-content\/uploads\/sites\/713\/2023\/09\/PD-Dr.-Loch-scaled-e1694527883992-150x150.jpg\" alt=\"\" class=\"img-circle img-responsive center-block\" \/><\/div><\/div><div class=\"col-md-12 col-lg-3 col-xs-12 ansprechpartner-item kontakt floatright\" style=\"margin-bottom: 30px; \"><div class=\"row\"><div class=\"col-xs-12 col-sm-6 col-lg-12\"><div class=\"row\"><div class=\"col-xs-4 col-lg-4 row-text bold\">E-Mail:<\/div><div class=\"row-text\" style=\"overflow:hidden; word-break: break-word\"><a href=\"mailto:ThorstenLoch@Bundeswehr.org\" rel=\"nofollow\">ThorstenLoch@Bundeswehr.org<\/a><\/div><\/div><\/div><\/div><\/div><div class=\"col-md-6 col-lg-3 col-xs-12 ansprechpartner-item anschrift floatright\" ><div class=\"row-headline\">Besucheranschrift<\/div><div class=\"dataBesucheranschrift\" style=\"\"><div class=\"row-text\"> <\/div><\/div><\/div><div class=\"col-md-6 col-lg-3 col-xs-12 ansprechpartner-item anschrift floatright\"><div class=\"row-headline\">Postanschrift<\/div><div class=\"dataPostanschrift\" style=\"\"><div class=\"row-text\">  <\/div><\/div><\/div><\/div><div class=\"clearfix\"><\/div>\n\n<p><br \/><h3>Curriculum Vitae<\/h3><\/p>\n<p>seit 01\/2023<br \/>kommissarischer Leiter des Forschungsbereichs Einsatz am Zentrum f\u00fcr Milit\u00e4rgeschichte und Sozialwissenschaften der Bundeswehr, Potsdam<\/p>\n<p>01\/2022 bis 12\/2022<br \/>Projektbereichsleiter am Zentrum f\u00fcr Milit\u00e4rgeschichte und Sozialwissenschaften der Bundeswehr, Potsdam<\/p>\n<p>01\/2021<br \/>Habilitation an der Fakult\u00e4t f\u00fcr Geistes- und Sozialwissenschaften an der Helmut-Schmidt-Universit\u00e4t \/ Universit\u00e4t der Bundeswehr Hamburg<\/p>\n<p>11\/2019<br \/>Erster Preis des F\u00f6rderpreises f\u00fcr Milit\u00e4rgeschichte und Milit\u00e4rtechnikgeschichte der Bundeswehr<\/p>\n<p>01\/2019 bis 01\/2022<br \/>Referent f\u00fcr Milit\u00e4rgeschichte und Traditionspflege im Bundesministerium der Verteidigung, Berlin<\/p>\n<p>seit 09\/2013<br \/>Redakteur der Milit\u00e4rgeschichtlichen Zeitschrift<\/p>\n<p>07\/2013 bis 01\/2019<br \/>wiss. Mitarbeiter am Milit\u00e4rgeschichtlichen Forschungsamt \/ Zentrum f\u00fcr Milit\u00e4rgeschichte und Sozialwissenschaften der Bundeswehr, Potsdam<\/p>\n<p>08\/2010 bis 07\/2013<br \/>B\u00fcroleiter des Amtschefs des Milit\u00e4rgeschichtlichen Forschungsamts \/ Zentrums f\u00fcr Milit\u00e4rgeschichte und Sozialwissenschaften der Bundeswehr, Potsdam<\/p>\n<p>01\/2009 bis 08\/2010<br \/>Dozent f\u00fcr Milit\u00e4rgeschichte an der Offizierschule des Heeres, Dresden<\/p>\n<p>08\/2006<br \/>Promotion zum <abbr title=\"Doktor\">Dr.<\/abbr> phil an der p\u00e4dagogischen Fakult\u00e4t der Universit\u00e4t der Bundeswehr Hamburg<\/p>\n<p>07\/2006 bis 12\/2008<br \/>Kompaniechef<\/p>\n<p>08\/2004 bis 06\/2006<br \/>wiss. Mitarbeiter am Milit\u00e4rgeschichtlichen Forschungsamt<\/p>\n<p>03\/2002 bis 07\/2004<br \/>Truppenverwendung<\/p>\n<p>10\/1998 bis 03\/2002<br \/>Studium der Geschichts- und Sozialwissenschaften an der Universit\u00e4t der Bundeswehr Hamburg<\/p>\n<p>07\/1995 bis 09\/1998<br \/>Eintritt in die Bundeswehr als Offizieranw\u00e4rter und Ausbildung zum Offizier der Panzergrenadiertruppe\u00a0<\/p>\n<p><br \/><h3>Forschungsinteressen<\/h3><\/p>\n<ul>\n<li>Milit\u00e4rgeschichte des 19. und 20. Jahrhunderts<\/li>\n<li>Historische Bildkunde<\/li>\n<\/ul>\n<p><br \/><h3>Forschungsprojekte<\/h3><\/p>\n<ul>\n<li><strong>Die Sicherheits- und Verteidigungspolitik der Bundesrepublik Deutschland 1990 bis 2021<\/strong><br \/>Vor dem Hintergrund des Endes des Kalten Krieges, einer sich ver\u00e4ndernden Weltordnung sowie einer gewandelten \u201eDeutschen Frage\u201c wendet sich das Projekt dem Milit\u00e4r als Instrument der Au\u00dfen-, Sicherheits- und Verteidigungspolitik der Bundesrepublik Deutschland, der Institutionengeschichte der Bundeswehr (Milit\u00e4r, Staat &amp; Gesellschaft) sowie ihrer Funktionsgeschichte zu. Nicht mehr der einzelne Einsatz (<abbr title=\"zum Beispiel\">z.B.<\/abbr> Afghanistan) als Ph\u00e4nomen, sondern die kontextualisierende Geschichte der Sicherheits- und Verteidigungspolitik der Bundesrepublik Deutschland 1990 bis 2021 steht im Zentrum der \u00dcberlegungen.<\/li>\n<\/ul>\n<p><br \/><h3>Publikationen<\/h3><\/p>\n<p><strong>1. Monographien<\/strong><\/p>\n<ul>\n<li>Deutsche Generale 1945 bis 1990. Profession \u2013 Karriere \u2013 Herkunft, Berlin 2021 (= Deutsch-Deutsche Milit\u00e4rgeschichte, 2)<\/li>\n<li>Das Gesicht der Bundeswehr. Kommunikationsstrategien in der Freiwilligenwerbung der Bundeswehr. 1956 bis 1989. M\u00fcnchen 2008 (= Sicherheitspolitik und Streitkr\u00e4fte der Bundesrepublik Deutschland, 8)<\/li>\n<\/ul>\n<p><strong>2. Herausgeberschriften<\/strong><\/p>\n<ul>\n<li>Friedrich Clauson von Kaas, \u201ePotsdam ist geschlagen\u201c. Briefe aus dem Deutsch-Franz\u00f6sischen Krieg 1870\/71. Im Auftrag des Zentrums f\u00fcr Milit\u00e4rgeschichte und Sozialwissenschaften der Bundeswehr hrsg. von Thorsten Loch und Markus Vette. Mit einem Beitrag von Robert H. Larson, Freiburg 2016<\/li>\n<li>Wie Napoleon nach Waterloo kam. Eine kleine Geschichte der Befreiungskriege 1813 bis 1815. Im Auftrag des Zentrums f\u00fcr Milit\u00e4rgeschichte und Sozialwissenschaften der Bundeswehr, Potsdam, in Verbindung mit dem Napoleon-Museum, Thurgau, hrsg. von Eberhard Birk, Thorsten Loch und Peter A. Popp, Freiburg 2015<\/li>\n<li>Wie Friedrich \u201eder Gro\u00dfe\u201c wurde. Eine kleine Geschichte des Siebenj\u00e4hrigen Krieges 1756 bis 1763. In Zusammenarbeit mit dem Milit\u00e4rgeschichtlichen Forschungsamt, Potsdam, und dem Milit\u00e4rhistorischen Museum der Bundeswehr, Dresden hrsg. von Eberhard Birk, Thorsten Loch und Peter A. Popp, Freiburg 2012<\/li>\n<li>Wie die Siegess\u00e4ule nach Berlin kam. Eine kleine Geschichte der Reichseinigungskriege 1864 bis 1871. In Zusammenarbeit mit dem Milit\u00e4rgeschichtlichen Forschungsamt, Potsdam, und dem Napoleonmuseum Thurgau hrsg. von Thorsten Loch und Lars Zacharias, Freiburg 2011<\/li>\n<li>Wegweiser zur Geschichte. Nordafrika. Im Auftrag des Milit\u00e4rgeschichtlichen Forschungsamtes hrsg. von Martin Hofbauer und Thorsten Loch, Paderborn <abbr title=\"unter anderem\">u.a.<\/abbr> 2011<\/li>\n<li>Das Wachbataillon beim Bundesministerium der Verteidigung (1957-2007). Geschichte \u2013 Auftrag \u2013 Tradition. Im Auftrag des Wachbataillons beim Bundesministerium der Verteidigung in Zusammenarbeit mit dem Milit\u00e4rgeschichtlichen Forschungsamt hrsg. von Thorsten Loch, Hamburg <abbr title=\"unter anderem\">u.a.<\/abbr> 2007<\/li>\n<\/ul>\n<p><strong>3. Aufs\u00e4tze<\/strong><\/p>\n<ul>\n<li>Zwischen Erinnerungskultur und Geschichtspolitik. Kasernennamen in der Bundesrepublik Deutschland. In: Vierteljahrshefte f\u00fcr Zeitgeschichte 72 (2024) 1, S. 1-29<\/li>\n<li>Die \u201eEhrenerkl\u00e4rung\u201c Adenauers vom 3. Dezember 1952. Ein staatspolitischer Meilenstein zur Verortung des zuk\u00fcnftigen Milit\u00e4rs in der fr\u00fchen Bundesrepublik. In: Historisch-Politische Mitteilungen 30 (2023), S. 5-36 [gem. mit Agilolf Ke\u00dfelring]<\/li>\n<li>Through Artillery from Thrust to Fire: How Prussian Military Thinking Anticipated Emergent Warfare in 1870. In: War in History. August 2023 online first unter <a href=\"https:\/\/doi.org\/10.1177\/09683445231193878\" target=\"_blank\" rel=\"noopener\">https:\/\/doi.org\/10.1177\/09683445231193878<\/a> [gem. mit Agilolf Ke\u00dfelring]<\/li>\n<li>Zur sozialen Herkunft deutscher Admirale und Luftwaffengenerale im Kalten Krieg. Eine sozialempirische Dokumentation zur deutsch-deutschen Milit\u00e4rgeschichte. In: Milit\u00e4rgeschichtliche Zeitschrift 81 (2022) 2, S. 486-515 [gem. mit Daniel F. M\u00fcller, Andr\u00e9 Naumann und Stephanie Schulz]<\/li>\n<li>Der Kulturraum des Milit\u00e4rischen und die Rekrutierung milit\u00e4rischer Eliten in Ost und West. In: Deutsche Milit\u00e4rgeschichte in Europa 1945 bis 1990. Repr\u00e4sentation, Organisation und Tradition von Streitkr\u00e4ften in Demokratie und Diktatur. Im Auftrag des Zentrums f\u00fcr Milit\u00e4rgeschichte und Sozialwissenschaften der Bundeswehr hrsg. von J\u00f6rg Echternkamp und Christoph N\u00fcbel, Berlin 2022 (= Deutsch-Deutsche Milit\u00e4rgeschichte, 4), S. 305-322<\/li>\n<li>Sozialforschung und Geschichtsschreibung. Betrachtungen eines Grenzg\u00e4ngers. In: Empirische Sozialforschung in den Streitkr\u00e4ften. Positionen, Erfahrungen, Kontroversen. <abbr title=\"Herausgeber\">Hrsg.<\/abbr> von Martin Elbe, Heiko Biehl und Markus Steinbrecher, Berlin 2021 (= Sozialwissenschaftliche Studien des Zentrums f\u00fcr Milit\u00e4rgeschichte und Sozialwissenschaften der Bundeswehr, 23), S. 437-459<\/li>\n<li>K\u00f6niggr\u00e4tz 1866. Zwischen politischem Konstrukt und milit\u00e4rischer Entscheidung. In: Krieg. Macht. Nation. <abbr title=\"Herausgeber\">Hrsg.<\/abbr> von Gerhard Bauer, Katja Protte und Armin Wagner, Dresden 2020, S. 130-139 [gem. mit Lars Zacharias]<\/li>\n<li>Mythos K\u00f6niggr\u00e4tz: Zum politischen Konstrukt der Schlacht von 1866. Eine operationsgeschichtliche Analyse. In: Der preu\u00dfisch-\u00f6sterreichische Krieg 1866. <abbr title=\"Herausgeber\">Hrsg.<\/abbr> von Winfried Heinemann, Lothar H\u00f6belt und Ulrich Lappenk\u00fcper, Paderborn 2018 (= Otto-von-Bismarckstiftung. Wissenschaftliche Reihe, 26), S. 161-188. Abgewandelt in englischer \u00dcbersetzung erschienen als The K\u00f6niggr\u00e4tz Myth: On the Political Construct of the Battle of 1866 (An operations history analasys). In: Mlhy na Chlumu. Prusko-Rakousk\u00e1 v\u00e1lka v optice modern\u00ed historiografie. Ed by Museum v\u00fdchodn\u00edch \u010cech v Hradci Kr\u00e1lov\u00e9 and Filozofick\u00e1 fakulta Univerzity Hradec Kr\u00e1lov\u00e9, Hradec Kr\u00e1lov\u00e9 2018, S. 86-103 [gemeinsam mit Lars Zacharias]<\/li>\n<li>Deutsche Milit\u00e4rgeschichte von 1945 bis 1990 im internationalen Kontext. Bilanz und Perspektiven der Forschung. In: Milit\u00e4rgeschichtliche Zeitschrift 76 (2017) 1, S. 132-170 [gemeinsam mit J. Echternkamp, D. Kollmer, R. Vollmuth und R. Wenzke]<\/li>\n<li>Das Gefecht von Langensalza. \u00dcberlegungen zu seiner operativen Dimension. In: Niedersachsen. Zeitschrift f\u00fcr Kultur, Geschichte, Heimat und Natur seit 1895, (2016) 2, S. 32-37 [gem. mit Lars Zacharias]<\/li>\n<li>The Battlefield of K\u00f6niggr\u00e4tz revisited. In: International Journal of Military History and Historiography (IJMH), 36 (2016) 2, S. 192-201 [gem. mit Lars Zacharias]<\/li>\n<li>Bilder der Kriegsmarine. \u00dcberlegungen zu den Soldatenbildern der Wehrmacht. In: Die Kriegsmarine. Eine Bestandsaufnahme. <abbr title=\"Herausgeber\">Hrsg.<\/abbr> von Stephan Huck, Bochum 2016 (=Kleine Schriftenreihe zur Milit\u00e4r- und Marinegeschichte, 25), S. 189-201, 271-275<\/li>\n<li>\u201eA gentlemen\u2018s business\u2026\u201c. Die Organisation Gehlen und die Erforschung der Anf\u00e4nge westdeutscher Sicherheitspolitik. Ein Interview mit dem Milit\u00e4rhistoriker Georg Meyer. In: Achtung Spione. Geheimdienste in Deutschland von 1945 bis 1956. 2 Bde, Bd Essays, hrsg. von Magnus Pahl, Georg Pieken und Matthias Rogg, Dresden 2016 (= Forum MHM. Schriftenreihe des Milit\u00e4rhistorischen Museums der Bundeswehr, 11), S. 327-335<\/li>\n<li>\u201eC\u2019est guerre.\u201c Ein Potsdamer Sekond-Lieutenant im Krieg von 1870\/71. In: Friedrich Clauson von Kaas, \u201ePotsdam ist geschlagen\u201c. Briefe aus dem deutsch-franz\u00f6sischen Krieg 1870\/71. Im Auftrag des Zentrums f\u00fcr Milit\u00e4rgeschichte und Sozialwissenschaften der Bundeswehr hrsg. von Thorsten Loch und Markus Vette. Mit einem Beitrag von Robert H. Larson, Freiburg 2016, S. 9-45<\/li>\n<li>Der \u201eBesprechungsplan\u201c vom 5. Januar 1950. Gr\u00fcndungsdokument der Bundeswehr? Eine Dokumentation zu den Anf\u00e4ngen westdeutscher Sicherheitspolitik. In: Historisch Politische Mitteilungen 22 (2015), S. 199-229. [gem. mit A. Kesselring]<\/li>\n<li>Himmerod war nicht der Anfang. Bundesminister Eberhard Wildermuth und die Anf\u00e4nge westdeutscher Sicherheitspolitik, in: Milit\u00e4rgeschichtliche Zeitschrift<br \/>74 (2015) 1\/2, S. 60-96 [gem. mit A. Kesselring]<\/li>\n<li>Die Reorganisation des Offizierskorps und des Generalquartiermeisterstabes. In: Wie Napoleon nach Waterloo kam. Eine kleine Geschichte der Befreiungskriege 1813 bis 1815. Im Auftrag des Zentrums f\u00fcr Milit\u00e4rgeschichte und Sozialwissenschaften der Bundeswehr, in Verbindung mit dem Napoleonmuseum, Thurgau hrsg. von Eberhard Birk, Thorsten Loch und Peter A. Popp, Freiburg 2015, S. 106-111<\/li>\n<li>Einleitung: Eine kleine Geschichte der Befreiungskriege. In: Wie Napoleon nach Waterloo kam. Eine kleine Geschichte der Befreiungskriege 1813 bis 1815. Im Auftrag des Zentrums f\u00fcr Milit\u00e4rgeschichte und Sozialwissenschaften der Bundeswehr, in Verbindung mit dem Napoleonmuseum, Thurgau hrsg. von Eberhard Birk, Thorsten Loch und Peter A. Popp, Freiburg 2015, S. 1-5 [gem. mit E. Birk und P. Popp]<\/li>\n<li>The German Empire, the European Powers and the Balkan Settlement at the Congress of Berlin of 1878. In: The Balkans and the History of the Balkans from the XIVth Century to the Present, edited by Asker\u00ee Tarih ve Stratejik Et\u00fct, Ankara 2014 (=XIVth Congress of Military History Papers, 1), S. 273-283; zudem in serbischer \u00dcbersetzung erschienen in Military Historical Review (2014) 1, S. 123-136<\/li>\n<li>German Operational Thinking in World War I. In: World War I Companion, edited by Matthias Strohn, Oxford 2013, S. 33-46<\/li>\n<li>Soldatenbilder der Bundesrepublik Deutschland 1956-1990. In: Flugbl\u00e4tter \u2013 Plakate \u2013 Propaganda. Die Arbeit mit appellativen Bild-Text-Dokumenten im Geschichtsunterricht. <abbr title=\"Herausgeber\">Hrsg.<\/abbr> von Michael Wobring, Susanne Popp, Daniel Probst und Claudius Springkart, St. Ingbert 2013 (=Historica et Didactica. Fortbildung Geschichte. Ideen und Materialien f\u00fcr Unterricht und Lehre, 5), S. 59-71<\/li>\n<li>The Scutari international mission and German &#8222;detours&#8220; on the eve of the First World War. In: Decleration of Independence of Albania and international Environment, ed. by Training and Doctrine Command Albanian Forces Academy, Tirana 2012, S. 45-53, ebenfalls erschienen in: Studime p\u0451r Historin\u0451 Ushtarake 7 (2014) 1, S. 22-37<\/li>\n<li>Le relazioni fra Italia e Prussia e la guerra del 1870, in: 1861-1871. Il Nuovo Stato, Roma, 2012, S. 133-154<\/li>\n<li>Milit\u00e4r, Staat und Gesellschaft in Preu\u00dfen. In: Wie Friedrich \u201eder Gro\u00dfe\u201c wurde. Eine kleine Geschichte des Siebenj\u00e4hrigen Krieges 1756 bis 1763. In Zusammenarbeit des Milit\u00e4rgeschichtlichen Forschungsamtes, Potsdam und des Milit\u00e4rhistorischen Museums der Bundeswehr, Dresden hrsg. von Eberhard Birk, Thorsten Loch und Peter A. Popp, Freiburg 2012, S. 14-22<\/li>\n<li>Eine kleine Geschichte des Siebenj\u00e4hrigen Krieges. In: Wie Friedrich \u201eder Gro\u00dfe\u201c wurde. Eine kleine Geschichte des Siebenj\u00e4hrigen Krieges 1756 bis 1763. In Zusammenarbeit des Milit\u00e4rgeschichtlichen Forschungsamtes, Potsdam und des Milit\u00e4rhistorischen Museums der Bundeswehr, Dresden hrsg. von Eberhard Birk, Thorsten Loch und Peter A. Popp, Freiburg 2012, S. 1-3 [gem. mit E. Birk und P. Popp]<\/li>\n<li>Luftwaffenmotive in der Fr\u00fchphase der Freiwilligenwerbung der Bundeswehr. In: Gneisenau Bl\u00e4tter. Themenheft Sicherheitspolitik und Luftwaffe seit 1956. 11 (2012), S. 16-22<\/li>\n<li>\u201eGeneration Einsatz\u201c und die Frage des Leitbilds: Probleme nationaler Milit\u00e4rtradition. In: Tradition f\u00fcr die Bundeswehr. Neue Aspekte einer alten Debatte. <abbr title=\"Herausgeber\">Hrsg.<\/abbr> von Eberhard Birk, Winfried Heinemann und Sven Lange, Berlin 2012, S. 51-66 [gemeinsam mit Martin Mayer]<\/li>\n<li>Frontk\u00e4mpfer \u2013 rassischer K\u00e4mpfer \u2013 Nichtk\u00e4mpfer. \u00dcberlegungen zum Bild des deutschen Soldaten im 20. Jahrhundert. In: Milit\u00e4r in Frankreich und Deutschland 1870-2010. Vergleich, Verflechtung und Wahrnehmung zwischen Konflikt und Kooperation. Im Auftrag des Deutschen Historischen Instituts Paris und des Milit\u00e4rgeschichtlichen Forschungsamtes, Potsdam, hrsg. von J\u00f6rg Echternkamp und Stefan Martens, Paderborn 2012, S. 91-108<\/li>\n<li>Doderer Schmul \u2013 ein napoleonischer Soldat aus Niederzissen. Zum Soldatenbildnis eines Eifler Landjuden von 1807. In: J\u00fcdische Soldaten \u2013 J\u00fcdischer Widerstand in Deutschland und Frankreich. <abbr title=\"Herausgeber\">Hrsg.<\/abbr> von Michael Berger und Gideon R\u00f6mer-Hillebrecht, Paderborn 2012, S. 73-88<\/li>\n<li>Die Milit\u00e4rhistorische Gel\u00e4ndebegehung. Mittel der Historischen Bildung und Instrument der milit\u00e4rhistorischen Forschung. In: Gneisenau Bl\u00e4tter, Themenheft Milit\u00e4rgeschichte in der Bundeswehr. 10 (2011), S. 39-47 [gemeinsam mit Lars Zacharias]<\/li>\n<li>Wie Kriege enden. Die Friedensschl\u00fcsse von Wien, Prag und Frankfurt. In: Wie die Siegess\u00e4ule nach Berlin kam. Eine kleine Geschichte der Reichseinigungskriege 1864 bis 1871. In Zusammenarbeit mit dem Milit\u00e4rgeschichtlichen Forschungsamt, Potsdam, und dem Napoleonmuseum Thurgau hrsg. von Thorsten Loch und Lars Zacharias, Freiburg 2011, S. 146-153 [gemeinsam mit Agilolf Kesselring]<\/li>\n<li>Die Entwicklung des Kriegswesens im 19. Jahrhundert. In: Wie die Siegess\u00e4ule nach Berlin kam. Eine kleine Geschichte der Reichseinigungskriege 1864 bis 1871. In Zusammenarbeit mit dem Milit\u00e4rgeschichtlichen Forschungsamt, Potsdam, und dem Napoleonmuseum Thurgau hrsg. von Thorsten Loch und Lars Zacharias, Freiburg 2011, S. 27-33<\/li>\n<li>Eine kleine Geschichte der Reichseinigungskriege. In: Wie die Siegess\u00e4ule nach Berlin kam. Eine kleine Geschichte der Reichseinigungskriege 1864 bis 1871. In Zusammenarbeit mit dem Milit\u00e4rgeschichtlichen Forschungsamt, Potsdam, und dem Napoleonmuseum Thurgau hrsg. von Thorsten Loch und Lars Zacharias, Freiburg 2011, S. 3-7 [gemeinsam mit Lars Zacharias]<\/li>\n<li>Nordafrika zwischen kolonialer Fremdbestimmung und Souver\u00e4nit\u00e4t (1900-1945). In: Wegweiser zur Geschichte. Nordafrika, im Auftrag des Milit\u00e4rgeschichtlichen Forschungsamtes hrsg. von Martin Hofbauer und Thorsten Loch, Paderborn <abbr title=\"unter anderem\">u.a.<\/abbr> 2011, S. 99-111<\/li>\n<li>Einleitung. In: Wegweiser zur Geschichte. Nordafrika, im Auftrag des Milit\u00e4rgeschichtlichen Forschungsamtes hrsg. von Martin Hofbauer und Thorsten Loch, Paderborn <abbr title=\"unter anderem\">u.a.<\/abbr> 2011, S. 7-19 [gemeinsam mit Martin Hofbauer]<\/li>\n<li>Betrachtungen zur Operationsgeschichte einer Schlacht. In: \u00d6sterreichische Milit\u00e4rische Zeitschrift (\u00d6MZ). 49 (2011, 4), S. 436-444 [gemeinsam mit Lars Zacharias]<\/li>\n<li>K\u00f6niggr\u00e4tz 1866. Die Operationen zwischen dem 22. Juni und 3. Juli 1866. In: \u00d6sterreichische Milit\u00e4rische Zeitschrift. 48 (2010, 6), S. 707-715 [gemeinsam mit Lars Zacharias]<\/li>\n<li>Tradition in deutschen Streitkr\u00e4ften. In: Milit\u00e4rgeschichte. Zeitschrift f\u00fcr historische Bildung. Heft 3\/2010, S. 8-11 [gemeinsam mit Lars Zacharias]<\/li>\n<li>Zum Verh\u00e4ltnis von B\u00fcrger und Kriegsbild. Ein historischer Abriss der Wehrpflicht in Deutschland. In: Wehrpflicht \u2013 Legitimes Kind der Demokratie. <abbr title=\"Herausgeber\">Hrsg.<\/abbr> von Andreas Ahammer und Stephan Nachtigall, Berlin 2010 (=Wissenschaft und Sicherheit, 7), S. 40-56<\/li>\n<li>Alte und neue Gesichter der Bundeswehr \u2013 Herausforderungen an die visuelle Kommunikation des \u00f6ffentlichen Soldatenbildes. In: Reader Sicherheitspolitik. Januar 2009. Onlinepublikation unter http:\/\/www.readersipo.de<\/li>\n<li>Das Bild vom demokratischen Soldaten. Die Werbung der Bundeswehr um ihren Nachwuchs. In: Das Jahrhundert der Bilder. 1949 bis heute. <abbr title=\"Herausgeber\">Hrsg.<\/abbr> von Gerhard Paul, G\u00f6ttingen 2008, S. 138-145 zugleich erschienen in Bonn 2008 (=Bundeszentrale f\u00fcr politische Bildung, 734), S. 138-145<\/li>\n<li>Die Freiwilligenwerbung der Bundeswehr 1956 bis 1989\/90. In: Milit\u00e4rgeschichte. Zeitschrift f\u00fcr historische Bildung. Heft 1\/2008, S. 14-17<\/li>\n<li>50 Jahre Wachbataillon beim Bundesministerium der Verteidigung \u2013 Eine Einleitung. In: Das Wachbataillon beim Bundesministerium der Verteidigung (1957-2007). Geschichte \u2013 Auftrag \u2013 Tradition. Im Auftrag des Wachbataillons beim Bundesministerium der Verteidigung in Zusammenarbeit mit dem Milit\u00e4rgeschichtlichen Forschungsamt hrsg. von Thorsten Loch. Hamburg <abbr title=\"unter anderem\">u.a.<\/abbr> 2007, S. 9-16<\/li>\n<li>\u201eStufen zum Erfolg\u201c. Die Werbebotschaften in der Bildkommunikation der fr\u00fchen Bundeswehr. In: Die Bundeswehr 1955 bis 2005. R\u00fcckblenden \u2013 Einsichten \u2013 Perspektiven. Im Auftrag des Milit\u00e4rgeschichtlichen Forschungsamtes hrsg. von Frank N\u00e4gler, M\u00fcnchen 2007 (=Sicherheitspolitik und Streitkr\u00e4fte der Bundesrepublik Deutschland, 7), S. 195-212<\/li>\n<li>Zur Rolle der Medien in asymmetrischen Konflikten. Milit\u00e4rgeschichte und Medienwissenschaften im Fokus. In: Mittelweg 36. 16 (2007, 4). S. 25-38. Auch erschienen online unter <a href=\"http:\/\/www.eurozine.com\/articles\/2007-09-27-loch-de.html\" target=\"_blank\" rel=\"noopener\">http:\/\/www.eurozine.com\/articles\/2007-09-27-loch-de.html<\/a> <abbr title=\"beziehungsweise\">bzw.<\/abbr> <a href=\"http:\/\/eurozine.com\/pdf\/2007-09-27-loch-de.pdf\" target=\"_blank\" rel=\"noopener\">http:\/\/eurozine.com\/pdf\/2007-09-27-loch-de.pdf<\/a><\/li>\n<li>Die Invasion 1944 \u2013 Wende im Zweiten Weltkrieg? In: Milit\u00e4rgeschichte. Zeitschrift f\u00fcr historische Bildung. Heft 4\/2006, S. 18-21<\/li>\n<li>Soldatenbilder im Wandel. Die Nachwuchswerbung der Bundeswehr in Werbeanzeigen. In: Visual History. Ein Studienbuch. <abbr title=\"Herausgeber\">Hrsg.<\/abbr> von Gerhard Paul, G\u00f6ttingen 2006, S. 265-282<\/li>\n<li>Die Historische Bildkunde in der Milit\u00e4rgeschichtsschreibung: Das fr\u00fche Soldatenbild in der Freiwilligenwerbung der Bundeswehr von 1956. In: Bildungs- und kulturgeschichtliche Forschung. Tagungsergebnisse \u2013Erschlie\u00dfungshorizonte. <abbr title=\"Herausgeber\">Hrsg.<\/abbr> von Rudolf W. Keck, Sabine Kirk und Hartmut Schr\u00f6der, Baltmannsweiler 2006, S. 57-75<\/li>\n<li>Nachwuchswerbung im Spannungsfeld von Bundeswehr und Gesellschaft. In: Entschieden f\u00fcr Frieden \u2013 50 Jahre Bundeswehr. Im Auftrag des Milit\u00e4rgeschichtlichen Forschungsamtes hrsg. von Klaus-J\u00fcrgen Bremm, Hans-Hubertus Mack und Martin Rink, Freiburg 2005, S. 425-438<\/li>\n<li>Die Panzergrenadiere in der Heeresstruktur 4 (1980-1990). In: Panzergrenadiere. Eine Truppengattung im Spiegel ihrer Geschichte. <abbr title=\"Herausgeber\">Hrsg.<\/abbr> von Klaus-Christian Richter, Munster 2004 (20062, 20113), S. 325-341<\/li>\n<li>Die Panzergrenadiere in der Heeresstruktur 5 (1990-1995). In: Panzergrenadiere. Eine Truppengattung im Spiegel ihrer Geschichte, <abbr title=\"Herausgeber\">Hrsg.<\/abbr> von Klaus-Christian Richter, Munster 2004 (20062, 20113), S. 343-355<\/li>\n<li>\u201eAufkl\u00e4rung der Bev\u00f6lkerung\u201c in Hamburg. Zur deutschen Inlandspropaganda w\u00e4hrend des Ersten Weltkrieges. In: Milit\u00e4rgeschichtliche Zeitschrift, 62 (2003) 1, S. 41-70<\/li>\n<\/ul>\n<p><strong>4. Rezensionen<\/strong><\/p>\n<ul>\n<li>H-German H-Net Reviews, H-Soz-Kult, MGZ, ZfAS<\/li>\n<\/ul>\n<p><br \/><\/p>\n\n\n<p><\/p>\n","protected":false},"excerpt":{"rendered":"<p>Curriculum Vitae seit 01\/2023kommissarischer Leiter des Forschungsbereichs Einsatz am Zentrum f\u00fcr Milit\u00e4rgeschichte und Sozialwissenschaften der Bundeswehr, Potsdam 01\/2022 bis 12\/2022Projektbereichsleiter am Zentrum f\u00fcr Milit\u00e4rgeschichte und Sozialwissenschaften der Bundeswehr, Potsdam 01\/2021Habilitation [&hellip;]<\/p>\n","protected":false},"author":147,"featured_media":0,"parent":1466,"menu_order":0,"comment_status":"closed","ping_status":"closed","template":"","meta":{"_EventAllDay":false,"_EventTimezone":"","_EventStartDate":"","_EventEndDate":"","_EventStartDateUTC":"","_EventEndDateUTC":"","_EventShowMap":false,"_EventShowMapLink":false,"_EventURL":"","_EventCost":"","_EventCostDescription":"","_EventCurrencySymbol":"","_EventCurrencyCode":"","_EventCurrencyPosition":"","_EventDateTimeSeparator":"","_EventTimeRangeSeparator":"","_EventOrganizerID":[],"_EventVenueID":[],"_OrganizerEmail":"","_OrganizerPhone":"","_OrganizerWebsite":"","_VenueAddress":"","_VenueCity":"","_VenueCountry":"","_VenueProvince":"","_VenueState":"","_VenueZip":"","_VenuePhone":"","_VenueURL":"","_VenueStateProvince":"","_VenueLat":"","_VenueLng":"","_VenueShowMap":false,"_VenueShowMapLink":false,"footnotes":""},"categories":[8,40],"tags":[],"class_list":["post-1257","page","type-page","status-publish","hentry","category-mitarbeiter","category-mitarbeiter-de"],"_links":{"self":[{"href":"https:\/\/www.hsu-hh.de\/nng\/wp-json\/wp\/v2\/pages\/1257","targetHints":{"allow":["GET"]}}],"collection":[{"href":"https:\/\/www.hsu-hh.de\/nng\/wp-json\/wp\/v2\/pages"}],"about":[{"href":"https:\/\/www.hsu-hh.de\/nng\/wp-json\/wp\/v2\/types\/page"}],"author":[{"embeddable":true,"href":"https:\/\/www.hsu-hh.de\/nng\/wp-json\/wp\/v2\/users\/147"}],"replies":[{"embeddable":true,"href":"https:\/\/www.hsu-hh.de\/nng\/wp-json\/wp\/v2\/comments?post=1257"}],"version-history":[{"count":36,"href":"https:\/\/www.hsu-hh.de\/nng\/wp-json\/wp\/v2\/pages\/1257\/revisions"}],"predecessor-version":[{"id":2262,"href":"https:\/\/www.hsu-hh.de\/nng\/wp-json\/wp\/v2\/pages\/1257\/revisions\/2262"}],"up":[{"embeddable":true,"href":"https:\/\/www.hsu-hh.de\/nng\/wp-json\/wp\/v2\/pages\/1466"}],"wp:attachment":[{"href":"https:\/\/www.hsu-hh.de\/nng\/wp-json\/wp\/v2\/media?parent=1257"}],"wp:term":[{"taxonomy":"category","embeddable":true,"href":"https:\/\/www.hsu-hh.de\/nng\/wp-json\/wp\/v2\/categories?post=1257"},{"taxonomy":"post_tag","embeddable":true,"href":"https:\/\/www.hsu-hh.de\/nng\/wp-json\/wp\/v2\/tags?post=1257"}],"curies":[{"name":"wp","href":"https:\/\/api.w.org\/{rel}","templated":true}]}}