{"id":1216,"date":"2021-05-04T13:42:33","date_gmt":"2021-05-04T11:42:33","guid":{"rendered":"https:\/\/www.hsu-hh.de\/hiswes\/?page_id=1216"},"modified":"2021-05-04T13:44:24","modified_gmt":"2021-05-04T11:44:24","slug":"grundgesetz-voelkerrecht-und-globaler-konstitutionalismus-eine-internationale-verfassungsgeschichte-der-bundesrepublik","status":"publish","type":"page","link":"https:\/\/www.hsu-hh.de\/nng\/forschung\/grundgesetz-voelkerrecht-und-globaler-konstitutionalismus-eine-internationale-verfassungsgeschichte-der-bundesrepublik","title":{"rendered":"Grundgesetz, V\u00f6lkerrecht und globaler Konstitutionalismus: Eine internationale Verfassungsgeschichte der Bundesrepublik"},"content":{"rendered":"\n<p><em>Prof. Dr. Marcus M. Payk<\/em><\/p>\n\n\n\n<p>Das Forschungsprojekt untersucht internationale und v\u00f6lkerrechtliche Bez\u00fcge des Grundgesetzes der Bundesrepublik Deutschland in historischer Perspektive. Entstehung, Auslegung und Bedeutungswandel der einschl\u00e4gigen Verfassungsnormen (etwa Art. 24 bis 26 GG) und die Genese juristischer Konzepte wie \u201eoffene Staatlichkeit\u201c oder \u201eV\u00f6lkerrechtsfreundlichkeit\u201c werden mit einer Geschichte der bundesdeutschen Au\u00dfenpolitik und Diplomatie von den sp\u00e4ten 1940er bis in die fr\u00fchen 2000er Jahre zusammengebracht. Das Projekt zeigt insbesondere auf, wie verfassungs- oder v\u00f6lkerrechtliche Interpretamente in au\u00dfenpolitischen Entscheidungsprozessen zur Geltung gebracht wurden, wie sich das Verst\u00e4ndnis einzelner Verfassungsnormen unter dem Eindruck der internationalen Politik ver\u00e4nderte und inwieweit sich das Selbstverst\u00e4ndnis der Bundesrepublik in der Welt aus einem spezifisch normativen, vom Grundgesetz inspirierten Verst\u00e4ndnis der Staatengemeinschaft erkl\u00e4ren l\u00e4sst. Damit wird ein quellengeleiteter, archivbasierter Beitrag zur bislang stiefm\u00fctterlich behandelten Geschichte des Grundgesetzes geleistet und durch die systematische Verkn\u00fcpfung von innerstaatlicher und internationaler Perspektive zugleich konzeptionelles Neuland in der Verfassungsgeschichte betreten.<\/p>\n","protected":false},"excerpt":{"rendered":"<p>Prof. Dr. Marcus M. Payk Das Forschungsprojekt untersucht internationale und v\u00f6lkerrechtliche Bez\u00fcge des Grundgesetzes der Bundesrepublik Deutschland in historischer Perspektive. Entstehung, Auslegung und Bedeutungswandel der einschl\u00e4gigen Verfassungsnormen (etwa Art. 24 [&hellip;]<\/p>\n","protected":false},"author":147,"featured_media":0,"parent":618,"menu_order":0,"comment_status":"closed","ping_status":"closed","template":"","meta":{"_EventAllDay":false,"_EventTimezone":"","_EventStartDate":"","_EventEndDate":"","_EventStartDateUTC":"","_EventEndDateUTC":"","_EventShowMap":false,"_EventShowMapLink":false,"_EventURL":"","_EventCost":"","_EventCostDescription":"","_EventCurrencySymbol":"","_EventCurrencyCode":"","_EventCurrencyPosition":"","_EventDateTimeSeparator":"","_EventTimeRangeSeparator":"","_EventOrganizerID":[],"_EventVenueID":[],"_OrganizerEmail":"","_OrganizerPhone":"","_OrganizerWebsite":"","_VenueAddress":"","_VenueCity":"","_VenueCountry":"","_VenueProvince":"","_VenueState":"","_VenueZip":"","_VenuePhone":"","_VenueURL":"","_VenueStateProvince":"","_VenueLat":"","_VenueLng":"","_VenueShowMap":false,"_VenueShowMapLink":false,"footnotes":""},"categories":[4],"tags":[],"class_list":["post-1216","page","type-page","status-publish","hentry","category-forschung"],"_links":{"self":[{"href":"https:\/\/www.hsu-hh.de\/nng\/wp-json\/wp\/v2\/pages\/1216","targetHints":{"allow":["GET"]}}],"collection":[{"href":"https:\/\/www.hsu-hh.de\/nng\/wp-json\/wp\/v2\/pages"}],"about":[{"href":"https:\/\/www.hsu-hh.de\/nng\/wp-json\/wp\/v2\/types\/page"}],"author":[{"embeddable":true,"href":"https:\/\/www.hsu-hh.de\/nng\/wp-json\/wp\/v2\/users\/147"}],"replies":[{"embeddable":true,"href":"https:\/\/www.hsu-hh.de\/nng\/wp-json\/wp\/v2\/comments?post=1216"}],"version-history":[{"count":2,"href":"https:\/\/www.hsu-hh.de\/nng\/wp-json\/wp\/v2\/pages\/1216\/revisions"}],"predecessor-version":[{"id":1219,"href":"https:\/\/www.hsu-hh.de\/nng\/wp-json\/wp\/v2\/pages\/1216\/revisions\/1219"}],"up":[{"embeddable":true,"href":"https:\/\/www.hsu-hh.de\/nng\/wp-json\/wp\/v2\/pages\/618"}],"wp:attachment":[{"href":"https:\/\/www.hsu-hh.de\/nng\/wp-json\/wp\/v2\/media?parent=1216"}],"wp:term":[{"taxonomy":"category","embeddable":true,"href":"https:\/\/www.hsu-hh.de\/nng\/wp-json\/wp\/v2\/categories?post=1216"},{"taxonomy":"post_tag","embeddable":true,"href":"https:\/\/www.hsu-hh.de\/nng\/wp-json\/wp\/v2\/tags?post=1216"}],"curies":[{"name":"wp","href":"https:\/\/api.w.org\/{rel}","templated":true}]}}