{"id":1175,"date":"2021-02-23T11:23:23","date_gmt":"2021-02-23T10:23:23","guid":{"rendered":"https:\/\/www.hsu-hh.de\/hiswes\/?page_id=1175"},"modified":"2025-11-18T14:10:42","modified_gmt":"2025-11-18T13:10:42","slug":"kanadische-garnisonen-in-der-bundesrepublik-deutschland-1953-1994","status":"publish","type":"page","link":"https:\/\/www.hsu-hh.de\/nng\/forschung\/kanadische-garnisonen-in-der-bundesrepublik-deutschland-1953-1994","title":{"rendered":"Kanadische Garnisonen in der Bundesrepublik Deutschland 1953-1994"},"content":{"rendered":"<p><em><abbr title=\"Doktor\">Dr.<\/abbr> Werner Sch\u00f6nleber <\/em>(<a href=\"mailto:schoenleber-werner@t-online.de\" target=\"_blank\" rel=\"noopener\">schoenleber-werner@t-online.de<\/a>)<em><br \/>\n<\/em><\/p>\n<p>Dissertation abgeschlossen 2024<\/p>\n<p>Im Rahmen der NATO-Verteidigungsstrategie der fr\u00fchen 1950er-Jahre verpflichtete sich Kanada, Truppen f\u00fcr eine integrierte B\u00fcndnisarmee nach Europa zu entsenden. F\u00fcr die Luftverteidigung wurden 1953 Einheiten der Royal Canadian Air Force (RCAF) auf dem franz\u00f6sischen St\u00fctzpunkt S\u00f6llingen (heute Gemeinde Rheinm\u00fcnster bei Baden-Baden) stationiert. 1967 zogen RCAF-Einheiten in die Kleinstadt Lahr. Damit entstand ein etwa 60 km weites Einzugsgebiet entlang des Oberrheines mit kanadischen Soldaten und deren nachgereisten Familien. 1970 wurde die kanadische Infanteriebrigade von Nordrhein-Westfalen nach Lahr verlegt, w\u00e4hrend die fliegenden Verb\u00e4nde in S\u00f6llingen konzentriert wurden. 1993 schlossen die Standorte, die letzten aktiven kanadischen Soldaten verlie\u00dfen S\u00fcdbaden ein Jahr sp\u00e4ter.<\/p>\n<p>Allein nach Lahr kamen in den 27 Jahren sch\u00e4tzungsweise mehr als 100.000 Kanadier. Dennoch haben sich die Regionalforschung und die deutsche Milit\u00e4rgeschichte bislang nur wenig f\u00fcr die wirtschaftlichen, sozialen und kulturellen Folgen an diesen Standorten interessiert. Das Projekt untersucht analog zur Erforschung anderer NATO-Standorte in der Bundesrepublik wesentliche Felder des Zusammenlebens zwischen der kanadischen Community und der lokalen Zivilbev\u00f6lkerung. Im Vordergrund steht die Frage, wie lokalgesellschaftliche Akteure die kanadische Milit\u00e4rpr\u00e4senz erfahren haben, welche Austauschprozesse zu beobachten sind und wie Konflikte zwischen beiden Seiten ausgehandelt wurden.<\/p>\n<p>Erschienen unter dem Titel &#8222;<a href=\"http:\/\/www.bag-verlag.de\/epages\/61699681.sf\/de_AT\/?ObjectPath=\/Shops\/61699681\/Products\/2073\" target=\"_blank\" rel=\"noopener\">Werner Sch\u00f6nleber, Auf Wacht am Oberrhein.\u00a0Kanadische Garnisonen in S\u00f6llingen und Lahr und die lokale Gesellschaft 1953-1994, Grenzach-Wyhlen 2025<\/a>&#8222;<\/p>\n","protected":false},"excerpt":{"rendered":"<p>Dr. Werner Sch\u00f6nleber (schoenleber-werner@t-online.de) Dissertation abgeschlossen 2024 Im Rahmen der NATO-Verteidigungsstrategie der fr\u00fchen 1950er-Jahre verpflichtete sich Kanada, Truppen f\u00fcr eine integrierte B\u00fcndnisarmee nach Europa zu entsenden. F\u00fcr die Luftverteidigung wurden [&hellip;]<\/p>\n","protected":false},"author":147,"featured_media":0,"parent":618,"menu_order":0,"comment_status":"closed","ping_status":"closed","template":"","meta":{"_EventAllDay":false,"_EventTimezone":"","_EventStartDate":"","_EventEndDate":"","_EventStartDateUTC":"","_EventEndDateUTC":"","_EventShowMap":false,"_EventShowMapLink":false,"_EventURL":"","_EventCost":"","_EventCostDescription":"","_EventCurrencySymbol":"","_EventCurrencyCode":"","_EventCurrencyPosition":"","_EventDateTimeSeparator":"","_EventTimeRangeSeparator":"","_EventOrganizerID":[],"_EventVenueID":[],"_OrganizerEmail":"","_OrganizerPhone":"","_OrganizerWebsite":"","_VenueAddress":"","_VenueCity":"","_VenueCountry":"","_VenueProvince":"","_VenueState":"","_VenueZip":"","_VenuePhone":"","_VenueURL":"","_VenueStateProvince":"","_VenueLat":"","_VenueLng":"","_VenueShowMap":false,"_VenueShowMapLink":false,"footnotes":""},"categories":[4],"tags":[],"class_list":["post-1175","page","type-page","status-publish","hentry","category-forschung"],"_links":{"self":[{"href":"https:\/\/www.hsu-hh.de\/nng\/wp-json\/wp\/v2\/pages\/1175","targetHints":{"allow":["GET"]}}],"collection":[{"href":"https:\/\/www.hsu-hh.de\/nng\/wp-json\/wp\/v2\/pages"}],"about":[{"href":"https:\/\/www.hsu-hh.de\/nng\/wp-json\/wp\/v2\/types\/page"}],"author":[{"embeddable":true,"href":"https:\/\/www.hsu-hh.de\/nng\/wp-json\/wp\/v2\/users\/147"}],"replies":[{"embeddable":true,"href":"https:\/\/www.hsu-hh.de\/nng\/wp-json\/wp\/v2\/comments?post=1175"}],"version-history":[{"count":6,"href":"https:\/\/www.hsu-hh.de\/nng\/wp-json\/wp\/v2\/pages\/1175\/revisions"}],"predecessor-version":[{"id":2872,"href":"https:\/\/www.hsu-hh.de\/nng\/wp-json\/wp\/v2\/pages\/1175\/revisions\/2872"}],"up":[{"embeddable":true,"href":"https:\/\/www.hsu-hh.de\/nng\/wp-json\/wp\/v2\/pages\/618"}],"wp:attachment":[{"href":"https:\/\/www.hsu-hh.de\/nng\/wp-json\/wp\/v2\/media?parent=1175"}],"wp:term":[{"taxonomy":"category","embeddable":true,"href":"https:\/\/www.hsu-hh.de\/nng\/wp-json\/wp\/v2\/categories?post=1175"},{"taxonomy":"post_tag","embeddable":true,"href":"https:\/\/www.hsu-hh.de\/nng\/wp-json\/wp\/v2\/tags?post=1175"}],"curies":[{"name":"wp","href":"https:\/\/api.w.org\/{rel}","templated":true}]}}