{"id":1167,"date":"2021-02-23T11:09:22","date_gmt":"2021-02-23T10:09:22","guid":{"rendered":"https:\/\/www.hsu-hh.de\/hiswes\/?page_id=1167"},"modified":"2023-11-17T10:24:43","modified_gmt":"2023-11-17T09:24:43","slug":"die-habermas-luhmann-debatte-in-wissenschaft-und-gesellschaft-der-bun-desrepublik-der-1970er-jahre","status":"publish","type":"page","link":"https:\/\/www.hsu-hh.de\/nng\/forschung\/die-habermas-luhmann-debatte-in-wissenschaft-und-gesellschaft-der-bun-desrepublik-der-1970er-jahre","title":{"rendered":"Die Habermas-Luhmann-Debatte in Wissenschaft und Gesellschaft der Bundesrepublik der 1970er Jahre"},"content":{"rendered":"\n<p><\/p>\n\n\n<p><em>Eva B\u00fcrger, M.A. <\/em><a href=\"mailto:eva.buerger@gmx.net\" target=\"_blank\" rel=\"noopener\">eva.buerger@gmx.net<\/a><em><br \/><\/em><\/p>\n<p>Dissertation<\/p>\n<p>Die Studie untersucht die zwischen dem Sozialphilosophen J\u00fcrgen Habermas und dem Soziologen Niklas Luhmann an der Wende zu den 1970er Jahren gef\u00fchrte Debatte um die M\u00f6glichkeiten einer angemessenen Gesellschaftstheorie als einen Konflikt um die Deutungsmacht in den mit Gesellschaftstheorie befassten F\u00e4chern, also zun\u00e4chst der Soziologie, aber auch der Philosophie, wie in der westdeutschen \u00d6ffentlichkeit. Als pointierter Schnittpunkt unterschiedlicher wissenschaftlicher und politischer Debatten lassen sich an dieser Kontroverse wesentliche Kennzeichen der in intellektueller Hinsicht so fruchtbaren und aufgeladenen \u201elangen 1970er Jahre\u201c aufzeigen. Zugleich wird f\u00fcr diesen Zeitraum die Genealogie der Denkwege der beiden Ausnahme-Wissenschaftler erhellt, so dass auch die fr\u00fcheren und sp\u00e4teren Entwicklungen ihrer Ideen, Thesen und Deutungsschemata besser eingeordnet und gedeutet werden k\u00f6nnen. Das Projekt erschlie\u00dft zudem, inwiefern und inwieweit die Auseinandersetzung zwischen Habermas und Luhmann Selbstverst\u00e4ndigungsprozesse \u00fcber die Wissenschaft hinaus auch in einer breiteren \u00d6ffentlichkeit widerspiegelte, befeuerte oder anstie\u00df. Die Grenze zwischen Wissenschaft, weltanschaulicher Positionierung und \u00f6ffentlicher Diskussion ist hierbei nicht leicht zu ziehen und wurde zeitgen\u00f6ssisch von Habermas und Luhmann immer mitverhandelt.<\/p>\n<p>Fest steht, dass Habermas wie Luhmann in scharfer Konkurrenz zueinander neue Theorien der modernen Gesellschaft entwarfen, in ihren F\u00e4chern \u2013 Luhmann in der Soziologie und Habermas in der Soziologie und verst\u00e4rkt in der Philosophie \u2013 neue Wege beschritten sowie auch in der \u00d6ffentlichkeit f\u00fcr Polarisierung sorgten. Sie begr\u00fcndeten im Wettbewerb zueinanderstehende Denkstr\u00f6mungen, trafen bis heute wirkende Entscheidungen in Bezug auf den Charakter ihrer Disziplinen und beeinflussten teils auch \u00fcber deren Grenzen hinaus den Standort von Sozial- und Geisteswissenschaften.<\/p>\n<p>In dieser kultur- und wissenschaftsgeschichtlich angelegten Studie werden verschiedene Aspekte des Schlagabtauschs der Kontrahenten zu kl\u00e4ren sein: Wo lagen die Gemeinsamkeiten und Unterschiede ihres Blicks auf Gegenwart und Zukunft? Wie lassen sich die Argumente und das Wirken dieser Exponenten kontr\u00e4rer Gesellschafts- und Moderne-Konzeptionen in der Geschichte der Bundesrepublik verorten und was sagt die Resonanz auf ihr wissenschaftliches und intellektuelles Werk \u00fcber Selbstsicht und Selbstverst\u00e4ndigung der westdeutschen Gesellschaft in den 1970er Jahren aus?<\/p>","protected":false},"excerpt":{"rendered":"<p>Eva B\u00fcrger, M.A. eva.buerger@gmx.net Dissertation Die Studie untersucht die zwischen dem Sozialphilosophen J\u00fcrgen Habermas und dem Soziologen Niklas Luhmann an der Wende zu den 1970er Jahren gef\u00fchrte Debatte um die [&hellip;]<\/p>\n","protected":false},"author":147,"featured_media":0,"parent":618,"menu_order":0,"comment_status":"closed","ping_status":"closed","template":"","meta":{"_EventAllDay":false,"_EventTimezone":"","_EventStartDate":"","_EventEndDate":"","_EventStartDateUTC":"","_EventEndDateUTC":"","_EventShowMap":false,"_EventShowMapLink":false,"_EventURL":"","_EventCost":"","_EventCostDescription":"","_EventCurrencySymbol":"","_EventCurrencyCode":"","_EventCurrencyPosition":"","_EventDateTimeSeparator":"","_EventTimeRangeSeparator":"","_EventOrganizerID":[],"_EventVenueID":[],"_OrganizerEmail":"","_OrganizerPhone":"","_OrganizerWebsite":"","_VenueAddress":"","_VenueCity":"","_VenueCountry":"","_VenueProvince":"","_VenueState":"","_VenueZip":"","_VenuePhone":"","_VenueURL":"","_VenueStateProvince":"","_VenueLat":"","_VenueLng":"","_VenueShowMap":false,"_VenueShowMapLink":false,"footnotes":""},"categories":[4],"tags":[],"class_list":["post-1167","page","type-page","status-publish","hentry","category-forschung"],"_links":{"self":[{"href":"https:\/\/www.hsu-hh.de\/nng\/wp-json\/wp\/v2\/pages\/1167","targetHints":{"allow":["GET"]}}],"collection":[{"href":"https:\/\/www.hsu-hh.de\/nng\/wp-json\/wp\/v2\/pages"}],"about":[{"href":"https:\/\/www.hsu-hh.de\/nng\/wp-json\/wp\/v2\/types\/page"}],"author":[{"embeddable":true,"href":"https:\/\/www.hsu-hh.de\/nng\/wp-json\/wp\/v2\/users\/147"}],"replies":[{"embeddable":true,"href":"https:\/\/www.hsu-hh.de\/nng\/wp-json\/wp\/v2\/comments?post=1167"}],"version-history":[{"count":6,"href":"https:\/\/www.hsu-hh.de\/nng\/wp-json\/wp\/v2\/pages\/1167\/revisions"}],"predecessor-version":[{"id":2124,"href":"https:\/\/www.hsu-hh.de\/nng\/wp-json\/wp\/v2\/pages\/1167\/revisions\/2124"}],"up":[{"embeddable":true,"href":"https:\/\/www.hsu-hh.de\/nng\/wp-json\/wp\/v2\/pages\/618"}],"wp:attachment":[{"href":"https:\/\/www.hsu-hh.de\/nng\/wp-json\/wp\/v2\/media?parent=1167"}],"wp:term":[{"taxonomy":"category","embeddable":true,"href":"https:\/\/www.hsu-hh.de\/nng\/wp-json\/wp\/v2\/categories?post=1167"},{"taxonomy":"post_tag","embeddable":true,"href":"https:\/\/www.hsu-hh.de\/nng\/wp-json\/wp\/v2\/tags?post=1167"}],"curies":[{"name":"wp","href":"https:\/\/api.w.org\/{rel}","templated":true}]}}