{"id":1021,"date":"2020-07-14T12:37:44","date_gmt":"2020-07-14T10:37:44","guid":{"rendered":"https:\/\/www.hsu-hh.de\/hiswes\/?page_id=1021"},"modified":"2021-06-02T13:40:47","modified_gmt":"2021-06-02T11:40:47","slug":"mit-dem-ziel-ein-und-derselben-verteidigung-das-militaerische-in-den-deutsch-franzoesischen-beziehungen-zwischen-1963-und-1974","status":"publish","type":"page","link":"https:\/\/www.hsu-hh.de\/nng\/forschung\/mit-dem-ziel-ein-und-derselben-verteidigung-das-militaerische-in-den-deutsch-franzoesischen-beziehungen-zwischen-1963-und-1974","title":{"rendered":"Mit dem Ziel ein und derselben Verteidigung? Das Milit\u00e4rische in den deutsch-franz\u00f6sischen Beziehungen zwischen 1963 und 1974"},"content":{"rendered":"<p><em>Kai Peter Sch\u00f6nfeld, M.A. <\/em><a href=\"mailto:Kai-Schoenfeld@web.de\" target=\"_blank\" rel=\"noopener\">Kai-Schoenfeld@web.de<\/a><em><br \/>\n<\/em><\/p>\n<p>Promotionsvorhaben, Helmut-Schmidt-Universit\u00e4t<\/p>\n<p>Betreuer: <abbr title=\"Privatdozent\">PD<\/abbr> <abbr title=\"Doktor\">Dr.<\/abbr> Michael Jonas<\/p>\n<p>Die deutsch-franz\u00f6sischen Beziehungen nach 1945 sind ein viel beachtetes Themenfeld \u2013 sowohl in der historischen Forschung als auch in den Erinnerungskulturen Deutschlands und Frankreichs. Als Markstein dieser Entwicklung hat der deutsch-franz\u00f6sische Freundschaftsvertrag vom 22. Januar 1963, der sogenannte \u00c9lys\u00e9e-Vertrag, in diesem Kontext besonderes Interesse geweckt. Seine Auswirkungen auf die Gestaltung der politischen, wirtschaftlichen, zivilgesellschaftlichen und kulturellen Beziehungen zwischen den beiden Nachbarn am Rhein wurden w\u00e4hrend der letzten Jahrzehnte von einer Vielzahl historischer Studien, Kolloquien und dazugeh\u00f6riger Tagungsb\u00e4nde untersucht.<\/p>\n<p>Dennoch gibt es einen Teilaspekt des deutsch-franz\u00f6sischen Verh\u00e4ltnisses, der nur unzureichend ausgeleuchtet worden ist. Die Verfasser haben seinerzeit den Programmpunkt Verteidigung an der zweiten Stelle des Elys\u00e9e-Vertragstextes festgeschrieben, im Anschluss an die Ausw\u00e4rtigen Angelegenheiten. Gerade vor dem Hintergrund der h\u00f6chst volatilen Gesamtsituation der 1960er Jahre kam dem Aspekt der gemeinsamen Verteidigung f\u00fcr de Gaulle und Adenauer eine zentrale Rolle zu. Ebendiese Verteidigungsbeziehungen zwischen Deutschland und Frankreich sind bis dato zwar hier und dort von Historikern mitbetrachtet worden. Eigentlicher Gegenstand einer empirischen Studie indessen sind sie bisher nicht gewesen. Die Dissertation beabsichtigt, dieses Desiderat zu beheben und das Milit\u00e4rische in den deutsch-franz\u00f6sischen Beziehungen zwischen der Unterzeichnung des Elys\u00e9e-Vertrages 1963 und dem doppelten \u00dcbergang Brandt-Schmidt sowie Pompidou-Giscard d&#8217;Estaing im Fr\u00fchjahr 1974 ins Zentrum einer systematischen Untersuchung zu stellen.<\/p>\n<p>Die Dissertation rekurriert geschichtstheoretisch und methodisch auf die j\u00fcngsten Ans\u00e4tze der Geschichte Internationaler Beziehungen und der Milit\u00e4rgeschichte. Insbesondere die franz\u00f6sischen Auspr\u00e4gungen der Histoire des relations internationales sowie des Renouveau de l&#8217;histoire militaire, die um gesellschaftliche Tiefenstrukturen, au\u00dfenpolitische Entscheidungsprozesse und die Verkn\u00fcpfung von \u00e4u\u00dferem staatlichen Handeln und innergesellschaftlicher Interessendefinition kreisen, schlagen sich in Komposition und Fragestellung der Dissertation nieder.<\/p>\n<p>Konkret soll auf drei Betrachtungsebenen nach Begriff, Ort und Funktion des Milit\u00e4rischen im deutsch-franz\u00f6sischen Bilateralismus gefahndet werden. Die erste Betrachtungsebene nimmt die \u00dcberbegriffe Sicherheitspolitik, Verteidigungskonzeption und Strategie in den Blick. Hernach folgt die Betrachtungebene R\u00fcstung, Bewaffnung und Wehrforschung. Schlie\u00dflich wird die Truppenebene unter den Schlagworten Streitkr\u00e4fte, Einsatz und Man\u00f6ver untersucht. Damit verkn\u00fcpft die Dissertation die beiden Teildisziplinen Geschichte Internationaler Beziehungen und Milit\u00e4rgeschichte, indem nach dem Milit\u00e4rischen im Politischen gefragt wird, aber auch umgekehrt das Politische als bestimmender Faktor des Milit\u00e4rischen Geltung erf\u00e4hrt. Es soll untersucht werden, welche zivilen und milit\u00e4rischen Akteure in Deutschland und Frankreich an der Verteidigungskooperation mitwirkten, welche Gremien die Federf\u00fchrung innehatten, wie die Kooperation auf der Arbeitsebene genau funktionierte, welche Chancen und Grenzen sich links und rechts des Rheins auftaten, wie verschiedene milit\u00e4rische Traditionen, Mentalit\u00e4ten und Interessen aufeinanderstie\u00dfen und wieviel sich von der sicherheitspolitischen und konzeptionellen Planung konkret auf der Ebene der Streitkr\u00e4fte niederschlug. Schlie\u00dflich ist zu untersuchen, ob personelle Wechsel an den Regierungsspitzen und auf der Beamten- und Generalstabsebene Wandel nach sich zogen und ob sich ein Erfolg oder Misserfolg der deutsch-franz\u00f6sischen Verteidigungskooperation bemessen l\u00e4sst. Waren die beteiligten politischen Akteure tats\u00e4chlich willens und in der Lage, milit\u00e4rpolitisch zu kooperieren? Vermochten die Milit\u00e4rs beider Nationen dies in Form konkreter Operationsplanungen und Projekte auszuf\u00fchren? Welche Rolle spielte das Milit\u00e4rische im deutsch-franz\u00f6sischen Bilateralismus in der Bilanz?<\/p>\n<p>Die Dissertation st\u00fctzt sich auf umfangreiche Quellenstudien im Politischen Archiv des Ausw\u00e4rtigen Amts in Berlin und in den Archives diplomatiques in La Courneuve, im Milit\u00e4rarchiv Freiburg und in dessen franz\u00f6sischem Pendant in Vincennes.<\/p>\n","protected":false},"excerpt":{"rendered":"<p>Kai Peter Sch\u00f6nfeld, M.A. Kai-Schoenfeld@web.de Promotionsvorhaben, Helmut-Schmidt-Universit\u00e4t Betreuer: PD Dr. Michael Jonas Die deutsch-franz\u00f6sischen Beziehungen nach 1945 sind ein viel beachtetes Themenfeld \u2013 sowohl in der historischen Forschung als auch [&hellip;]<\/p>\n","protected":false},"author":147,"featured_media":0,"parent":618,"menu_order":0,"comment_status":"closed","ping_status":"closed","template":"","meta":{"_EventAllDay":false,"_EventTimezone":"","_EventStartDate":"","_EventEndDate":"","_EventStartDateUTC":"","_EventEndDateUTC":"","_EventShowMap":false,"_EventShowMapLink":false,"_EventURL":"","_EventCost":"","_EventCostDescription":"","_EventCurrencySymbol":"","_EventCurrencyCode":"","_EventCurrencyPosition":"","_EventDateTimeSeparator":"","_EventTimeRangeSeparator":"","_EventOrganizerID":[],"_EventVenueID":[],"_OrganizerEmail":"","_OrganizerPhone":"","_OrganizerWebsite":"","_VenueAddress":"","_VenueCity":"","_VenueCountry":"","_VenueProvince":"","_VenueState":"","_VenueZip":"","_VenuePhone":"","_VenueURL":"","_VenueStateProvince":"","_VenueLat":"","_VenueLng":"","_VenueShowMap":false,"_VenueShowMapLink":false,"footnotes":""},"categories":[4],"tags":[],"class_list":["post-1021","page","type-page","status-publish","hentry","category-forschung"],"_links":{"self":[{"href":"https:\/\/www.hsu-hh.de\/nng\/wp-json\/wp\/v2\/pages\/1021","targetHints":{"allow":["GET"]}}],"collection":[{"href":"https:\/\/www.hsu-hh.de\/nng\/wp-json\/wp\/v2\/pages"}],"about":[{"href":"https:\/\/www.hsu-hh.de\/nng\/wp-json\/wp\/v2\/types\/page"}],"author":[{"embeddable":true,"href":"https:\/\/www.hsu-hh.de\/nng\/wp-json\/wp\/v2\/users\/147"}],"replies":[{"embeddable":true,"href":"https:\/\/www.hsu-hh.de\/nng\/wp-json\/wp\/v2\/comments?post=1021"}],"version-history":[{"count":4,"href":"https:\/\/www.hsu-hh.de\/nng\/wp-json\/wp\/v2\/pages\/1021\/revisions"}],"predecessor-version":[{"id":1285,"href":"https:\/\/www.hsu-hh.de\/nng\/wp-json\/wp\/v2\/pages\/1021\/revisions\/1285"}],"up":[{"embeddable":true,"href":"https:\/\/www.hsu-hh.de\/nng\/wp-json\/wp\/v2\/pages\/618"}],"wp:attachment":[{"href":"https:\/\/www.hsu-hh.de\/nng\/wp-json\/wp\/v2\/media?parent=1021"}],"wp:term":[{"taxonomy":"category","embeddable":true,"href":"https:\/\/www.hsu-hh.de\/nng\/wp-json\/wp\/v2\/categories?post=1021"},{"taxonomy":"post_tag","embeddable":true,"href":"https:\/\/www.hsu-hh.de\/nng\/wp-json\/wp\/v2\/tags?post=1021"}],"curies":[{"name":"wp","href":"https:\/\/api.w.org\/{rel}","templated":true}]}}