{"id":96,"date":"2017-07-17T10:53:36","date_gmt":"2017-07-17T08:53:36","guid":{"rendered":"https:\/\/www.hsu-hh.de\/mz\/?page_id=96"},"modified":"2024-12-10T08:09:47","modified_gmt":"2024-12-10T07:09:47","slug":"digitale-dienste","status":"publish","type":"page","link":"https:\/\/www.hsu-hh.de\/mz\/digitale-dienste","title":{"rendered":"Digitale Dienste"},"content":{"rendered":"\n<h2 class=\"wp-block-heading has-text-align-right\" id=\"Koordinationsstelle-E-Lernen\">Koordinationsstelle E-Lernen<\/h2>\n\n\n\n<div class=\"wp-block-columns is-layout-flex wp-container-core-columns-is-layout-9d6595d7 wp-block-columns-is-layout-flex\">\n<div class=\"wp-block-column is-vertically-aligned-center is-layout-flow wp-block-column-is-layout-flow\"><div class=\"wp-block-image\">\n<figure class=\"aligncenter size-full is-resized\"><img loading=\"lazy\" decoding=\"async\" width=\"886\" height=\"591\" src=\"https:\/\/www.hsu-hh.de\/mz\/wp-content\/uploads\/sites\/28\/2017\/07\/6166-neu.jpg\" data-credit=\"MZ\" alt=\"E-Lernen Elektronisch unterst\u00fctztes Lernen.\" class=\"wp-image-137\" style=\"aspect-ratio:4\/3;object-fit:cover;width:350px\" srcset=\"https:\/\/www.hsu-hh.de\/mz\/wp-content\/uploads\/sites\/28\/2017\/07\/6166-neu.jpg 886w, https:\/\/www.hsu-hh.de\/mz\/wp-content\/uploads\/sites\/28\/2017\/07\/6166-neu-300x200.jpg 300w, https:\/\/www.hsu-hh.de\/mz\/wp-content\/uploads\/sites\/28\/2017\/07\/6166-neu-768x512.jpg 768w\" sizes=\"auto, (max-width: 886px) 100vw, 886px\" \/><\/figure>\n<\/div><\/div>\n\n\n\n<div class=\"wp-block-column is-vertically-aligned-center is-layout-flow wp-block-column-is-layout-flow\">\n<p>Das Team der Koordinationsstelle E-Lernen betreibt das Lernmanagementsystem \u201eILIAS\u201c der Helmut-Schmidt-Universit\u00e4t. Wir sorgen f\u00fcr das <abbr title=\"Informationstechnologie\">IT<\/abbr>-Management, die Rechteverwaltung und den Support f\u00fcr die Lehrenden, die ILIAS einsetzen. Wir bieten regelm\u00e4\u00dfige Schulungen f\u00fcr den Einsatz und die methodische Konzeption von Online-Lernen in der Lehre. Wir vertreten die Bedarfe der <abbr title=\"Helmut-Schmidt-Universit\u00e4t\">HSU<\/abbr> in der ILIAS-Community und beteiligen uns an der Weiterentwicklung der ILIAS-Software.<\/p>\n<\/div>\n<\/div>\n\n\n\n<div style=\"height:25px\" aria-hidden=\"true\" class=\"wp-block-spacer\"><\/div>\n\n\n\n<h2 class=\"wp-block-heading\" id=\"Team-Digitale-Inhalte\">Team Digitale Inhalte<\/h2>\n\n\n\n<div class=\"wp-block-columns is-layout-flex wp-container-core-columns-is-layout-9d6595d7 wp-block-columns-is-layout-flex\">\n<div class=\"wp-block-column is-vertically-aligned-center is-layout-flow wp-block-column-is-layout-flow\">\n<p>Das Team digitale Inhalte bietet Schulungen f\u00fcr das Website-Content-Management und unterst\u00fctzt projektbezogen bei der Erstellung digitaler Inhalte und bei milit\u00e4rischen Veranstaltungen. Wir betreiben das digitale Informationssystem der <abbr title=\"Helmut-Schmidt-Universit\u00e4t\">HSU<\/abbr> (Digital Signage) und betreuen dies, in Zusammenarbeit mit der Pressestelle, redaktionell. Mitarbeiter\/-innen des Teams absolvieren als Zeit- oder Berufssoldaten eine informationstechnische Berufsausbildung.<\/p>\n\n\n\n<p>Dar\u00fcber hinaus leisten wir <a href=\"mailto:websitesupport@hsu-hh.de\" rel='nofollow'>Nutzersupport<\/a> f\u00fcr das Content-Management-System der Website der <abbr title=\"Helmut-Schmidt-Universit\u00e4t\">HSU<\/abbr>.<\/p>\n<\/div>\n\n\n\n<div class=\"wp-block-column is-vertically-aligned-center is-layout-flow wp-block-column-is-layout-flow\"><div class=\"wp-block-image\">\n<figure class=\"aligncenter size-large is-resized\"><img loading=\"lazy\" decoding=\"async\" width=\"1024\" height=\"683\" src=\"https:\/\/www.hsu-hh.de\/mz\/wp-content\/uploads\/sites\/28\/2017\/07\/IMG_0121-2-1024x683.jpg\" data-credit=\"Ulrike Schr\u00f6der\" alt=\"Digital Signage Display\" class=\"wp-image-277\" style=\"aspect-ratio:1.3333333333333333;object-fit:cover;width:350px;height:auto\" srcset=\"https:\/\/www.hsu-hh.de\/mz\/wp-content\/uploads\/sites\/28\/2017\/07\/IMG_0121-2-1024x683.jpg 1024w, https:\/\/www.hsu-hh.de\/mz\/wp-content\/uploads\/sites\/28\/2017\/07\/IMG_0121-2-300x200.jpg 300w, https:\/\/www.hsu-hh.de\/mz\/wp-content\/uploads\/sites\/28\/2017\/07\/IMG_0121-2-768x512.jpg 768w\" sizes=\"auto, (max-width: 1024px) 100vw, 1024px\" \/><\/figure>\n<\/div><\/div>\n<\/div>\n\n\n\n<div style=\"height:25px\" aria-hidden=\"true\" class=\"wp-block-spacer\"><\/div>\n\n\n\n<h3 class=\"wp-block-heading\">Weiterf\u00fchrende Links<\/h3>\n\n\n\n<hr class=\"wp-block-separator has-css-opacity is-style-wide\"\/>\n\n\n\n<div class=\"wp-block-columns is-layout-flex wp-container-core-columns-is-layout-9d6595d7 wp-block-columns-is-layout-flex\">\n<div class=\"wp-block-column is-layout-flow wp-block-column-is-layout-flow\">\n<p class=\"has-text-align-center background-grey\"><a rel=\"noreferrer noopener\" href=\"https:\/\/www.hsu-hh.de\/kel\/\" data-type=\"URL\" data-id=\"https:\/\/www.hsu-hh.de\/kel\/\" target=\"_blank\">Koordinationsstelle E-Lernen<\/a><\/p>\n<\/div>\n\n\n\n<div class=\"wp-block-column is-layout-flow wp-block-column-is-layout-flow\">\n<p class=\"has-text-align-center background-grey\"><a rel=\"noreferrer noopener\" href=\"https:\/\/ilias.hsu-hh.de\/goto.php?target=cat_160645&amp;client_id=unibw\" data-type=\"URL\" data-id=\"https:\/\/ilias.hsu-hh.de\/goto.php?target=cat_160645&amp;client_id=unibw\" target=\"_blank\">Kontakt<\/a><\/p>\n<\/div>\n<\/div>\n","protected":false},"excerpt":{"rendered":"<p>Koordinationsstelle E-Lernen Das Team der Koordinationsstelle E-Lernen betreibt das Lernmanagementsystem \u201eILIAS\u201c der Helmut-Schmidt-Universit\u00e4t. Wir sorgen f\u00fcr das IT-Management, die Rechteverwaltung und den Support f\u00fcr die Lehrenden, die ILIAS einsetzen. Wir [&hellip;]<\/p>\n","protected":false},"author":15,"featured_media":0,"parent":0,"menu_order":0,"comment_status":"closed","ping_status":"closed","template":"","meta":{"footnotes":""},"categories":[31],"tags":[],"class_list":["post-96","page","type-page","status-publish","hentry","category-dienste"],"_links":{"self":[{"href":"https:\/\/www.hsu-hh.de\/mz\/wp-json\/wp\/v2\/pages\/96","targetHints":{"allow":["GET"]}}],"collection":[{"href":"https:\/\/www.hsu-hh.de\/mz\/wp-json\/wp\/v2\/pages"}],"about":[{"href":"https:\/\/www.hsu-hh.de\/mz\/wp-json\/wp\/v2\/types\/page"}],"author":[{"embeddable":true,"href":"https:\/\/www.hsu-hh.de\/mz\/wp-json\/wp\/v2\/users\/15"}],"replies":[{"embeddable":true,"href":"https:\/\/www.hsu-hh.de\/mz\/wp-json\/wp\/v2\/comments?post=96"}],"version-history":[{"count":59,"href":"https:\/\/www.hsu-hh.de\/mz\/wp-json\/wp\/v2\/pages\/96\/revisions"}],"predecessor-version":[{"id":963,"href":"https:\/\/www.hsu-hh.de\/mz\/wp-json\/wp\/v2\/pages\/96\/revisions\/963"}],"wp:attachment":[{"href":"https:\/\/www.hsu-hh.de\/mz\/wp-json\/wp\/v2\/media?parent=96"}],"wp:term":[{"taxonomy":"category","embeddable":true,"href":"https:\/\/www.hsu-hh.de\/mz\/wp-json\/wp\/v2\/categories?post=96"},{"taxonomy":"post_tag","embeddable":true,"href":"https:\/\/www.hsu-hh.de\/mz\/wp-json\/wp\/v2\/tags?post=96"}],"curies":[{"name":"wp","href":"https:\/\/api.w.org\/{rel}","templated":true}]}}