{"id":107,"date":"2017-07-17T11:11:09","date_gmt":"2017-07-17T09:11:09","guid":{"rendered":"https:\/\/www.hsu-hh.de\/mz\/?page_id=107"},"modified":"2024-12-10T08:08:59","modified_gmt":"2024-12-10T07:08:59","slug":"audio-visuell","status":"publish","type":"page","link":"https:\/\/www.hsu-hh.de\/mz\/audio-visuell","title":{"rendered":"Audio-Visuell"},"content":{"rendered":"\n<h2 class=\"wp-block-heading has-text-align-right\">Audio-visuelle Medien<\/h2>\n\n\n\n<div class=\"wp-block-columns is-layout-flex wp-container-core-columns-is-layout-9d6595d7 wp-block-columns-is-layout-flex\">\n<div class=\"wp-block-column is-vertically-aligned-center is-layout-flow wp-block-column-is-layout-flow\"><div class=\"wp-block-image\">\n<figure class=\"aligncenter size-large is-resized\"><img loading=\"lazy\" decoding=\"async\" width=\"678\" height=\"1024\" src=\"https:\/\/www.hsu-hh.de\/mz\/wp-content\/uploads\/sites\/28\/2017\/11\/AV-678x1024.png\" data-credit=\"HSU\/MZ\" alt=\"Teaserbild Videostudio\" class=\"wp-image-309\" style=\"aspect-ratio:4\/3;object-fit:cover;width:350px\" srcset=\"https:\/\/www.hsu-hh.de\/mz\/wp-content\/uploads\/sites\/28\/2017\/11\/AV-678x1024.png 678w, https:\/\/www.hsu-hh.de\/mz\/wp-content\/uploads\/sites\/28\/2017\/11\/AV-199x300.png 199w, https:\/\/www.hsu-hh.de\/mz\/wp-content\/uploads\/sites\/28\/2017\/11\/AV-768x1160.png 768w\" sizes=\"auto, (max-width: 678px) 100vw, 678px\" \/><\/figure>\n<\/div><\/div>\n\n\n\n<div class=\"wp-block-column is-vertically-aligned-center is-layout-flow wp-block-column-is-layout-flow\">\n<p>Die Mitarbeiter\/-innen von Fotostelle und Videostudio dokumentieren Veranstaltungen und Forschungsprojekte der Universit\u00e4t in fotografischen und bewegten Bildern. Die Aufzeichnung von Vorlesungen \u2014 vor Ort in den H\u00f6rs\u00e4len oder im Studio des Medienzentrums \u2014 geh\u00f6rt ebenfalls zu den Dienstleistungen des Videostudios f\u00fcr die Lehre.<\/p>\n<\/div>\n<\/div>\n\n\n\n<div style=\"height:25px\" aria-hidden=\"true\" class=\"wp-block-spacer\"><\/div>\n\n\n\n<h2 class=\"wp-block-heading\">Veranstaltungs- und H\u00f6rsaaltechnik<\/h2>\n\n\n\n<div class=\"wp-block-columns is-layout-flex wp-container-core-columns-is-layout-9d6595d7 wp-block-columns-is-layout-flex\">\n<div class=\"wp-block-column is-vertically-aligned-center is-layout-flow wp-block-column-is-layout-flow\">\n<p>Innerhalb der Veranstaltungs- und H\u00f6rsaaltechnik k\u00fcmmern wir uns um die medientechnische Ausstattung der Seminar-und H\u00f6rs\u00e4le, die Realisation von Videostreaming, die Ausleihe von Medientechnik an die Lehre, die Einweisung in medientechnisches Equipment sowie die professionelle Beschallung von Veranstaltungen im Innen- und Au\u00dfenbereich der Universit\u00e4t.<\/p>\n<\/div>\n\n\n\n<div class=\"wp-block-column is-vertically-aligned-center is-layout-flow wp-block-column-is-layout-flow\"><div class=\"wp-block-image\">\n<figure class=\"aligncenter size-large is-resized\"><img loading=\"lazy\" decoding=\"async\" width=\"1024\" height=\"672\" src=\"https:\/\/www.hsu-hh.de\/mz\/wp-content\/uploads\/sites\/28\/2017\/11\/Veranstaltungstechnik-1024x672.jpg\" data-credit=\"MZ\" alt=\"Teaser Veranstaltungstechnik\" class=\"wp-image-311\" style=\"aspect-ratio:4\/3;object-fit:cover;width:350px\" srcset=\"https:\/\/www.hsu-hh.de\/mz\/wp-content\/uploads\/sites\/28\/2017\/11\/Veranstaltungstechnik-1024x672.jpg 1024w, https:\/\/www.hsu-hh.de\/mz\/wp-content\/uploads\/sites\/28\/2017\/11\/Veranstaltungstechnik-300x197.jpg 300w, https:\/\/www.hsu-hh.de\/mz\/wp-content\/uploads\/sites\/28\/2017\/11\/Veranstaltungstechnik-768x504.jpg 768w\" sizes=\"auto, (max-width: 1024px) 100vw, 1024px\" \/><\/figure>\n<\/div><\/div>\n<\/div>\n\n\n\n<div style=\"height:25px\" aria-hidden=\"true\" class=\"wp-block-spacer\"><\/div>\n\n\n\n<h2 class=\"wp-block-heading has-text-align-right\">Fotostelle<\/h2>\n\n\n\n<div class=\"wp-block-columns is-layout-flex wp-container-core-columns-is-layout-9d6595d7 wp-block-columns-is-layout-flex\">\n<div class=\"wp-block-column is-vertically-aligned-center is-layout-flow wp-block-column-is-layout-flow\"><div class=\"wp-block-image\">\n<figure class=\"aligncenter size-large is-resized\"><img loading=\"lazy\" decoding=\"async\" width=\"1024\" height=\"682\" src=\"https:\/\/www.hsu-hh.de\/mz\/wp-content\/uploads\/sites\/28\/2017\/07\/Medienzentrum-05-1024x682.jpg\" data-credit=\"MZ\" alt=\"Nahaufnahme Kamera\" class=\"wp-image-126\" style=\"aspect-ratio:4\/3;object-fit:cover;width:350px\" srcset=\"https:\/\/www.hsu-hh.de\/mz\/wp-content\/uploads\/sites\/28\/2017\/07\/Medienzentrum-05-1024x682.jpg 1024w, https:\/\/www.hsu-hh.de\/mz\/wp-content\/uploads\/sites\/28\/2017\/07\/Medienzentrum-05-300x200.jpg 300w, https:\/\/www.hsu-hh.de\/mz\/wp-content\/uploads\/sites\/28\/2017\/07\/Medienzentrum-05-768x512.jpg 768w, https:\/\/www.hsu-hh.de\/mz\/wp-content\/uploads\/sites\/28\/2017\/07\/Medienzentrum-05.jpg 1772w\" sizes=\"auto, (max-width: 1024px) 100vw, 1024px\" \/><\/figure>\n<\/div><\/div>\n\n\n\n<div class=\"wp-block-column is-vertically-aligned-center is-layout-flow wp-block-column-is-layout-flow\">\n<p>Unsere Fotografin dokumentiert die vielf\u00e4ltigen Aktivit\u00e4ten der Universit\u00e4t f\u00fcr \u00d6ffentlichkeitsarbeit, Lehre und Forschung.<\/p>\n\n\n\n<p>Wissenschaftsfotos aus den Laboren und Werkst\u00e4tten geh\u00f6ren dabei ebenso zum Repertoire, wie Reportagen \u00fcber die Arbeit in den Fakult\u00e4ten und Einrichtungen, Kongressdokumentationen, Aufnahmen von Sportveranstaltungen, Vortr\u00e4gen und Appellen, Portrait- und Gruppenaufnahmen von Besuchern sowie Architekturaufnahmen von Geb\u00e4uden und dem Campusgel\u00e4nde. F\u00fcr die Erstellung dienstlich erforderlicher Passbilder steht ein Passbildautomat zur Verf\u00fcgung.<\/p>\n<\/div>\n<\/div>\n","protected":false},"excerpt":{"rendered":"<p>Audio-visuelle Medien Die Mitarbeiter\/-innen von Fotostelle und Videostudio dokumentieren Veranstaltungen und Forschungsprojekte der Universit\u00e4t in fotografischen und bewegten Bildern. Die Aufzeichnung von Vorlesungen \u2014 vor Ort in den H\u00f6rs\u00e4len oder [&hellip;]<\/p>\n","protected":false},"author":15,"featured_media":0,"parent":0,"menu_order":0,"comment_status":"closed","ping_status":"closed","template":"","meta":{"footnotes":""},"categories":[31],"tags":[],"class_list":["post-107","page","type-page","status-publish","hentry","category-dienste"],"_links":{"self":[{"href":"https:\/\/www.hsu-hh.de\/mz\/wp-json\/wp\/v2\/pages\/107","targetHints":{"allow":["GET"]}}],"collection":[{"href":"https:\/\/www.hsu-hh.de\/mz\/wp-json\/wp\/v2\/pages"}],"about":[{"href":"https:\/\/www.hsu-hh.de\/mz\/wp-json\/wp\/v2\/types\/page"}],"author":[{"embeddable":true,"href":"https:\/\/www.hsu-hh.de\/mz\/wp-json\/wp\/v2\/users\/15"}],"replies":[{"embeddable":true,"href":"https:\/\/www.hsu-hh.de\/mz\/wp-json\/wp\/v2\/comments?post=107"}],"version-history":[{"count":26,"href":"https:\/\/www.hsu-hh.de\/mz\/wp-json\/wp\/v2\/pages\/107\/revisions"}],"predecessor-version":[{"id":960,"href":"https:\/\/www.hsu-hh.de\/mz\/wp-json\/wp\/v2\/pages\/107\/revisions\/960"}],"wp:attachment":[{"href":"https:\/\/www.hsu-hh.de\/mz\/wp-json\/wp\/v2\/media?parent=107"}],"wp:term":[{"taxonomy":"category","embeddable":true,"href":"https:\/\/www.hsu-hh.de\/mz\/wp-json\/wp\/v2\/categories?post=107"},{"taxonomy":"post_tag","embeddable":true,"href":"https:\/\/www.hsu-hh.de\/mz\/wp-json\/wp\/v2\/tags?post=107"}],"curies":[{"name":"wp","href":"https:\/\/api.w.org\/{rel}","templated":true}]}}