{"id":103,"date":"2017-07-17T11:08:36","date_gmt":"2017-07-17T09:08:36","guid":{"rendered":"https:\/\/www.hsu-hh.de\/mz\/?page_id=103"},"modified":"2024-12-10T08:13:23","modified_gmt":"2024-12-10T07:13:23","slug":"print-medien","status":"publish","type":"page","link":"https:\/\/www.hsu-hh.de\/mz\/print-medien","title":{"rendered":"Print Medien"},"content":{"rendered":"\n<h2 class=\"wp-block-heading has-text-align-right\">Grafikstudio<\/h2>\n\n\n\n<div class=\"wp-block-columns is-layout-flex wp-container-core-columns-is-layout-9d6595d7 wp-block-columns-is-layout-flex\">\n<div class=\"wp-block-column is-vertically-aligned-center is-layout-flow wp-block-column-is-layout-flow\"><div class=\"wp-block-image\">\n<figure class=\"aligncenter size-large is-resized\"><img loading=\"lazy\" decoding=\"async\" width=\"1024\" height=\"681\" src=\"https:\/\/www.hsu-hh.de\/mz\/wp-content\/uploads\/sites\/28\/2017\/07\/Medienzentrum-02-1024x681.jpg\" data-credit=\"HSU\/MZ\" alt=\"Grafikstudio\" class=\"wp-image-132\" style=\"aspect-ratio:4\/3;object-fit:cover;width:350px\" srcset=\"https:\/\/www.hsu-hh.de\/mz\/wp-content\/uploads\/sites\/28\/2017\/07\/Medienzentrum-02-1024x681.jpg 1024w, https:\/\/www.hsu-hh.de\/mz\/wp-content\/uploads\/sites\/28\/2017\/07\/Medienzentrum-02-300x200.jpg 300w, https:\/\/www.hsu-hh.de\/mz\/wp-content\/uploads\/sites\/28\/2017\/07\/Medienzentrum-02-768x511.jpg 768w\" sizes=\"auto, (max-width: 1024px) 100vw, 1024px\" \/><\/figure>\n<\/div><\/div>\n\n\n\n<div class=\"wp-block-column is-vertically-aligned-center is-layout-flow wp-block-column-is-layout-flow\">\n<p>Die Mitarbeiter\/-innen des Grafikstudios gestalten das Layout f\u00fcr die verschiedenen Printmedien und beraten bei der Visualisierung von Sachverhalten. Bei Bedarf \u00fcbernehmen wir die Koordination der redaktionellen Zulieferungen und die Aufbereitung der gelieferten Beitr\u00e4ge f\u00fcr den Druck oder die Publikation im Internet. Ein besonderer Schwerpunkt unserer Arbeit liegt in der Erstellung von technischen Reinzeichnungen, Logoentw\u00fcrfen sowie Gro\u00dfplakaten, Flyern und Brosch\u00fcren f\u00fcr Kongresse und Ausstellungen.<\/p>\n<\/div>\n<\/div>\n\n\n\n<div style=\"height:25px\" aria-hidden=\"true\" class=\"wp-block-spacer\"><\/div>\n\n\n\n<h2 class=\"wp-block-heading\">Druckerei und Vervielf\u00e4ltigungsstelle<\/h2>\n\n\n\n<div class=\"wp-block-columns is-layout-flex wp-container-core-columns-is-layout-9d6595d7 wp-block-columns-is-layout-flex\">\n<div class=\"wp-block-column is-vertically-aligned-center is-layout-flow wp-block-column-is-layout-flow\">\n<p>Die Druckerei und Vervielf\u00e4ltigungsstelle bearbeitet f\u00fcr die <abbr title=\"Helmut Schmidt Universit\u00e4t \u2044 Universit\u00e4t der Bundeswehr Hamburg\">HSU HH<\/abbr> und in Amtshilfe auch f\u00fcr andere Dienststellen der Bundeswehr in Hamburg und Umgebung nahezu s\u00e4mtliche Druck- und Kopierauftr\u00e4ge von DIN A8 bis DIN A1+. Dazu geh\u00f6ren auch die Druckweiterverarbeitung und das Scannen von umfangreichen Vorlagen. J\u00e4hrlich werden \u00fcber 3.500 Druck und Kopierauftr\u00e4ge von Visitenkarten bis hin zu Massendrucksachen wie Brosch\u00fcren und Flyern erstellt. Dabei wird inzwischen gr\u00f6\u00dftenteils im Digitaldruckverfahren gearbeitet.<\/p>\n<\/div>\n\n\n\n<div class=\"wp-block-column is-vertically-aligned-center is-layout-flow wp-block-column-is-layout-flow\"><div class=\"wp-block-image\">\n<figure class=\"aligncenter size-large is-resized\"><img loading=\"lazy\" decoding=\"async\" width=\"1024\" height=\"683\" src=\"https:\/\/www.hsu-hh.de\/mz\/wp-content\/uploads\/sites\/28\/2017\/07\/IMG_0023-1024x683.jpg\" data-credit=\"MZ\" alt=\"Plotter\" class=\"wp-image-133\" style=\"aspect-ratio:4\/3;object-fit:cover;width:350px\" srcset=\"https:\/\/www.hsu-hh.de\/mz\/wp-content\/uploads\/sites\/28\/2017\/07\/IMG_0023-1024x683.jpg 1024w, https:\/\/www.hsu-hh.de\/mz\/wp-content\/uploads\/sites\/28\/2017\/07\/IMG_0023-300x200.jpg 300w, https:\/\/www.hsu-hh.de\/mz\/wp-content\/uploads\/sites\/28\/2017\/07\/IMG_0023-768x512.jpg 768w\" sizes=\"auto, (max-width: 1024px) 100vw, 1024px\" \/><\/figure>\n<\/div><\/div>\n<\/div>\n","protected":false},"excerpt":{"rendered":"<p>Grafikstudio Die Mitarbeiter\/-innen des Grafikstudios gestalten das Layout f\u00fcr die verschiedenen Printmedien und beraten bei der Visualisierung von Sachverhalten. Bei Bedarf \u00fcbernehmen wir die Koordination der redaktionellen Zulieferungen und die [&hellip;]<\/p>\n","protected":false},"author":15,"featured_media":0,"parent":0,"menu_order":0,"comment_status":"closed","ping_status":"closed","template":"","meta":{"footnotes":""},"categories":[31],"tags":[],"class_list":["post-103","page","type-page","status-publish","hentry","category-dienste"],"_links":{"self":[{"href":"https:\/\/www.hsu-hh.de\/mz\/wp-json\/wp\/v2\/pages\/103","targetHints":{"allow":["GET"]}}],"collection":[{"href":"https:\/\/www.hsu-hh.de\/mz\/wp-json\/wp\/v2\/pages"}],"about":[{"href":"https:\/\/www.hsu-hh.de\/mz\/wp-json\/wp\/v2\/types\/page"}],"author":[{"embeddable":true,"href":"https:\/\/www.hsu-hh.de\/mz\/wp-json\/wp\/v2\/users\/15"}],"replies":[{"embeddable":true,"href":"https:\/\/www.hsu-hh.de\/mz\/wp-json\/wp\/v2\/comments?post=103"}],"version-history":[{"count":23,"href":"https:\/\/www.hsu-hh.de\/mz\/wp-json\/wp\/v2\/pages\/103\/revisions"}],"predecessor-version":[{"id":965,"href":"https:\/\/www.hsu-hh.de\/mz\/wp-json\/wp\/v2\/pages\/103\/revisions\/965"}],"wp:attachment":[{"href":"https:\/\/www.hsu-hh.de\/mz\/wp-json\/wp\/v2\/media?parent=103"}],"wp:term":[{"taxonomy":"category","embeddable":true,"href":"https:\/\/www.hsu-hh.de\/mz\/wp-json\/wp\/v2\/categories?post=103"},{"taxonomy":"post_tag","embeddable":true,"href":"https:\/\/www.hsu-hh.de\/mz\/wp-json\/wp\/v2\/tags?post=103"}],"curies":[{"name":"wp","href":"https:\/\/api.w.org\/{rel}","templated":true}]}}