{"id":73,"date":"2017-07-03T15:52:08","date_gmt":"2017-07-03T13:52:08","guid":{"rendered":"https:\/\/www.hsu-hh.de\/vorlage\/?page_id=73"},"modified":"2017-11-10T12:21:33","modified_gmt":"2017-11-10T11:21:33","slug":"startseite","status":"publish","type":"page","link":"https:\/\/www.hsu-hh.de\/mtl\/","title":{"rendered":"Willkommen am Lehrstuhl f\u00fcr Maschinenelemente und Technische Logistik"},"content":{"rendered":"<p><img loading=\"lazy\" decoding=\"async\" class=\"alignnone size-full wp-image-228\" src=\"https:\/\/www.hsu-hh.de\/mtl\/wp-content\/uploads\/sites\/689\/2017\/11\/Banner6.jpg\" alt=\"3-Finger Greifer mit Tomate\" width=\"1400\" height=\"500\" srcset=\"https:\/\/www.hsu-hh.de\/mtl\/wp-content\/uploads\/sites\/689\/2017\/11\/Banner6.jpg 1400w, https:\/\/www.hsu-hh.de\/mtl\/wp-content\/uploads\/sites\/689\/2017\/11\/Banner6-300x107.jpg 300w, https:\/\/www.hsu-hh.de\/mtl\/wp-content\/uploads\/sites\/689\/2017\/11\/Banner6-768x274.jpg 768w, https:\/\/www.hsu-hh.de\/mtl\/wp-content\/uploads\/sites\/689\/2017\/11\/Banner6-1024x366.jpg 1024w\" sizes=\"auto, (max-width: 1400px) 100vw, 1400px\" \/><\/p>\n<p>Der Lehrstuhl f\u00fcr Maschinenelemente und Technische Logistik (<abbr title=\"Lehrstuhl f\u00fcr Maschinenelemente und Technische Logistik\">MTL<\/abbr> ) ist ein Lehrstuhl der Fakult\u00e4t f\u00fcr Maschinenbau an der Helmut-Schmidt-Universit\u00e4t (<abbr title=\"Helmut-Schmidt-Universit\u00e4t\">HSU<\/abbr>) in Hamburg.<\/p>\n<p>Das <abbr title=\"Lehrstuhl f\u00fcr Maschinenelemente und Technische Logistik\">MTL<\/abbr> vertritt in der Lehre f\u00fcr die Studierenden des Maschinenbaus und des Wirtschaftsingenieurwesens im Bachelor-Studium die F\u00e4cher Maschinenzeichnen und Maschinenelemente sowie im Master-Studium die F\u00e4cher Technische Logistik und Rechnergest\u00fctzte Planung von Materialflusssystemen, welche ebenfalls Bestandteil des Masterstudiums des Hamburger Wirtschaftsingenieurwesens (HWI) sind.<br \/>\nIm Rahmen des Forschungsgebietes der Technischen Logistik befassen wir uns mit der Analyse und Weiterentwicklung von Materialflusssystemen. Der Forschungsbereich erstreckt sich von der Definition zuk\u00fcnftiger Anforderungen an die Materialflusstechnik, \u00fcber die Entwicklung von rechnergest\u00fctzten Methoden f\u00fcr die Optimierung von Materialflusssystemen bis hin zur Entwicklung neuer Technologien f\u00fcr die Intralogistik wie F\u00f6rder- und Greifsysteme und der Realisierung von Prototypen. Ebenfalls untersuchen wir Werkstoffe und Bauteile, die in der Materialflusstechnik eingesetzt werden, um beispielsweise die Lebensdauer zu beurteilen oder Parameter f\u00fcr Simulationen und Konstruktionsverbesserungen abzuleiten und analysieren die Einsatzm\u00f6glichkeiten moderner Materialien wie Smart Materials.<\/p>\n<p>Der Gro\u00dfteil der Forschungsprojekte des <abbr title=\"Lehrstuhl f\u00fcr Maschinenelemente und Technische Logistik\">MTL<\/abbr> wird in enger Kooperation mit der Industrie durchgef\u00fchrt. Das <abbr title=\"Lehrstuhl f\u00fcr Maschinenelemente und Technische Logistik\">MTL<\/abbr> verf\u00fcgt dazu \u00fcber eine hervorragende Infrastruktur, die mehr als 1.000 qm Laborfl\u00e4che, eine 60x30m2 gro\u00dfen Freifl\u00e4che zur Durchf\u00fchrung von Messfahrten, modernste Mess- und Regelungstechnik, eine Reihe von Pr\u00fcfst\u00e4nden sowie eine aktuelle <abbr title=\"Informationstechnologie\">IT<\/abbr>-Ausstattung umfasst.<\/p>\n","protected":false},"excerpt":{"rendered":"<p>Der Lehrstuhl f\u00fcr Maschinenelemente und Technische Logistik (MTL ) ist ein Lehrstuhl der Fakult\u00e4t f\u00fcr Maschinenbau an der Helmut-Schmidt-Universit\u00e4t (HSU) in Hamburg. Das MTL vertritt in der Lehre f\u00fcr die [&hellip;]<\/p>\n","protected":false},"author":1,"featured_media":0,"parent":0,"menu_order":0,"comment_status":"closed","ping_status":"closed","template":"","meta":{"footnotes":""},"categories":[35],"tags":[],"class_list":["post-73","page","type-page","status-publish","hentry","category-startseite"],"_links":{"self":[{"href":"https:\/\/www.hsu-hh.de\/mtl\/wp-json\/wp\/v2\/pages\/73","targetHints":{"allow":["GET"]}}],"collection":[{"href":"https:\/\/www.hsu-hh.de\/mtl\/wp-json\/wp\/v2\/pages"}],"about":[{"href":"https:\/\/www.hsu-hh.de\/mtl\/wp-json\/wp\/v2\/types\/page"}],"author":[{"embeddable":true,"href":"https:\/\/www.hsu-hh.de\/mtl\/wp-json\/wp\/v2\/users\/1"}],"replies":[{"embeddable":true,"href":"https:\/\/www.hsu-hh.de\/mtl\/wp-json\/wp\/v2\/comments?post=73"}],"version-history":[{"count":6,"href":"https:\/\/www.hsu-hh.de\/mtl\/wp-json\/wp\/v2\/pages\/73\/revisions"}],"predecessor-version":[{"id":283,"href":"https:\/\/www.hsu-hh.de\/mtl\/wp-json\/wp\/v2\/pages\/73\/revisions\/283"}],"wp:attachment":[{"href":"https:\/\/www.hsu-hh.de\/mtl\/wp-json\/wp\/v2\/media?parent=73"}],"wp:term":[{"taxonomy":"category","embeddable":true,"href":"https:\/\/www.hsu-hh.de\/mtl\/wp-json\/wp\/v2\/categories?post=73"},{"taxonomy":"post_tag","embeddable":true,"href":"https:\/\/www.hsu-hh.de\/mtl\/wp-json\/wp\/v2\/tags?post=73"}],"curies":[{"name":"wp","href":"https:\/\/api.w.org\/{rel}","templated":true}]}}