{"id":315,"date":"2017-11-10T12:55:44","date_gmt":"2017-11-10T11:55:44","guid":{"rendered":"https:\/\/www.hsu-hh.de\/mtl\/?page_id=315"},"modified":"2017-11-10T12:55:44","modified_gmt":"2017-11-10T11:55:44","slug":"dipl-ing-jan-isermann","status":"publish","type":"page","link":"https:\/\/www.hsu-hh.de\/mtl\/dipl-ing-jan-isermann","title":{"rendered":"Dipl.-Ing. Jan Isermann"},"content":{"rendered":"<h3>Ver\u00f6ffentlichungen:<\/h3>\n<ul>\n<li>Isermann, J.; Ulrich, S.; Bruns, R.: Modellierung, Regelung und Erprobung eines pneumatischen Biegeaktors f\u00fcr den Antrieb eines flexiblen Intralogistikgreifers. In: Tagungsband zum 12. Fachkolloquium der Wissenschaftlichen Gesellschaft f\u00fcr Technische Logistik e.V. (WGTL). Stuttgart, 2016, S. 225-232. <abbr title=\"International Standard Book Number\">ISBN<\/abbr> 978-3-00-054201-5<\/li>\n<li>Isermann, J.; Ulrich, S.; Bruns, R.: Surveying and Closed-Loop Control Study of Highly Elastic Bending Actuator for Biomimetic Gripping 15th International Conference on New Actuators &amp; 9th International Exhibition on Smart Actuators and Drive Systems, Bremen 2016, S. 565-568. <abbr title=\"International Standard Book Number\">ISBN<\/abbr> 978-3-933339-26-3<\/li>\n<li>Isermann, J.; Ulrich, S.; Bruns, R.: Konstruktive Gestaltung eines bio-inspirierten Kommissioniergreifers f\u00fcr intralogistische Handhabungsaufgaben. In: Tagungsband zum 10. Fachkolloquium der Wissenschaftlichen Gesellschaft f\u00fcr Technische Logistik e.V. (WGTL). M\u00fcnchen, 2014, S. 177-188. <abbr title=\"International Standard Book Number\">ISBN<\/abbr> 978-3-941702-47-9<\/li>\n<li>Isermann, J.; Ulrich, S.; Bruns, R.: Design of highly elastic bending actuators for use in bio-inspired picking gripper. 14th International Conference on New Actuators &amp; 8th International Exhibition on Smart Actuators and Drive Systems, Bremen 2014, S. 269-272. <abbr title=\"International Standard Book Number\">ISBN<\/abbr> 978-3-933339-22-5<\/li>\n<li>Isermann, J.; Ulrich, S.; Bruns, R.: Greifergest\u00fctzte Automatisierung in der Intralogistik &#8211; Die Clusteranalyse hilft bei der Konstruktion. In: Hebezeuge F\u00f6rdermittel 1-2. Berlin, 2014, S. 36-39. ISSN 0017-9442 A 06792<\/li>\n<li>Isermann, J.; Ulrich, S.; Bruns, R.: Generierung von Konstruktionsmerkmalen zur Entwicklung eines bio-inspirierten Kommissionier-Greifers f\u00fcr die Intralogistik mittels Clusteranalyse. In: Tagungsband zum 9. Fachkolloquium der Wissenschaftlichen Gesellschaft f\u00fcr Technische Logistik e. V. (WGTL). Dortmund, 2013, S. 177-188. <abbr title=\"International Standard Book Number\">ISBN<\/abbr> 978-3-86975-085-9<\/li>\n<\/ul>\n<p>&nbsp;<\/p>\n<h3>Patentanmeldungen:<\/h3>\n<ul>\n<li>DE 10 2016 125 271.9: Modulares Aktorsystem, Fluidaktor und Kupplungsvorrichtung f\u00fcr ein modulares Aktorsystem, 2016<\/li>\n<li>EP 2 833 038 A1: Ventil f\u00fcr feldsensitive Fl\u00fcssigkeiten und hydraulische Anlagen mit einem solchen Ventil, 2015<\/li>\n<li>DE 10 2014 106 929 A1: Aktorelement, 2014<\/li>\n<\/ul>\n","protected":false},"excerpt":{"rendered":"<p>Ver\u00f6ffentlichungen: Isermann, J.; Ulrich, S.; Bruns, R.: Modellierung, Regelung und Erprobung eines pneumatischen Biegeaktors f\u00fcr den Antrieb eines flexiblen Intralogistikgreifers. In: Tagungsband zum 12. Fachkolloquium der Wissenschaftlichen Gesellschaft f\u00fcr Technische [&hellip;]<\/p>\n","protected":false},"author":132,"featured_media":0,"parent":0,"menu_order":0,"comment_status":"closed","ping_status":"closed","template":"","meta":{"footnotes":""},"categories":[8],"tags":[],"class_list":["post-315","page","type-page","status-publish","hentry","category-team"],"_links":{"self":[{"href":"https:\/\/www.hsu-hh.de\/mtl\/wp-json\/wp\/v2\/pages\/315","targetHints":{"allow":["GET"]}}],"collection":[{"href":"https:\/\/www.hsu-hh.de\/mtl\/wp-json\/wp\/v2\/pages"}],"about":[{"href":"https:\/\/www.hsu-hh.de\/mtl\/wp-json\/wp\/v2\/types\/page"}],"author":[{"embeddable":true,"href":"https:\/\/www.hsu-hh.de\/mtl\/wp-json\/wp\/v2\/users\/132"}],"replies":[{"embeddable":true,"href":"https:\/\/www.hsu-hh.de\/mtl\/wp-json\/wp\/v2\/comments?post=315"}],"version-history":[{"count":3,"href":"https:\/\/www.hsu-hh.de\/mtl\/wp-json\/wp\/v2\/pages\/315\/revisions"}],"predecessor-version":[{"id":318,"href":"https:\/\/www.hsu-hh.de\/mtl\/wp-json\/wp\/v2\/pages\/315\/revisions\/318"}],"wp:attachment":[{"href":"https:\/\/www.hsu-hh.de\/mtl\/wp-json\/wp\/v2\/media?parent=315"}],"wp:term":[{"taxonomy":"category","embeddable":true,"href":"https:\/\/www.hsu-hh.de\/mtl\/wp-json\/wp\/v2\/categories?post=315"},{"taxonomy":"post_tag","embeddable":true,"href":"https:\/\/www.hsu-hh.de\/mtl\/wp-json\/wp\/v2\/tags?post=315"}],"curies":[{"name":"wp","href":"https:\/\/api.w.org\/{rel}","templated":true}]}}