{"id":177,"date":"2017-11-09T17:29:15","date_gmt":"2017-11-09T16:29:15","guid":{"rendered":"https:\/\/www.hsu-hh.de\/mtl\/?page_id=177"},"modified":"2017-11-10T13:08:02","modified_gmt":"2017-11-10T12:08:02","slug":"leistungsangebot","status":"publish","type":"page","link":"https:\/\/www.hsu-hh.de\/mtl\/leistungsangebot","title":{"rendered":"Leistungsangebot"},"content":{"rendered":"<p>Im Rahmen unserer Forschung l\u00f6sen wir konkrete Problemstellungen f\u00fcr unsere Industriepartner und stehen mit unserem Know-how gern beratend zur Verf\u00fcgung.<\/p>\n<h3>Beratung<\/h3>\n<p>\u2022 Optimierung von logistischen Prozessen und Systemen<br \/>\n\u2022 Technische Produktentwicklung f\u00fcr die Intralogistik und die passive und aktive Schwingungsisolierung<br \/>\n\u2022 Untersuchung der f\u00fcr Materialflusstechnik relevanten Werkstoffe<\/p>\n<h3>Berechnung und Simulation<\/h3>\n<p>\u2022 Statische und dynamische Analyse von Elastomer-Bauteilen mit FEM<br \/>\n\u2022 Dynamische Analyse von Mehrk\u00f6rpersystemen<br \/>\n\u2022 Analyse von mechatronischen Systemen mit SIL- und HIL-Verfahren<\/p>\n<h3>Experimentelle Untersuchung<\/h3>\n<p>\u2022 Betriebsverhalten von Industriereifen (Statik, Quer- und Vertikaldynamik, Verschlei\u00df und Lebensdauer)<br \/>\n\u2022 Betriebsverhalten von mechanischen Bauteilen und Baugruppen (statische und dynamische Belastungsgrenzen, Eigendynamik)<br \/>\n\u2022 Standsicherheit von mobilen Arbeitsmaschinen (statische und dynamische)<br \/>\n\u2022 Fahrdynamik von mobilen Arbeitsmaschinen<br \/>\n\u2022 Werkstoffparameter<\/p>\n<h3>Dienstleistungen im Bereich des 3D-Drucks<\/h3>\n","protected":false},"excerpt":{"rendered":"<p>Im Rahmen unserer Forschung l\u00f6sen wir konkrete Problemstellungen f\u00fcr unsere Industriepartner und stehen mit unserem Know-how gern beratend zur Verf\u00fcgung. Beratung \u2022 Optimierung von logistischen Prozessen und Systemen \u2022 Technische [&hellip;]<\/p>\n","protected":false},"author":132,"featured_media":0,"parent":0,"menu_order":0,"comment_status":"closed","ping_status":"closed","template":"","meta":{"footnotes":""},"categories":[],"tags":[],"class_list":["post-177","page","type-page","status-publish","hentry"],"_links":{"self":[{"href":"https:\/\/www.hsu-hh.de\/mtl\/wp-json\/wp\/v2\/pages\/177","targetHints":{"allow":["GET"]}}],"collection":[{"href":"https:\/\/www.hsu-hh.de\/mtl\/wp-json\/wp\/v2\/pages"}],"about":[{"href":"https:\/\/www.hsu-hh.de\/mtl\/wp-json\/wp\/v2\/types\/page"}],"author":[{"embeddable":true,"href":"https:\/\/www.hsu-hh.de\/mtl\/wp-json\/wp\/v2\/users\/132"}],"replies":[{"embeddable":true,"href":"https:\/\/www.hsu-hh.de\/mtl\/wp-json\/wp\/v2\/comments?post=177"}],"version-history":[{"count":7,"href":"https:\/\/www.hsu-hh.de\/mtl\/wp-json\/wp\/v2\/pages\/177\/revisions"}],"predecessor-version":[{"id":330,"href":"https:\/\/www.hsu-hh.de\/mtl\/wp-json\/wp\/v2\/pages\/177\/revisions\/330"}],"wp:attachment":[{"href":"https:\/\/www.hsu-hh.de\/mtl\/wp-json\/wp\/v2\/media?parent=177"}],"wp:term":[{"taxonomy":"category","embeddable":true,"href":"https:\/\/www.hsu-hh.de\/mtl\/wp-json\/wp\/v2\/categories?post=177"},{"taxonomy":"post_tag","embeddable":true,"href":"https:\/\/www.hsu-hh.de\/mtl\/wp-json\/wp\/v2\/tags?post=177"}],"curies":[{"name":"wp","href":"https:\/\/api.w.org\/{rel}","templated":true}]}}