{"id":174,"date":"2017-11-09T17:29:15","date_gmt":"2017-11-09T16:29:15","guid":{"rendered":"https:\/\/www.hsu-hh.de\/mtl\/?page_id=174"},"modified":"2017-11-10T12:31:44","modified_gmt":"2017-11-10T11:31:44","slug":"kontakt-anfahrt","status":"publish","type":"page","link":"https:\/\/www.hsu-hh.de\/mtl\/kontakt-anfahrt","title":{"rendered":"Kontakt \/ Anfahrt"},"content":{"rendered":"<h2>Kontakt<\/h2>\n<p>Lehrstuhl f\u00fcr Maschinenelemente und Technische Logistik<br \/>\nHelmut-Schmidt-Universit\u00e4t\/<br \/>\nUniversit\u00e4t der Bundeswehr Hamburg<br \/>\nHolstenhofweg 85<br \/>\n22043 Hamburg<\/p>\n<p>Tel.: 040 \/ 6541-2287<br \/>\nFax: 040 \/ 6541-2095<\/p>\n<p>E-Mail: rainer.bruns@hsu-hh.de<\/p>\n<h2>Anfahrt<\/h2>\n<p>Unsere B\u00fcros befinden sich im Geb\u00e4ude H11 im EG und 1.OG sowie im Geb\u00e4ude H2 (Labore und technisches Personal).<\/p>\n<h3>Anreise mit der Bahn:<\/h3>\n<p>Haltestelle: Universit\u00e4t der Bundeswehr<br \/>\nFahrplanauskunft beim <a href=\"http:\/\/www.hvv.de\/\" rel='nofollow'>Hamburger Verkehrsverbund (HVV)<br \/>\n<\/a><\/p>\n<h3>Anreise mit dem Auto:<\/h3>\n<p>Nach vorheriger Anmeldung an der Wache und Hinterlegung Ihres Ausweises, k\u00f6nnen Sie mit Ihrem Auto auf das Gel\u00e4nde fahren und dort parken.<\/p>\n<p>&nbsp;<\/p>\n<p><img loading=\"lazy\" decoding=\"async\" class=\"alignnone size-full wp-image-231\" src=\"https:\/\/www.hsu-hh.de\/mtl\/wp-content\/uploads\/sites\/689\/2017\/11\/Lageplan-HSU-MTL.jpg\" alt=\"Lageplan MTL\" width=\"1267\" height=\"1532\" srcset=\"https:\/\/www.hsu-hh.de\/mtl\/wp-content\/uploads\/sites\/689\/2017\/11\/Lageplan-HSU-MTL.jpg 1267w, https:\/\/www.hsu-hh.de\/mtl\/wp-content\/uploads\/sites\/689\/2017\/11\/Lageplan-HSU-MTL-248x300.jpg 248w, https:\/\/www.hsu-hh.de\/mtl\/wp-content\/uploads\/sites\/689\/2017\/11\/Lageplan-HSU-MTL-768x929.jpg 768w, https:\/\/www.hsu-hh.de\/mtl\/wp-content\/uploads\/sites\/689\/2017\/11\/Lageplan-HSU-MTL-847x1024.jpg 847w\" sizes=\"auto, (max-width: 1267px) 100vw, 1267px\" \/><\/p>\n<div class=\"col-xs-12 downloads-item\">\n<div class=\"row border-line\">\n<div class=\"text-area\">\u00a0<span class=\"download-text\">Download Lageplan <abbr title=\"Lehrstuhl f\u00fcr Maschinenelemente und Technische Logistik\">MTL<\/abbr><\/span><\/div>\n<div class=\"download-area\"><a class=\"download-link\" href=\"https:\/\/www.hsu-hh.de\/mtl\/wp-content\/uploads\/sites\/689\/2017\/11\/Lageplan-HSU-MTL.jpg\"><span class=\"download-name\">jpeg laden<\/span><span class=\"donwload-icon\"><img decoding=\"async\" class=\"download-icon\" src=\"\/wp-content\/themes\/hsu\/img\/icons\/download_icon.png\" alt=\"download icon\" \/><\/span><span class=\"download-size\">988 KB<\/span><\/a><\/div>\n<\/div>\n<\/div>\n<p>&nbsp;<\/p>\n","protected":false},"excerpt":{"rendered":"<p>Kontakt Lehrstuhl f\u00fcr Maschinenelemente und Technische Logistik Helmut-Schmidt-Universit\u00e4t\/ Universit\u00e4t der Bundeswehr Hamburg Holstenhofweg 85 22043 Hamburg Tel.: 040 \/ 6541-2287 Fax: 040 \/ 6541-2095 E-Mail: rainer.bruns@hsu-hh.de Anfahrt Unsere B\u00fcros befinden [&hellip;]<\/p>\n","protected":false},"author":132,"featured_media":0,"parent":0,"menu_order":0,"comment_status":"closed","ping_status":"closed","template":"","meta":{"footnotes":""},"categories":[],"tags":[],"class_list":["post-174","page","type-page","status-publish","hentry"],"_links":{"self":[{"href":"https:\/\/www.hsu-hh.de\/mtl\/wp-json\/wp\/v2\/pages\/174","targetHints":{"allow":["GET"]}}],"collection":[{"href":"https:\/\/www.hsu-hh.de\/mtl\/wp-json\/wp\/v2\/pages"}],"about":[{"href":"https:\/\/www.hsu-hh.de\/mtl\/wp-json\/wp\/v2\/types\/page"}],"author":[{"embeddable":true,"href":"https:\/\/www.hsu-hh.de\/mtl\/wp-json\/wp\/v2\/users\/132"}],"replies":[{"embeddable":true,"href":"https:\/\/www.hsu-hh.de\/mtl\/wp-json\/wp\/v2\/comments?post=174"}],"version-history":[{"count":7,"href":"https:\/\/www.hsu-hh.de\/mtl\/wp-json\/wp\/v2\/pages\/174\/revisions"}],"predecessor-version":[{"id":291,"href":"https:\/\/www.hsu-hh.de\/mtl\/wp-json\/wp\/v2\/pages\/174\/revisions\/291"}],"wp:attachment":[{"href":"https:\/\/www.hsu-hh.de\/mtl\/wp-json\/wp\/v2\/media?parent=174"}],"wp:term":[{"taxonomy":"category","embeddable":true,"href":"https:\/\/www.hsu-hh.de\/mtl\/wp-json\/wp\/v2\/categories?post=174"},{"taxonomy":"post_tag","embeddable":true,"href":"https:\/\/www.hsu-hh.de\/mtl\/wp-json\/wp\/v2\/tags?post=174"}],"curies":[{"name":"wp","href":"https:\/\/api.w.org\/{rel}","templated":true}]}}