{"id":122,"date":"2017-11-08T16:11:35","date_gmt":"2017-11-08T15:11:35","guid":{"rendered":"https:\/\/www.hsu-hh.de\/mtl\/?page_id=122"},"modified":"2017-11-10T09:14:17","modified_gmt":"2017-11-10T08:14:17","slug":"forschung","status":"publish","type":"page","link":"https:\/\/www.hsu-hh.de\/mtl\/forschung","title":{"rendered":"Forschung"},"content":{"rendered":"<p>Das Forschungsgebiet des MTL ist die Technische Logistik. Forschungsziel ist die Weiterentwicklung von analytischen und rechnergest\u00fctzten Verfahren zur Beschreibung und Optimierung von logistischen Prozessen und Systemen. Bestehende Technologien werden analysiert und k\u00fcnftige Anforderungen abgeleitet. Darauf aufbauend werden neue Produkte insbesondere f\u00fcr die Intralogistik wie F\u00f6rder- und Greifsysteme entwickelt und prototypisch realisiert. Ein Schwerpunkt ist die Entwicklung von elastischen Greifern und Aktoren, die zur Automatisierung logistischer Prozesse wie der Kommissionierung eingesetzt werden k\u00f6nnen. Sie eignen sich insbesondere f\u00fcr kooperative Anwendungen zwischen Mensch und Maschine sowie f\u00fcr Assistenzfunktionen. Ein weiterer Forschungsgegenstand ist das Flurf\u00f6rderzeug. Der wissenschaftliche Fokus liegt hier auf der Steigerung der Energieeffizienz sowie der Verbessung der statischen und dynamischen Standsicherheit.<\/p>\n","protected":false},"excerpt":{"rendered":"<p>Das Forschungsgebiet des MTL ist die Technische Logistik. Forschungsziel ist die Weiterentwicklung von analytischen und rechnergest\u00fctzten Verfahren zur Beschreibung und Optimierung von logistischen Prozessen und Systemen. Bestehende Technologien werden analysiert [&hellip;]<\/p>\n","protected":false},"author":133,"featured_media":0,"parent":0,"menu_order":0,"comment_status":"closed","ping_status":"closed","template":"","meta":{"footnotes":""},"categories":[],"tags":[],"class_list":["post-122","page","type-page","status-publish","hentry"],"_links":{"self":[{"href":"https:\/\/www.hsu-hh.de\/mtl\/wp-json\/wp\/v2\/pages\/122","targetHints":{"allow":["GET"]}}],"collection":[{"href":"https:\/\/www.hsu-hh.de\/mtl\/wp-json\/wp\/v2\/pages"}],"about":[{"href":"https:\/\/www.hsu-hh.de\/mtl\/wp-json\/wp\/v2\/types\/page"}],"author":[{"embeddable":true,"href":"https:\/\/www.hsu-hh.de\/mtl\/wp-json\/wp\/v2\/users\/133"}],"replies":[{"embeddable":true,"href":"https:\/\/www.hsu-hh.de\/mtl\/wp-json\/wp\/v2\/comments?post=122"}],"version-history":[{"count":4,"href":"https:\/\/www.hsu-hh.de\/mtl\/wp-json\/wp\/v2\/pages\/122\/revisions"}],"predecessor-version":[{"id":225,"href":"https:\/\/www.hsu-hh.de\/mtl\/wp-json\/wp\/v2\/pages\/122\/revisions\/225"}],"wp:attachment":[{"href":"https:\/\/www.hsu-hh.de\/mtl\/wp-json\/wp\/v2\/media?parent=122"}],"wp:term":[{"taxonomy":"category","embeddable":true,"href":"https:\/\/www.hsu-hh.de\/mtl\/wp-json\/wp\/v2\/categories?post=122"},{"taxonomy":"post_tag","embeddable":true,"href":"https:\/\/www.hsu-hh.de\/mtl\/wp-json\/wp\/v2\/tags?post=122"}],"curies":[{"name":"wp","href":"https:\/\/api.w.org\/{rel}","templated":true}]}}