{"id":110,"date":"2017-11-08T15:59:16","date_gmt":"2017-11-08T14:59:16","guid":{"rendered":"https:\/\/www.hsu-hh.de\/mtl\/?page_id=110"},"modified":"2017-11-10T09:14:29","modified_gmt":"2017-11-10T08:14:29","slug":"materialhandling","status":"publish","type":"page","link":"https:\/\/www.hsu-hh.de\/mtl\/materialhandling","title":{"rendered":"Forschungsthemen"},"content":{"rendered":"<p>&nbsp;<\/p>\n<p>&nbsp;<\/p>\n<h3>Materialhandling<\/h3>\n<p>Dieser Forschungsbereich befasst sich mit der Entwicklung von Methoden und Komponenten f\u00fcr innovative Materialflusssysteme. Dabei stehen die Erh\u00f6hung der Modularit\u00e4t, der Flexibilit\u00e4t und der Autonomie der einzelnen Bestandteile im Vordergrund. Ein Schwerpunkt bilden flexible universelle Greifer und Roboter, die speziell an die Anforderungen der Logistik angepasst sind. Weitere Schwerpunkte sind die Optimierung und Entwicklung von Transport- und Kommissioniersystemen.<\/p>\n<h3>Aktive Systeme<\/h3>\n<p>Im Hinblick auf sich ver\u00e4ndernde Anforderungen der Intralogistik, die eine hohe Flexibilit\u00e4t und Wandelbarkeit der eingesetzten Technologien erfordert, werden neuartige F\u00f6rder- und Greifsysteme entwickelt. Eine zentrale Rolle dabei spielt die Aktorik. Hier werden Materialien wie elektrorheologische Fluide und Elastomere eingesetzt und erforscht, die besonders kompakte und flexible Konstruktionen zulassen. Modulare elastische Fluid-Aktoren bilden die Basis f\u00fcr die Entwicklung von Logistikgreifern und -robotern f\u00fcr eine schonende Handhabung unterschiedlichster Produkte. Der Einsatz derartiger Aktoren f\u00fcr schwingungstechnische Problemstellungen steht ebenfalls im Fokus des Forschungsbereiches.<\/p>\n<h3>Flurf\u00f6rderzeuge<\/h3>\n<p>Dieser Forschungsbereich befasst sich mit der Weiterentwicklung und Optimierung von Flurf\u00f6rderzeugen sowie deren Anpassung an zuk\u00fcnftige Anforderungen im innerbetrieblichen Transport. Im Fokus stehen dabei die Erh\u00f6hung der Energieeffizienz und die Steigerung der Standsicherheit. Hierzu werden sowohl computergest\u00fctze Simulationen als auch experimentelle Untersuchungen durchgef\u00fchrt.<\/p>\n","protected":false},"excerpt":{"rendered":"<p>&nbsp; &nbsp; Materialhandling Dieser Forschungsbereich befasst sich mit der Entwicklung von Methoden und Komponenten f\u00fcr innovative Materialflusssysteme. Dabei stehen die Erh\u00f6hung der Modularit\u00e4t, der Flexibilit\u00e4t und der Autonomie der einzelnen [&hellip;]<\/p>\n","protected":false},"author":133,"featured_media":0,"parent":0,"menu_order":0,"comment_status":"closed","ping_status":"closed","template":"","meta":{"footnotes":""},"categories":[],"tags":[],"class_list":["post-110","page","type-page","status-publish","hentry"],"_links":{"self":[{"href":"https:\/\/www.hsu-hh.de\/mtl\/wp-json\/wp\/v2\/pages\/110","targetHints":{"allow":["GET"]}}],"collection":[{"href":"https:\/\/www.hsu-hh.de\/mtl\/wp-json\/wp\/v2\/pages"}],"about":[{"href":"https:\/\/www.hsu-hh.de\/mtl\/wp-json\/wp\/v2\/types\/page"}],"author":[{"embeddable":true,"href":"https:\/\/www.hsu-hh.de\/mtl\/wp-json\/wp\/v2\/users\/133"}],"replies":[{"embeddable":true,"href":"https:\/\/www.hsu-hh.de\/mtl\/wp-json\/wp\/v2\/comments?post=110"}],"version-history":[{"count":5,"href":"https:\/\/www.hsu-hh.de\/mtl\/wp-json\/wp\/v2\/pages\/110\/revisions"}],"predecessor-version":[{"id":226,"href":"https:\/\/www.hsu-hh.de\/mtl\/wp-json\/wp\/v2\/pages\/110\/revisions\/226"}],"wp:attachment":[{"href":"https:\/\/www.hsu-hh.de\/mtl\/wp-json\/wp\/v2\/media?parent=110"}],"wp:term":[{"taxonomy":"category","embeddable":true,"href":"https:\/\/www.hsu-hh.de\/mtl\/wp-json\/wp\/v2\/categories?post=110"},{"taxonomy":"post_tag","embeddable":true,"href":"https:\/\/www.hsu-hh.de\/mtl\/wp-json\/wp\/v2\/tags?post=110"}],"curies":[{"name":"wp","href":"https:\/\/api.w.org\/{rel}","templated":true}]}}