{"id":73,"date":"2017-07-03T15:52:08","date_gmt":"2017-07-03T13:52:08","guid":{"rendered":"https:\/\/www.hsu-hh.de\/vorlage\/?page_id=73"},"modified":"2024-09-11T11:50:00","modified_gmt":"2024-09-11T09:50:00","slug":"startseite","status":"publish","type":"page","link":"https:\/\/www.hsu-hh.de\/mt\/","title":{"rendered":"Messtechnik"},"content":{"rendered":"\n<p>Die Professur f\u00fcr Messtechnik an der Helmut-Schmidt-Universit\u00e4t, mit Fokus auf <strong>optische Hochpr\u00e4zisions-Messtechnik<\/strong>, ist in der physikalischen Grundlagenforschung ebenso wie in industriellen Anwendungen aktiv. Sie entwickelt innovative <a href=\"https:\/\/dtecbw.de\/home\/forschung\/hsu\/projekt-ds2ccp\/projekt-ds2ccp\" rel='nofollow'>digitale Sensor-2-Cloud-Plattformen <\/a>und kabellose optische Sensoren innerhalb von <a href=\"https:\/\/dtecbw.de\/home\" rel='nofollow'>dtec<\/a>. Das Team leistet einen wichtigen Beitrag zum <a href=\"https:\/\/www.einstein-teleskop.de\/\" rel='nofollow'>Einstein-Teleskop<\/a>, einem geplanten Gravitationswellendetektor in Europa. Neue Konzepte und Algorithmen f\u00fcr Hilfssensoren werden entwickelt und experimentell untersucht, um das Newtonsche Rauschen zu reduzieren. Das Team ist aktiv beteiligt an der seismischen Netzwerk Initiative <a href=\"http:\/\/wave-hamburg.eu\/\" rel='nofollow'>WAVE<\/a> in Hamburg und unters\u00fctzt das <a href=\"https:\/\/alps.desy.de\/our_activities\/axion_wisp_experiments\/alps_ii\/\" rel='nofollow'>ALPS I<\/a>I Experiment zur Erforschung Dunkler Materie am <a href=\"https:\/\/desy.de\/\" rel='nofollow'>DESY<\/a>. Mit hochpr\u00e4ziser Laserinterferometrie, Multi-Fringe Interferometrie und breitbandigen seismischen Fasersensoren wird die Grenze der Messtechnik erweitert. Umfassende Simulationen mit <a href=\"https:\/\/www.aei.mpg.de\/ifocad\" rel='nofollow'>IfoCAD<\/a> und Optimierungsalgorithmen zur Unterdr\u00fcckung von Umgebungsrauschen (&#8222;Newtonian Noise&#8220;) unterst\u00fctzen die dedizierte Sensorentwicklung.<\/p>\n\n\n\n<hr class=\"wp-block-separator has-alpha-channel-opacity\" \/>\n\n\n\n<div class=\"wp-block-columns is-layout-flex wp-container-core-columns-is-layout-9d6595d7 wp-block-columns-is-layout-flex\">\n<div class=\"wp-block-column is-layout-flow wp-block-column-is-layout-flow\">\n<p><a href=\"https:\/\/www.hsu-hh.de\/mt\/forschung\/\" data-type=\"page\" data-id=\"112\">Forschung<\/a>: Optical engineering f\u00fcr Astronomie &amp; Industrie<\/p>\n\n\n\n<figure class=\"wp-block-image size-large\"><a href=\"https:\/\/www.hsu-hh.de\/mt\/forschung\/\"><img loading=\"lazy\" decoding=\"async\" width=\"1024\" height=\"576\" src=\"https:\/\/www.hsu-hh.de\/mt\/wp-content\/uploads\/sites\/868\/2023\/11\/IMG_8377-edited-1024x576.jpeg\" data-credit=\"Isleif\" alt=\"\" class=\"wp-image-1279\" srcset=\"https:\/\/www.hsu-hh.de\/mt\/wp-content\/uploads\/sites\/868\/2023\/11\/IMG_8377-edited-1024x576.jpeg 1024w, https:\/\/www.hsu-hh.de\/mt\/wp-content\/uploads\/sites\/868\/2023\/11\/IMG_8377-edited-300x169.jpeg 300w, https:\/\/www.hsu-hh.de\/mt\/wp-content\/uploads\/sites\/868\/2023\/11\/IMG_8377-edited-768x432.jpeg 768w, https:\/\/www.hsu-hh.de\/mt\/wp-content\/uploads\/sites\/868\/2023\/11\/IMG_8377-edited-1536x864.jpeg 1536w, https:\/\/www.hsu-hh.de\/mt\/wp-content\/uploads\/sites\/868\/2023\/11\/IMG_8377-edited-2048x1152.jpeg 2048w, https:\/\/www.hsu-hh.de\/mt\/wp-content\/uploads\/sites\/868\/2023\/11\/IMG_8377-edited-1100x619.jpeg 1100w\" sizes=\"auto, (max-width: 1024px) 100vw, 1024px\" \/><\/a><\/figure>\n<\/div>\n\n\n\n<div class=\"wp-block-column is-layout-flow wp-block-column-is-layout-flow\">\n<p><a href=\"https:\/\/www.hsu-hh.de\/mt\/forschung#Kollaborationen\" data-type=\"page\" data-id=\"114\">Kollaborationen<\/a>: dtec, WAVE, <abbr title=\"Elektrotechnik\">ET<\/abbr>, LIGO,  LISA and ALPS II<\/p>\n\n\n\n<figure class=\"wp-block-image size-large\"><a href=\"https:\/\/www.hsu-hh.de\/mt\/forschung#Kollaborationen\"><img loading=\"lazy\" decoding=\"async\" width=\"1024\" height=\"576\" src=\"https:\/\/www.hsu-hh.de\/mt\/wp-content\/uploads\/sites\/868\/2022\/04\/Smart_City-1-1024x576.png\" data-credit=\" \" alt=\"\" class=\"wp-image-875\" srcset=\"https:\/\/www.hsu-hh.de\/mt\/wp-content\/uploads\/sites\/868\/2022\/04\/Smart_City-1-1024x576.png 1024w, https:\/\/www.hsu-hh.de\/mt\/wp-content\/uploads\/sites\/868\/2022\/04\/Smart_City-1-300x169.png 300w, https:\/\/www.hsu-hh.de\/mt\/wp-content\/uploads\/sites\/868\/2022\/04\/Smart_City-1-768x432.png 768w, https:\/\/www.hsu-hh.de\/mt\/wp-content\/uploads\/sites\/868\/2022\/04\/Smart_City-1-1536x864.png 1536w, https:\/\/www.hsu-hh.de\/mt\/wp-content\/uploads\/sites\/868\/2022\/04\/Smart_City-1-2048x1152.png 2048w, https:\/\/www.hsu-hh.de\/mt\/wp-content\/uploads\/sites\/868\/2022\/04\/Smart_City-1-1100x619.png 1100w\" sizes=\"auto, (max-width: 1024px) 100vw, 1024px\" \/><\/a><\/figure>\n<\/div>\n\n\n\n<div class=\"wp-block-column is-layout-flow wp-block-column-is-layout-flow\">\n<p><a href=\"https:\/\/www.hsu-hh.de\/mt\/lehre\/\" data-type=\"page\" data-id=\"116\">Lehre<\/a>: Messtechnik f\u00fcr Maschinenbau<\/p>\n\n\n\n<figure class=\"wp-block-image size-large\"><a href=\"https:\/\/www.hsu-hh.de\/mt\/lehre\/\"><img loading=\"lazy\" decoding=\"async\" width=\"1024\" height=\"576\" src=\"https:\/\/www.hsu-hh.de\/mt\/wp-content\/uploads\/sites\/868\/2023\/11\/messtechnik_xs-2-1024x576.jpg\" data-credit=\"\" alt=\"\" class=\"wp-image-1420\" srcset=\"https:\/\/www.hsu-hh.de\/mt\/wp-content\/uploads\/sites\/868\/2023\/11\/messtechnik_xs-2-1024x576.jpg 1024w, https:\/\/www.hsu-hh.de\/mt\/wp-content\/uploads\/sites\/868\/2023\/11\/messtechnik_xs-2-300x169.jpg 300w, https:\/\/www.hsu-hh.de\/mt\/wp-content\/uploads\/sites\/868\/2023\/11\/messtechnik_xs-2-768x432.jpg 768w, https:\/\/www.hsu-hh.de\/mt\/wp-content\/uploads\/sites\/868\/2023\/11\/messtechnik_xs-2-1536x864.jpg 1536w, https:\/\/www.hsu-hh.de\/mt\/wp-content\/uploads\/sites\/868\/2023\/11\/messtechnik_xs-2-2048x1152.jpg 2048w, https:\/\/www.hsu-hh.de\/mt\/wp-content\/uploads\/sites\/868\/2023\/11\/messtechnik_xs-2-1100x619.jpg 1100w\" sizes=\"auto, (max-width: 1024px) 100vw, 1024px\" \/><\/a><\/figure>\n<\/div>\n\n\n\n<div class=\"wp-block-column is-layout-flow wp-block-column-is-layout-flow\">\n<p><a href=\"https:\/\/www.hsu-hh.de\/mt\/forschung#publikationen\" data-type=\"page\" data-id=\"112\">Publikationen<\/a>: Wissenschaftliche Arbeiten<\/p>\n\n\n\n<figure class=\"wp-block-image size-large is-resized\"><img loading=\"lazy\" decoding=\"async\" src=\"https:\/\/www.hsu-hh.de\/mt\/wp-content\/uploads\/sites\/868\/2023\/11\/Cover_LAY04-Kopie-4-1024x720.jpg\" data-credit=\"\" alt=\"\" class=\"wp-image-1421\" style=\"width:223px;height:157px\" width=\"223\" height=\"157\" srcset=\"https:\/\/www.hsu-hh.de\/mt\/wp-content\/uploads\/sites\/868\/2023\/11\/Cover_LAY04-Kopie-4-1024x720.jpg 1024w, https:\/\/www.hsu-hh.de\/mt\/wp-content\/uploads\/sites\/868\/2023\/11\/Cover_LAY04-Kopie-4-300x211.jpg 300w, https:\/\/www.hsu-hh.de\/mt\/wp-content\/uploads\/sites\/868\/2023\/11\/Cover_LAY04-Kopie-4-768x540.jpg 768w, https:\/\/www.hsu-hh.de\/mt\/wp-content\/uploads\/sites\/868\/2023\/11\/Cover_LAY04-Kopie-4-1536x1081.jpg 1536w, https:\/\/www.hsu-hh.de\/mt\/wp-content\/uploads\/sites\/868\/2023\/11\/Cover_LAY04-Kopie-4-1100x774.jpg 1100w\" sizes=\"auto, (max-width: 223px) 100vw, 223px\" \/><\/figure>\n<\/div>\n<\/div>\n","protected":false},"excerpt":{"rendered":"<p>Die Professur f\u00fcr Messtechnik an der Helmut-Schmidt-Universit\u00e4t, mit Fokus auf optische Hochpr\u00e4zisions-Messtechnik, ist in der physikalischen Grundlagenforschung ebenso wie in industriellen Anwendungen aktiv. Sie entwickelt innovative digitale Sensor-2-Cloud-Plattformen und kabellose [&hellip;]<\/p>\n","protected":false},"author":26,"featured_media":224,"parent":0,"menu_order":0,"comment_status":"closed","ping_status":"closed","template":"faculty.php","meta":{"footnotes":""},"categories":[4],"tags":[],"class_list":["post-73","page","type-page","status-publish","has-post-thumbnail","hentry","category-forschung"],"_links":{"self":[{"href":"https:\/\/www.hsu-hh.de\/mt\/wp-json\/wp\/v2\/pages\/73","targetHints":{"allow":["GET"]}}],"collection":[{"href":"https:\/\/www.hsu-hh.de\/mt\/wp-json\/wp\/v2\/pages"}],"about":[{"href":"https:\/\/www.hsu-hh.de\/mt\/wp-json\/wp\/v2\/types\/page"}],"author":[{"embeddable":true,"href":"https:\/\/www.hsu-hh.de\/mt\/wp-json\/wp\/v2\/users\/26"}],"replies":[{"embeddable":true,"href":"https:\/\/www.hsu-hh.de\/mt\/wp-json\/wp\/v2\/comments?post=73"}],"version-history":[{"count":74,"href":"https:\/\/www.hsu-hh.de\/mt\/wp-json\/wp\/v2\/pages\/73\/revisions"}],"predecessor-version":[{"id":1449,"href":"https:\/\/www.hsu-hh.de\/mt\/wp-json\/wp\/v2\/pages\/73\/revisions\/1449"}],"wp:featuredmedia":[{"embeddable":true,"href":"https:\/\/www.hsu-hh.de\/mt\/wp-json\/wp\/v2\/media\/224"}],"wp:attachment":[{"href":"https:\/\/www.hsu-hh.de\/mt\/wp-json\/wp\/v2\/media?parent=73"}],"wp:term":[{"taxonomy":"category","embeddable":true,"href":"https:\/\/www.hsu-hh.de\/mt\/wp-json\/wp\/v2\/categories?post=73"},{"taxonomy":"post_tag","embeddable":true,"href":"https:\/\/www.hsu-hh.de\/mt\/wp-json\/wp\/v2\/tags?post=73"}],"curies":[{"name":"wp","href":"https:\/\/api.w.org\/{rel}","templated":true}]}}