{"id":231,"date":"2022-04-13T20:00:39","date_gmt":"2022-04-13T18:00:39","guid":{"rendered":"https:\/\/www.hsu-hh.de\/mt\/?page_id=231"},"modified":"2022-04-14T13:57:07","modified_gmt":"2022-04-14T11:57:07","slug":"231-2","status":"publish","type":"page","link":"https:\/\/www.hsu-hh.de\/mt\/231-2\/","title":{"rendered":""},"content":{"rendered":"\n<h2 class=\"wp-block-heading\">Prof&#8217;in Dr. rer. nat. Katharina-Sophie Isleif<\/h2>\n\n\n\n<p>Katharina-Sophie Isleif forscht und lehrt im Bereich der Messtechnik und Sensorik. Ihr Forschungsschwerpunkt liegt in der hochpr\u00e4zisen Messung von L\u00e4ngen- oder Beschleunigungs\u00e4nderungen mittels Laserinterferometrie.  <\/p>\n\n\n\n<p>Sie studierte Physik an der <a href=\"https:\/\/www.uni-hannover.de\" rel='nofollow'>Leibniz Universit\u00e4t Hannover<\/a>. Am Institut f\u00fcr Gravitationsphysik und am <a href=\"https:\/\/www.aei.mpg.de\" rel='nofollow'>Max-Planck-Institut f\u00fcr Gravitationsphysik (Albert-Einstein-Institut)<\/a> schrieb sie ihre Dissertation \u00fcber Laserinterferometrie f\u00fcr den weltraumgest\u00fctzten Gravitationswellendetektor <a href=\"https:\/\/www.elisascience.org\" rel='nofollow'>LISA<\/a> und satellitengest\u00fctzte Erdschwerefeldmessungen. In der Zwischenzeit pr\u00e4sentierte sie ihre Forschungsergebnisse auf mehreren internationalen Konferenzen und absolvierte Forschungsaufenthalte am <a href=\"https:\/\/www.nasa.gov\/goddard\" rel='nofollow'>NASA Goddard Space Flight Center<\/a> in Maryland, USA und dem <a href=\"https:\/\/www.nist.gov\" rel='nofollow'>National Institute of Standards and Technology<\/a> in Maryland, USA. Anschlie\u00dfend war sie Postdoc-Stipendiatin am <a href=\"https:\/\/desy.de\" rel='nofollow'>Deutschen Elektronen-Synchrotron DESY<\/a> in Hamburg, wo sie einen supraleitenden Einzelphotonendetektor f\u00fcr das <a href=\"https:\/\/alps.desy.de\" rel='nofollow'>ALPS II<\/a>-Experiment untersuchte.<\/p>\n\n\n\n<p>Sie m\u00f6chten gerne Kontakt aufnehmen? Wir freuen uns \u00fcber Ihre E-Mail oder Ihren Anruf.<\/p>\n\n\n<script type=\"application\/ld+json\">[{\"@context\": \"https:\/\/www.schema.org\",\"@type\": \"Person\",\"name\": \"Katharina-Sophie Isleif\",\"worksFor\": [{\t\"@type\": \"Organization\",\t\"name\": \"Helmut-Schmidt-Universit\u00e4t\",\t\"url\": \"https:\/\/www.hsu-hh.de\"\t, \"department\": {\"@type\": \"Organization\",\t\t\t\t\t\"name\": \"Messtechnik\",\t\t\t\t\t\"location\": {\t\t\t\t\t\t\"@type\": \"PostalAddress\",\t\t\t\t\t\t\"addressLocality\": \"\",        \t\t\t\t\"postalCode\": \"22043\",        \t\t\t\t\"streetAddress\": \"Holstenhofweg 85 , Geb\u00e4ude H02\"\t\t\t\t\t}},\t\"location\": {\t\t\"@type\": \"PostalAddress\",    \t\"addressLocality\": \"\",    \t\"postalCode\": \"22008\",    \t\"postOfficeBoxNumber\": \"700822\"\t}   }],\"image\": \"https:\/\/www.hsu-hh.de\/mt\/wp-content\/uploads\/sites\/868\/2022\/04\/Katharina_6-Kopie-1-scaled-e1649335715319-150x150.jpg\",\"telephone\": \"+49406541-3225\",\"faxNumber\": \"\",\"email\": \"isleifk@hsu-hh.de\"}]<\/script><div class=\"clearfix\"><\/div><div class=\"ansprechparter-container \" style=\"margin-top:1em; \"><div class=\"row ansprechpartner-item ansprechparter-header\" ><div class=\"col-xs-8 col-lg-12\" style=\"margin-bottom: 30px;\"><h3 class=\"ansprechparter-headline\">Katharina-Sophie Isleif<\/h3><\/div><\/div><div class=\"col-md-4 col-lg-3 col-xs-4 ansprechpartner-item floatright img-circle center-block\" style=\"margin-bottom: 30px;\"><div class=\"img-responsive-wrapper\"><img decoding=\"async\" src=\"https:\/\/www.hsu-hh.de\/mt\/wp-content\/uploads\/sites\/868\/2022\/04\/Katharina_6-Kopie-1-scaled-e1649335715319-150x150.jpg\" alt=\" \" class=\"img-circle img-responsive center-block\" \/><\/div><\/div><div class=\"col-md-12 col-lg-3 col-xs-12 ansprechpartner-item kontakt floatright\" style=\"margin-bottom: 30px; \"><div class=\"row\"><div class=\"col-xs-12 col-sm-6 col-lg-12\"><div class=\"row\"><div class=\"col-xs-4 col-lg-4 row-text bold\" >Raum:<\/div><div class=\" row-text\">2808<\/div><\/div><\/div><div class=\"col-xs-12 col-sm-6 col-lg-12\"><div class=\"row\"><div class=\"col-xs-4 col-lg-4 row-text bold\">Telefon:<\/div><div class=\" row-text\">+49406541-3225<\/div><\/div><\/div><div class=\"col-xs-12 col-sm-6 col-lg-12\"><div class=\"row\"><div class=\"col-xs-4 col-lg-4 row-text bold\">E-Mail:<\/div><div class=\"row-text\" style=\"overflow:hidden; word-break: break-word\"><a href=\"mailto:isleifk@hsu-hh.de\" rel=\"nofollow\">isleifk@hsu-hh.de<\/a><\/div><\/div><\/div><\/div><\/div><div class=\"col-md-6 col-lg-3 col-xs-12 ansprechpartner-item anschrift floatright\" ><div class=\"row-headline\">Besucheranschrift<\/div><div class=\"dataBesucheranschrift\" style=\"\"><div class=\"row-text\">Helmut-Schmidt-Universit\u00e4t<\/div><div class=\"row-text\">Geb\u00e4ude H02<\/div><div class=\"row-text\">Holstenhofweg 85<\/div><div class=\"row-text\">22043 Hamburg<\/div><\/div><\/div><div class=\"col-md-6 col-lg-3 col-xs-12 ansprechpartner-item anschrift floatright\"><div class=\"row-headline\">Postanschrift<\/div><div class=\"dataPostanschrift\" style=\"\"><div class=\"row-text\">Helmut-Schmidt-Universit\u00e4t<\/div><div class=\"row-text\">Messtechnik<\/div><div class=\"row-text\">Postfach 70 08 22<\/div><div class=\"row-text\">22008 Hamburg<\/div><\/div><\/div><\/div><div class=\"clearfix\"><\/div>\n\n\n<p><\/p>\n","protected":false},"excerpt":{"rendered":"<p>Prof&#8217;in Dr. rer. nat. Katharina-Sophie Isleif Katharina-Sophie Isleif forscht und lehrt im Bereich der Messtechnik und Sensorik. Ihr Forschungsschwerpunkt liegt in der hochpr\u00e4zisen Messung von L\u00e4ngen- oder Beschleunigungs\u00e4nderungen mittels Laserinterferometrie. [&hellip;]<\/p>\n","protected":false},"author":3350,"featured_media":0,"parent":0,"menu_order":0,"comment_status":"closed","ping_status":"closed","template":"","meta":{"footnotes":""},"categories":[8],"tags":[],"class_list":["post-231","page","type-page","status-publish","hentry","category-team"],"_links":{"self":[{"href":"https:\/\/www.hsu-hh.de\/mt\/wp-json\/wp\/v2\/pages\/231","targetHints":{"allow":["GET"]}}],"collection":[{"href":"https:\/\/www.hsu-hh.de\/mt\/wp-json\/wp\/v2\/pages"}],"about":[{"href":"https:\/\/www.hsu-hh.de\/mt\/wp-json\/wp\/v2\/types\/page"}],"author":[{"embeddable":true,"href":"https:\/\/www.hsu-hh.de\/mt\/wp-json\/wp\/v2\/users\/3350"}],"replies":[{"embeddable":true,"href":"https:\/\/www.hsu-hh.de\/mt\/wp-json\/wp\/v2\/comments?post=231"}],"version-history":[{"count":4,"href":"https:\/\/www.hsu-hh.de\/mt\/wp-json\/wp\/v2\/pages\/231\/revisions"}],"predecessor-version":[{"id":345,"href":"https:\/\/www.hsu-hh.de\/mt\/wp-json\/wp\/v2\/pages\/231\/revisions\/345"}],"wp:attachment":[{"href":"https:\/\/www.hsu-hh.de\/mt\/wp-json\/wp\/v2\/media?parent=231"}],"wp:term":[{"taxonomy":"category","embeddable":true,"href":"https:\/\/www.hsu-hh.de\/mt\/wp-json\/wp\/v2\/categories?post=231"},{"taxonomy":"post_tag","embeddable":true,"href":"https:\/\/www.hsu-hh.de\/mt\/wp-json\/wp\/v2\/tags?post=231"}],"curies":[{"name":"wp","href":"https:\/\/api.w.org\/{rel}","templated":true}]}}