{"id":116,"date":"2018-01-17T14:07:04","date_gmt":"2018-01-17T13:07:04","guid":{"rendered":"https:\/\/www.hsu-hh.de\/vorlage\/?page_id=116"},"modified":"2024-05-01T12:59:54","modified_gmt":"2024-05-01T10:59:54","slug":"lehre","status":"publish","type":"page","link":"https:\/\/www.hsu-hh.de\/mt\/lehre\/","title":{"rendered":"Lehre"},"content":{"rendered":"<p><br \/>[toggle title = &#8222;2023&#8220; active = &#8222;active&#8220;]<\/p>\n<h3><abbr title=\"Herbsttrimester\">HT<\/abbr>23: Modul Messtechnik (Bachelor, 4. Trimester)<\/h3>\n<ul>\n<li>Vorlesung Messtechnik<\/li>\n<li>\u00dcbung Messtechnik<\/li>\n<li>Messtechnisches Praktikum<\/li>\n<\/ul>\n<p><br \/>[toggle title = &#8222;2022&#8220;]<\/p>\n<h3><abbr title=\"Herbsttrimester\">HT<\/abbr>22: Modul Messtechnik (Bachelor, 4. Trimester)<\/h3>\n<ul>\n<li>Vorlesung Messtechnik<\/li>\n<li>\u00dcbung Messtechnik<\/li>\n<li>Messtechnisches Praktikum<\/li>\n<\/ul>\n<h3><abbr title=\"Fr\u00fchjahrstrimester\">FT<\/abbr>22: Mathe III (Bachelor, 3. Trimester)<\/h3>\n<ul>\n<li>\u00dcbung<\/li>\n<\/ul>\n<p><br \/>[toggle title = &#8222;2021&#8220;]<\/p>\n<h3><abbr title=\"Herbsttrimester\">HT<\/abbr>21: Modul Messtechnik (Bachelor, 4. Trimester, Lehrbeauftragte)<\/h3>\n<ul>\n<li>Vorlesung Messtechnik<\/li>\n<li>\u00dcbung Messtechnik<\/li>\n<li>Messtechnisches Praktikum<\/li>\n<\/ul>\n<p><br \/>[toggle title = &#8222;2020&#8220;]<\/p>\n<h3><abbr title=\"Herbsttrimester\">HT<\/abbr>20: Bachelor Modul Messtechnik (Bachelor, 4. Trimester, Lehrbeauftragte)<\/h3>\n<ul>\n<li>Vorlesung Messtechnik<\/li>\n<li>\u00dcbung Messtechnik<\/li>\n<li>Messtechnisches Praktikum<\/li>\n<\/ul>\n<p><br \/><\/p>\n\n\n<h2 class=\"wp-block-heading\" id=\"Materialien\">Materialien<\/h2>\n\n\n\n<div class=\"wp-block-columns is-layout-flex wp-container-core-columns-is-layout-9d6595d7 wp-block-columns-is-layout-flex\">\n<div class=\"wp-block-column is-layout-flow wp-block-column-is-layout-flow\">\n<div class=\"wp-block-media-text is-stacked-on-mobile\" style=\"grid-template-columns:19% auto\"><figure class=\"wp-block-media-text__media\"><img loading=\"lazy\" decoding=\"async\" width=\"1024\" height=\"576\" src=\"https:\/\/www.hsu-hh.de\/mt\/wp-content\/uploads\/sites\/868\/2023\/11\/messtechnik_xs-1024x576.jpg\" data-credit=\"Isleif\" alt=\"\" class=\"wp-image-1270 size-full\" srcset=\"https:\/\/www.hsu-hh.de\/mt\/wp-content\/uploads\/sites\/868\/2023\/11\/messtechnik_xs-1024x576.jpg 1024w, https:\/\/www.hsu-hh.de\/mt\/wp-content\/uploads\/sites\/868\/2023\/11\/messtechnik_xs-300x169.jpg 300w, https:\/\/www.hsu-hh.de\/mt\/wp-content\/uploads\/sites\/868\/2023\/11\/messtechnik_xs-768x432.jpg 768w, https:\/\/www.hsu-hh.de\/mt\/wp-content\/uploads\/sites\/868\/2023\/11\/messtechnik_xs-1536x864.jpg 1536w, https:\/\/www.hsu-hh.de\/mt\/wp-content\/uploads\/sites\/868\/2023\/11\/messtechnik_xs-2048x1152.jpg 2048w, https:\/\/www.hsu-hh.de\/mt\/wp-content\/uploads\/sites\/868\/2023\/11\/messtechnik_xs-1100x619.jpg 1100w\" sizes=\"auto, (max-width: 1024px) 100vw, 1024px\" \/><\/figure><div class=\"wp-block-media-text__content\">\n<p><a href=\"https:\/\/kisleif.github.io\/mtbook\/intro.html\" rel='nofollow'>Interaktives Vorlesungsskript Messtechnik<\/a><\/p>\n<\/div><\/div>\n\n\n\n<div class=\"wp-block-media-text is-stacked-on-mobile\" style=\"grid-template-columns:19% auto\"><figure class=\"wp-block-media-text__media\"><img loading=\"lazy\" decoding=\"async\" width=\"1024\" height=\"576\" src=\"https:\/\/www.hsu-hh.de\/mt\/wp-content\/uploads\/sites\/868\/2023\/11\/IMG_5598-1024x576.jpeg\" data-credit=\" \" alt=\"\" class=\"wp-image-1299 size-full\" srcset=\"https:\/\/www.hsu-hh.de\/mt\/wp-content\/uploads\/sites\/868\/2023\/11\/IMG_5598-1024x576.jpeg 1024w, https:\/\/www.hsu-hh.de\/mt\/wp-content\/uploads\/sites\/868\/2023\/11\/IMG_5598-300x169.jpeg 300w, https:\/\/www.hsu-hh.de\/mt\/wp-content\/uploads\/sites\/868\/2023\/11\/IMG_5598-768x432.jpeg 768w, https:\/\/www.hsu-hh.de\/mt\/wp-content\/uploads\/sites\/868\/2023\/11\/IMG_5598-1536x864.jpeg 1536w, https:\/\/www.hsu-hh.de\/mt\/wp-content\/uploads\/sites\/868\/2023\/11\/IMG_5598-2048x1152.jpeg 2048w, https:\/\/www.hsu-hh.de\/mt\/wp-content\/uploads\/sites\/868\/2023\/11\/IMG_5598-1100x619.jpeg 1100w\" sizes=\"auto, (max-width: 1024px) 100vw, 1024px\" \/><\/figure><div class=\"wp-block-media-text__content\">\n<p><a href=\"https:\/\/kisleif.github.io\/mtbook\/content\/Versuche.html\" rel='nofollow'>Praktikumsversuche Messtechnik<\/a><\/p>\n<\/div><\/div>\n\n\n\n<div class=\"wp-block-media-text is-stacked-on-mobile\" style=\"grid-template-columns:19% auto\"><figure class=\"wp-block-media-text__media\"><img loading=\"lazy\" decoding=\"async\" width=\"1024\" height=\"641\" src=\"https:\/\/www.hsu-hh.de\/mt\/wp-content\/uploads\/sites\/868\/2023\/11\/Bildschirmfoto-2023-11-17-um-17.38.57-1024x641.png\" data-credit=\" \" alt=\"\" class=\"wp-image-1308 size-full\" srcset=\"https:\/\/www.hsu-hh.de\/mt\/wp-content\/uploads\/sites\/868\/2023\/11\/Bildschirmfoto-2023-11-17-um-17.38.57-1024x641.png 1024w, https:\/\/www.hsu-hh.de\/mt\/wp-content\/uploads\/sites\/868\/2023\/11\/Bildschirmfoto-2023-11-17-um-17.38.57-300x188.png 300w, https:\/\/www.hsu-hh.de\/mt\/wp-content\/uploads\/sites\/868\/2023\/11\/Bildschirmfoto-2023-11-17-um-17.38.57-768x480.png 768w, https:\/\/www.hsu-hh.de\/mt\/wp-content\/uploads\/sites\/868\/2023\/11\/Bildschirmfoto-2023-11-17-um-17.38.57-1536x961.png 1536w, https:\/\/www.hsu-hh.de\/mt\/wp-content\/uploads\/sites\/868\/2023\/11\/Bildschirmfoto-2023-11-17-um-17.38.57-2048x1281.png 2048w, https:\/\/www.hsu-hh.de\/mt\/wp-content\/uploads\/sites\/868\/2023\/11\/Bildschirmfoto-2023-11-17-um-17.38.57-1100x688.png 1100w\" sizes=\"auto, (max-width: 1024px) 100vw, 1024px\" \/><\/figure><div class=\"wp-block-media-text__content\">\n<p><a href=\"https:\/\/www.overleaf.com\/latex\/templates\/vorlage-praktikum-messtechnik\/zwjgtfpxrszg\" rel='nofollow'>Vorlage Praktikumsbericht (Latex in Overleaf)<\/a><\/p>\n<\/div><\/div>\n\n\n\n<div class=\"wp-block-media-text is-stacked-on-mobile\" style=\"grid-template-columns:19% auto\"><figure class=\"wp-block-media-text__media\"><img loading=\"lazy\" decoding=\"async\" width=\"1024\" height=\"641\" src=\"https:\/\/www.hsu-hh.de\/mt\/wp-content\/uploads\/sites\/868\/2023\/11\/Bildschirmfoto-2023-11-17-um-17.39.18-1024x641.png\" data-credit=\" \" alt=\"\" class=\"wp-image-1309 size-full\" srcset=\"https:\/\/www.hsu-hh.de\/mt\/wp-content\/uploads\/sites\/868\/2023\/11\/Bildschirmfoto-2023-11-17-um-17.39.18-1024x641.png 1024w, https:\/\/www.hsu-hh.de\/mt\/wp-content\/uploads\/sites\/868\/2023\/11\/Bildschirmfoto-2023-11-17-um-17.39.18-300x188.png 300w, https:\/\/www.hsu-hh.de\/mt\/wp-content\/uploads\/sites\/868\/2023\/11\/Bildschirmfoto-2023-11-17-um-17.39.18-768x480.png 768w, https:\/\/www.hsu-hh.de\/mt\/wp-content\/uploads\/sites\/868\/2023\/11\/Bildschirmfoto-2023-11-17-um-17.39.18-1536x961.png 1536w, https:\/\/www.hsu-hh.de\/mt\/wp-content\/uploads\/sites\/868\/2023\/11\/Bildschirmfoto-2023-11-17-um-17.39.18-2048x1281.png 2048w, https:\/\/www.hsu-hh.de\/mt\/wp-content\/uploads\/sites\/868\/2023\/11\/Bildschirmfoto-2023-11-17-um-17.39.18-1100x688.png 1100w\" sizes=\"auto, (max-width: 1024px) 100vw, 1024px\" \/><\/figure><div class=\"wp-block-media-text__content\">\n<p><a href=\"https:\/\/www.hsu-hh.de\/mt\/wp-content\/uploads\/sites\/868\/2023\/11\/Vorlage_Praktikum_Messtechnik.docx\">Vorlage Praktikumsbericht (Word)<\/a><\/p>\n<\/div><\/div>\n<\/div>\n<\/div>\n\n\n\n<h2 class=\"wp-block-heading\" id=\"projektarbeiten\">Bachelor- oder Masterprojekte<\/h2>\n\n\n\n<p>Die Professur f\u00fcr Messtechnik fokussiert sich auf die Entwicklung hochpr\u00e4ziser optischer Sensorsysteme. Der umfassende Prozess erstreckt sich von der initialen Konzeption und dem Design \u00fcber die experimentelle Implementierung, Konstruktion, Datenanalyse und Kalibrierung bis hin zur praktischen Anwendung in der Grundlagenforschung und Industrie. Dies erm\u00f6glicht uns, ma\u00dfgeschneiderte Projekte in den <strong>Bereichen<\/strong>&#8230;<\/p>\n\n\n\n<ul class=\"wp-block-list\">\n<li>Optische, mechanische und numerische <strong>Simulationen und Modelle<\/strong> (Sensordesign und Vorhersage von Signalen)<\/li>\n\n\n\n<li><strong>Experimentelle<\/strong> Charakterisierung von (optischen) Sensoren und neuen Laserinterferometer-Konzepten<\/li>\n\n\n\n<li><strong>Messkampagnen<\/strong> auf dem <abbr title=\"Helmut Schmidt Universit\u00e4t\">HSU<\/abbr> und dem DESY Campus<\/li>\n\n\n\n<li>Entwicklung neuer Methoden und Algorithmen f\u00fcr <strong>Datenanalyse<\/strong> <\/li>\n<\/ul>\n\n\n\n<p><\/p>\n\n\n\n<p>&#8230; und <strong>Themengebieten<\/strong><\/p>\n\n\n\n<ul class=\"wp-block-list\">\n<li>Kabellose optische Sensoren f\u00fcr <strong>Industrieanwendungen<\/strong> (<abbr title=\"zum Beispiel\">z.B.<\/abbr> Airbus)<\/li>\n\n\n\n<li>Hochpr\u00e4zise optische Sensoren f\u00fcr <strong>Gravitationswellendetektoren<\/strong><\/li>\n\n\n\n<li>Quantendetektor f\u00fcr <strong>Dunkle Materie<\/strong> und <strong>Quantum Computing<\/strong><\/li>\n\n\n\n<li>Verteilte Fasersensoren zur Messung von <strong>Seismik<\/strong> und <strong>Geb\u00e4udevibrationen<\/strong><\/li>\n\n\n\n<li>Sensorik f\u00fcr das <strong>Electrical Car Racing Team<\/strong> der <abbr title=\"Helmut Schmidt Universit\u00e4t\">HSU<\/abbr><\/li>\n<\/ul>\n\n\n\n<p><\/p>\n\n\n\n<p>anzubieten.<\/p>\n\n\n\n<h2 class=\"wp-block-heading\">Weitere Fragen?!<\/h2>\n\n\n\n<p>Buche <a href=\"https:\/\/usemotion.com\/meet\/katharina-isleif\/meeting\" rel='nofollow'>hier<\/a> eine Sprechstunde! Achtung: Bitte Email-Spam-Ordner f\u00fcr Notifications oder m\u00f6gliche Termin\u00e4nderungen checken.<\/p>\n\n\n\n<h2 class=\"wp-block-heading\">Abgeschlossene Arbeiten<\/h2>\n\n\n<div id=\"category_content_QWTAkTfI\" class=\"hsu_category archive-page\"><article  id=\"post-471\" class=\"category-list-item post-471 post type-post status-publish format-standard hentry \"><a href=\"https:\/\/www.hsu-hh.de\/mt\/thermische-effekte-in-der-einzelphotonendetektion\/\" title=\"Thermische Effekte in der Einzelphotonendetektion \u2013 Charakterisierung von optischen Filtern und Filterbank\" >\t<div class=\"article-listitem-datetime\">\t\t<time class=\"updated\" datetime=\"2023-11-17 18:17:53\"><\/time>\t\t<span class=\"article-month\">\t\t\t<time class=\"entry-date published\" datetime=\"2021-12-14 17:28:00\">Dez<\/time>\t\t<\/span>\t\t<span class=\"article-day\">\t\t\t<time class=\"entry-date published\" datetime=\"2021-12-14 17:28:00\">14<\/time>\t\t<\/span>\t\t<span class=\"article-datetime\">\t\t\t<time class=\"entry-date published\" datetime=\"2021-12-14 17:28:00\">2021<\/time>\t\t<\/span>\t<\/div><div class=\"hsu_category_article-content-wrap\"><div class=\"hsu_category_article-content-wrap-inner\"><div>\t<header class=\"entry-header\">\t\t<h3 class=\"entry-title\">Thermische Effekte in der Einzelphotonendetektion \u2013 Charakterisierung von optischen Filtern und Filterbank\t\t<\/h3>\t<\/header><div class=\"entry-content-excerpt\">Thermische Effekte in der Einzelphotonendetektion &#8211; Charakterisierung von optischen Filtern und Filterbank Julian Dietz hat untersucht, wie die Energieaufl\u00f6sung eines supraleitenden Quantendetektors mittels schmalbandigen optischen Filtern k\u00fcnstlich verbessert werden kann und mit welchen Effizienzverlusten zu rechnen ist. Der Detektor soll sp\u00e4ter Dunkle Materie (Axion-\u00e4hnliche Teilchen) im ALPS II Experiment am DESY verifizieren.<\/div> <\/div><\/div><\/div><\/a><\/article><\/div><div class=\"clearfix\"><\/div>","protected":false},"excerpt":{"rendered":"<p>[toggle title = &#8222;2023&#8220; active = &#8222;active&#8220;] HT23: Modul Messtechnik (Bachelor, 4. Trimester) Vorlesung Messtechnik \u00dcbung Messtechnik Messtechnisches Praktikum [toggle title = &#8222;2022&#8220;] HT22: Modul Messtechnik (Bachelor, 4. Trimester) Vorlesung [&hellip;]<\/p>\n","protected":false},"author":26,"featured_media":0,"parent":0,"menu_order":0,"comment_status":"closed","ping_status":"closed","template":"","meta":{"footnotes":""},"categories":[6],"tags":[],"class_list":["post-116","page","type-page","status-publish","hentry","category-lehre"],"_links":{"self":[{"href":"https:\/\/www.hsu-hh.de\/mt\/wp-json\/wp\/v2\/pages\/116","targetHints":{"allow":["GET"]}}],"collection":[{"href":"https:\/\/www.hsu-hh.de\/mt\/wp-json\/wp\/v2\/pages"}],"about":[{"href":"https:\/\/www.hsu-hh.de\/mt\/wp-json\/wp\/v2\/types\/page"}],"author":[{"embeddable":true,"href":"https:\/\/www.hsu-hh.de\/mt\/wp-json\/wp\/v2\/users\/26"}],"replies":[{"embeddable":true,"href":"https:\/\/www.hsu-hh.de\/mt\/wp-json\/wp\/v2\/comments?post=116"}],"version-history":[{"count":63,"href":"https:\/\/www.hsu-hh.de\/mt\/wp-json\/wp\/v2\/pages\/116\/revisions"}],"predecessor-version":[{"id":1443,"href":"https:\/\/www.hsu-hh.de\/mt\/wp-json\/wp\/v2\/pages\/116\/revisions\/1443"}],"wp:attachment":[{"href":"https:\/\/www.hsu-hh.de\/mt\/wp-json\/wp\/v2\/media?parent=116"}],"wp:term":[{"taxonomy":"category","embeddable":true,"href":"https:\/\/www.hsu-hh.de\/mt\/wp-json\/wp\/v2\/categories?post=116"},{"taxonomy":"post_tag","embeddable":true,"href":"https:\/\/www.hsu-hh.de\/mt\/wp-json\/wp\/v2\/tags?post=116"}],"curies":[{"name":"wp","href":"https:\/\/api.w.org\/{rel}","templated":true}]}}