{"id":112,"date":"2018-01-17T14:06:36","date_gmt":"2018-01-17T13:06:36","guid":{"rendered":"https:\/\/www.hsu-hh.de\/vorlage\/?page_id=112"},"modified":"2023-11-20T14:54:52","modified_gmt":"2023-11-20T13:54:52","slug":"forschung","status":"publish","type":"page","link":"https:\/\/www.hsu-hh.de\/mt\/forschung\/","title":{"rendered":"Forschung"},"content":{"rendered":"\n<h2 class=\"wp-block-heading\" id=\"forschungsprojekte\">Forschungsprojekte und -Initiativen<\/h2>\n\n\n\n<div class=\"wp-block-media-text alignwide is-stacked-on-mobile\" style=\"grid-template-columns:15% auto\"><figure class=\"wp-block-media-text__media\"><img loading=\"lazy\" decoding=\"async\" width=\"1024\" height=\"933\" src=\"https:\/\/www.hsu-hh.de\/mt\/wp-content\/uploads\/sites\/868\/2022\/04\/DS2CCP-1024x933.png\" data-credit=\"K.-S. Isleif\" alt=\" \" class=\"wp-image-364 size-full\" srcset=\"https:\/\/www.hsu-hh.de\/mt\/wp-content\/uploads\/sites\/868\/2022\/04\/DS2CCP-1024x933.png 1024w, https:\/\/www.hsu-hh.de\/mt\/wp-content\/uploads\/sites\/868\/2022\/04\/DS2CCP-300x273.png 300w, https:\/\/www.hsu-hh.de\/mt\/wp-content\/uploads\/sites\/868\/2022\/04\/DS2CCP-768x699.png 768w, https:\/\/www.hsu-hh.de\/mt\/wp-content\/uploads\/sites\/868\/2022\/04\/DS2CCP.png 1098w\" sizes=\"auto, (max-width: 1024px) 100vw, 1024px\" \/><\/figure><div class=\"wp-block-media-text__content\">\n<p><a href=\"https:\/\/dtecbw.de\/home\/forschung\/hsu\/projekt-ds2ccp\/projekt-ds2ccp\" rel='nofollow'>DS2CCP<\/a>: Im Zentrum f\u00fcr Digitalisierungs- und Technologieforschung der Bundeswehr (<a href=\"https:\/\/dtecbw.de\/home\" rel='nofollow'>DTEC<\/a>) ist unser Team an der Realisierung einer &#8218;Digitalen Sensor-2-Cloud Campus-Plattform&#8216; beteiligt. Um Fertigungsprozesse in der Industrie effizienter und flexibler zu gestalten ist zuk\u00fcnftig eine drahtlose Vernetzung von Sensoren und Aktoren vorteilhaft. Die hohe r\u00e4umliche Dichte dieser Sensoren, die hohen Anforderungen an Latenzzeiten und Zuverl\u00e4ssigkeit und eine gesicherte Flexibilit\u00e4t und Robustheit stellt nach wie vor eine gro\u00dfe Herausforderung dar. Unser Team arbeitet an minimalistischen und energie-autarken interferometrischen Sensoren, die zur L\u00e4ngen- und Dehnungsmessung vielseitig eingesetzt werden k\u00f6nnen.<\/p>\n<\/div><\/div>\n\n\n\n<p><\/p>\n\n\n\n<div class=\"wp-block-media-text alignwide is-stacked-on-mobile\" style=\"grid-template-columns:15% auto\"><figure class=\"wp-block-media-text__media\"><img loading=\"lazy\" decoding=\"async\" width=\"1024\" height=\"811\" src=\"https:\/\/www.hsu-hh.de\/mt\/wp-content\/uploads\/sites\/868\/2022\/04\/ET-1-1024x811.png\" data-credit=\"K.-S. Isleif\" alt=\" \" class=\"wp-image-363 size-full\" srcset=\"https:\/\/www.hsu-hh.de\/mt\/wp-content\/uploads\/sites\/868\/2022\/04\/ET-1-1024x811.png 1024w, https:\/\/www.hsu-hh.de\/mt\/wp-content\/uploads\/sites\/868\/2022\/04\/ET-1-300x238.png 300w, https:\/\/www.hsu-hh.de\/mt\/wp-content\/uploads\/sites\/868\/2022\/04\/ET-1-768x608.png 768w, https:\/\/www.hsu-hh.de\/mt\/wp-content\/uploads\/sites\/868\/2022\/04\/ET-1-1100x871.png 1100w, https:\/\/www.hsu-hh.de\/mt\/wp-content\/uploads\/sites\/868\/2022\/04\/ET-1.png 1263w\" sizes=\"auto, (max-width: 1024px) 100vw, 1024px\" \/><\/figure><div class=\"wp-block-media-text__content\">\n<p><strong><a href=\"https:\/\/www.einstein-teleskop.de\" rel='nofollow'><abbr title=\"Elektrotechnik\">ET<\/abbr><\/a><\/strong>: Das Einstein-Teleskop (<abbr title=\"Elektrotechnik\">ET<\/abbr>) ist ein Konzept f\u00fcr einen europ\u00e4ischen Gravitationswellendetektor der dritten Generation, der etwa zehnmal empfindlicher sein wird als die derzeitigen Instrumente. Er wird in der Lage sein, einen tausendmal gr\u00f6\u00dferen Bereich des Universums auf der Suche nach Gravitationswellen zu untersuchen und Quellen aufzusp\u00fcren, die f\u00fcr Instrumente der aktuellen Generation zu schwach sind. Unser Team tr\u00e4gt zur aktiven Rauschunterdr\u00fcckung bei und entwickelt neue seismische Sensoren zur Bek\u00e4mpfung des Newtonschen Rauschens, das gravitativ auf die aufgeh\u00e4ngten Testmassen wirkt.<\/p>\n<\/div><\/div>\n\n\n\n<p><\/p>\n\n\n\n<div class=\"wp-block-media-text alignwide is-stacked-on-mobile\" style=\"grid-template-columns:38% auto\"><figure class=\"wp-block-media-text__media\"><img loading=\"lazy\" decoding=\"async\" width=\"1024\" height=\"439\" src=\"https:\/\/www.hsu-hh.de\/mt\/wp-content\/uploads\/sites\/868\/2022\/04\/wave-1024x439.png\" data-credit=\"Mapbox &#038; OpenStreetMap\" alt=\" \" class=\"wp-image-368 size-full\" srcset=\"https:\/\/www.hsu-hh.de\/mt\/wp-content\/uploads\/sites\/868\/2022\/04\/wave-1024x439.png 1024w, https:\/\/www.hsu-hh.de\/mt\/wp-content\/uploads\/sites\/868\/2022\/04\/wave-300x129.png 300w, https:\/\/www.hsu-hh.de\/mt\/wp-content\/uploads\/sites\/868\/2022\/04\/wave-768x329.png 768w, https:\/\/www.hsu-hh.de\/mt\/wp-content\/uploads\/sites\/868\/2022\/04\/wave-1536x659.png 1536w, https:\/\/www.hsu-hh.de\/mt\/wp-content\/uploads\/sites\/868\/2022\/04\/wave-2048x878.png 2048w, https:\/\/www.hsu-hh.de\/mt\/wp-content\/uploads\/sites\/868\/2022\/04\/wave-1100x472.png 1100w\" sizes=\"auto, (max-width: 1024px) 100vw, 1024px\" \/><\/figure><div class=\"wp-block-media-text__content\">\n<p><strong><a href=\"http:\/\/wave-hamburg.eu\" rel='nofollow'>WAVE<\/a>:<\/strong> Die <a href=\"https:\/\/indico.desy.de\/event\/28485\/\" rel='nofollow'>WAVE-Initiative<\/a> erforscht und gestaltet ein seismisches und geoakustisches Messnetz in und um die Science City Hamburg Bahrenfeld. WAVE ist eine einzigartige und innovative Infrastruktur f\u00fcr Geophysik, Physik und Gro\u00dfforschungseinrichtungen.<\/p>\n<\/div><\/div>\n\n\n\n<p><\/p>\n\n\n\n<div class=\"wp-block-media-text alignwide is-stacked-on-mobile\" style=\"grid-template-columns:38% auto\"><figure class=\"wp-block-media-text__media\"><img loading=\"lazy\" decoding=\"async\" width=\"1024\" height=\"215\" src=\"https:\/\/www.hsu-hh.de\/mt\/wp-content\/uploads\/sites\/868\/2022\/04\/alps-1-1024x215.png\" data-credit=\"K.-S. Isleif\" alt=\" \" class=\"wp-image-365 size-full\" srcset=\"https:\/\/www.hsu-hh.de\/mt\/wp-content\/uploads\/sites\/868\/2022\/04\/alps-1-1024x215.png 1024w, https:\/\/www.hsu-hh.de\/mt\/wp-content\/uploads\/sites\/868\/2022\/04\/alps-1-300x63.png 300w, https:\/\/www.hsu-hh.de\/mt\/wp-content\/uploads\/sites\/868\/2022\/04\/alps-1-768x161.png 768w, https:\/\/www.hsu-hh.de\/mt\/wp-content\/uploads\/sites\/868\/2022\/04\/alps-1-1536x323.png 1536w, https:\/\/www.hsu-hh.de\/mt\/wp-content\/uploads\/sites\/868\/2022\/04\/alps-1-2048x431.png 2048w, https:\/\/www.hsu-hh.de\/mt\/wp-content\/uploads\/sites\/868\/2022\/04\/alps-1-1100x231.png 1100w\" sizes=\"auto, (max-width: 1024px) 100vw, 1024px\" \/><\/figure><div class=\"wp-block-media-text__content\">\n<p><strong><a href=\"https:\/\/alps.desy.de\/our_activities\/axion_wisp_experiments\/alps_ii\/\" rel='nofollow'>ALPS II<\/a><\/strong>: Die &#8218;Any Light Particle Search II&#8216; bei <a href=\"https:\/\/desy.de\" rel='nofollow'>DESY<\/a> ist ein &#8218;Licht-durch-die-Wand-Scheinen&#8216;-Experiment zur Suche nach axion-\u00e4hnlichen Teilchen (ALPs), Kandidaten f\u00fcr einen Bestandteil der dunklen Materie im Universum. In starken Magnetfeldern wird Laserlicht in ALPs umgewandelt, die nach einer lichtundurchl\u00e4ssigen Wand wieder in Licht zur\u00fcckverwandelt werden. Dies f\u00fchrt zu einem sehr schwachen Lichtsignal von nur einem Photon pro Tag, was eine gro\u00dfe Herausforderung f\u00fcr den Detektor darstellt. Unser Team leistet einen Beitrag zur Charakterisierung und zum Interface-Design des supraleitenden <a href=\"https:\/\/alps.desy.de\/our_activities\/axion_wisp_experiments\/alps_ii\/\" rel='nofollow'>Einzelphotonendetektors<\/a>.<\/p>\n<\/div><\/div>\n\n\n\n<h2 class=\"wp-block-heading\" id=\"forschungsthemen\">Forschungsthemen<\/h2>\n\n\n\n<p>Die Gruppe &#8222;Messtechnik&#8220; arbeitet an der Weiterentwicklung&nbsp;hochpr\u00e4ziser Laserinterferometer&nbsp;zur Messung von L\u00e4ngen\u00e4nderungen. Wir untersuchen Technologien f\u00fcr und aus dem Gebiet der&nbsp;Gravitationswellendetektion.<\/p>\n\n\n\n<h4 class=\"wp-block-heading\">Gravitationswellendetektion<\/h4>\n\n\n\n<p>Viele der in der Arbeitsgruppe untersuchten Interferometertechniken beruhen auf Gravitationswellendetektor-Technologie f\u00fcr die Weltraummission LISA (Laser Interferometer Space Antenna). Diese zeichnet sich insbesondere durch ihre Picometer-Pr\u00e4zision im tieffrequenten Messband aus (&lt; 1Hz) und eignet sich daher f\u00fcr Langzeitmessungen. Ein weiteres Feature ist der hohe dynamische Bereich, wodurch sie auch f\u00fcr Anwendungen interessant ist, wo sich die Position der zu charakterisierenden Testobjekte \u00fcber mehrere Micrometer \u00e4ndern. Dies erreicht man insbesondere durch die Verwendung von heterodyner Interferometrie  oder heterodyn-artige Interferometerkonzepte, wie <abbr title=\"zum Beispiel\">z.B.<\/abbr> die Tiefe-Frequenzmodulationsinterferometrie. <\/p>\n\n\n\n<h4 class=\"wp-block-heading\">Digital-unterst\u00fctzte Heterodyninterferometrie<\/h4>\n\n\n\n<p>Bei digital-unterst\u00fctzter Heterodyninterferometrie wird die Phase des Lichts mit einem Zeitstempel versehen (mittels Pseudo-Random-Noise Code). Dieser Zeitstempel erlaubt es Lichtstrahlen voneinander unterscheiden zu k\u00f6nnen, wenn diese einen Laufzeitunterschied aufweisen. Dadurch k\u00f6nnen mehrere Objekte mir nur einem Laserstrahl, nur einer Photodiode und nur einem Auslesekanal detektiert werden. Die Herausforderung liegt hierbei bei der Digitalisierung, wo wir die Signale wieder voneinander extrahieren m\u00fcssen.<\/p>\n\n\n\n<h4 class=\"wp-block-heading\">Verteile seismische Fasersensoren<\/h4>\n\n\n\n<p>Die &#8222;Metrology&#8220;-Gruppe arbeitet an der Entwicklung von verteilten seismischen Faser-Sensor-Techniken, die f\u00fcr eine Vielzahl von Anwendungen eingesetzt werden k\u00f6nnen. Wir untersuchen kommerzielle DAS-Systeme auf dem Forschungscampus Bahrenfeld, um Kopplungstests mit Bodenbewegungen durchzuf\u00fchren, und wir untersuchen auch unsere eigenen verteilten Faser-Sensor-Techniken mit verbesserter Empfindlichkeit unter Verwendung von digital-unterst\u00fctzter Interferometrie. Unsere Arbeit ist besonders wichtig f\u00fcr die Bew\u00e4ltigung des &#8222;Newton&#8217;schen-Rauschens&#8220; im geplanten Gravitationswellendetektor Einstein-Teleskop sowie f\u00fcr die Entwicklung von Fr\u00fchwarnsystemen f\u00fcr Erdbeben.<\/p>\n\n\n\n<h4 class=\"wp-block-heading\">Interferometrische Simulationen<\/h4>\n\n\n\n<p>Um Signale in einem Laserinterferometer vorherzusagen, benutzen wir die c++ Software-Library <a href=\"https:\/\/www.aei.mpg.de\/ifocad\" rel='nofollow'>IfoCAD<\/a>. Dies hat sich insbesondere f\u00fcr LISA-Interferometer etabliert, da die Interferometer f\u00fcr Weltraummissionen quasi-monolithisch aus einem St\u00fcck Glas gefertigt werden, um den Raketenstart zu \u00fcberleben und die w\u00fcnschenswerte Langzeitstabilit\u00e4t erreichen. Diese k\u00f6nnen nach dem Bau nicht weiter einjustiert werden, weshalb es zwingend notwendig ist, das Layout vorher m\u00f6glichst realistisch zu simulieren. Mittels IfoCAD k\u00f6nnen unter anderem Kontrast, Phasenmessungen, Wellenfrontmessungen und 3D-Modelle des Interferometers simuliert werden. Neben optischen Simulationen mit IfoCAD spielen auch mechanische 3D-Modelle eine wichtige Rolle, um beispielsweise thermisch-kompensierte Interferometer-Aufbauten zu erreichen. Insbesondere arbeiten wir an der Verkn\u00fcpfung dieser beiden Simulationsans\u00e4tze um zuk\u00fcnftig thermo-optische Effekte miteinbeziehen zu k\u00f6nnen. <\/p>\n\n\n\n<h4 class=\"wp-block-heading\">Charakterisierung eines Einzelphotonendetektors<\/h4>\n\n\n\n<p>Das ALPS II Experiment am DESY sucht nach ultraleichter Dunkler Materie in Form von Axion-\u00e4hnlichen Teilchen (engl.: Axion-like Particles, ALPs). In der Anwesenheit sehr starker Magnetfelder werden die ALPs aus Licht im Labor erzeugt und hinter einer lichtundurchl\u00e4ssigen Barriere ebenso in Licht-Teilchen (Photonen) zur\u00fcckkonvertiert. Sollte Dunkle Materie hierbei entstehen, kann diese die Barriere durchdringen und nur so ein Photon generieren. Mittels Einzelphotonendetektor sollen einzelnen Photonen detektiert werden. Wir arbeiten an der Charakterisierung des Detektors f\u00fcr die Signal-Wellenl\u00e4nge 1064nm und optimieren die optischen Schnittstellen. Diese muss einerseits hoch-effizient f\u00fcr die Signal-Wellenl\u00e4nge und andererseits extrem rauscharm sein, um nicht &#8222;Fake&#8220;-Photonen bei der gleichen Wellenl\u00e4nge zu generieren, wie es <abbr title=\"zum Beispiel\">z.B.<\/abbr> durch Schwarzk\u00f6rperstrahlung verursacht wird. <\/p>\n\n\n\n<p><\/p>\n\n\n\n<h2 class=\"wp-block-heading\" id=\"Kollaborationen\">Wissenschaftliche Kollaborationen<\/h2>\n\n\n\n<ul class=\"wp-block-list\">\n<li><strong><a href=\"http:\/\/wave-hamburg.eu\/\" rel='nofollow'>WAVE<\/a><\/strong>-Initiative (seismisches Netzwerk Hamburg)<\/li>\n\n\n\n<li><strong><a href=\"https:\/\/www.einstein-teleskop.de\/\" rel='nofollow'><abbr title=\"Elektrotechnik\">ET<\/abbr><\/a><\/strong>: Einstein Telescope (Gravitationswellendetektor der n\u00e4chsten Generation, geplant in Europa)<\/li>\n\n\n\n<li><strong><a href=\"https:\/\/www.ligo.org\/\" rel='nofollow'>LSC\/LVK<\/a><\/strong>: LIGO\/Virgo\/Kagra (aktuelle erdgebundene Gravitationswellendetektoren)<\/li>\n\n\n\n<li><strong><a href=\"https:\/\/alps.desy.de\/our_activities\/axion_wisp_experiments\/alps_ii\/\" rel='nofollow'>ALPS<\/a><\/strong>: Any Light Particle Search (Dunkle Materie Experiment am DESY)<\/li>\n\n\n\n<li><strong><a href=\"https:\/\/www.elisascience.org\/\" rel='nofollow'>LISA<\/a><\/strong>: Laser Interferometer Space Antenna (weltraum-basierte Gravitationswellendetektion)<\/li>\n<\/ul>\n\n\n\n<p><\/p>\n\n\n\n<h2 class=\"wp-block-heading\" id=\"ver\u00f6ffentlichungen\">Ver\u00f6ffentlichungen<\/h2>\n\n\n\n<p>Eine vollst\u00e4ndige Publikationsliste ist unter\u00a0<a href=\"https:\/\/scholar.google.de\/citations?user=5clbTvsAAAAJ&amp;hl=de\" rel='nofollow'>Google Scholar<\/a>\u00a0zu finden. Im Folgenden ist ein Auszug ausgew\u00e4hlter Ver\u00f6ffentlichungen zu finden.<\/p>\n\n\n\n<h3 class=\"wp-block-heading\">2023<\/h3>\n\n\n\n<div class=\"wp-block-hsu-publicationblock\"><div class=\"img-area download-image\"><img decoding=\"async\" src=\"https:\/\/www.hsu-hh.de\/mt\/wp-content\/uploads\/sites\/868\/2023\/11\/meyer_paper-100x100.jpg\" alt=\"\" \/><\/div><div class=\"content-area\">Meyer, M., Isleif, K., Januschek, F., Lindner, A., Othman, G., Rubiera Gimeno, J.A., Schwemmbauer, C., Schott, M., Shah, R., Collaboration, for the A., n.d. A First Application of Machine and Deep Learning for Background Rejection in the ALPS II TES Detector. Annalen der Physik n\/a, 2200545. <a href=\"https:\/\/doi.org\/10.1002\/andp.202200545\" rel='nofollow'>https:\/\/doi.org\/10.1002\/andp.202200545<\/a><\/div><\/div>\n\n\n\n<div class=\"wp-block-hsu-publicationblock\"><div class=\"img-area download-image\"><img decoding=\"async\" src=\"https:\/\/www.hsu-hh.de\/mt\/wp-content\/uploads\/sites\/868\/2023\/11\/jose_paper-100x100.jpg\" alt=\"\" \/><\/div><div class=\"content-area\">Rubiera Gimeno, J.A., Isleif, K.-S., Januschek, F., Lindner, A., Meyer, M., Othman, G., Schott, M., Shah, R., Sohl, L., 2023. The TES detector of the ALPS II experiment. Nuclear Instruments and Methods in Physics Research Section A: Accelerators, Spectrometers, Detectors and Associated Equipment 1046, 167588. <a href=\"https:\/\/doi.org\/10.1016\/j.nima.2022.167588\" rel='nofollow'>https:\/\/doi.org\/10.1016\/j.nima.2022.167588<\/a><br \/><\/div><\/div>\n\n\n\n<h3 class=\"wp-block-heading\">2022<\/h3>\n\n\n\n<div class=\"wp-block-hsu-publicationblock\"><div class=\"img-area download-image\"><img decoding=\"async\" src=\"https:\/\/www.hsu-hh.de\/mt\/wp-content\/uploads\/sites\/868\/2023\/11\/Bildschirmfoto-2023-11-20-um-14.48.01-100x100.png\" alt=\"\" \/><\/div><div class=\"content-area\">Shah, R., Isleif, K.-S., Januschek, F., Lindner, A., Schott, M., 2022. Characterising a Single-Photon Detector for ALPS II. J Low Temp Phys 209, 355\u2013362. <a href=\"https:\/\/doi.org\/10.1007\/s10909-022-02720-0\" rel='nofollow'>https:\/\/doi.org\/10.1007\/s10909-022-02720-0<\/a><\/div><\/div>\n\n\n\n<div class=\"wp-block-hsu-publicationblock\"><div class=\"img-area download-image\"><img decoding=\"async\" src=\"https:\/\/www.hsu-hh.de\/mt\/wp-content\/uploads\/sites\/868\/2023\/11\/Bildschirmfoto-2023-11-20-um-14.49.16-100x100.png\" alt=\"\" \/><\/div><div class=\"content-area\">Diaz Ortiz, M., Gleason, J., Grote, H., Hallal, A., Hartman, M.T., Hollis, H., Isleif, K.-S., James, A., Karan, K., Kozlowski, T., Lindner, A., Messineo, G., Mueller, G., P\u00f5ld, J.H., Smith, R.C.G., Spector, A.D., Tanner, D.B., Wei, L.-W., Willke, B., 2022. Design of the ALPS II optical system. Physics of the Dark Universe 35, 100968. <a href=\"https:\/\/doi.org\/10.1016\/j.dark.2022.100968\" rel='nofollow'>https:\/\/doi.org\/10.1016\/j.dark.2022.100968<\/a><br \/><\/div><\/div>\n\n\n\n<div class=\"wp-block-hsu-publicationblock\"><div class=\"img-area download-image\"><img decoding=\"async\" src=\"https:\/\/www.hsu-hh.de\/mt\/wp-content\/uploads\/sites\/868\/2023\/11\/Bildschirmfoto-2023-11-20-um-14.50.32-100x100.png\" alt=\"\" \/><\/div><div class=\"content-area\">Isleif, K.-S., 2022. The Any Light Particle Search experiment at DESY. arXiv. <a href=\"https:\/\/doi.org\/10.48550\/arXiv.2202.07306\" rel='nofollow'>https:\/\/doi.org\/10.48550\/arXiv.2202.07306<\/a><br \/><\/div><\/div>\n\n\n\n<h3 class=\"wp-block-heading\">2021<\/h3>\n\n\n\n<div class=\"wp-block-hsu-publicationblock\"><div class=\"img-area download-image\"><img decoding=\"async\" src=\"https:\/\/www.hsu-hh.de\/mt\/wp-content\/uploads\/sites\/868\/2022\/04\/sensors-21-01708-g002-100x100.png\" alt=\" \" \/><\/div><div class=\"content-area\"><br \/>Gerberding, O., &amp; Isleif, K. S. (2021). Ghost Beam Suppression in Deep Frequency Modulation Interferometry for Compact On-Axis Optical Heads.\u00a0<em>Sensors<\/em>,\u00a0<em>21<\/em>(5), 1708. <a href=\"https:\/\/doi.org\/10.3390\/s21051708\" rel='nofollow'>10.3390\/s21051708<\/a><\/div><\/div>\n\n\n\n<h3 class=\"wp-block-heading\">2020<\/h3>\n\n\n\n<div class=\"wp-block-hsu-publicationblock\"><div class=\"img-area download-image\"><img decoding=\"async\" src=\"https:\/\/www.hsu-hh.de\/mt\/wp-content\/uploads\/sites\/868\/2022\/04\/sensors-21-00164-g001-e1650294971125-100x100.png\" alt=\"  \" \/><\/div><div class=\"content-area\"><br \/>Meshksar, N., Mehmet, M., Isleif, K. S., &amp; Heinzel, G. (2020). Applying differential wave-front sensing and differential power sensing for simultaneous precise and wide-range test-mass rotation measurements.\u00a0<em>Sensors<\/em>,\u00a0<em>21<\/em>(1), 164. <a href=\"https:\/\/doi.org\/10.3390\/s21010164\" rel='nofollow'>10.3390\/s21010164<\/a><\/div><\/div>\n\n\n\n<h3 class=\"wp-block-heading\">2019<\/h3>\n\n\n\n<div class=\"wp-block-hsu-publicationblock\"><div class=\"img-area download-image\"><img decoding=\"async\" src=\"https:\/\/www.hsu-hh.de\/mt\/wp-content\/uploads\/sites\/868\/2022\/04\/IMG_0835-100x100.jpg\" alt=\" \" \/><\/div><div class=\"content-area\"><br \/>Isleif, K. S., Heinzel, G., Mehmet, M., &amp; Gerberding, O. (2019). Compact multifringe interferometry with subpicometer precision.\u00a0<em>Physical Review Applied<\/em>,\u00a0<em>12<\/em>(3), 034025. <a href=\"https:\/\/journals.aps.org\/prapplied\/abstract\/10.1103\/PhysRevApplied.12.034025\" rel='nofollow'>10.1103\/PhysRevApplied.12.034025<\/a><\/div><\/div>\n\n\n\n<h3 class=\"wp-block-heading\">2018<\/h3>\n\n\n\n<div class=\"wp-block-hsu-publicationblock\"><div class=\"img-area download-image\"><img decoding=\"async\" src=\"https:\/\/www.hsu-hh.de\/mt\/wp-content\/uploads\/sites\/868\/2023\/11\/Cover_LAY04-Kopie-100x100.jpg\" alt=\"\" \/><\/div><div class=\"content-area\">Isleif, K.-S. (PhD thesis), 2018. Laser interferometry for LISA and satellite geodesy missions. <a href=\"https:\/\/doi.org\/10.15488\/3526\" rel='nofollow'>https:\/\/doi.org\/10.15488\/3526<\/a><br \/><\/div><\/div>\n\n\n\n<div class=\"wp-block-hsu-publicationblock\"><div class=\"img-area download-image\"><img decoding=\"async\" src=\"https:\/\/www.hsu-hh.de\/mt\/wp-content\/uploads\/sites\/868\/2022\/04\/3BLExpWoPDbox-100x100.jpg\" alt=\" \" \/><\/div><div class=\"content-area\"><br \/>Isleif, K. S., Bischof, L., Ast, S., Penkert, D., Schwarze, T. S., Barranco, G. F., &#8230; &amp; Heinzel, G. (2018). Towards the LISA backlink: experiment design for comparing optical phase reference distribution systems.\u00a0<em>Classical and Quantum Gravity<\/em>,\u00a0<em>35<\/em>(8), 085009. <a href=\"https:\/\/iopscience.iop.org\/article\/10.1088\/1361-6382\/aaa879\/meta\" rel='nofollow'>10.1088\/1361-6382\/aaa879\/meta<\/a><\/div><\/div>\n\n\n\n<h3 class=\"wp-block-heading\">2017<\/h3>\n\n\n\n<div class=\"wp-block-hsu-publicationblock\"><div class=\"img-area download-image\"><img decoding=\"async\" src=\"https:\/\/www.hsu-hh.de\/mt\/wp-content\/uploads\/sites\/868\/2022\/04\/IMG_7705-100x100.jpg\" alt=\" \" \/><\/div><div class=\"content-area\">Gerberding, O., Isleif, K. S., Mehmet, M., Danzmann, K., &amp; Heinzel, G. (2017). Laser-frequency stabilization via a quasimonolithic mach-zehnder interferometer with arms of unequal length and balanced dc readout.\u00a0<em>Physical Review Applied<\/em>,\u00a0<em>7<\/em>(2), 024027. <a href=\"https:\/\/journals.aps.org\/prapplied\/abstract\/10.1103\/PhysRevApplied.7.024027\" rel='nofollow'>10.1103\/PhysRevApplied.7.024027<\/a><\/div><\/div>\n\n\n\n<div class=\"wp-block-hsu-publicationblock\"><div class=\"img-area download-image\"><img decoding=\"async\" src=\"https:\/\/www.hsu-hh.de\/mt\/wp-content\/uploads\/sites\/868\/2023\/11\/FS-BL-100x100.jpg\" alt=\"\" \/><\/div><div class=\"content-area\">Isleif, K.-S., Gerberding, O., Penkert, D., Fitzsimons, E., Ward, H., Robertson, D., Livas, J., Mueller, G., Reiche, J., Heinzel, G., others, 2017. Suppressing ghost beams: Backlink options for LISA. Journal of Physics: Conference Series 840, 012016. <a href=\"https:\/\/doi.org\/10.1088\/1742-6596\/840\/1\/012016\" rel='nofollow'>https:\/\/doi.org\/10.1088\/1742-6596\/840\/1\/012016<\/a><br \/><\/div><\/div>\n\n\n\n<h3 class=\"wp-block-heading\">2016<\/h3>\n\n\n\n<div class=\"wp-block-hsu-publicationblock\"><div class=\"img-area download-image\"><img decoding=\"async\" src=\"https:\/\/www.hsu-hh.de\/mt\/wp-content\/uploads\/sites\/868\/2022\/04\/DFM_NIST-100x100.jpg\" alt=\" \" \/><\/div><div class=\"content-area\"><br \/>Isleif, K. S., Gerberding, O., Schwarze, T. S., Mehmet, M., Heinzel, G., &amp; Cervantes, F. G. (2016). Experimental demonstration of deep frequency modulation interferometry.\u00a0<em>Optics Express<\/em>,\u00a0<em>24<\/em>(2), 1676-1684. <a href=\"https:\/\/doi.org\/10.1364\/OE.24.001676\" rel='nofollow'>10.1364\/OE.24.00167<\/a><\/div><\/div>\n\n\n\n<div class=\"wp-block-hsu-publicationblock\"><div class=\"img-area download-image\"><img decoding=\"async\" src=\"https:\/\/www.hsu-hh.de\/mt\/wp-content\/uploads\/sites\/868\/2023\/11\/multi_all-1-100x100.jpg\" alt=\"\" \/><\/div><div class=\"content-area\">Isleif, K.-S., Gerberding, O., Mehmet, M., Schwarze, T.S., Heinzel, G., Danzmann, K., 2016. Comparing interferometry techniques for multi-degree of freedom test mass readout. Journal of Physics: Conference Series 716, 012008. <a href=\"https:\/\/doi.org\/10.1088\/1742-6596\/716\/1\/012008\" rel='nofollow'>https:\/\/doi.org\/10.1088\/1742-6596\/716\/1\/012008<\/a><br \/><\/div><\/div>\n\n\n\n<h3 class=\"wp-block-heading\">2014<\/h3>\n\n\n\n<div class=\"wp-block-hsu-publicationblock\"><div class=\"img-area download-image\"><img decoding=\"async\" src=\"https:\/\/www.hsu-hh.de\/mt\/wp-content\/uploads\/sites\/868\/2022\/04\/mirror2-100x100.jpg\" alt=\" \" \/><\/div><div class=\"content-area\"><br \/>Isleif, K. S., Gerberding, O., K\u00f6hlenbeck, S., Sutton, A., Sheard, B., Go\u00dfler, S., &#8230; &amp; Danzmann, K. (2014). Highspeed multiplexed heterodyne interferometry.\u00a0<em>Optics express<\/em>,\u00a0<em>22<\/em>(20), 24689-24696. <a href=\"https:\/\/doi.org\/10.1364\/OE.22.024689\" rel='nofollow'>10.1364\/OE.22.024689<\/a><\/div><\/div>\n","protected":false},"excerpt":{"rendered":"<p>Forschungsprojekte und -Initiativen DS2CCP: Im Zentrum f\u00fcr Digitalisierungs- und Technologieforschung der Bundeswehr (DTEC) ist unser Team an der Realisierung einer &#8218;Digitalen Sensor-2-Cloud Campus-Plattform&#8216; beteiligt. Um Fertigungsprozesse in der Industrie effizienter [&hellip;]<\/p>\n","protected":false},"author":26,"featured_media":0,"parent":0,"menu_order":0,"comment_status":"closed","ping_status":"closed","template":"","meta":{"footnotes":""},"categories":[4],"tags":[],"class_list":["post-112","page","type-page","status-publish","hentry","category-forschung"],"_links":{"self":[{"href":"https:\/\/www.hsu-hh.de\/mt\/wp-json\/wp\/v2\/pages\/112","targetHints":{"allow":["GET"]}}],"collection":[{"href":"https:\/\/www.hsu-hh.de\/mt\/wp-json\/wp\/v2\/pages"}],"about":[{"href":"https:\/\/www.hsu-hh.de\/mt\/wp-json\/wp\/v2\/types\/page"}],"author":[{"embeddable":true,"href":"https:\/\/www.hsu-hh.de\/mt\/wp-json\/wp\/v2\/users\/26"}],"replies":[{"embeddable":true,"href":"https:\/\/www.hsu-hh.de\/mt\/wp-json\/wp\/v2\/comments?post=112"}],"version-history":[{"count":55,"href":"https:\/\/www.hsu-hh.de\/mt\/wp-json\/wp\/v2\/pages\/112\/revisions"}],"predecessor-version":[{"id":1407,"href":"https:\/\/www.hsu-hh.de\/mt\/wp-json\/wp\/v2\/pages\/112\/revisions\/1407"}],"wp:attachment":[{"href":"https:\/\/www.hsu-hh.de\/mt\/wp-json\/wp\/v2\/media?parent=112"}],"wp:term":[{"taxonomy":"category","embeddable":true,"href":"https:\/\/www.hsu-hh.de\/mt\/wp-json\/wp\/v2\/categories?post=112"},{"taxonomy":"post_tag","embeddable":true,"href":"https:\/\/www.hsu-hh.de\/mt\/wp-json\/wp\/v2\/tags?post=112"}],"curies":[{"name":"wp","href":"https:\/\/api.w.org\/{rel}","templated":true}]}}