{"id":1101,"date":"2023-04-04T14:24:59","date_gmt":"2023-04-04T12:24:59","guid":{"rendered":"https:\/\/www.hsu-hh.de\/mt\/?page_id=1101"},"modified":"2024-02-19T16:20:10","modified_gmt":"2024-02-19T15:20:10","slug":"outreach","status":"publish","type":"page","link":"https:\/\/www.hsu-hh.de\/mt\/outreach\/","title":{"rendered":"Outreach"},"content":{"rendered":"\n<div class=\"wp-block-columns is-layout-flex wp-container-core-columns-is-layout-9d6595d7 wp-block-columns-is-layout-flex\">\n<div class=\"wp-block-column is-layout-flow wp-block-column-is-layout-flow\" style=\"flex-basis:20%\">\n<figure class=\"wp-block-image size-large\"><img loading=\"lazy\" decoding=\"async\" width=\"1024\" height=\"848\" src=\"https:\/\/www.hsu-hh.de\/mt\/wp-content\/uploads\/sites\/868\/2023\/04\/IMG_1460-1024x848.jpg\" data-credit=\"KSI\" alt=\"\" class=\"wp-image-1145\" srcset=\"https:\/\/www.hsu-hh.de\/mt\/wp-content\/uploads\/sites\/868\/2023\/04\/IMG_1460-1024x848.jpg 1024w, https:\/\/www.hsu-hh.de\/mt\/wp-content\/uploads\/sites\/868\/2023\/04\/IMG_1460-300x249.jpg 300w, https:\/\/www.hsu-hh.de\/mt\/wp-content\/uploads\/sites\/868\/2023\/04\/IMG_1460-768x636.jpg 768w, https:\/\/www.hsu-hh.de\/mt\/wp-content\/uploads\/sites\/868\/2023\/04\/IMG_1460-1536x1273.jpg 1536w, https:\/\/www.hsu-hh.de\/mt\/wp-content\/uploads\/sites\/868\/2023\/04\/IMG_1460-2048x1697.jpg 2048w, https:\/\/www.hsu-hh.de\/mt\/wp-content\/uploads\/sites\/868\/2023\/04\/IMG_1460-1100x911.jpg 1100w\" sizes=\"auto, (max-width: 1024px) 100vw, 1024px\" \/><\/figure>\n<\/div>\n\n\n\n<div class=\"wp-block-column is-layout-flow wp-block-column-is-layout-flow\" style=\"flex-basis:66.66%\">\n<p><strong>Girls Days<\/strong> ab 15 Jahre: 2024 bieten wir ein <strong>galaktisches Speed-Dating<\/strong> an. Unsere Forscherinnen geben die interessante Einblicke in <strong>Studium, Forschung, Gravitationswellen-Astronomie<\/strong> und viele weitere spannende Forschungsthemen. Komm vorbei und bring deine Fragen mit. Anmeldung erfolgt auf der <a href=\"https:\/\/www.girls-day.de\/.oO\/Show\/helmut-schmidt-universitaet-universitaet-der-bundeswehr-hamburg\/studieren-forschen-und-arbeiten-an-der-helmut-schmidt-universitaet-universitaet-der-bundeswehr-hamburg\" rel='nofollow'>Girls-Day Webseite<\/a>. Wir sind <strong>Angebot Nr. 4<\/strong> und freuen uns auf dich!<\/p>\n\n\n\n<p><a href=\"https:\/\/www.hsu-hh.de\/mt\/girls-day-2023-an-der-hsu-listen-to-the-universe\/\">Hier geht es zum Programm und zu den Materialien 2023.<\/a><\/p>\n<\/div>\n<\/div>\n\n\n\n<div class=\"wp-block-columns is-layout-flex wp-container-core-columns-is-layout-9d6595d7 wp-block-columns-is-layout-flex\">\n<div class=\"wp-block-column is-layout-flow wp-block-column-is-layout-flow\" style=\"flex-basis:20%\">\n<figure class=\"wp-block-image size-full\"><img loading=\"lazy\" decoding=\"async\" width=\"298\" height=\"298\" src=\"https:\/\/www.hsu-hh.de\/mt\/wp-content\/uploads\/sites\/868\/2023\/04\/Screenshot-2023-04-04-at-18-38-18-Das-Physik-Schullabor-der-Universita\u0308t-Hamburg.jpeg\" data-credit=\"UHH\/MIN\/LightSchools\" alt=\"\" class=\"wp-image-1148\" srcset=\"https:\/\/www.hsu-hh.de\/mt\/wp-content\/uploads\/sites\/868\/2023\/04\/Screenshot-2023-04-04-at-18-38-18-Das-Physik-Schullabor-der-Universita\u0308t-Hamburg.jpeg 298w, https:\/\/www.hsu-hh.de\/mt\/wp-content\/uploads\/sites\/868\/2023\/04\/Screenshot-2023-04-04-at-18-38-18-Das-Physik-Schullabor-der-Universita\u0308t-Hamburg-150x150.jpeg 150w, https:\/\/www.hsu-hh.de\/mt\/wp-content\/uploads\/sites\/868\/2023\/04\/Screenshot-2023-04-04-at-18-38-18-Das-Physik-Schullabor-der-Universita\u0308t-Hamburg-100x100.jpeg 100w\" sizes=\"auto, (max-width: 298px) 100vw, 298px\" \/><\/figure>\n<\/div>\n\n\n\n<div class=\"wp-block-column is-layout-flow wp-block-column-is-layout-flow\" style=\"flex-basis:66.66%\">\n<p><strong><a href=\"https:\/\/www.min.uni-hamburg.de\/min-schulportal\/light-and-schools.html\" rel='nofollow'>Schullabor Light&amp;Schools<\/a> (Universit\u00e4t Hamburg, Anmeldung <a href=\"https:\/\/www.min.uni-hamburg.de\/min-schulportal\/light-and-schools.html\" rel='nofollow'>hier<\/a>):<\/strong> Regelm\u00e4\u00dfig unterst\u00fctzen wir das Schullabor auf dem Forschungscampus in Bahrenfeld mit Vortr\u00e4gen \u00fcber Gravitationswellen-Astronomie und Gravitationswellendetektoren.<\/p>\n<\/div>\n<\/div>\n\n\n\n<div class=\"wp-block-columns is-layout-flex wp-container-core-columns-is-layout-9d6595d7 wp-block-columns-is-layout-flex\">\n<div class=\"wp-block-column is-layout-flow wp-block-column-is-layout-flow\" style=\"flex-basis:20%\">\n<figure class=\"wp-block-image size-full\"><img loading=\"lazy\" decoding=\"async\" width=\"400\" height=\"400\" src=\"https:\/\/www.hsu-hh.de\/mt\/wp-content\/uploads\/sites\/868\/2023\/04\/STEMmepodcast.jpeg\" data-credit=\"https:\/\/podcasters.spotify.com\/pod\/show\/stemmepodcast\" alt=\"\" class=\"wp-image-1197\" srcset=\"https:\/\/www.hsu-hh.de\/mt\/wp-content\/uploads\/sites\/868\/2023\/04\/STEMmepodcast.jpeg 400w, https:\/\/www.hsu-hh.de\/mt\/wp-content\/uploads\/sites\/868\/2023\/04\/STEMmepodcast-300x300.jpeg 300w, https:\/\/www.hsu-hh.de\/mt\/wp-content\/uploads\/sites\/868\/2023\/04\/STEMmepodcast-150x150.jpeg 150w, https:\/\/www.hsu-hh.de\/mt\/wp-content\/uploads\/sites\/868\/2023\/04\/STEMmepodcast-100x100.jpeg 100w\" sizes=\"auto, (max-width: 400px) 100vw, 400px\" \/><\/figure>\n<\/div>\n\n\n\n<div class=\"wp-block-column is-layout-flow wp-block-column-is-layout-flow\" style=\"flex-basis:66.66%\">\n<p><strong><a href=\"https:\/\/podcasters.spotify.com\/pod\/show\/stemmepodcast\" rel='nofollow'>STEMme Podcast<\/a> by Oindrila Ghosh &amp; Philine van Vliet (engl.)<\/strong>: Are you fascinated by the latest developments in science and technology? Look no further than the <a href=\"https:\/\/podcasters.spotify.com\/pod\/show\/stemmepodcast\" rel='nofollow'>STEMme Podcast<\/a>, hosted by Oindrila Ghosh and Philine van Vliet (in English). In a episode in May 2022 Katharina shared insights on the current and next generation of gravitational wave detectors &#8211; just one example of the fascinating topics <strong>Oindrila and Philine<\/strong> cover on the show. <\/p>\n<\/div>\n<\/div>\n\n\n\n<p><\/p>\n","protected":false},"excerpt":{"rendered":"<p>Girls Days ab 15 Jahre: 2024 bieten wir ein galaktisches Speed-Dating an. Unsere Forscherinnen geben die interessante Einblicke in Studium, Forschung, Gravitationswellen-Astronomie und viele weitere spannende Forschungsthemen. Komm vorbei und [&hellip;]<\/p>\n","protected":false},"author":3350,"featured_media":0,"parent":0,"menu_order":0,"comment_status":"closed","ping_status":"closed","template":"","meta":{"footnotes":""},"categories":[4],"tags":[],"class_list":["post-1101","page","type-page","status-publish","hentry","category-forschung"],"_links":{"self":[{"href":"https:\/\/www.hsu-hh.de\/mt\/wp-json\/wp\/v2\/pages\/1101","targetHints":{"allow":["GET"]}}],"collection":[{"href":"https:\/\/www.hsu-hh.de\/mt\/wp-json\/wp\/v2\/pages"}],"about":[{"href":"https:\/\/www.hsu-hh.de\/mt\/wp-json\/wp\/v2\/types\/page"}],"author":[{"embeddable":true,"href":"https:\/\/www.hsu-hh.de\/mt\/wp-json\/wp\/v2\/users\/3350"}],"replies":[{"embeddable":true,"href":"https:\/\/www.hsu-hh.de\/mt\/wp-json\/wp\/v2\/comments?post=1101"}],"version-history":[{"count":14,"href":"https:\/\/www.hsu-hh.de\/mt\/wp-json\/wp\/v2\/pages\/1101\/revisions"}],"predecessor-version":[{"id":1436,"href":"https:\/\/www.hsu-hh.de\/mt\/wp-json\/wp\/v2\/pages\/1101\/revisions\/1436"}],"wp:attachment":[{"href":"https:\/\/www.hsu-hh.de\/mt\/wp-json\/wp\/v2\/media?parent=1101"}],"wp:term":[{"taxonomy":"category","embeddable":true,"href":"https:\/\/www.hsu-hh.de\/mt\/wp-json\/wp\/v2\/categories?post=1101"},{"taxonomy":"post_tag","embeddable":true,"href":"https:\/\/www.hsu-hh.de\/mt\/wp-json\/wp\/v2\/tags?post=1101"}],"curies":[{"name":"wp","href":"https:\/\/api.w.org\/{rel}","templated":true}]}}