{"id":979,"date":"2019-09-24T09:43:47","date_gmt":"2019-09-24T07:43:47","guid":{"rendered":"https:\/\/www.hsu-hh.de\/mrp\/?page_id=979"},"modified":"2019-11-04T06:32:58","modified_gmt":"2019-11-04T05:32:58","slug":"kooperationen","status":"publish","type":"page","link":"https:\/\/www.hsu-hh.de\/mrp\/kooperationen","title":{"rendered":"Kooperationen"},"content":{"rendered":"<h3><\/h3>\n<h3 style=\"text-align: left\">Enge Kooperationen mit der Industrie er\u00f6ffnen die M\u00f6glichkeit, aktuelle Problemstellungen durch umfangreiche Analysen zu erkennen, anwendungsbezogene L\u00f6sungskonzepte zu entwickeln und die Ergebnisse aus der Forschung in der Praxis umzusetzen.<\/h3>\n<p>&nbsp;<\/p>\n<div class=\"content-block2\" style=\"text-align: left\"><b>Unser Angebot<\/b><\/p>\n<ul>\n<li>Beratungen entlang des Produktentstehungsprozesses (Prozessanalysen, Benchmarking, Monitoring, Konzeptentwicklung, Umsetzung)<\/li>\n<li>Erweiterung von Funktionalit\u00e4ten und Erstellung von Applikationen in den Bereichen <abbr title=\"Computer-aided design\">CAD<\/abbr>, Digitale Fabrik, PDM, ERP und MES<\/li>\n<li>Experimentelle Ermittlung der Lebensdauer von Maschinenelementen (Luftfedern, Riemenscheiben, Antriebswellen, <abbr title=\"et cetera\">etc.<\/abbr>)<\/li>\n<li>Produktentwicklung\/ -konstruktion<\/li>\n<\/ul>\n<\/div>\n<div class=\"content-block2\" style=\"text-align: left\"><b>Bereiche<\/b><\/p>\n<ul>\n<li>Forschungsgremien<\/li>\n<li>Hochschulen<\/li>\n<li>F\u00f6rdereinrichtungen<\/li>\n<li>Stiftungen<\/li>\n<li>Industrie<\/li>\n<\/ul>\n<\/div>\n<p>&nbsp;<br \/>\n&nbsp;<br \/>\n&nbsp;<br \/>\n&nbsp;<br \/>\n&nbsp;<br \/>\n&nbsp;<br \/>\n&nbsp;<\/p>\n<div style=\"text-align: left\"><b>Kontakt:<\/b><br \/>\nSollten wir ihr Interesse geweckt haben, stehen wir ihnen gerne unter <a href=\"mailto:mrp-sekretariat@hsu-hh.de\" rel='nofollow'>mrp-sekretariat@hsu-hh.de<\/a> zur Verf\u00fcgung.<\/div>\n<p>&nbsp;<\/p>\n<div style=\"text-align: left\"><b>Unsere Kooperationspartner:<\/b><\/p>\n<div class=\"content-block4\" style=\"text-align: center\"><img decoding=\"async\" src=\"https:\/\/www.hsu-hh.de\/mrp\/wp-content\/uploads\/sites\/505\/2019\/10\/Audi_Logo.jpg\" \/><\/div>\n<div class=\"content-block4\" style=\"text-align: center\"><img decoding=\"async\" src=\"https:\/\/www.hsu-hh.de\/mrp\/wp-content\/uploads\/sites\/505\/2019\/10\/Vibracoustic_Logo.jpg\" \/><\/div>\n<div class=\"content-block4\" style=\"text-align: center\"><img decoding=\"async\" src=\"https:\/\/www.hsu-hh.de\/mrp\/wp-content\/uploads\/sites\/505\/2019\/10\/VW_Logo.jpg\" \/><\/div>\n<div class=\"content-block4\" style=\"text-align: center\"><img decoding=\"async\" src=\"https:\/\/www.hsu-hh.de\/mrp\/wp-content\/uploads\/sites\/505\/2019\/10\/Trigum_Logo.jpg\" \/><\/div>\n<div class=\"content-block3\" style=\"text-align: center\"><img decoding=\"async\" src=\"https:\/\/www.hsu-hh.de\/mrp\/wp-content\/uploads\/sites\/505\/2019\/10\/Rotec_Logo.jpg\" \/><\/div>\n<div class=\"content-block3\" style=\"text-align: center\"><img decoding=\"async\" src=\"https:\/\/www.hsu-hh.de\/mrp\/wp-content\/uploads\/sites\/505\/2019\/11\/UKL_Logo.jpg\" \/><\/div>\n<div class=\"content-block3\" style=\"text-align: center\"><img decoding=\"async\" src=\"https:\/\/www.hsu-hh.de\/mrp\/wp-content\/uploads\/sites\/505\/2019\/11\/AuTeKo_Logo.jpg\" \/><\/div>\n<p>&nbsp;<br \/>\n&nbsp;<\/p>\n","protected":false},"excerpt":{"rendered":"<p>Enge Kooperationen mit der Industrie er\u00f6ffnen die M\u00f6glichkeit, aktuelle Problemstellungen durch umfangreiche Analysen zu erkennen, anwendungsbezogene L\u00f6sungskonzepte zu entwickeln und die Ergebnisse aus der Forschung in der Praxis umzusetzen. &nbsp; [&hellip;]<\/p>\n","protected":false},"author":33,"featured_media":0,"parent":0,"menu_order":0,"comment_status":"closed","ping_status":"closed","template":"","meta":{"footnotes":""},"categories":[4],"tags":[],"class_list":["post-979","page","type-page","status-publish","hentry","category-forschung"],"_links":{"self":[{"href":"https:\/\/www.hsu-hh.de\/mrp\/wp-json\/wp\/v2\/pages\/979","targetHints":{"allow":["GET"]}}],"collection":[{"href":"https:\/\/www.hsu-hh.de\/mrp\/wp-json\/wp\/v2\/pages"}],"about":[{"href":"https:\/\/www.hsu-hh.de\/mrp\/wp-json\/wp\/v2\/types\/page"}],"author":[{"embeddable":true,"href":"https:\/\/www.hsu-hh.de\/mrp\/wp-json\/wp\/v2\/users\/33"}],"replies":[{"embeddable":true,"href":"https:\/\/www.hsu-hh.de\/mrp\/wp-json\/wp\/v2\/comments?post=979"}],"version-history":[{"count":35,"href":"https:\/\/www.hsu-hh.de\/mrp\/wp-json\/wp\/v2\/pages\/979\/revisions"}],"predecessor-version":[{"id":1233,"href":"https:\/\/www.hsu-hh.de\/mrp\/wp-json\/wp\/v2\/pages\/979\/revisions\/1233"}],"wp:attachment":[{"href":"https:\/\/www.hsu-hh.de\/mrp\/wp-json\/wp\/v2\/media?parent=979"}],"wp:term":[{"taxonomy":"category","embeddable":true,"href":"https:\/\/www.hsu-hh.de\/mrp\/wp-json\/wp\/v2\/categories?post=979"},{"taxonomy":"post_tag","embeddable":true,"href":"https:\/\/www.hsu-hh.de\/mrp\/wp-json\/wp\/v2\/tags?post=979"}],"curies":[{"name":"wp","href":"https:\/\/api.w.org\/{rel}","templated":true}]}}