{"id":950,"date":"2019-09-24T06:40:49","date_gmt":"2019-09-24T04:40:49","guid":{"rendered":"https:\/\/www.hsu-hh.de\/mrp\/?page_id=950"},"modified":"2025-02-04T15:03:25","modified_gmt":"2025-02-04T14:03:25","slug":"publikationen","status":"publish","type":"page","link":"https:\/\/www.hsu-hh.de\/mrp\/publikationen","title":{"rendered":"Publikationen"},"content":{"rendered":"\n<h2 class=\"wp-block-heading has-text-align-center\">Publikationen 2024:<\/h2>\n\n\n<div id=\"category_content_14k4czE6\" class=\"hsu_category archive-page\"><div class=\"clearfix\"><\/div><div class=\"entry-content\"><strong> Rosenthal, P.; Demke, N.; Mantwill, F.; Niggemann, O. <\/strong> (2024). Plan-Based Derivation of General Functional Structures in Product Design, 2024 IEEE 7th International Conference on Industrial Cyber-Physical Systems (ICPS), St. Louis, MO, USA, 2024, pp. 1-8, doi: 10.1109\/ICPS59941.2024.10640039.<\/div><div class=\"clearfix\"><\/div><div class=\"entry-content\"><strong> Willems, W.; Demke, N.; Rusch, F.; Mantwill, F. <\/strong> (2024). Semantic interoperability in the model-based decomposition of sustainability requirements in the early phase of product development. LCIC 2024 &#8211; 4th Life Cycle Innovation Conference. https:\/\/fslci.org\/lcic\/lcic2024\/lcic2024-posters\/semantic-interoperability-in-the-model-based-decomposition-of-sustainability-requirements-in-the-early-phase-of-product-development\/<\/div><div class=\"clearfix\"><\/div><div class=\"entry-content\"><strong> Rusch, F.; Demke, N.; Willems, W.; Mantwill, F. <\/strong> (2024). Context-based Derivation of Holistic Sustainability Requirements in the Early Phase of Product Development. Procedia CIRP Volume 122, 2024, Pages 306-311.<\/div><div class=\"clearfix\"><\/div><div class=\"entry-content\"><strong> Rusch, F.; Willems, W.; Demke, N.; Mantwill, F. <\/strong> (2024). Linking Product Development\u2019s and Society\u2019s View on Sustainability to Enhance the Contextual Derivation and Validation of Requirements. IFAC-PapersOnLine Volume 58, Issue 19, 2024, Pages 1198-1203.<\/div><div class=\"clearfix\"><\/div><div class=\"entry-content\"><strong> Schmidt, T.; Marbach, S.; Mantwill, F. <\/strong> (2024). Generation of Rule-Based Variance Schemes Towards a Data-Driven Development of High-Variant Product Portfolios. In: DS 134: Proceedings of the 26th International DSM Conference (DSM 2024), Harold (Mike) Stowe; Christopher Langner; Matthias Kreimeyer; Tyson R. Browning; Steven D. Eppinger; Ali A. Yassine (Eds.), Stuttgart, Germany, pp. 79-88. (https:\/\/doi.org\/10.35199\/dsm2024.09).<\/div><div class=\"clearfix\"><\/div><div class=\"entry-content\"><strong> Schmidt, T.; Mantwill, F. <\/strong> (2024). Management of Rule-Based Product Portfolios with High Variance: A Systematic Literature Review. In: Proceedings of the Design Society, Volume 4 (DESIGN 2024), Cambridge University Press, pp. 755-764. (https:\/\/doi.org\/10.1017\/pds.2024.78).<\/div><\/div><div class=\"clearfix\"><\/div>\n\n\n<h2 class=\"wp-block-heading has-text-align-center\">Publikationen 2023:<\/h2>\n\n\n<div id=\"category_content_h2YorAZs\" class=\"hsu_category archive-page\"><div class=\"clearfix\"><\/div><div class=\"entry-content\"><strong> Dahlke, P.; Schmelzer, P. <\/strong> (2023). Incentives to Holistic Methodology and Computer Aided Tool Support in Naval Vessels Design. In: 22nd Conference on Computer and <abbr title=\"Informationstechnologie\">IT<\/abbr> Applications in the Maritime Industries (COMPIT 2023), Druebeck, pp. 34-44.<\/div><div class=\"clearfix\"><\/div><div class=\"entry-content\"><strong> Dahlke, P.; Mantwill, F. <\/strong> Towards Agile Systems Engineering in Early Stage Design for Complex Naval Vessels. In: Proceedings of the 25th International DSM Conference (DSM 2023), Gothenburg, Sweden, October, 03 &#8211; 05, 2023, pp. 48-57. DOI number: 10.35199\/dsm2023.06<\/div><div class=\"clearfix\"><\/div><div class=\"entry-content\"><strong> Dahlke, P.; Rambo, J.; Dorsch, T.; Weilkiens, T.; Hempel, M.; Pfeffer, J.; Taplick, P. <\/strong> Besser agil im Systems Engineering mit Modellen. In: GfSE Tag des Systems Engineering, Wuerzburg, 15.-17. November 2023, pp. 172-178. <abbr title=\"International Standard Book Number\">ISBN<\/abbr>: 978-3-910649-00-2<\/div><div class=\"clearfix\"><\/div><div class=\"entry-content\"><strong> Schroeder,S., Uhler, M., Schonhoff, M., Nees, T.A., Wonerow, T., Nuppnau, J., Mantwill, F., Kretzer, J.P. <\/strong> (2023) In vitro wear behavior of knee implants at different load levels: The Impact of the <abbr title=\"fssdfdfs\">test<\/abbr> fluid. Lubricants 2023, 11, 474. (doi.org\/10.3390\/lubricants11110474)<\/div><div class=\"clearfix\"><\/div><div class=\"entry-content\"><strong> Breitenbach, S.; Mantwill, F.; Sagert, A. <\/strong> (2023) Dynamic system behaviour of adsorbent-filled air springs. In: International Journal of Automotive Technology, 24 (2023), S.483\u2013492. DOI 10.1007\/s12239\u2013023\u20130040\u20137.<\/div><div class=\"clearfix\"><\/div><div class=\"entry-content\"><strong> Schemmann, V.; Schmidt, T.; Demke, N.; Mantwill, F. <\/strong> (2023) Generative Models for Feature-Based Product Development as a Basis for Hybrid Decision-Making. In: DS 125: Proceedings of the 34rd Symposium Design for X (DFX2023), (https:\/\/doi.org\/10.35199\/dfx2023.18).<\/div><div class=\"clearfix\"><\/div><div class=\"entry-content\"><strong> Marbach, A.; Tichla, F.; Schmidt, T.; Mantwill, F. <\/strong> (2023). Datengetriebene Optimierung des Produktportfolios f\u00fcr hochvariante Endprodukte der Automobilindustrie in Conference Proceedings: Stuttgarter Symposium f\u00fcr Produktentwicklung SSP 2023, Hg.: H\u00f6lzle, K.; Kreimeyer, M.; Roth, D.; Maier, T.; Riedel, O. , Stuttgart, 25. Mai 2023. (http:\/\/dx.doi.org\/10.18419\/opus-13131)<\/div><div class=\"clearfix\"><\/div><div class=\"entry-content\"><strong> Lips, M.; Breitenbach, S.; Schmidt, P.; Mantwill, F. <\/strong> (2023) Walkkr\u00e4fte an Axialb\u00e4lgen von Rollbalg-Luftfedern. In: Tagungsband Ilmenauer Federntag. Ilmenau: Verlag ISLE, <abbr title=\"International Standard Book Number\">ISBN<\/abbr>: 978-3-948595-09-8, 2023.<\/div><div class=\"clearfix\"><\/div><div class=\"entry-content\"><strong> Rosenthal, P.; Demke, N.; Mantwill, F.; Niggemann, O. <\/strong> Plan-Based Derivation of General Functional Structures in Product Design. 2023. DOI: 10.48550\/arXiv.2302.04600.<\/div><\/div><div class=\"clearfix\"><\/div>\n\n\n<h2 class=\"wp-block-heading has-text-align-center\">Publikationen 2022:<\/h2>\n\n\n<div id=\"category_content_7Vmo2ZNC\" class=\"hsu_category archive-page\"><div class=\"clearfix\"><\/div><div class=\"entry-content\"><strong> Uhler, M.; Schonhoff, M.; Nees, T.A.; Wonerow, T.;  Nuppnau, J.; Mantwill, F.; Kretzer, J.P.; Schroeder, S. <\/strong> Rheological Behavior of Different Bovine Calf Sera before, during and after Biomechanical Testing. Lubricants 2022, 10, 224. (https:\/\/doi.org\/10.3390\/lubricants10090224)<\/div><div class=\"clearfix\"><\/div><div class=\"entry-content\"><strong> Vorwerk, C.; Messmer, S.; Winter, S.<\/strong> Multisensor concept for wire rope analysis. In: Proceedings of the OIPEEC and ISRD Conference 27-30 September 2022, S.375-393. Stuttgart: University, 2022<\/div><div class=\"clearfix\"><\/div><div class=\"entry-content\"><strong> Schmidt, T.; Marbach, A.; Mantwill, F.<\/strong> Recommender Systems for Variant Management in the Automotive Industry. In: DS 119: Proceedings of the 33rd Symposium Design for X (DFX2022), 2022 (https:\/\/doi.org\/10.35199\/dfx2022.13).<\/div><div class=\"clearfix\"><\/div><div class=\"entry-content\"><strong>Willems, W.; Demke, N.; Mantwill, F.<\/strong> Nachhaltigkeit in der fr\u00fchen Phase der Produktentwicklung. In: Springer, Nachhaltige Industrie, Ausgabe 4\/2022.<\/div><div class=\"clearfix\"><\/div><div class=\"entry-content\"><strong>Willems, W.; Demke, N.; Mantwill, F.<\/strong> Meta-Review zur nachhaltigen Produktbeeinflussung in der fr\u00fchen Phase des Produktentstehungsprozesses. Researchgate, Res10.13140\/RG.2.2.15820.69762 (2022).<\/div><div class=\"clearfix\"><\/div><div class=\"entry-content\"><strong>Vorwerk, C.; Mantwill, F.<\/strong> Strahlungsfreier R\u00f6ntgenblick &#8211; Hochaufl\u00f6sende zerst\u00f6rungsfreie Pr\u00fcfung von Stahlseilen. In: Technische Logistik &#8211; Hebezeuge F\u00f6rdermittel 62 (2022) 11-12, S. 32-34<\/div><div class=\"clearfix\"><\/div><div class=\"entry-content\"><strong> Hage, H.; Seferis, E.; Hashemi, V.; Mantwill, F.<\/strong> (2022) SMC4PEP: Stochastic Model Checking of Product Engineering Processes, in: 25th International Conference, Fundamental Approaches to Software Engineering (FASE), Held as Part of the European Joint Conferences on Theory and Practice of Software (ETAPS), Springer International Publishing, 2022. S.155-162<\/div><div class=\"clearfix\"><\/div><div class=\"entry-content\"><strong> Hofmann, M.; Rudolf, H., M.; Mantwill, F.; Nees, R.<\/strong> Der Einfluss von Produktion und Entwicklung auf den Automobilbau. In: Automobiltechnische Zeitschrift, Vol. 124 (2022). Wiesbaden: Springer Verlag, Nr. 11, S. 36-40<\/div><\/div><div class=\"clearfix\"><\/div>\n\n\n<h2 class=\"wp-block-heading has-text-align-center\">Publikationen 2021:<\/h2>\n\n\n<div id=\"category_content_XmkJa9Td\" class=\"hsu_category archive-page\"><div class=\"clearfix\"><\/div><div class=\"entry-content\"><strong> Wonerow, T.; Uhler, M.; Nuppnau, J.; Kretzer, J.P.; Mantwill, F.<\/strong> Rheological Behavior of Bovine Calf Serum. Materials 2021, 14, 2538. (https:\/\/doi.org\/10.3390\/ma14102538)<\/div><div class=\"clearfix\"><\/div><div class=\"entry-content\"><strong>Breitenbach, S.; Lips, M.; Mantwill, F.<\/strong> (2021) Methoden zur Auslegung adsorbensgef\u00fcllter Luftfedern und zur Lebensdauervorhersage von Axialb\u00e4lgen. In: Tagungsband Ilmenauer Federntag. Ilmenau: Verlag ISLE, ISBN: 978-3-948595-05-0, 2021<\/div><div class=\"clearfix\"><\/div><div class=\"entry-content\"><strong>Demke, N.; Tichla, F.; Bastian, J.; Schmidt, T.; Mantwill, F.<\/strong> (2021) Derivation of probability based configurations for early feasibility statements in the development of products with high variance. Workshop AI and Product Design &#8211; 30th International Joint Conference on Artificial Intelligence (IJCAI-21).<\/div><\/div><div class=\"clearfix\"><\/div>\n\n\n<h2 class=\"wp-block-heading has-text-align-center\">Publikationen 2020:<\/h2>\n\n\n<div id=\"category_content_B0lkHhEG\" class=\"hsu_category archive-page\"><div class=\"clearfix\"><\/div><div class=\"entry-content\"><strong>Seybold C.; Mantwill F.<\/strong> (2020) 3D Sketching in VR Changing PDM Processes. In: Nyffenegger F., R\u00edos J., Rivest L., Bouras A. (eds) Product Lifecycle Management Enabling Smart X. PLM 2020. IFIP Advances in Information and Communication Technology, vol 594. Springer, Cham.<\/div><div class=\"clearfix\"><\/div><div class=\"entry-content\"><strong>Hage, H.; Hashemi, H.; Mantwill, F.<\/strong> Towards a Systems Engineering Based Automotive Product Engineering Process, in: Muccini, H., et al. (Hrsg.): Software Architecture: Communications in Computer und Information Science (1269): Springer Nature Switzerland AG, 2020, S.527-541.<\/div><div class=\"clearfix\"><\/div><div class=\"entry-content\"><strong>G\u00f6llner, S.; St\u00f6berl, T.; H\u00f6renberg, S.; Mantwill, F.<\/strong> Tribologie von mit Ammoniak vorkonditionierten Gleitlacken, In: Tribologie und Schmierungstechnik, Vol. 67 (2020), No. 4, S.19-25.<\/div><\/div><div class=\"clearfix\"><\/div>\n\n\n<h2 class=\"wp-block-heading has-text-align-center\">Publikationen 2019:<\/h2>\n\n\n<div id=\"category_content_XHp5KkCg\" class=\"hsu_category archive-page\"><div class=\"clearfix\"><\/div><div class=\"entry-content\"><strong>Wonerow, T.; Uhler, M.<\/strong>  Oberfl\u00e4chenstrukturierung niedrigkongruenter Keramikgleitpaarungen zur Verringerung von Reibung und Verschlei\u00df, Beitrag zur Hamburger Studierendentagung 2019, Konferenz Hamburg.<\/div><div class=\"clearfix\"><\/div><div class=\"entry-content\"><strong>Scheele, S.; Mantwill, F.<\/strong>  Produktdaten-Apps zur Erweiterung der Lifecycle Produktivit\u00e4t, in: Fr\u00f6schle, H.-P. (Hrsg.): HMD Praxis der Wirtschaftsinformatik 56 (2): Springer, 2019, S. 438-452.<\/div><div class=\"clearfix\"><\/div><div class=\"entry-content\"><strong>Scheele, S.; Mantwill, F.<\/strong>  Gestaltung nutzerzentrierter Assistenzen im Produktdatenmanagement &#8211; Herausforderungen und Implikationen einer digitalen Arbeitsumgebung, in: Stelzer, R., Krzywinski, J. (Hrsg.): Entwerfen Entwickeln Erleben in Produktentwicklung und Design 2019, Dresden: TUDpress, 2019, S. 201-220.<\/div><div class=\"clearfix\"><\/div><div class=\"entry-content\"><strong>Frischen, C.; Marbach, A.; Tichla, F.; Mantwill, F.<\/strong>  Durchg\u00e4ngige Variantensteuerung mit Hilfe der regelbasierten Komplexst\u00fcckliste, in: Krause, D., Paetzold, K., Wartzack (Hrsg.): Design for X: Beitr\u00e4ge zum 30. DfX-Symposium, September 2019, Jesteburg, DOI: 10.35199\/dfx2019.2, S. 13-24.<\/div><div class=\"clearfix\"><\/div><div class=\"entry-content\"><strong>G\u00f6llner, S.; St\u00f6berl, T.; Mantwill, F.<\/strong> Tribologische Betrachtung von mit Gleitlack beschichteten Hubmagnetsystemen, In: Tribologie und Schmierungstechnik, Vol. 66 (2019), No. 6, S.48-55.<\/div><\/div><div class=\"clearfix\"><\/div>\n\n\n<h2 class=\"wp-block-heading has-text-align-center\">Publikationen 2018:<\/h2>\n\n\n<div id=\"category_content_k74BYYz0\" class=\"hsu_category archive-page\"><div class=\"clearfix\"><\/div><div class=\"entry-content\"><strong>M\u00fcller, A.; Demke, N.; Mantwill, F.; Choudry, S. A.<\/strong>  Lebenszykluskostenbewertungen zur fr\u00fchzeitigen Produktbeeinflussung im Produktentstehungsprozess, ZWF Zeitschrift f\u00fcr wirtschaftlichen Fabrikbetrieb: Vol. 113 (2018), No. 4, pp. 246-250.<\/div><div class=\"clearfix\"><\/div><div class=\"entry-content\"><strong>M\u00fcller, A.; Bornschlegl, M.; Kettelmann, P.; Mantwill, F.; M\u00fcller, O.<\/strong>  Digital Planning of Complex Production Systems Based on Life-Cycle Costs, IECON 2018 &#8211; 44th Annual Conference of the IEEE Industrial Electronics Society, IEEE, Washington D.C., 2018, P. 3033-3038.<\/div><div class=\"clearfix\"><\/div><div class=\"entry-content\"><strong>Mavraj, G.; Scheele, S.; Mantwill, F.<\/strong>  Analyse eines Produktentwicklungsprozesses mit Process Mining, in: Krause, D., Paetzold, K., Wartzack (Hrsg.):  Design for X: Beitr\u00e4ge zum 29. DfX-Symposium, September 2018, Tutzing: TuTech Verlag, 2018, S. 239-250.<\/div><div class=\"clearfix\"><\/div><div class=\"entry-content\"><strong>Vagt, S.; Sakar, A.<\/strong>  Potential Usage of AutomationML to feedback data from the shop floor into digital planning modules, 5th AutomationML User Conference 2018.<\/div><div class=\"clearfix\"><\/div><div class=\"entry-content\"><strong>Mayer, M.; Vagt,S.<\/strong>  DataDrivenProduction \u2013 Nutzung von BigData-Methoden im Karosseriebau, 4th Fachkonferenz: Roboter in der Automobilindustrie (2018).<\/div><div class=\"clearfix\"><\/div><div class=\"entry-content\"><strong>M\u00fcller, A.; Bornschlegl, M.; Mantwill, F.<\/strong> Life Cycle Rating &#8211; An approach to support the decision-making process of manufacturing systems, In: Procedia Manufacturing, Vol. 21 (2018), S.305-312.<\/div><\/div><div class=\"clearfix\"><\/div>\n\n\n<h2 class=\"wp-block-heading has-text-align-center\">Publikationen 2017:<\/h2>\n\n\n<div id=\"category_content_Op1U3e87\" class=\"hsu_category archive-page\"><div class=\"clearfix\"><\/div><div class=\"entry-content\"><strong>Welsch, M.<\/strong>  A RVE procedure to estimate the J-Integral for rubber like materials, Constitutive Models for Rubber X, M\u00fcnchen, CRC Press (2017).<\/div><div class=\"clearfix\"><\/div><div class=\"entry-content\"><strong>Rocker, D.; St\u00f6berl, T.; Zhu, Y.; Vorbach, M.; Gargallo, M.; Mantwill, F.<\/strong> Wear and friction behaviour of a lubricated thermoset-pairing on a ball-on-three-plates-<abbr title=\"fssdfdfs\">test<\/abbr>, In: 72nd Annual Meeting and Exhibition of the Society of Tribologists and Lubrication Engineers, STLE 2017.<\/div><div class=\"clearfix\"><\/div><div class=\"entry-content\"><strong>M\u00fcller, A.; Choudry, S.; Bornschlegl, M.; Mantwill, F.<\/strong> Der modulare Lebenszykluskosten-Baukasten: Eine praxisorientierte Methodenstrukturierung, In: ZWF Zeitschrift fuer Wirtschaftlichen Fabrikbetrieb, Vol. 112 (2017), No. 7-8, S.501-505.<\/div><\/div><div class=\"clearfix\"><\/div>\n\n\n<h2 class=\"wp-block-heading has-text-align-center\">Publikationen 2016:<\/h2>\n\n\n<div id=\"category_content_45JAZqbR\" class=\"hsu_category archive-page\"><div class=\"clearfix\"><\/div><div class=\"entry-content\"><strong>Scheele, S.<\/strong>  Schnittstelle zur additiven Fertigung, in:  Mantwill F., Tecklenburg, G. (Hrsg.): Leitfaden CATIA\u00ae Version 5, Edition 46, Kapitel 11: Olzog Verlag, 2016.<\/div><div class=\"clearfix\"><\/div><div class=\"entry-content\"><strong>L\u00f6cken, F.; Carstensen, J.; Mantwill, F.; Metzger, M.<\/strong>  Bestimmung des mehrdimensionalen Verhaltens von Luftfedern, in: VDI-Berichte 2276 (2016), S. 789-811.<\/div><div class=\"clearfix\"><\/div><div class=\"entry-content\"><strong>Carstensen, J.; L\u00f6cken, F.; Fervers, W.; Rambacher, C.<\/strong>  Durchf\u00fchrung von Subjektivbewertung hinsichtlich des Fahrkomforts als Zulieferer der Automobilindustrie, in:  VDI-Berichte 2279 (2016), S. 745-764.<\/div><div class=\"clearfix\"><\/div><div class=\"entry-content\"><strong>Grundel, M.; Abulawi, J.<\/strong>  SkiPo \u2013 a sketch and flow based model to develop mechanical systems, INCOSE International Symposium (2016), Edinburgh, UK.<\/div><div class=\"clearfix\"><\/div><div class=\"entry-content\"><strong>Bornschlegl, M.; M\u00fcller, A.; Bregulla, M.; Mantwill, F.; Franke, J.<\/strong> Lebenszyklusbetrachtungen im Planungsprozess: Integration einer Lebenszyklusbetrachtung von Fertigungstechnologien im automobilen Karosseriebau, In: WT Werkstattstechnik, Vol. 106 (2016), No. 1-2, S.89-93.<\/div><div class=\"clearfix\"><\/div><div class=\"entry-content\"><strong>St\u00f6bert, T.; Mantwill, F.; Welting, D.<\/strong> Tribologische Untersuchung in Systemen zur Abgasnachbehandlung, In: Tribologie und Schmierungstechnik, Vol. 63 (2016), No. 1, S.29-36.<\/div><div class=\"clearfix\"><\/div><div class=\"entry-content\"><strong>M\u00fcller, A.; Bornschlegl, M.; Mantwill, F.; Bregulla, M.<\/strong> Lebenszykluskosten in der digitalen Fabrik: Optimierte Entscheidungsfindung durch Erweiterung der Produktionsplanung um Folgekosten, In: ZWF Zeitschrift fuer Wirtschaftlichen Fabrikbetrieb, Vol. 111 (2016), No. 5, S.251-255.<\/div><div class=\"clearfix\"><\/div><div class=\"entry-content\"><strong>Carstensen J.C.; L\u00f6cken F.; Mantwill F.; Fervers W.; Rambacher C.<\/strong> Produktabsicherung hinsichtlich des Fahrkomforts durch Subjektivbewertungen. VDI\u2013Berichte 2279 (2016), S. 745-764.<\/div><\/div><div class=\"clearfix\"><\/div>\n\n\n<h2 class=\"wp-block-heading has-text-align-center\">Dissertationen:<\/h2>\n\n\n<div id=\"category_content_PUhUpdTz\" class=\"hsu_category archive-page\"><div class=\"clearfix\"><\/div><div class=\"entry-content\"><strong>Demke, N.<\/strong>  Visuelle Kommunikation als Beitrag zur produktionsgerechten Produktgestaltung, Helmut-Schmidt-Universit\u00e4t Hamburg, Dissertation 2022.<\/div><div class=\"clearfix\"><\/div><div class=\"entry-content\"><strong>St\u00f6berl, T.<\/strong> Erweiterung eines Pumpe-D\u00fcse-Systems zur Einspritzung einer w\u00e4ssrigen Harnstoffl\u00f6sung, Dissertation 2020.<\/div><div class=\"clearfix\"><\/div><div class=\"entry-content\"><strong>Kabisch, F.<\/strong> Kooperatives Frontloading im Produktentstehungsprozess, Eine systematische Vorgehensweise zur Verbesserung der interdisziplin\u00e4ren Zusammenarbeit zwischen Entwicklung und Produktionsplanung hinsichtlich der fertigungsgerechten Produktgestaltung, Dissertation 2020, Shaker Verlag D\u00fcren 2020, ISBN 978-3-8440-7428-4<\/div><div class=\"clearfix\"><\/div><div class=\"entry-content\"><strong>L\u00f6cken, F.<\/strong>  F\u00fcr den Schwingungskomfort relevante Eigenschaften von Rollbalg-Federn, Helmut-Schmidt-Universit\u00e4t Hamburg, Dissertation 2019.<\/div><div class=\"clearfix\"><\/div><div class=\"entry-content\"><strong>Grundel, M.<\/strong>  Skizzen-Port-Modell \u2013 Ein Modell zur \u00dcberbr\u00fcckung der derzeitigen L\u00fccke in der modellbasierten Konzeption mechanischer Systeme, Helmut-Schmidt-Universit\u00e4t Hamburg, Dissertation 2017.<\/div><div class=\"clearfix\"><\/div><div class=\"entry-content\"><strong>Brauns, C.<\/strong> Requirement Engineering &amp; Management in der wehrtechnischen Beschaffung, Dissertation 2016.<\/div><div class=\"clearfix\"><\/div><div class=\"entry-content\"><strong>Oellrich, M.<\/strong>  Webbasierte Konstruktionsmethoden-Unterst\u00fctzung in der fr\u00fchen Phase der Produktentwicklung. Dissertation 2015.<\/div><div class=\"clearfix\"><\/div><div class=\"entry-content\"><strong>Tralau, M.<\/strong>  Productive Games &#8211; Verbesserung der Wissensarbeit mit einer auf Spielmechanismen und Spieldesigntechniken basierenden rechnergest\u00fctzten Assistenz. Dissertation 2015.<\/div><div class=\"clearfix\"><\/div><div class=\"entry-content\"><strong>Schacht, M.<\/strong>  Erweiterung des Planungsprozesses im Karosserierohbau &#8211; Energieaspekte zur Auslegung der technischen Geb\u00e4udeausr\u00fcstung. Dissertation 2014.<\/div><div class=\"clearfix\"><\/div><div class=\"entry-content\"><strong>Rambacher, C.<\/strong>  Vereinfachte Lebensdauerersatzpr\u00fcfungen f\u00fcr Luftfedern. Dissertation 2014.<\/div><\/div><div class=\"clearfix\"><\/div><div class=\"col-xs-12 col-md-3 col-md-push-4\"><span class=\"link no-arrow\"><button class=\"gcategorymore hsu_btn\" id=\"PUhUpdTz\"  data-catID=\"201\" data-postsPerPage=\"10\" data-order=\"DESC\" data-paged=\"2\" data-more_posts=\"1\" data-postcontent=\"1\" data-currentPostId=\"950\" data-uid=\"PUhUpdTz\" data-ajax=\"true\" >Mehr Beitr\u00e4ge<\/button><\/span><\/div><div class=\"clearfix\"><\/div>\n\n\n<h2 class=\"wp-block-heading has-text-align-center\">\u00c4ltere Publikationen:<\/h2>\n\n\n<div id=\"category_content_HV7Ja4Ss\" class=\"hsu_category archive-page\"><div class=\"clearfix\"><\/div><div class=\"entry-content\"><strong>L\u00f6cken F.; Welsch M.<\/strong> The Dynamic Characteristic and Hysteresis Effect of an Air Spring. International Journal of Applied Mechanics and Engineering 20 (2015), Nr. 1, S. 127\u2013145.<\/div><div class=\"clearfix\"><\/div><div class=\"entry-content\"><strong>Welsch, M.<\/strong> Bewertung von Spannungsspitzen und Singularit\u00e4ten in FEM- Rechnungen 11. Norddeutsches Simulationsforum, Konferenz Hamburg (2015).<\/div><div class=\"clearfix\"><\/div><div class=\"entry-content\"><strong>Welsch, M.<\/strong> A Colloidal Elastomer Model Constitutive Models for Rubber IX 197-204, Konferenz Prag (2015).<\/div><div class=\"clearfix\"><\/div><div class=\"entry-content\"><strong>Grundel, M.<\/strong> Skizzen mit formalisierten Informationen anreichern, Tag des Systems Engineering Ulm 2015, ISBN-9783446447295<\/div><div class=\"clearfix\"><\/div><div class=\"entry-content\"><strong>Grundel, M.<\/strong> Ein Ansatz zur formalen, inhaltlichen Konsistenzpr\u00fcfung von mechanischen Systemen, Tag des Systems Engineering Ulm 2015, ISBN-9783446447295<\/div><div class=\"clearfix\"><\/div><div class=\"entry-content\"><strong>Grundel, M.<\/strong> Fortschrittsbericht zur modellbasierten Unterst\u00fctzung der Konstrukteurst\u00e4tigkeit durch FAS4M, Tag des Systems Engineering Ulm 2015, ISBN-9783446447295<\/div><div class=\"clearfix\"><\/div><div class=\"entry-content\"><strong>Grundel, M.; Tichla, F.<\/strong> KBE Beispiel Schwei\u00dfzange Teil 2. In: Leitfaden CATIA Version 5 \u2013 Aktuelles Know-how und praktische L\u00f6sungen, 42. Auflage. Olzog Verlag GmbH, M\u00fcnchen, 2015<\/div><div class=\"clearfix\"><\/div><div class=\"entry-content\"><strong>Grundel, M.; Tichla, F.<\/strong> KBE Beispiel Schwei\u00dfzange Teil 1. In: Leitfaden CATIA Version 5 \u2013 Aktuelles Know-how und praktische L\u00f6sungen, 41. Auflage. Olzog Verlag GmbH, M\u00fcnchen, 2015<\/div><div class=\"clearfix\"><\/div><div class=\"entry-content\"><strong>Tichla, F.; Grundel, M.; Mantwill, F.<\/strong> Indexbasierte Suche nach CAD-Daten. In: Economic Engineering, 2014, H.3, S. 52-54.<\/div><div class=\"clearfix\"><\/div><div class=\"entry-content\"><strong>Oellrich, M.<\/strong> Webgest\u00fctzte Konstruktionsmethodik im Einsatz: Eine erste Evaluation, EEE Dresden 2014.<\/div><\/div><div class=\"clearfix\"><\/div><div class=\"col-xs-12 col-md-3 col-md-push-4\"><span class=\"link no-arrow\"><button class=\"gcategorymore hsu_btn\" id=\"HV7Ja4Ss\"  data-catID=\"203\" data-postsPerPage=\"10\" data-order=\"DESC\" data-paged=\"2\" data-more_posts=\"1\" data-postcontent=\"1\" data-currentPostId=\"950\" data-uid=\"HV7Ja4Ss\" data-ajax=\"true\" >Mehr Beitr\u00e4ge<\/button><\/span><\/div><div class=\"clearfix\"><\/div>","protected":false},"excerpt":{"rendered":"<p>Publikationen 2024: Publikationen 2023: Publikationen 2022: Publikationen 2021: Publikationen 2020: Publikationen 2019: Publikationen 2018: Publikationen 2017: Publikationen 2016: Dissertationen: \u00c4ltere Publikationen:<\/p>\n","protected":false},"author":33,"featured_media":0,"parent":0,"menu_order":0,"comment_status":"closed","ping_status":"closed","template":"","meta":{"footnotes":""},"categories":[4],"tags":[],"class_list":["post-950","page","type-page","status-publish","hentry","category-forschung"],"_links":{"self":[{"href":"https:\/\/www.hsu-hh.de\/mrp\/wp-json\/wp\/v2\/pages\/950","targetHints":{"allow":["GET"]}}],"collection":[{"href":"https:\/\/www.hsu-hh.de\/mrp\/wp-json\/wp\/v2\/pages"}],"about":[{"href":"https:\/\/www.hsu-hh.de\/mrp\/wp-json\/wp\/v2\/types\/page"}],"author":[{"embeddable":true,"href":"https:\/\/www.hsu-hh.de\/mrp\/wp-json\/wp\/v2\/users\/33"}],"replies":[{"embeddable":true,"href":"https:\/\/www.hsu-hh.de\/mrp\/wp-json\/wp\/v2\/comments?post=950"}],"version-history":[{"count":39,"href":"https:\/\/www.hsu-hh.de\/mrp\/wp-json\/wp\/v2\/pages\/950\/revisions"}],"predecessor-version":[{"id":3200,"href":"https:\/\/www.hsu-hh.de\/mrp\/wp-json\/wp\/v2\/pages\/950\/revisions\/3200"}],"wp:attachment":[{"href":"https:\/\/www.hsu-hh.de\/mrp\/wp-json\/wp\/v2\/media?parent=950"}],"wp:term":[{"taxonomy":"category","embeddable":true,"href":"https:\/\/www.hsu-hh.de\/mrp\/wp-json\/wp\/v2\/categories?post=950"},{"taxonomy":"post_tag","embeddable":true,"href":"https:\/\/www.hsu-hh.de\/mrp\/wp-json\/wp\/v2\/tags?post=950"}],"curies":[{"name":"wp","href":"https:\/\/api.w.org\/{rel}","templated":true}]}}