{"id":619,"date":"2019-05-21T13:27:52","date_gmt":"2019-05-21T11:27:52","guid":{"rendered":"https:\/\/www.hsu-hh.de\/mrp\/?page_id=619"},"modified":"2025-07-22T21:35:59","modified_gmt":"2025-07-22T19:35:59","slug":"nielsdemke","status":"publish","type":"page","link":"https:\/\/www.hsu-hh.de\/mrp\/team\/nielsdemke","title":{"rendered":"Dr.-Ing. Niels Demke"},"content":{"rendered":"\n<div class=\"wp-block-columns is-layout-flex wp-container-core-columns-is-layout-9d6595d7 wp-block-columns-is-layout-flex\">\n<div class=\"wp-block-column is-layout-flow wp-block-column-is-layout-flow\" style=\"flex-basis:15%\">\n<p class=\"has-small-font-size\"><strong>Postanschrift:<\/strong><br>Helmut-Schmidt-Universit\u00e4t<br>Fakult\u00e4t f\u00fcr Maschinenbau<br>Postfach 70 08 22<br>22008 Hamburg<\/p>\n<\/div>\n\n\n\n<div class=\"wp-block-column is-layout-flow wp-block-column-is-layout-flow\" style=\"flex-basis:15%\">\n<p class=\"has-small-font-size\"><strong>Besucheranschrift:<\/strong><br>Helmut-Schmidt-Universit\u00e4t<br>Geb\u00e4ude H01<br>Holstenhofweg 85<br>22043 Hamburg<\/p>\n<\/div>\n\n\n\n<div class=\"wp-block-column is-layout-flow wp-block-column-is-layout-flow\">\n<div class=\"wp-block-columns is-layout-flex wp-container-core-columns-is-layout-9d6595d7 wp-block-columns-is-layout-flex\">\n<div class=\"wp-block-column is-layout-flow wp-block-column-is-layout-flow\">\n<p class=\"has-small-font-size\">\n<strong>Raum:<\/strong> 1361<br>\n<strong>Telefon:<\/strong> +49 40 6541-3550<br>\n<strong>E-Mail:<\/strong> niels.demke@hsu-hh.de<br>\n<strong>ORCID:<\/strong> <a href=\"https:\/\/orcid.org\/0000-0001-9133-7757\" target=\"_blank\" rel=\"noopener\" style=\"font-size: inherit\">0000-0001-9133-7757<\/a><br>\n\n\n<\/p>\n<\/div>\n<\/div>\n<\/div>\n\n\n\n<div class=\"wp-block-column is-layout-flow wp-block-column-is-layout-flow\">\n<figure class=\"wp-block-image size-medium is-resized is-style-rounded\"><img loading=\"lazy\" decoding=\"async\" width=\"214\" height=\"300\" src=\"https:\/\/www.hsu-hh.de\/mrp\/wp-content\/uploads\/sites\/505\/2022\/01\/IMG_3682_4x6_DATEI-214x300.jpg\" data-credit=\"Niels Demke\" alt=\"Niels Demke\" class=\"wp-image-2678\" style=\"object-fit:cover;width:84px;height:auto\" srcset=\"https:\/\/www.hsu-hh.de\/mrp\/wp-content\/uploads\/sites\/505\/2022\/01\/IMG_3682_4x6_DATEI-214x300.jpg 214w, https:\/\/www.hsu-hh.de\/mrp\/wp-content\/uploads\/sites\/505\/2022\/01\/IMG_3682_4x6_DATEI-732x1024.jpg 732w, https:\/\/www.hsu-hh.de\/mrp\/wp-content\/uploads\/sites\/505\/2022\/01\/IMG_3682_4x6_DATEI-768x1075.jpg 768w, https:\/\/www.hsu-hh.de\/mrp\/wp-content\/uploads\/sites\/505\/2022\/01\/IMG_3682_4x6_DATEI.jpg 886w\" sizes=\"auto, (max-width: 214px) 100vw, 214px\" \/><\/figure>\n<\/div>\n<\/div>\n\n\n\n<p>\n<abbr title=\"Doktor\">Dr.<\/abbr>&#8211;<abbr title=\"Ingenieur\">Ing.<\/abbr> Niels Demke works as a group leader at the Professorship of Machine Elements and Computer-Aided Product Design in the Department of Mechanical and Civil Engineering at Helmut Schmidt University \/ University of the Federal Armed Forces Hamburg. He studied automotive engineering at HAW Hamburg and received his doctorate in 2022 from Helmut Schmidt University in the field of computer-aided product development.\n<\/p>\n<p>\nHis research focuses on the derivation and communication of design intentions to support interdisciplinary collaboration during the early phase of the design process. It centers on the neurobiological processes involved in the explicitation of design intentions between system and context, aiming to derive novel insights for methodical support in design practice.\n<\/p>\n<p>\nWith a focus on information architectures and assistance systems for integrated product creation, he has worked on several projects in the automotive industry since 2015, both as an employee and in managerial roles. In 2022, he became a founding member of used, an Open Source Community for Sustainable Engineering and Design. He has also been involved with the Verein Deutscher Ingenieure e.V. (VDI) since 2023 and was appointed chairman of Technical Committee 414 Product Planning in 2025. A teaching assignment for Maschinenzeichnen\/<abbr title=\"Computer-aided design\">CAD<\/abbr> was granted to him in 2025.\n<\/p>\n\n<p><a href=\"https:\/\/orcid.org\/0000-0001-9133-7757\" rel='nofollow'>Link<\/a> to his orcid profile<\/p>\n","protected":false},"excerpt":{"rendered":"<p>Postanschrift:Helmut-Schmidt-Universit\u00e4tFakult\u00e4t f\u00fcr MaschinenbauPostfach 70 08 2222008 Hamburg Besucheranschrift:Helmut-Schmidt-Universit\u00e4tGeb\u00e4ude H01Holstenhofweg 8522043 Hamburg Raum: 1361 Telefon: +49 40 6541-3550 E-Mail: niels.demke@hsu-hh.de ORCID: 0000-0001-9133-7757 Dr.&#8211;Ing. Niels Demke works as a group leader at [&hellip;]<\/p>\n","protected":false},"author":2164,"featured_media":0,"parent":133,"menu_order":0,"comment_status":"closed","ping_status":"closed","template":"","meta":{"footnotes":""},"categories":[46],"tags":[],"class_list":["post-619","page","type-page","status-publish","hentry","category-mitarbeiter"],"_links":{"self":[{"href":"https:\/\/www.hsu-hh.de\/mrp\/wp-json\/wp\/v2\/pages\/619","targetHints":{"allow":["GET"]}}],"collection":[{"href":"https:\/\/www.hsu-hh.de\/mrp\/wp-json\/wp\/v2\/pages"}],"about":[{"href":"https:\/\/www.hsu-hh.de\/mrp\/wp-json\/wp\/v2\/types\/page"}],"author":[{"embeddable":true,"href":"https:\/\/www.hsu-hh.de\/mrp\/wp-json\/wp\/v2\/users\/2164"}],"replies":[{"embeddable":true,"href":"https:\/\/www.hsu-hh.de\/mrp\/wp-json\/wp\/v2\/comments?post=619"}],"version-history":[{"count":83,"href":"https:\/\/www.hsu-hh.de\/mrp\/wp-json\/wp\/v2\/pages\/619\/revisions"}],"predecessor-version":[{"id":3227,"href":"https:\/\/www.hsu-hh.de\/mrp\/wp-json\/wp\/v2\/pages\/619\/revisions\/3227"}],"up":[{"embeddable":true,"href":"https:\/\/www.hsu-hh.de\/mrp\/wp-json\/wp\/v2\/pages\/133"}],"wp:attachment":[{"href":"https:\/\/www.hsu-hh.de\/mrp\/wp-json\/wp\/v2\/media?parent=619"}],"wp:term":[{"taxonomy":"category","embeddable":true,"href":"https:\/\/www.hsu-hh.de\/mrp\/wp-json\/wp\/v2\/categories?post=619"},{"taxonomy":"post_tag","embeddable":true,"href":"https:\/\/www.hsu-hh.de\/mrp\/wp-json\/wp\/v2\/tags?post=619"}],"curies":[{"name":"wp","href":"https:\/\/api.w.org\/{rel}","templated":true}]}}