{"id":495,"date":"2018-02-07T10:15:33","date_gmt":"2018-02-07T09:15:33","guid":{"rendered":"https:\/\/www.hsu-hh.de\/mrp\/?page_id=495"},"modified":"2018-02-07T10:18:25","modified_gmt":"2018-02-07T09:18:25","slug":"stephanbreitenbach","status":"publish","type":"page","link":"https:\/\/www.hsu-hh.de\/mrp\/team\/stephanbreitenbach","title":{"rendered":"M. Sc. Stephan Breitenbach"},"content":{"rendered":"<div class=\"ansprechparter-container\">\n<div class=\"row ansprechpartner-item ansprechparter-header\">\n<div class=\"col-xs-8 col-lg-12\" style=\"margin-bottom: 30px\">\n<div class=\"mobile-small\"><\/div>\n<\/div>\n<div class=\"col-md-4 col-lg-3 col-xs-4 ansprechpartner-item floatright img-circle center-block\" style=\"margin-bottom: 30px\">\n<div class=\"img-responsive-wrapper\"><img decoding=\"async\" class=\"img-circle img-responsive center-block\" src=\"\/wp-content\/themes\/hsu\/img\/dummy\/dummy_ansprechpartner.png\" alt=\"\" \/><\/div>\n<\/div>\n<div class=\"col-md-12 col-lg-3 col-xs-12 ansprechpartner-item kontakt floatright\" style=\"margin-bottom: 30px\">\n<div class=\"row\">\n<div class=\"col-xs-12 col-sm-6 col-lg-12\">\n<div class=\"row\">\n<div class=\"col-xs-12 col-lg-4 row-text bold\">Raum:<\/div>\n<div class=\"col-xs-12 col-lg-8 row-text\">1319<\/div>\n<\/div>\n<\/div>\n<div class=\"col-xs-12 col-sm-6 col-lg-12\">\n<div class=\"row\">\n<div class=\"col-xs-12 col-lg-4 row-text bold\">Telefon:<\/div>\n<div class=\"col-xs-12 col-lg-8 row-text\">(040) 6541-3419<\/div>\n<\/div>\n<\/div>\n<div class=\"col-xs-12 col-sm-6 col-lg-12\">\n<div class=\"row\">\n<div class=\"col-xs-12 col-lg-4 row-text bold\">Fax:<\/div>\n<div class=\"col-xs-12 col-lg-8 row-text\">(040) 6541-3745<\/div>\n<\/div>\n<\/div>\n<div class=\"col-xs-12 col-sm-6 col-lg-12\">\n<div class=\"row\">\n<div class=\"col-xs-12 col-md-12 row-text bold\">E-Mail:<\/div>\n<div class=\"col-xs-12 col-md-12 row-text\"><a href=\"mailto:stephan.breitenbach@hsu-hh.de\" rel='nofollow'>stephan.breitenbach@hsu-hh.de<\/a><\/div>\n<\/div>\n<\/div>\n<\/div>\n<\/div>\n<div class=\"col-md-6 col-lg-3 col-xs-12 ansprechpartner-item anschrift floatright\">\n<div class=\"row-headline\">Besucheranschrift<\/div>\n<div class=\"row-text\">Helmut-Schmidt-Universit\u00e4t<\/div>\n<div class=\"row-text\">Geb\u00e4ude H1<\/div>\n<div class=\"row-text\">Holstenhofweg 85<\/div>\n<div class=\"row-text\">22043 Hamburg<\/div>\n<\/div>\n<div class=\"col-md-6 col-lg-3 col-xs-12 ansprechpartner-item anschrift floatright\">\n<div class=\"row-headline\">Postanschrift<\/div>\n<div class=\"row-text\">Helmut-Schmidt-Universit\u00e4t<\/div>\n<div class=\"row-text\">Fakult\u00e4t f\u00fcr Maschinenbau<\/div>\n<div class=\"row-text\">Maschinenelemente und<br \/>\nRechnergest\u00fctzte Produktentwicklung<\/div>\n<div class=\"row-text\">Postfach 70 08 22<\/div>\n<div class=\"row-text\">22008 Hamburg<\/div>\n<\/div>\n<\/div>\n<\/div>\n<div class=\"clearfix\"><\/div>\n<p>&nbsp;<\/p>\n","protected":false},"excerpt":{"rendered":"<p>Raum: 1319 Telefon: (040) 6541-3419 Fax: (040) 6541-3745 E-Mail: stephan.breitenbach@hsu-hh.de Besucheranschrift Helmut-Schmidt-Universit\u00e4t Geb\u00e4ude H1 Holstenhofweg 85 22043 Hamburg Postanschrift Helmut-Schmidt-Universit\u00e4t Fakult\u00e4t f\u00fcr Maschinenbau Maschinenelemente und Rechnergest\u00fctzte Produktentwicklung Postfach 70 08 [&hellip;]<\/p>\n","protected":false},"author":33,"featured_media":0,"parent":133,"menu_order":0,"comment_status":"closed","ping_status":"closed","template":"","meta":{"footnotes":""},"categories":[46],"tags":[],"class_list":["post-495","page","type-page","status-publish","hentry","category-mitarbeiter"],"_links":{"self":[{"href":"https:\/\/www.hsu-hh.de\/mrp\/wp-json\/wp\/v2\/pages\/495","targetHints":{"allow":["GET"]}}],"collection":[{"href":"https:\/\/www.hsu-hh.de\/mrp\/wp-json\/wp\/v2\/pages"}],"about":[{"href":"https:\/\/www.hsu-hh.de\/mrp\/wp-json\/wp\/v2\/types\/page"}],"author":[{"embeddable":true,"href":"https:\/\/www.hsu-hh.de\/mrp\/wp-json\/wp\/v2\/users\/33"}],"replies":[{"embeddable":true,"href":"https:\/\/www.hsu-hh.de\/mrp\/wp-json\/wp\/v2\/comments?post=495"}],"version-history":[{"count":1,"href":"https:\/\/www.hsu-hh.de\/mrp\/wp-json\/wp\/v2\/pages\/495\/revisions"}],"predecessor-version":[{"id":496,"href":"https:\/\/www.hsu-hh.de\/mrp\/wp-json\/wp\/v2\/pages\/495\/revisions\/496"}],"up":[{"embeddable":true,"href":"https:\/\/www.hsu-hh.de\/mrp\/wp-json\/wp\/v2\/pages\/133"}],"wp:attachment":[{"href":"https:\/\/www.hsu-hh.de\/mrp\/wp-json\/wp\/v2\/media?parent=495"}],"wp:term":[{"taxonomy":"category","embeddable":true,"href":"https:\/\/www.hsu-hh.de\/mrp\/wp-json\/wp\/v2\/categories?post=495"},{"taxonomy":"post_tag","embeddable":true,"href":"https:\/\/www.hsu-hh.de\/mrp\/wp-json\/wp\/v2\/tags?post=495"}],"curies":[{"name":"wp","href":"https:\/\/api.w.org\/{rel}","templated":true}]}}