{"id":3236,"date":"2025-12-09T15:46:15","date_gmt":"2025-12-09T14:46:15","guid":{"rendered":"https:\/\/www.hsu-hh.de\/mrp\/?page_id=3236"},"modified":"2026-03-31T14:12:52","modified_gmt":"2026-03-31T12:12:52","slug":"m-sc-phil-malessa","status":"publish","type":"page","link":"https:\/\/www.hsu-hh.de\/mrp\/m-sc-phil-malessa","title":{"rendered":"M.Sc. Phil Malessa"},"content":{"rendered":"<div class=\"clearfix\"><\/div>\n<div class=\"ansprechparter-container\">\n<div class=\"row ansprechpartner-item ansprechparter-header\">\n<div class=\"col-xs-8 col-lg-12\" style=\"margin-bottom: 30px\">\n<div class=\"mobile-small\"><\/div>\n<\/div>\n<div class=\"col-md-4 col-lg-3 col-xs-4 ansprechpartner-item floatright img-circle center-block\" style=\"margin-bottom: 30px\">\n<div class=\"img-responsive-wrapper\">\n<p><img loading=\"lazy\" decoding=\"async\" class=\"wp-image-632 \" src=\"https:\/\/www.hsu-hh.de\/mrp\/wp-content\/uploads\/sites\/505\/2025\/12\/phil.jpg\" alt=\"Christian Vorwerk\" width=\"163\" height=\"206\" data-credit=\"Christian Vorwerk\" \/><\/p>\n<\/div>\n<\/div>\n<div class=\"col-md-12 col-lg-3 col-xs-12 ansprechpartner-item kontakt floatright\" style=\"margin-bottom: 30px\">\n<div class=\"row\">\n<div class=\"col-xs-12 col-sm-6 col-lg-12\">\n<div class=\"row\">\n<div class=\"col-xs-12 col-lg-4 row-text bold\">Raum:<\/div>\n<div class=\"col-xs-12 col-lg-8 row-text\">1363<\/div>\n<\/div>\n<\/div>\n<div class=\"col-xs-12 col-sm-6 col-lg-12\">\n<div class=\"row\">\n<div class=\"col-xs-12 col-lg-4 row-text bold\">Telefon:<\/div>\n<div class=\"col-xs-12 col-lg-8 row-text\">(040) 6541-2466<\/div>\n<\/div>\n<\/div>\n<div class=\"col-xs-12 col-sm-6 col-lg-12\">\n<div class=\"row\">\n<div class=\"col-xs-12 col-lg-4 row-text bold\">Fax:<\/div>\n<div class=\"col-xs-12 col-lg-8 row-text\">(040) 6541-3745<\/div>\n<\/div>\n<\/div>\n<div class=\"col-xs-12 col-sm-6 col-lg-12\">\n<div class=\"row\">\n<div class=\"col-xs-12 col-lg-20 row-text\">phil.malessa@hsu-hh.de<\/div>\n<\/div>\n<\/div>\n<\/div>\n<\/div>\n<div class=\"col-md-6 col-lg-3 col-xs-12 ansprechpartner-item anschrift floatright\">\n<div class=\"row-headline\">Besucheranschrift<\/div>\n<div class=\"row-text\">Helmut-Schmidt-Universit\u00e4t<\/div>\n<div class=\"row-text\">Geb\u00e4ude H1<\/div>\n<div class=\"row-text\">Holstenhofweg 85<\/div>\n<div class=\"row-text\">22043 Hamburg<\/div>\n<\/div>\n<div class=\"col-md-6 col-lg-3 col-xs-12 ansprechpartner-item anschrift floatright\">\n<div class=\"row-headline\">Postanschrift<\/div>\n<div class=\"row-text\">Helmut-Schmidt-Universit\u00e4t<\/div>\n<div class=\"row-text\">Fakult\u00e4t f\u00fcr Maschinenbau<\/div>\n<div class=\"row-text\">Postfach 70 08 22<\/div>\n<div class=\"row-text\">22008 Hamburg<\/div>\n<\/div>\n<\/div>\n<\/div>\n<div class=\"clearfix\"><\/div>\n<h3>T\u00e4tigkeiten<\/h3>\n<p>Herr Malessa ist als wissenschaftlicher Mitarbeiter am Lehrstuhl f\u00fcr Maschinenelemente und Rechnergest\u00fctzte Produktentwicklung t\u00e4tig.<\/p>\n<p>In der Forschung besch\u00e4ftigt er sich mit der Entwicklung von eingebetteten Systemen und Messtechnik f\u00fcr die industrielle Automation.<\/p>\n<p>Herr Malessa engagiert sich in der Lehre im Modul Messtechnik f\u00fcr die Fahrzeugtechnik.<\/p>\n<h3>Projekte<\/h3>\n<p>Das nachfolgende Forschungsprojekt wird im Rahmen einer Forschungskooperation mit der Industrie bearbeitet:<\/p>\n<p>Entwicklung eines kameraunterst\u00fctzten Analysesystems zur Zustandspr\u00fcfung von Rundstahlketten.<\/p>\n<h3>Ver\u00f6ffentlichungen<\/h3>\n<div id=\"category_content_KjhMvHU3\" class=\"hsu_category archive-page\"><div class=\"clearfix\"><\/div><div class=\"entry-content\">\n<p><strong>Malessa, P.; Vorwerk, C.; Winter, S.; Traub, S.<\/strong> Combining Vision and MRT &#8211; The future of rope inspection In: Proceedings of the OIPEEC and ISRD Conference 17-20 March 2026, S.157-168. Madrid, 2026<\/p>\n<\/div><\/div>\n<h3>Studentische Arbeiten&#8220; class=&#8220;out<\/h3>\n<div id=\"category_content_l8isJ1mE\" class=\"hsu_category archive-page\"><\/div>\n","protected":false},"excerpt":{"rendered":"<p>Raum: 1363 Telefon: (040) 6541-2466 Fax: (040) 6541-3745 phil.malessa@hsu-hh.de Besucheranschrift Helmut-Schmidt-Universit\u00e4t Geb\u00e4ude H1 Holstenhofweg 85 22043 Hamburg Postanschrift Helmut-Schmidt-Universit\u00e4t Fakult\u00e4t f\u00fcr Maschinenbau Postfach 70 08 22 22008 Hamburg T\u00e4tigkeiten Herr [&hellip;]<\/p>\n","protected":false},"author":1199,"featured_media":0,"parent":0,"menu_order":0,"comment_status":"closed","ping_status":"closed","template":"","meta":{"footnotes":""},"categories":[4],"tags":[],"class_list":["post-3236","page","type-page","status-publish","hentry","category-forschung"],"_links":{"self":[{"href":"https:\/\/www.hsu-hh.de\/mrp\/wp-json\/wp\/v2\/pages\/3236","targetHints":{"allow":["GET"]}}],"collection":[{"href":"https:\/\/www.hsu-hh.de\/mrp\/wp-json\/wp\/v2\/pages"}],"about":[{"href":"https:\/\/www.hsu-hh.de\/mrp\/wp-json\/wp\/v2\/types\/page"}],"author":[{"embeddable":true,"href":"https:\/\/www.hsu-hh.de\/mrp\/wp-json\/wp\/v2\/users\/1199"}],"replies":[{"embeddable":true,"href":"https:\/\/www.hsu-hh.de\/mrp\/wp-json\/wp\/v2\/comments?post=3236"}],"version-history":[{"count":8,"href":"https:\/\/www.hsu-hh.de\/mrp\/wp-json\/wp\/v2\/pages\/3236\/revisions"}],"predecessor-version":[{"id":3271,"href":"https:\/\/www.hsu-hh.de\/mrp\/wp-json\/wp\/v2\/pages\/3236\/revisions\/3271"}],"wp:attachment":[{"href":"https:\/\/www.hsu-hh.de\/mrp\/wp-json\/wp\/v2\/media?parent=3236"}],"wp:term":[{"taxonomy":"category","embeddable":true,"href":"https:\/\/www.hsu-hh.de\/mrp\/wp-json\/wp\/v2\/categories?post=3236"},{"taxonomy":"post_tag","embeddable":true,"href":"https:\/\/www.hsu-hh.de\/mrp\/wp-json\/wp\/v2\/tags?post=3236"}],"curies":[{"name":"wp","href":"https:\/\/api.w.org\/{rel}","templated":true}]}}