{"id":308,"date":"2017-11-16T09:45:44","date_gmt":"2017-11-16T08:45:44","guid":{"rendered":"https:\/\/www.hsu-hh.de\/mrp\/?page_id=308"},"modified":"2024-12-03T09:11:13","modified_gmt":"2024-12-03T08:11:13","slug":"thomasfranz","status":"publish","type":"page","link":"https:\/\/www.hsu-hh.de\/mrp\/team\/thomasfranz","title":{"rendered":"Thomas Franz"},"content":{"rendered":"\n<div class=\"wp-block-columns is-layout-flex wp-container-core-columns-is-layout-9d6595d7 wp-block-columns-is-layout-flex\">\n<div class=\"wp-block-column is-layout-flow wp-block-column-is-layout-flow\" style=\"flex-basis:15%\">\n<p class=\"has-small-font-size\"><strong>Postanschrift:<\/strong><br>Helmut-Schmidt-Universit\u00e4t<br>Fakult\u00e4t f\u00fcr Maschinenbau<br>Postfach 70 08 22<br>22008 Hamburg<\/p>\n<\/div>\n\n\n\n<div class=\"wp-block-column is-layout-flow wp-block-column-is-layout-flow\" style=\"flex-basis:15%\">\n<p class=\"has-small-font-size\"><strong>Besucheranschrift:<\/strong><br>Helmut-Schmidt-Universit\u00e4t<br>Geb\u00e4ude H02<br>Holstenhofweg 85<br>22043 Hamburg<\/p>\n<\/div>\n\n\n\n<div class=\"wp-block-column is-layout-flow wp-block-column-is-layout-flow\">\n<div class=\"wp-block-columns is-layout-flex wp-container-core-columns-is-layout-9d6595d7 wp-block-columns-is-layout-flex\">\n<div class=\"wp-block-column is-layout-flow wp-block-column-is-layout-flow\">\n<p class=\"has-small-font-size\"><strong>Raum:<\/strong> 2805<br><strong>Telefon:<\/strong> +49406541-2928<br><strong>Fax:<\/strong> +49406541-3745<br><strong>E-Mail:<\/strong> thomas.franz(at)hsu-hh.de<\/p>\n<\/div>\n<\/div>\n<\/div>\n\n\n\n<div class=\"wp-block-column is-layout-flow wp-block-column-is-layout-flow\"><\/div>\n<\/div>\n","protected":false},"excerpt":{"rendered":"<p>Postanschrift:Helmut-Schmidt-Universit\u00e4tFakult\u00e4t f\u00fcr MaschinenbauPostfach 70 08 2222008 Hamburg Besucheranschrift:Helmut-Schmidt-Universit\u00e4tGeb\u00e4ude H02Holstenhofweg 8522043 Hamburg Raum: 2805Telefon: +49406541-2928Fax: +49406541-3745E-Mail: thomas.franz(at)hsu-hh.de<\/p>\n","protected":false},"author":33,"featured_media":0,"parent":133,"menu_order":0,"comment_status":"closed","ping_status":"closed","template":"","meta":{"footnotes":""},"categories":[46],"tags":[],"class_list":["post-308","page","type-page","status-publish","hentry","category-mitarbeiter"],"_links":{"self":[{"href":"https:\/\/www.hsu-hh.de\/mrp\/wp-json\/wp\/v2\/pages\/308","targetHints":{"allow":["GET"]}}],"collection":[{"href":"https:\/\/www.hsu-hh.de\/mrp\/wp-json\/wp\/v2\/pages"}],"about":[{"href":"https:\/\/www.hsu-hh.de\/mrp\/wp-json\/wp\/v2\/types\/page"}],"author":[{"embeddable":true,"href":"https:\/\/www.hsu-hh.de\/mrp\/wp-json\/wp\/v2\/users\/33"}],"replies":[{"embeddable":true,"href":"https:\/\/www.hsu-hh.de\/mrp\/wp-json\/wp\/v2\/comments?post=308"}],"version-history":[{"count":39,"href":"https:\/\/www.hsu-hh.de\/mrp\/wp-json\/wp\/v2\/pages\/308\/revisions"}],"predecessor-version":[{"id":3178,"href":"https:\/\/www.hsu-hh.de\/mrp\/wp-json\/wp\/v2\/pages\/308\/revisions\/3178"}],"up":[{"embeddable":true,"href":"https:\/\/www.hsu-hh.de\/mrp\/wp-json\/wp\/v2\/pages\/133"}],"wp:attachment":[{"href":"https:\/\/www.hsu-hh.de\/mrp\/wp-json\/wp\/v2\/media?parent=308"}],"wp:term":[{"taxonomy":"category","embeddable":true,"href":"https:\/\/www.hsu-hh.de\/mrp\/wp-json\/wp\/v2\/categories?post=308"},{"taxonomy":"post_tag","embeddable":true,"href":"https:\/\/www.hsu-hh.de\/mrp\/wp-json\/wp\/v2\/tags?post=308"}],"curies":[{"name":"wp","href":"https:\/\/api.w.org\/{rel}","templated":true}]}}