{"id":3070,"date":"2024-11-22T08:38:13","date_gmt":"2024-11-22T07:38:13","guid":{"rendered":"https:\/\/www.hsu-hh.de\/mrp\/?page_id=3070"},"modified":"2024-11-22T09:04:53","modified_gmt":"2024-11-22T08:04:53","slug":"clc","status":"publish","type":"page","link":"https:\/\/www.hsu-hh.de\/mrp\/clc","title":{"rendered":"Forschungsprojekt: 3D-Skizzenerstellung in VR"},"content":{"rendered":"\n<p>In der Produktentwicklung werden Skizzen w\u00e4hrend der Erarbeitung von Entwurfsl\u00f6sungen in der Regel immer noch von Hand erstellt. Im Rahmen des Forschungsprojektes wurde eine empirische Studie durchgef\u00fchrt, in der die Nutzung eines Skizziertools in Virtual Reality der klassischen Arbeitsweise gegen\u00fcber gestellt wurde.<br><br>Die hier dargestellten Inhalte bilden <abbr title=\"unter anderem\">u.a.<\/abbr> die Grundlage f\u00fcr die Dissertation \u201eDas 3D-Skizzenmodell als externe Unterst\u00fctzungsform &#8211; Ein Ansatz f\u00fcr den PDM \/ PLM gest\u00fctzten Entwurfsprozess\u201c von Carsten Seybold, Helmut-Schmidt-Universit\u00e4t, 2024.<br><br><strong>Problemstellungen:<\/strong><br>I.1 <a href=\"https:\/\/www.hsu-hh.de\/mrp\/wp-content\/uploads\/sites\/505\/2024\/11\/I.1-Problemstellung-Konstruktion-Motorpruefstand.pdf\">Problemstellung &#8211; Konstruktion Motorpr\u00fcfstand.pdf<\/a><br>I.1 <a href=\"https:\/\/www.hsu-hh.de\/mrp\/wp-content\/uploads\/sites\/505\/2024\/11\/I.1-Problemstellung-Umgestaltung-Servohydraulikpruefstaende.pdf\">Problemstellung &#8211; Umgestaltung Servohydraulikpr\u00fcfst\u00e4nde.pdf<\/a><br><br><strong>Frageb\u00f6gen:<\/strong><br>I.2 <a href=\"https:\/\/www.hsu-hh.de\/mrp\/wp-content\/uploads\/sites\/505\/2024\/11\/I.2-Fragebogen-zur-individuellen-Kompetenz.pdf\">Fragebogen zur individuellen Kompetenz.pdf<\/a><br>I.2 <a href=\"https:\/\/www.hsu-hh.de\/mrp\/wp-content\/uploads\/sites\/505\/2024\/11\/I.2-Fragebogen-zur-Nachbewertung-der-Versuche.pdf\">Fragebogen zur Nachbewertung der Versuche.pdf<\/a><br><br><strong>Entwurfsl\u00f6sungen:<\/strong><br>II.1 <a href=\"https:\/\/www.hsu-hh.de\/mrp\/wp-content\/uploads\/sites\/505\/2024\/11\/II.1-Entwurfsloesungen-der-Probanden-Konstruktion-Motorpruefstand.zip\">Entwurfsl\u00f6sungen &#8211; Konstruktion Motorpr\u00fcfstand.zip<\/a><br>II.2 <a href=\"https:\/\/www.hsu-hh.de\/mrp\/wp-content\/uploads\/sites\/505\/2024\/11\/II.2-Entwurfsloesungen-der-Probanden-Umgestaltung-Servohydraulikpruefstaende.zip\">Entwurfsl\u00f6sungen &#8211; Umgestaltung Servohydraulikpr\u00fcfst\u00e4nde.zip<\/a><br>II.3 Videoaufzeichnungen:<br><a href=\"https:\/\/youtu.be\/bOA_i0dl8O0\" rel='nofollow'>Versuchsdurchf\u00fchrung Proband 1<\/a> <br><a href=\"https:\/\/youtu.be\/VQ7_bLkgDIw\" rel='nofollow'>Versuchsdurchf\u00fchrung Proband 2<\/a> <br><a href=\"https:\/\/youtu.be\/y_Z-adsj878\" rel='nofollow'>Versuchsdurchf\u00fchrung Proband 3<\/a> <br><a href=\"https:\/\/youtu.be\/lZDORkMHZPs\" rel='nofollow'>Versuchsdurchf\u00fchrung Proband 4<\/a> <br><a href=\"https:\/\/youtu.be\/8_RJXaEJh9E\" rel='nofollow'>Versuchsdurchf\u00fchrung Proband 5<\/a> <br><a href=\"https:\/\/youtu.be\/9PMGvud4SWo\" rel='nofollow'>Versuchsdurchf\u00fchrung Proband 6<\/a> <br><a href=\"https:\/\/youtu.be\/SlUVa3zcijo\" rel='nofollow'>Versuchsdurchf\u00fchrung Proband 7<\/a> <br><a href=\"https:\/\/youtu.be\/rNbVYCDf7M0\" rel='nofollow'>Versuchsdurchf\u00fchrung Proband 8<\/a> <br><a href=\"https:\/\/youtu.be\/7RX7ABesIZ0\" rel='nofollow'>Versuchsdurchf\u00fchrung Proband 9<\/a> <br><a href=\"https:\/\/youtu.be\/IXDjzR02_IQ\" rel='nofollow'>Versuchsdurchf\u00fchrung Proband 10<\/a> <br><a href=\"https:\/\/youtu.be\/zF0W4BGYISs\" rel='nofollow'>Versuchsdurchf\u00fchrung Proband 11<\/a> <br><a href=\"https:\/\/youtu.be\/wbwyqL54l9A\" rel='nofollow'>Versuchsdurchf\u00fchrung Proband 12<\/a> <br><a href=\"https:\/\/youtu.be\/yEDKofZF5rg\" rel='nofollow'>Versuchsdurchf\u00fchrung Proband 13<\/a> <br><a href=\"https:\/\/youtu.be\/z72SBHhR1As\" rel='nofollow'>Versuchsdurchf\u00fchrung Proband 14<\/a> <br><a href=\"https:\/\/youtu.be\/pwgQ5TkgOto\" rel='nofollow'>Versuchsdurchf\u00fchrung Proband 15<\/a> <br><a href=\"https:\/\/youtu.be\/6cme1j_lQ2U\" rel='nofollow'>Versuchsdurchf\u00fchrung Proband 16<\/a> <br><a href=\"https:\/\/youtu.be\/awk88PFq_nA\" rel='nofollow'>Versuchsdurchf\u00fchrung Proband 17<\/a> <br><a href=\"https:\/\/youtu.be\/9v5AeRVewH4\" rel='nofollow'>Versuchsdurchf\u00fchrung Proband 18<\/a> <br><a href=\"https:\/\/youtu.be\/1tCH87kiMCo\" rel='nofollow'>Versuchsdurchf\u00fchrung Proband 19<\/a> <br><a href=\"https:\/\/youtu.be\/ojm--gIEtYA\" rel='nofollow'>Versuchsdurchf\u00fchrung Proband 20<\/a> <br><a href=\"https:\/\/youtu.be\/xveXs-GMo_o\" rel='nofollow'>Versuchsdurchf\u00fchrung Proband 21<\/a> <br><a href=\"https:\/\/youtu.be\/xXE1RX0zuus\" rel='nofollow'>Versuchsdurchf\u00fchrung Proband 22<\/a> <br><a href=\"https:\/\/youtu.be\/sdpPcUiRt9Q\" rel='nofollow'>Versuchsdurchf\u00fchrung Proband 23<\/a> <br><a href=\"https:\/\/youtu.be\/gMvXGxySdJ4\" rel='nofollow'>Versuchsdurchf\u00fchrung Proband 24<\/a> <br><a href=\"https:\/\/youtu.be\/ym-MDdCh8zo\" rel='nofollow'>Versuchsdurchf\u00fchrung Proband 25<\/a> <br><a href=\"https:\/\/youtu.be\/sUy1y8BBWoc\" rel='nofollow'>Versuchsdurchf\u00fchrung Proband 26<\/a> <br><a href=\"https:\/\/youtu.be\/T5oJxEyYCHw\" rel='nofollow'>Versuchsdurchf\u00fchrung Proband 27<\/a> <\/p>\n\n\n\n<p><strong>Einzelbewertungen und Ergebnisse:<\/strong><br>III <a href=\"https:\/\/www.hsu-hh.de\/mrp\/wp-content\/uploads\/sites\/505\/2024\/11\/III-Bewertungen-und-Ergebnisse.zip\">Bewertungen und Ergebnisse.zip<\/a><\/p>\n\n\n\n<p>Bei Fragen wenden Sie sich bitte an: carsten.seybold(at)hsu-hh.de<\/p>\n","protected":false},"excerpt":{"rendered":"<p>In der Produktentwicklung werden Skizzen w\u00e4hrend der Erarbeitung von Entwurfsl\u00f6sungen in der Regel immer noch von Hand erstellt. Im Rahmen des Forschungsprojektes wurde eine empirische Studie durchgef\u00fchrt, in der die [&hellip;]<\/p>\n","protected":false},"author":33,"featured_media":0,"parent":0,"menu_order":0,"comment_status":"closed","ping_status":"closed","template":"","meta":{"footnotes":""},"categories":[4],"tags":[],"class_list":["post-3070","page","type-page","status-publish","hentry","category-forschung"],"_links":{"self":[{"href":"https:\/\/www.hsu-hh.de\/mrp\/wp-json\/wp\/v2\/pages\/3070","targetHints":{"allow":["GET"]}}],"collection":[{"href":"https:\/\/www.hsu-hh.de\/mrp\/wp-json\/wp\/v2\/pages"}],"about":[{"href":"https:\/\/www.hsu-hh.de\/mrp\/wp-json\/wp\/v2\/types\/page"}],"author":[{"embeddable":true,"href":"https:\/\/www.hsu-hh.de\/mrp\/wp-json\/wp\/v2\/users\/33"}],"replies":[{"embeddable":true,"href":"https:\/\/www.hsu-hh.de\/mrp\/wp-json\/wp\/v2\/comments?post=3070"}],"version-history":[{"count":15,"href":"https:\/\/www.hsu-hh.de\/mrp\/wp-json\/wp\/v2\/pages\/3070\/revisions"}],"predecessor-version":[{"id":3094,"href":"https:\/\/www.hsu-hh.de\/mrp\/wp-json\/wp\/v2\/pages\/3070\/revisions\/3094"}],"wp:attachment":[{"href":"https:\/\/www.hsu-hh.de\/mrp\/wp-json\/wp\/v2\/media?parent=3070"}],"wp:term":[{"taxonomy":"category","embeddable":true,"href":"https:\/\/www.hsu-hh.de\/mrp\/wp-json\/wp\/v2\/categories?post=3070"},{"taxonomy":"post_tag","embeddable":true,"href":"https:\/\/www.hsu-hh.de\/mrp\/wp-json\/wp\/v2\/tags?post=3070"}],"curies":[{"name":"wp","href":"https:\/\/api.w.org\/{rel}","templated":true}]}}