{"id":3017,"date":"2024-06-04T10:26:28","date_gmt":"2024-06-04T08:26:28","guid":{"rendered":"https:\/\/www.hsu-hh.de\/mrp\/?page_id=3017"},"modified":"2024-06-04T11:41:39","modified_gmt":"2024-06-04T09:41:39","slug":"m-sc-veith-ihlow","status":"publish","type":"page","link":"https:\/\/www.hsu-hh.de\/mrp\/m-sc-veith-ihlow","title":{"rendered":"M.Sc. Veith Ihlow"},"content":{"rendered":"<div class=\"clearfix\"><\/div>\n<div class=\"ansprechparter-container\">\n<div class=\"row ansprechpartner-item ansprechparter-header\">\n<div class=\"col-xs-8 col-lg-12\" style=\"margin-bottom: 30px\">\n<div class=\"mobile-small\"><\/div>\n<\/div>\n<div class=\"col-md-4 col-lg-3 col-xs-4 ansprechpartner-item floatright img-circle center-block\" style=\"margin-bottom: 30px\">\n<div class=\"img-responsive-wrapper\">\n<p><img loading=\"lazy\" decoding=\"async\" class=\"wp-image-632 \" src=\"https:\/\/www.hsu-hh.de\/mrp\/wp-content\/uploads\/sites\/505\/2024\/06\/IMG_0584-rotated.jpg\" alt=\"Christian Vorwerk\" data-credit=\"Christian Vorwerk\" width=\"163\" height=\"206\"><\/p>\n<\/div>\n<\/div>\n<div class=\"col-md-12 col-lg-3 col-xs-12 ansprechpartner-item kontakt floatright\" style=\"margin-bottom: 30px\">\n<div class=\"row\">\n<div class=\"col-xs-12 col-sm-6 col-lg-12\">\n<div class=\"row\">\n<div class=\"col-xs-12 col-lg-4 row-text bold\">Raum:<\/div>\n<div class=\"col-xs-12 col-lg-8 row-text\">1319<\/div>\n<\/div>\n<\/div>\n<div class=\"col-xs-12 col-sm-6 col-lg-12\">\n<div class=\"row\">\n<div class=\"col-xs-12 col-lg-4 row-text bold\">Telefon:<\/div>\n<div class=\"col-xs-12 col-lg-8 row-text\">(040) 6541-3419<\/div>\n<\/div>\n<\/div>\n<div class=\"col-xs-12 col-sm-6 col-lg-12\">\n<div class=\"row\">\n<div class=\"col-xs-12 col-lg-4 row-text bold\">Fax:<\/div>\n<div class=\"col-xs-12 col-lg-8 row-text\">(040) 6541-3745<\/div>\n<\/div>\n<\/div>\n<div class=\"col-xs-12 col-sm-6 col-lg-12\">\n<div class=\"row\">\n<div class=\"col-xs-12 col-lg-20 row-text\">veith.ihlow@hsu-hh.de<\/div>\n<\/div>\n<\/div>\n<\/div>\n<\/div>\n<div class=\"col-md-6 col-lg-3 col-xs-12 ansprechpartner-item anschrift floatright\">\n<div class=\"row-headline\">Besucheranschrift<\/div>\n<div class=\"row-text\">Helmut-Schmidt-Universit\u00e4t<\/div>\n<div class=\"row-text\">Geb\u00e4ude H1<\/div>\n<div class=\"row-text\">Holstenhofweg 85<\/div>\n<div class=\"row-text\">22043 Hamburg<\/div>\n<\/div>\n<div class=\"col-md-6 col-lg-3 col-xs-12 ansprechpartner-item anschrift floatright\">\n<div class=\"row-headline\">Postanschrift<\/div>\n<div class=\"row-text\">Helmut-Schmidt-Universit\u00e4t<\/div>\n<div class=\"row-text\">Fakult\u00e4t f\u00fcr Maschinenbau<\/div>\n<div class=\"row-text\">Postfach 70 08 22<\/div>\n<div class=\"row-text\">22008 Hamburg<\/div>\n<\/div>\n<\/div>\n<\/div>\n<div class=\"clearfix\"><\/div>\n<p>&nbsp;<\/p>\n<h3>T\u00e4tigkeiten<\/h3>\n<p>Herr Ihlow ist als wissenschaftlicher Mitarbeiter (WiMa) am MRP t\u00e4tig.<\/p>\n<p>Im Rahmen der Forschung besch\u00e4ftigt er sich mit der Einbindung von Large Language Models in die Produktentwicklung.<\/p>\n<p>In der Lehre unterst\u00fctzt Herr Ihlow die folgenden Veranstaltungen:<br \/>\n&#8211; Digitale Transformation in der Produktentwicklung<\/p>\n<h3>Projekte<\/h3>\n<h3>Ver\u00f6ffentlichungen<\/h3>\n<div id=\"category_content_Ou6AOK6w\" class=\"hsu_category archive-page\"><div class=\"clearfix\"><\/div><div class=\"entry-content\">\n<p><strong>Rusch, F.R.; Ihlow, V.M.J.; Schmidt, T.; Mantwill, F.<\/strong> (2025). Context is all you need &#8211; Enhancing contextual awareness on sustainability requirements in product development using natural language processing. Procedia CIRP, Vol. 135, pp. 1052-1057, ISSN 2212-8271. (https:\/\/doi.org\/10.1016\/j.procir.2024.12.107).<\/p>\n\n\n\n<p><\/p>\n<\/div><\/div>\n<h3>Studentische Arbeiten&#8220; class=&#8220;out<\/h3>\n<p>&nbsp;<\/p>\n<div id=\"category_content_h5VrSDGm\" class=\"hsu_category archive-page\"><\/div>\n<p>&nbsp;<\/p>\n","protected":false},"excerpt":{"rendered":"<p>Raum: 1319 Telefon: (040) 6541-3419 Fax: (040) 6541-3745 veith.ihlow@hsu-hh.de Besucheranschrift Helmut-Schmidt-Universit\u00e4t Geb\u00e4ude H1 Holstenhofweg 85 22043 Hamburg Postanschrift Helmut-Schmidt-Universit\u00e4t Fakult\u00e4t f\u00fcr Maschinenbau Postfach 70 08 22 22008 Hamburg &nbsp; T\u00e4tigkeiten [&hellip;]<\/p>\n","protected":false},"author":1199,"featured_media":0,"parent":0,"menu_order":0,"comment_status":"closed","ping_status":"closed","template":"","meta":{"footnotes":""},"categories":[4],"tags":[],"class_list":["post-3017","page","type-page","status-publish","hentry","category-forschung"],"_links":{"self":[{"href":"https:\/\/www.hsu-hh.de\/mrp\/wp-json\/wp\/v2\/pages\/3017","targetHints":{"allow":["GET"]}}],"collection":[{"href":"https:\/\/www.hsu-hh.de\/mrp\/wp-json\/wp\/v2\/pages"}],"about":[{"href":"https:\/\/www.hsu-hh.de\/mrp\/wp-json\/wp\/v2\/types\/page"}],"author":[{"embeddable":true,"href":"https:\/\/www.hsu-hh.de\/mrp\/wp-json\/wp\/v2\/users\/1199"}],"replies":[{"embeddable":true,"href":"https:\/\/www.hsu-hh.de\/mrp\/wp-json\/wp\/v2\/comments?post=3017"}],"version-history":[{"count":5,"href":"https:\/\/www.hsu-hh.de\/mrp\/wp-json\/wp\/v2\/pages\/3017\/revisions"}],"predecessor-version":[{"id":3027,"href":"https:\/\/www.hsu-hh.de\/mrp\/wp-json\/wp\/v2\/pages\/3017\/revisions\/3027"}],"wp:attachment":[{"href":"https:\/\/www.hsu-hh.de\/mrp\/wp-json\/wp\/v2\/media?parent=3017"}],"wp:term":[{"taxonomy":"category","embeddable":true,"href":"https:\/\/www.hsu-hh.de\/mrp\/wp-json\/wp\/v2\/categories?post=3017"},{"taxonomy":"post_tag","embeddable":true,"href":"https:\/\/www.hsu-hh.de\/mrp\/wp-json\/wp\/v2\/tags?post=3017"}],"curies":[{"name":"wp","href":"https:\/\/api.w.org\/{rel}","templated":true}]}}