{"id":2644,"date":"2021-10-18T10:34:16","date_gmt":"2021-10-18T08:34:16","guid":{"rendered":"https:\/\/www.hsu-hh.de\/mrp\/?page_id=2644"},"modified":"2024-02-08T09:50:30","modified_gmt":"2024-02-08T08:50:30","slug":"m-sc-paul-dahlke","status":"publish","type":"page","link":"https:\/\/www.hsu-hh.de\/mrp\/m-sc-paul-dahlke","title":{"rendered":"M.Sc. Paul Dahlke"},"content":{"rendered":"<div class=\"clearfix\"><\/div>\n<div class=\"ansprechparter-container\">\n<div class=\"row ansprechpartner-item ansprechparter-header\">\n<div class=\"col-xs-8 col-lg-12\" style=\"margin-bottom: 30px\">\n<div class=\"mobile-small\"><\/div>\n<\/div>\n<div class=\"col-md-4 col-lg-3 col-xs-4 ansprechpartner-item floatright img-circle center-block\" style=\"margin-bottom: 30px\">\n<div class=\"img-responsive-wrapper\">\n<p><img loading=\"lazy\" decoding=\"async\" class=\"wp-image-632 \" src=\"https:\/\/www.hsu-hh.de\/mrp\/wp-content\/uploads\/sites\/505\/2021\/10\/Passbild-Paul-Dahlke.jpg\" alt=\"Christian Vorwerk\" data-credit=\"Christian Vorwerk\" width=\"163\" height=\"206\"><\/p>\n<\/div>\n<\/div>\n<div class=\"col-md-12 col-lg-3 col-xs-12 ansprechpartner-item kontakt floatright\" style=\"margin-bottom: 30px\">\n<div class=\"row\">\n<div class=\"col-xs-12 col-sm-6 col-lg-12\">\n<div class=\"row\">\n<div class=\"col-xs-12 col-lg-4 row-text bold\">Raum:<\/div>\n<div class=\"col-xs-12 col-lg-8 row-text\">1361<\/div>\n<\/div>\n<\/div>\n<div class=\"col-xs-12 col-sm-6 col-lg-12\">\n<div class=\"row\">\n<div class=\"col-xs-12 col-lg-4 row-text bold\">Telefon:<\/div>\n<div class=\"col-xs-12 col-lg-8 row-text\">(040) 6541-3069<\/div>\n<\/div>\n<\/div>\n<div class=\"col-xs-12 col-sm-6 col-lg-12\">\n<div class=\"row\">\n<div class=\"col-xs-12 col-lg-4 row-text bold\">Fax:<\/div>\n<div class=\"col-xs-12 col-lg-8 row-text\">(040) 6541-3745<\/div>\n<\/div>\n<\/div>\n<div class=\"col-xs-12 col-sm-6 col-lg-12\">\n<div class=\"row\">\n<div class=\"col-xs-12 col-lg-20 row-text\">paul.dahlke@hsu-hh.de<\/div>\n<\/div>\n<\/div>\n<\/div>\n<\/div>\n<div class=\"col-md-6 col-lg-3 col-xs-12 ansprechpartner-item anschrift floatright\">\n<div class=\"row-headline\">Besucheranschrift<\/div>\n<div class=\"row-text\">Helmut-Schmidt-Universit\u00e4t<\/div>\n<div class=\"row-text\">Geb\u00e4ude H1<\/div>\n<div class=\"row-text\">Holstenhofweg 85<\/div>\n<div class=\"row-text\">22043 Hamburg<\/div>\n<\/div>\n<div class=\"col-md-6 col-lg-3 col-xs-12 ansprechpartner-item anschrift floatright\">\n<div class=\"row-headline\">Postanschrift<\/div>\n<div class=\"row-text\">Helmut-Schmidt-Universit\u00e4t<\/div>\n<div class=\"row-text\">Fakult\u00e4t f\u00fcr Maschinenbau<\/div>\n<div class=\"row-text\">Postfach 70 08 22<\/div>\n<div class=\"row-text\">22008 Hamburg<\/div>\n<\/div>\n<\/div>\n<\/div>\n<div class=\"clearfix\"><\/div>\n<h3>T\u00e4tigkeiten<\/h3>\n<p>Herr Dahlke ist als wissenschaftlicher Mitarbeiter Offizier (WiMaOffz) am MRP t\u00e4tig.<\/p>\n<p>Forschung:<\/p>\n<p>Im Rahmen der Forschung besch\u00e4ftigt Herr Dahlke sich mit<br \/>\n\u2013 Methoden der agilen Produktentwicklung cyber-physischer Systeme und<br \/>\n\u2013 agilem modellbasiertem Systems Engineering (agile MBSE).<\/p>\n<p>Aktivit\u00e4ten:<\/p>\n<p>Herr Dahlke ist als wissenschaftlicher Mitarbeiter Offizier (WiMaOffz) am MRP t\u00e4tig und ist<br \/>\nMitglied des VDI GPP-Fachausschuss 710: Agile Produktentwicklung mechatronischer Systeme<\/p>\n<p>Lehre:<\/p>\n<p>Herr Dahlke engagiert sich in der Lehre im Modul Grundlagen der Produktentwicklung.<\/p>\n<h3>Projekte<\/h3>\n<p>Die nachfolgenden Forschungsprojekte werden im Rahmen von Forschungskooperationen mit der Industrie bearbeitet:<\/p>\n<p>&#8211; Entwicklung eines Frameworks f\u00fcr agiles Model-Based Systems Engineering in der fr\u00fchen Phase der Produktentwicklung<br \/>\n&#8211; Entwicklung agiler Produktentwicklungsmethoden f\u00fcr die fr\u00fche Phase der Marineschiffentwicklung<br \/>\n&#8211; Entwicklung eines Frameworks f\u00fcr die Use-Case basierte Wertanalyse<\/p>\n<h3>Ver\u00f6ffentlichungen<\/h3>\n<div id=\"category_content_pRPv9GLp\" class=\"hsu_category archive-page\"><div class=\"clearfix\"><\/div><div class=\"entry-content\"><p><strong> Dahlke, P.; Schmelzer, P. <\/strong> (2023). Incentives to Holistic Methodology and Computer Aided Tool Support in Naval Vessels Design. In: 22nd Conference on Computer and <abbr title=\"Informationstechnologie\">IT<\/abbr> Applications in the Maritime Industries (COMPIT 2023), Druebeck, pp. 34-44.<\/p>\n<\/div><div class=\"clearfix\"><\/div><div class=\"entry-content\"><p><strong> Dahlke, P.; Mantwill, F. <\/strong> Towards Agile Systems Engineering in Early Stage Design for Complex Naval Vessels. In: Proceedings of the 25th International DSM Conference (DSM 2023), Gothenburg, Sweden, October, 03 &#8211; 05, 2023, pp. 48-57. DOI number: 10.35199\/dsm2023.06<\/p>\n<\/div><div class=\"clearfix\"><\/div><div class=\"entry-content\"><p><strong> Dahlke, P.; Rambo, J.; Dorsch, T.; Weilkiens, T.; Hempel, M.; Pfeffer, J.; Taplick, P. <\/strong> Besser agil im Systems Engineering mit Modellen. In: GfSE Tag des Systems Engineering, Wuerzburg, 15.-17. November 2023, pp. 172-178. <abbr title=\"International Standard Book Number\">ISBN<\/abbr>: 978-3-910649-00-2<\/p>\n<\/div><\/div>\n<h3>Studentische Arbeiten&#8220; class=&#8220;out<\/h3>\n<div id=\"category_content_V16cqyR1\" class=\"hsu_category archive-page\"><\/div>\n","protected":false},"excerpt":{"rendered":"<p>Raum: 1361 Telefon: (040) 6541-3069 Fax: (040) 6541-3745 paul.dahlke@hsu-hh.de Besucheranschrift Helmut-Schmidt-Universit\u00e4t Geb\u00e4ude H1 Holstenhofweg 85 22043 Hamburg Postanschrift Helmut-Schmidt-Universit\u00e4t Fakult\u00e4t f\u00fcr Maschinenbau Postfach 70 08 22 22008 Hamburg T\u00e4tigkeiten Herr [&hellip;]<\/p>\n","protected":false},"author":1199,"featured_media":0,"parent":0,"menu_order":0,"comment_status":"closed","ping_status":"closed","template":"","meta":{"footnotes":""},"categories":[4],"tags":[],"class_list":["post-2644","page","type-page","status-publish","hentry","category-forschung"],"_links":{"self":[{"href":"https:\/\/www.hsu-hh.de\/mrp\/wp-json\/wp\/v2\/pages\/2644","targetHints":{"allow":["GET"]}}],"collection":[{"href":"https:\/\/www.hsu-hh.de\/mrp\/wp-json\/wp\/v2\/pages"}],"about":[{"href":"https:\/\/www.hsu-hh.de\/mrp\/wp-json\/wp\/v2\/types\/page"}],"author":[{"embeddable":true,"href":"https:\/\/www.hsu-hh.de\/mrp\/wp-json\/wp\/v2\/users\/1199"}],"replies":[{"embeddable":true,"href":"https:\/\/www.hsu-hh.de\/mrp\/wp-json\/wp\/v2\/comments?post=2644"}],"version-history":[{"count":18,"href":"https:\/\/www.hsu-hh.de\/mrp\/wp-json\/wp\/v2\/pages\/2644\/revisions"}],"predecessor-version":[{"id":3000,"href":"https:\/\/www.hsu-hh.de\/mrp\/wp-json\/wp\/v2\/pages\/2644\/revisions\/3000"}],"wp:attachment":[{"href":"https:\/\/www.hsu-hh.de\/mrp\/wp-json\/wp\/v2\/media?parent=2644"}],"wp:term":[{"taxonomy":"category","embeddable":true,"href":"https:\/\/www.hsu-hh.de\/mrp\/wp-json\/wp\/v2\/categories?post=2644"},{"taxonomy":"post_tag","embeddable":true,"href":"https:\/\/www.hsu-hh.de\/mrp\/wp-json\/wp\/v2\/tags?post=2644"}],"curies":[{"name":"wp","href":"https:\/\/api.w.org\/{rel}","templated":true}]}}