{"id":2594,"date":"2021-08-02T17:48:52","date_gmt":"2021-08-02T15:48:52","guid":{"rendered":"https:\/\/www.hsu-hh.de\/mrp\/?page_id=2594"},"modified":"2021-08-02T18:14:58","modified_gmt":"2021-08-02T16:14:58","slug":"ff-agile-produktentwicklung","status":"publish","type":"page","link":"https:\/\/www.hsu-hh.de\/mrp\/ff-agile-produktentwicklung","title":{"rendered":"Agile Produktentwicklung"},"content":{"rendered":"<p style=\"text-align: justify\">Steigende Komplexit\u00e4t im Produktlebenszyklus, k\u00fcrzere Technologielebenszyklen, steigende Digitalisierung und Entwicklungsprojekte im Kontext globaler M\u00e4rkte sind die Herausforderungen produzierender Unternehmen des 21. Jahrhunderts. Gerade die fr\u00fchen Phasen der Produktentstehung sind gepr\u00e4gt von gro\u00dfer Unsicherheit bezogen auf Problem- und L\u00f6sungsraum. Immer mehr Unternehmen setzen diesbez\u00fcglich auf eine agile Produktentwicklung. Zur erfolgreichen Umstellung von Unternehmensprozessen braucht es mehr als nur Methoden.<\/p>\n<p style=\"text-align: justify\">Am MRP widmen wir uns dieser Thematik im Dreiklang von Mensch-Technik-Organisation (MTO). Unterst\u00fctzend untersucht werden dazu Methoden wie Design Thinking und Scrum, welche die Kunden- und Nutzerbed\u00fcrfnisse ins Zentrum stellen und durch ein interaktives Vorgehen auf kontinuierliche Anforderungs\u00e4nderungen reagieren und diese zum eigenen Vorteil nutzen k\u00f6nnen. Regelm\u00e4\u00dfiges Kundenfeedback, die Maximierung von Kundennutzen und technische Exzellenz sind zentrale Bestandteile der agilen Produktentwicklung, um die Wettbewerbsf\u00e4higkeit des Unternehmens unter diesen Voraussetzungen zu sichern und die Produktentstehung fr\u00fchzeitig zu beeinflussen.<\/p>\n<p style=\"text-align: justify\">W\u00e4hrend das agile Vorgehen urspr\u00fcnglich aus der Softwareindustrie stammt und sich dort bereits als Standardverfahren etabliert hat, steckt die agile Entwicklung physischer Produkte und Systeme (mechatronisch oder cyberphysisch) noch in den Kinderschuhen. Im Forschungsfeld \u201eAgile Product Development\u201c untersuchen wir diesbez\u00fcglich Fragestellungen im Kontext von Aufbau- und Ablauforganisation f\u00fcr eine erfolgreiche, agile, physische Produktentwicklung. Dazu z\u00e4hlt<\/p>\n<ul>\n<li>die Harmonisierung neuer und bestehender Entwicklungsmethoden und -strukturen,<\/li>\n<li>die notwendige organisatorische Anpassungen als Voraussetzung,<\/li>\n<li>die Bedingungen an die Arbeitsumgebung,<\/li>\n<li>der Einbezug der Mitarbeiter beim Wandel (Mindset),<\/li>\n<li>die Anforderungsverwaltung und Definition<\/li>\n<li>und das Prototyping im Kontext agiler mechatronischer Systeme.<\/li>\n<\/ul>\n<h3>Projekte (laufend)<\/h3>\n<ul>\n<li>VDI GPP FA 710 \u201eAgile Entwicklung mechatronischer Systeme\u201c<\/li>\n<\/ul>\n<h3>Kontakt<\/h3>\n<p>Paul Dahlke<\/p>\n","protected":false},"excerpt":{"rendered":"<p>Steigende Komplexit\u00e4t im Produktlebenszyklus, k\u00fcrzere Technologielebenszyklen, steigende Digitalisierung und Entwicklungsprojekte im Kontext globaler M\u00e4rkte sind die Herausforderungen produzierender Unternehmen des 21. Jahrhunderts. Gerade die fr\u00fchen Phasen der Produktentstehung sind gepr\u00e4gt [&hellip;]<\/p>\n","protected":false},"author":33,"featured_media":0,"parent":0,"menu_order":0,"comment_status":"closed","ping_status":"closed","template":"","meta":{"footnotes":""},"categories":[4,225],"tags":[],"class_list":["post-2594","page","type-page","status-publish","hentry","category-forschung","category-forschungsfelder"],"_links":{"self":[{"href":"https:\/\/www.hsu-hh.de\/mrp\/wp-json\/wp\/v2\/pages\/2594","targetHints":{"allow":["GET"]}}],"collection":[{"href":"https:\/\/www.hsu-hh.de\/mrp\/wp-json\/wp\/v2\/pages"}],"about":[{"href":"https:\/\/www.hsu-hh.de\/mrp\/wp-json\/wp\/v2\/types\/page"}],"author":[{"embeddable":true,"href":"https:\/\/www.hsu-hh.de\/mrp\/wp-json\/wp\/v2\/users\/33"}],"replies":[{"embeddable":true,"href":"https:\/\/www.hsu-hh.de\/mrp\/wp-json\/wp\/v2\/comments?post=2594"}],"version-history":[{"count":3,"href":"https:\/\/www.hsu-hh.de\/mrp\/wp-json\/wp\/v2\/pages\/2594\/revisions"}],"predecessor-version":[{"id":2599,"href":"https:\/\/www.hsu-hh.de\/mrp\/wp-json\/wp\/v2\/pages\/2594\/revisions\/2599"}],"wp:attachment":[{"href":"https:\/\/www.hsu-hh.de\/mrp\/wp-json\/wp\/v2\/media?parent=2594"}],"wp:term":[{"taxonomy":"category","embeddable":true,"href":"https:\/\/www.hsu-hh.de\/mrp\/wp-json\/wp\/v2\/categories?post=2594"},{"taxonomy":"post_tag","embeddable":true,"href":"https:\/\/www.hsu-hh.de\/mrp\/wp-json\/wp\/v2\/tags?post=2594"}],"curies":[{"name":"wp","href":"https:\/\/api.w.org\/{rel}","templated":true}]}}