{"id":2513,"date":"2021-08-02T14:52:11","date_gmt":"2021-08-02T12:52:11","guid":{"rendered":"https:\/\/www.hsu-hh.de\/mrp\/?page_id=2513"},"modified":"2023-01-21T21:59:48","modified_gmt":"2023-01-21T20:59:48","slug":"ff-nachhaltige-produktentwicklung","status":"publish","type":"page","link":"https:\/\/www.hsu-hh.de\/mrp\/ff-nachhaltige-produktentwicklung","title":{"rendered":"Nachhaltige Produktentwicklung"},"content":{"rendered":"<p style=\"text-align: justify\">In dem vergangenen Jahrhundert hat der Mensch, angetrieben durch den wirtschaftlichen Fortschritt und dem damit verbundenen Konsum, f\u00fcr immer mehr Zerst\u00f6rung von \u00f6kologischen Lebensr\u00e4umen gesorgt und damit eine Bedrohung f\u00fcr seine eigene Lebensgrundlage geschaffen. Parallel dazu ist sowohl die soziale Ungerechtigkeit als auch die Ungleichverteilung von Wohlstand und G\u00fctern gestiegen. Um ein nachhaltiges Wirtschaften m\u00f6glich zu machen, einigten sich 2015 die Vereinten Nationen auf 17 Ziele \u2013 die Sustainable Development Goals (SDGs). Sie erweitern das wirtschaftliche Denken um grundlegende \u00f6kologische und soziale Grenzen.<\/p>\n<p style=\"text-align: justify\">Aus den Dimensionen \u00d6konomie, \u00d6kologie und Soziales ergeben sich Nachhaltigkeitsanforderungen, welche sich auf die Sicherheit und Zuverl\u00e4ssigkeit von Produkten und Dienstleistungen auswirken. Dabei ist die Wechselwirkung zwischen dem zu entwickelnden Produkt und den Wirkbereichen von Nachhaltigkeit nicht ohne weiteres m\u00f6glich, da Mehrdeutigkeiten und Zielkonflikte bestehen. Die Ableitung von Nachhaltigkeitsanforderungen, die Entwicklung des Produktkontext sowie die fr\u00fchzeitige Analyse der Wechselwirkungen des Produktes mit dem Umfeld bilden wichtige Handlungsbereiche.<\/p>\n<p style=\"text-align: justify\">Wir am MRP haben es uns zur Aufgabe gemacht, mehr Themen zur Nachhaltigkeit in der Lehre anzubieten und daran zu forschen, welche Potenziale die Produktentwicklung birgt. So k\u00f6nnen wir die SDGs und ihre Erreichung unterst\u00fctzen. Gerade im Bereich der Produktentwicklung bildet sich ein breites Spektrum an Forschungsthemen ab, die zur nachhaltigen Entwicklung beitragen k\u00f6nnten. Hier spielen die fr\u00fchen Phasen der Produktentwicklung eine tragende Rolle. Schon hier m\u00fcssen gezielt Informationen zu \u00f6kologischen, sozialen und \u00f6konomischen Aspekten, \u00fcber den gesamten Lebenszyklus und dar\u00fcber hinaus bereitgestellt werden (z. B. \u201ecradle to cradle\u201c).<\/p>\n<p style=\"text-align: justify\">Das Zusammenspiel aus Produktentwicklung, Produktion und Beschaffung birgt weitere Potenziale. Unter anderem forschen wir an Prozessen, Methoden und Tools, die bei der nachhaltigen Entwicklung unterst\u00fctzen und Nachhaltigkeit vergleichbarer machen sollen. So zum Beispiel an der Wertbeimessung von Bauraum innerhalb eines Kraftfahrzeuges oder der Entwicklung einer Methodik zur fr\u00fchzeitigen automatisierten Auswahl eines kosten- und funktionsoptimalen L\u00f6sungskonzeptes. Wir verfolgen ordnungspolitische Ans\u00e4tze, die sich mit den gesamtgesellschaftlichen Auswirkungen von Produkten und Gesch\u00e4ftsmodellen befassen. Gerade neuartige Gesch\u00e4ftsmodelle bilden Potenziale f\u00fcr eine nachhaltige Entwicklung.<\/p>\n<p style=\"text-align: justify\">In j\u00fcngster Zeit wurden ordnungspolitische Ma\u00dfnahmen weiter angepasst, wie <abbr title=\"zum Beispiel\">z.B.<\/abbr> das Klimaschutz- oder Lieferkettengesetz. Daraus resultieren weitreichende Ver\u00e4nderungen f\u00fcr Unternehmen, die neue Chancen und Risiken mit sich bringen. Wir wollen unseren Partnerunternehmen bei den sich ver\u00e4ndernden Rahmenbedingungen L\u00f6sungen bieten, die auf allen Ebenen der Nachhaltigkeit dabei unterst\u00fctzen, erfolgreicher zu sein. Der Forschungsbereich nachhaltige Produktentwicklung am MRP ist weiterhin im Aufbau. Wir wollen unsere Aktivit\u00e4ten auf diesem Feld forcieren und so einen positiven Beitrag f\u00fcr eine Zukunft auf einem gesunden Planeten mit sozialer Gerechtigkeit und steigendem Wohlstand leisten ohne Abstriche im Wohlstand hinnehmen zu m\u00fcssen. Wir freuen uns \u00fcber regen Austausch und interdisziplin\u00e4re Zusammenarbeit.<\/p>\n<h3>Forschungsthemen:<\/h3>\n<li>Systematische Ableitung von Nachhaltigkeitsanforderungen f\u00fcr die Produktsystementwicklung unter ganzheitlicher Betrachtung der Wirkbereiche<\/li>\n<li>Kontextbasierte Lokalisierung von Nachhaltigkeitsanforderungen bei der modellbasierten Entwicklung komplexer technischer Systeme<\/li>\n<li>Update-Factory f\u00fcr ein industrielles Produkt-Update \u2013 Ein Beitrag zur Kreislaufwirtschaft<\/li>\n<li>Digitalisierung TCO f\u00fcr TOP-F\u00fcgetechnologien im Karosseriebau<\/li>\n<li>Herausforderungen bei der Integration einer fr\u00fchzeitigen, energiesensitiven Produktentwicklung in den automobilen Karosseriebau<\/li>\n<li>Erweiterung des Planungsprozesses im Karosserierohbau \u2013 Energieaspekte zur Auslegung der technischen Geb\u00e4udeausr\u00fcstung<\/li>\n<h3>Aktuell:<\/h3>\n<p>Suchen Sie interessante Themenstellungen f\u00fcr Studien- und Abschlussarbeiten?<br \/>\nSchauen Sie gerne unter  <a href=\"https:\/\/www.hsu-hh.de\/mrp\/aushang\" target=\"_blank\" rel=\"noopener\">Aushang<\/a> oder schreiben Sie uns direkt an.<\/p>\n<h3>Kontakt:<\/h3>\n<p><a href=\"https:\/\/www.hsu-hh.de\/mrp\/m-sc-wilke-willems\">Wilke Willems<\/a><\/p>\n<h3>Ausgew\u00e4hlte Quellen:<\/h3>\n<li>Willems, W.; Demke, N.; Mantwill, F., 2022 Nachhaltigkeit in der fr\u00fchen Phase der Produktentwicklung. In: Springer, Nachhaltige Industrie, Ausgabe 4\/2022.<\/li>\n<li>Willems, W.; Demke, N.; Mantwill, F., 2022. Meta-Review zur nachhaltigen Produktbeeinflussung in der fr\u00fchen Phase des Produktentstehungsprozesses. Researchgate, Res10.13140\/RG.2.2.15820.69762.<\/li>\n<li>WiGeP &amp; WGP, 2021. Update-Factory f\u00fcr ein industrielles Produktupdate &#8211; ein Beitrag zur Kreislaufwirtschaft.<\/li>\n<li>Pape, D. 2020. Herausforderungen bei der Integration einer fr\u00fchzeitigen, energiesensitiven Produktentwicklung in den automobilen Karosseriebau. Dissertation Helmut-Schmidt-Universit\u00e4t, Hamburg.<\/li>\n<li>M\u00fcller, A.; Demke, N.; Mantwill, F.; Choudry, S. A, 2018. Lebenszykluskostenbewertungen zur fr\u00fchzeitigen Produktbeeinflussung im Produktentstehungsprozess, ZWF Zeitschrift f\u00fcr wirtschaftlichen Fabrikbetrieb: Vol. 113 (2018), No. 4, pp. 246-250.<\/li>\n<li>Schacht, M., 2014: Erweiterung des Planungsprozesses im Karosserierohbau \u2013 Energieaspekte zur Auslegung der technischen Geb\u00e4udeausr\u00fcstung. Dissertation Helmut-Schmidt-Universit\u00e4t, Hamburg.<\/li>\n<li>Pape, D.; Mantwill, F., 2012. Fr\u00fchzeitige energetische Produktbeeinflussung durch Nutzung von Kausalverkettungen im Automobilbau, EniPROD, Chemnitz.<\/li>\n<li>Mantwill, F., 2010. Energiesparen als Chance f\u00fcr neue Produkte und Prozesse. Engineering-Gipfel, 27.-29.6.2010, Heiligendamm.<\/li>\n","protected":false},"excerpt":{"rendered":"<p>In dem vergangenen Jahrhundert hat der Mensch, angetrieben durch den wirtschaftlichen Fortschritt und dem damit verbundenen Konsum, f\u00fcr immer mehr Zerst\u00f6rung von \u00f6kologischen Lebensr\u00e4umen gesorgt und damit eine Bedrohung f\u00fcr [&hellip;]<\/p>\n","protected":false},"author":33,"featured_media":0,"parent":0,"menu_order":0,"comment_status":"closed","ping_status":"closed","template":"","meta":{"footnotes":""},"categories":[4,225],"tags":[],"class_list":["post-2513","page","type-page","status-publish","hentry","category-forschung","category-forschungsfelder"],"_links":{"self":[{"href":"https:\/\/www.hsu-hh.de\/mrp\/wp-json\/wp\/v2\/pages\/2513","targetHints":{"allow":["GET"]}}],"collection":[{"href":"https:\/\/www.hsu-hh.de\/mrp\/wp-json\/wp\/v2\/pages"}],"about":[{"href":"https:\/\/www.hsu-hh.de\/mrp\/wp-json\/wp\/v2\/types\/page"}],"author":[{"embeddable":true,"href":"https:\/\/www.hsu-hh.de\/mrp\/wp-json\/wp\/v2\/users\/33"}],"replies":[{"embeddable":true,"href":"https:\/\/www.hsu-hh.de\/mrp\/wp-json\/wp\/v2\/comments?post=2513"}],"version-history":[{"count":25,"href":"https:\/\/www.hsu-hh.de\/mrp\/wp-json\/wp\/v2\/pages\/2513\/revisions"}],"predecessor-version":[{"id":2853,"href":"https:\/\/www.hsu-hh.de\/mrp\/wp-json\/wp\/v2\/pages\/2513\/revisions\/2853"}],"wp:attachment":[{"href":"https:\/\/www.hsu-hh.de\/mrp\/wp-json\/wp\/v2\/media?parent=2513"}],"wp:term":[{"taxonomy":"category","embeddable":true,"href":"https:\/\/www.hsu-hh.de\/mrp\/wp-json\/wp\/v2\/categories?post=2513"},{"taxonomy":"post_tag","embeddable":true,"href":"https:\/\/www.hsu-hh.de\/mrp\/wp-json\/wp\/v2\/tags?post=2513"}],"curies":[{"name":"wp","href":"https:\/\/api.w.org\/{rel}","templated":true}]}}